{"id":2534,"date":"2023-11-22T15:27:15","date_gmt":"2023-11-22T14:27:15","guid":{"rendered":"https:\/\/naturalim.co\/?post_type=product&#038;p=2534"},"modified":"2026-03-27T11:04:00","modified_gmt":"2026-03-27T10:04:00","slug":"brahmi-moulu","status":"publish","type":"product","link":"https:\/\/naturalim.co\/ar\/product\/brahmi-moulu\/","title":{"rendered":"\u0645\u0633\u062d\u0648\u0642 \u0628\u0631\u0627\u0647\u0645\u064a"},"content":{"rendered":"<p><strong>BIENFAITS DU BRAHMI :<\/strong><\/p>\n<ul>\n<li>Am\u00e9liore la fonction cognitive:<\/li>\n<\/ul>\n<p>(Bon pour m\u00e9moire, la concentration, l&rsquo;apprentissage et la fonction cognitive globale).<\/p>\n<ul>\n<li>Am\u00e9liore la sant\u00e9 mentale:<\/li>\n<\/ul>\n<p>(B\u00e9n\u00e9fique contre troubles mentaux\u00a0: d\u00e9pression, maladie d&rsquo;Alzheimer, Parkinson, anxi\u00e9t\u00e9 etc.).<\/p>\n<ul>\n<li>Prot\u00e8ge le cerveau:<\/li>\n<\/ul>\n<p>(Gr\u00e2ce \u00e0 ses antioxydants etc.).<\/p>\n<ul>\n<li>R\u00e9duit le stress et l&rsquo;anxi\u00e9t\u00e9:<\/li>\n<\/ul>\n<p>(Il procure un sentiment de calme et de bien-\u00eatre.).<\/p>\n<ul>\n<li>Renforce le syst\u00e8me immunitaire:<\/li>\n<\/ul>\n<p>(Lutte aussi contre les infections et les inflammations).<\/p>\n<ul>\n<li>Am\u00e9liore la digestion:<\/li>\n<\/ul>\n<p>Stimule l&rsquo;app\u00e9tit, soulage les troubles digestifs\u00a0(constipation et diarrh\u00e9e) etc.<\/p>\n<ul>\n<li>Augmente la libido chez hommes et femmes:<\/li>\n<\/ul>\n<p>(Aide \u00e9galement aider \u00e0 am\u00e9liorer la fonction sexuelle et \u00e0 r\u00e9duire les sympt\u00f4mes de la dysfonction \u00e9rectile).<\/p>\n<ul>\n<li>Am\u00e9liore la sant\u00e9 de la peau:<\/li>\n<li>Favorise la sant\u00e9 des cheveux:<\/li>\n<\/ul>\n<p>(Aide \u00e0 pr\u00e9venir la chute des cheveux etc.)<\/p>\n<ul>\n<li>Soutient la sant\u00e9 cardiovasculaire\u00a0:<\/li>\n<\/ul>\n<p>( Ses puissants antioxydants prot\u00e8gent le c\u0153ur et les vaisseaux sanguins etc.).<\/p>\n<ul>\n<li>D\u00e9toxifie l&rsquo;organisme<\/li>\n<\/ul>\n<p>(Il favorise l&rsquo;\u00e9limination des toxines et contribue \u00e0 une meilleure sant\u00e9 globale).<\/p>\n<ul>\n<li>Am\u00e9liore la qualit\u00e9 du sommeil<\/li>\n<\/ul>\n<hr \/>\n<p>\u062e\u0635\u0627\u0626\u0635 \u0627\u0644\u0645\u0646\u062a\u062c :<\/p>\n<p>&#8211; Autre nom : Brahmi = Bacopa Monieri.<\/p>\n<p>&#8211; Plante utilis\u00e9e depuis des si\u00e8cles dans la m\u00e9decine ayurv\u00e9dique (Inde)<\/p>","protected":false},"excerpt":{"rendered":"<p>Le brahmi (Bacopa Monieri) est une plante adaptog\u00e8ne utilis\u00e9e en m\u00e9decine ayurv\u00e9dique pour ses bienfaits sur la m\u00e9moire, la concentration et le stress.<br \/>\nConnu pour stimuler les fonctions cognitives, il est appr\u00e9ci\u00e9 des \u00e9tudiants et des professionnels.<br \/>\nLe brahmi favorise la clart\u00e9 mentale et la relaxation et s\u2019int\u00e8gre parfaitement \u00e0 une routine bien-\u00eatre. Cette plante est une alli\u00e9e id\u00e9ale pour un esprit serein et \u00e9veill\u00e9.<br \/>\nAjoutez ce tr\u00e9sor naturel \u00e0 votre routine journali\u00e8re et ressentez ses bienfaits sur votre vie.<\/p>","protected":false},"featured_media":3622,"comment_status":"open","ping_status":"closed","template":"","meta":{"_acf_changed":false,"_uag_custom_page_level_css":"","site-sidebar-layout":"default","site-content-layout":"","ast-site-content-layout":"default","site-content-style":"default","site-sidebar-style":"default","ast-global-header-display":"","ast-banner-title-visibility":"","ast-main-header-display":"","ast-hfb-above-header-display":"","ast-hfb-below-header-display":"","ast-hfb-mobile-header-display":"","site-post-title":"","ast-breadcrumbs-content":"","ast-featured-img":"","footer-sml-layout":"","ast-disable-related-posts":"","theme-transparent-header-meta":"default","adv-header-id-meta":"","stick-header-meta":"","header-above-stick-meta":"","header-main-stick-meta":"","header-below-stick-meta":"","astra-migrate-meta-layouts":"set","ast-page-background-enabled":"default","ast-page-background-meta":{"desktop":{"background-color":"var(--ast-global-color-4)","background-image":"","background-repeat":"repeat","background-position":"center center","background-size":"auto","background-attachment":"scroll","background-type":"","background-media":"","overlay-type":"","overlay-color":"","overlay-opacity":"","overlay-gradient":""},"tablet":{"background-color":"","background-image":"","background-repeat":"repeat","background-position":"center center","background-size":"auto","background-attachment":"scroll","background-type":"","background-media":"","overlay-type":"","overlay-color":"","overlay-opacity":"","overlay-gradient":""},"mobile":{"background-color":"","background-image":"","background-repeat":"repeat","background-position":"center center","background-size":"auto","background-attachment":"scroll","background-type":"","background-media":"","overlay-type":"","overlay-color":"","overlay-opacity":"","overlay-gradient":""}},"ast-content-background-meta":{"desktop":{"background-color":"var(--ast-global-color-5)","background-image":"","background-repeat":"repeat","background-position":"center center","background-size":"auto","background-attachment":"scroll","background-type":"","background-media":"","overlay-type":"","overlay-color":"","overlay-opacity":"","overlay-gradient":""},"tablet":{"background-color":"var(--ast-global-color-5)","background-image":"","background-repeat":"repeat","background-position":"center center","background-size":"auto","background-attachment":"scroll","background-type":"","background-media":"","overlay-type":"","overlay-color":"","overlay-opacity":"","overlay-gradient":""},"mobile":{"background-color":"var(--ast-global-color-5)","background-image":"","background-repeat":"repeat","background-position":"center center","background-size":"auto","background-attachment":"scroll","background-type":"","background-media":"","overlay-type":"","overlay-color":"","overlay-opacity":"","overlay-gradient":""}},"iawp_total_views":493},"product_brand":[],"product_cat":[49,51],"product_tag":[],"class_list":{"0":"post-2534","1":"product","2":"type-product","3":"status-publish","4":"has-post-thumbnail","6":"product_cat-herbes-medicinales-aromatiques","7":"product_cat-superaliments","8":"desktop-align-center","9":"tablet-align-left","10":"mobile-align-left","12":"first","13":"instock","14":"shipping-taxable","15":"purchasable","16":"product-type-variable","17":"has-default-attributes"},"acf":[],"yoast_head":"<!-- This site is optimized with the Yoast SEO plugin v27.4 - https:\/\/yoast.com\/product\/yoast-seo-wordpress\/ -->\n<title>Brahmi en poudre - Naturalim<\/title>\n<meta name=\"robots\" content=\"index, follow, max-snippet:-1, max-image-preview:large, max-video-preview:-1\" \/>\n<link rel=\"canonical\" href=\"https:\/\/naturalim.co\/ar\/product\/brahmi-moulu\/\" \/>\n<meta property=\"og:locale\" content=\"ar_AR\" \/>\n<meta property=\"og:type\" content=\"article\" \/>\n<meta property=\"og:title\" content=\"Brahmi en poudre - Naturalim\" \/>\n<meta property=\"og:description\" content=\"Le brahmi (Bacopa Monieri) est une plante adaptog\u00e8ne utilis\u00e9e en m\u00e9decine ayurv\u00e9dique pour ses bienfaits sur la m\u00e9moire, la concentration et le stress. Connu pour stimuler les fonctions cognitives, il est appr\u00e9ci\u00e9 des \u00e9tudiants et des professionnels. Le brahmi favorise la clart\u00e9 mentale et la relaxation et s\u2019int\u00e8gre parfaitement \u00e0 une routine bien-\u00eatre. Cette plante est une alli\u00e9e id\u00e9ale pour un esprit serein et \u00e9veill\u00e9. Ajoutez ce tr\u00e9sor naturel \u00e0 votre routine journali\u00e8re et ressentez ses bienfaits sur votre vie.\" \/>\n<meta property=\"og:url\" content=\"https:\/\/naturalim.co\/ar\/product\/brahmi-moulu\/\" \/>\n<meta property=\"og:site_name\" content=\"Naturalim\" \/>\n<meta property=\"article:publisher\" content=\"https:\/\/www.facebook.com\/people\/Naturalimdz\/100063266886704\/\" \/>\n<meta property=\"article:modified_time\" content=\"2026-03-27T10:04:00+00:00\" \/>\n<meta property=\"og:image\" content=\"https:\/\/naturalim.co\/wp-content\/uploads\/2023\/11\/Brahmi-Powder-\u0645\u0633\u062d\u0648\u0642-\u0627\u0644\u0628\u0631\u0627\u0647\u0645\u064a-naturalim.webp\" \/>\n\t<meta property=\"og:image:width\" content=\"1024\" \/>\n\t<meta property=\"og:image:height\" content=\"685\" \/>\n\t<meta property=\"og:image:type\" content=\"image\/webp\" \/>\n<meta name=\"twitter:card\" content=\"summary_large_image\" \/>\n<meta name=\"twitter:label1\" content=\"\u0648\u0642\u062a \u0627\u0644\u0642\u0631\u0627\u0621\u0629 \u0627\u0644\u0645\u064f\u0642\u062f\u0651\u0631\" \/>\n\t<meta name=\"twitter:data1\" content=\"\u062f\u0642\u064a\u0642\u062a\u0627\u0646\" \/>\n<script type=\"application\/ld+json\" class=\"yoast-schema-graph\">{\"@context\":\"https:\\\/\\\/schema.org\",\"@graph\":[{\"@type\":\"WebPage\",\"@id\":\"https:\\\/\\\/naturalim.co\\\/produit\\\/brahmi-moulu\\\/\",\"url\":\"https:\\\/\\\/naturalim.co\\\/produit\\\/brahmi-moulu\\\/\",\"name\":\"Brahmi en poudre - Naturalim\",\"isPartOf\":{\"@id\":\"https:\\\/\\\/naturalim.co\\\/fr\\\/#website\"},\"primaryImageOfPage\":{\"@id\":\"https:\\\/\\\/naturalim.co\\\/produit\\\/brahmi-moulu\\\/#primaryimage\"},\"image\":{\"@id\":\"https:\\\/\\\/naturalim.co\\\/produit\\\/brahmi-moulu\\\/#primaryimage\"},\"thumbnailUrl\":\"https:\\\/\\\/naturalim.co\\\/wp-content\\\/uploads\\\/2023\\\/11\\\/Brahmi-Powder-\u0645\u0633\u062d\u0648\u0642-\u0627\u0644\u0628\u0631\u0627\u0647\u0645\u064a-naturalim.webp\",\"datePublished\":\"2023-11-22T14:27:15+00:00\",\"dateModified\":\"2026-03-27T10:04:00+00:00\",\"breadcrumb\":{\"@id\":\"https:\\\/\\\/naturalim.co\\\/produit\\\/brahmi-moulu\\\/#breadcrumb\"},\"inLanguage\":\"ar\",\"potentialAction\":[{\"@type\":\"ReadAction\",\"target\":[\"https:\\\/\\\/naturalim.co\\\/produit\\\/brahmi-moulu\\\/\"]}]},{\"@type\":\"ImageObject\",\"inLanguage\":\"ar\",\"@id\":\"https:\\\/\\\/naturalim.co\\\/produit\\\/brahmi-moulu\\\/#primaryimage\",\"url\":\"https:\\\/\\\/naturalim.co\\\/wp-content\\\/uploads\\\/2023\\\/11\\\/Brahmi-Powder-\u0645\u0633\u062d\u0648\u0642-\u0627\u0644\u0628\u0631\u0627\u0647\u0645\u064a-naturalim.webp\",\"contentUrl\":\"https:\\\/\\\/naturalim.co\\\/wp-content\\\/uploads\\\/2023\\\/11\\\/Brahmi-Powder-\u0645\u0633\u062d\u0648\u0642-\u0627\u0644\u0628\u0631\u0627\u0647\u0645\u064a-naturalim.webp\",\"width\":1024,\"height\":685},{\"@type\":\"BreadcrumbList\",\"@id\":\"https:\\\/\\\/naturalim.co\\\/produit\\\/brahmi-moulu\\\/#breadcrumb\",\"itemListElement\":[{\"@type\":\"ListItem\",\"position\":1,\"name\":\"Home\",\"item\":\"https:\\\/\\\/naturalim.co\\\/\"},{\"@type\":\"ListItem\",\"position\":2,\"name\":\"Shop\",\"item\":\"https:\\\/\\\/naturalim.co\\\/fr\\\/shop\\\/\"},{\"@type\":\"ListItem\",\"position\":3,\"name\":\"Brahmi en poudre\"}]},{\"@type\":\"WebSite\",\"@id\":\"https:\\\/\\\/naturalim.co\\\/fr\\\/#website\",\"url\":\"https:\\\/\\\/naturalim.co\\\/fr\\\/\",\"name\":\"Naturalim\",\"description\":\"\",\"publisher\":{\"@id\":\"https:\\\/\\\/naturalim.co\\\/fr\\\/#organization\"},\"potentialAction\":[{\"@type\":\"SearchAction\",\"target\":{\"@type\":\"EntryPoint\",\"urlTemplate\":\"https:\\\/\\\/naturalim.co\\\/fr\\\/?s={search_term_string}\"},\"query-input\":{\"@type\":\"PropertyValueSpecification\",\"valueRequired\":true,\"valueName\":\"search_term_string\"}}],\"inLanguage\":\"ar\"},{\"@type\":\"Organization\",\"@id\":\"https:\\\/\\\/naturalim.co\\\/fr\\\/#organization\",\"name\":\"Naturalim\",\"url\":\"https:\\\/\\\/naturalim.co\\\/fr\\\/\",\"logo\":{\"@type\":\"ImageObject\",\"inLanguage\":\"ar\",\"@id\":\"https:\\\/\\\/naturalim.co\\\/fr\\\/#\\\/schema\\\/logo\\\/image\\\/\",\"url\":\"https:\\\/\\\/naturalim.co\\\/wp-content\\\/uploads\\\/2023\\\/09\\\/Green_Circle_Leaves_Environment_Logo_1_-removebg-preview.png\",\"contentUrl\":\"https:\\\/\\\/naturalim.co\\\/wp-content\\\/uploads\\\/2023\\\/09\\\/Green_Circle_Leaves_Environment_Logo_1_-removebg-preview.png\",\"width\":500,\"height\":500,\"caption\":\"Naturalim\"},\"image\":{\"@id\":\"https:\\\/\\\/naturalim.co\\\/fr\\\/#\\\/schema\\\/logo\\\/image\\\/\"},\"sameAs\":[\"https:\\\/\\\/www.facebook.com\\\/people\\\/Naturalimdz\\\/100063266886704\\\/\",\"https:\\\/\\\/www.instagram.com\\\/naturalim.dz\\\/\"]}]}<\/script>\n<!-- \/ Yoast SEO plugin. -->","yoast_head_json":{"title":"Brahmi en poudre - Naturalim","robots":{"index":"index","follow":"follow","max-snippet":"max-snippet:-1","max-image-preview":"max-image-preview:large","max-video-preview":"max-video-preview:-1"},"canonical":"https:\/\/naturalim.co\/ar\/product\/brahmi-moulu\/","og_locale":"ar_AR","og_type":"article","og_title":"Brahmi en poudre - Naturalim","og_description":"Le brahmi (Bacopa Monieri) est une plante adaptog\u00e8ne utilis\u00e9e en m\u00e9decine ayurv\u00e9dique pour ses bienfaits sur la m\u00e9moire, la concentration et le stress. Connu pour stimuler les fonctions cognitives, il est appr\u00e9ci\u00e9 des \u00e9tudiants et des professionnels. Le brahmi favorise la clart\u00e9 mentale et la relaxation et s\u2019int\u00e8gre parfaitement \u00e0 une routine bien-\u00eatre. Cette plante est une alli\u00e9e id\u00e9ale pour un esprit serein et \u00e9veill\u00e9. Ajoutez ce tr\u00e9sor naturel \u00e0 votre routine journali\u00e8re et ressentez ses bienfaits sur votre vie.","og_url":"https:\/\/naturalim.co\/ar\/product\/brahmi-moulu\/","og_site_name":"Naturalim","article_publisher":"https:\/\/www.facebook.com\/people\/Naturalimdz\/100063266886704\/","article_modified_time":"2026-03-27T10:04:00+00:00","og_image":[{"width":1024,"height":685,"url":"https:\/\/naturalim.co\/wp-content\/uploads\/2023\/11\/Brahmi-Powder-\u0645\u0633\u062d\u0648\u0642-\u0627\u0644\u0628\u0631\u0627\u0647\u0645\u064a-naturalim.webp","type":"image\/webp"}],"twitter_card":"summary_large_image","twitter_misc":{"\u0648\u0642\u062a \u0627\u0644\u0642\u0631\u0627\u0621\u0629 \u0627\u0644\u0645\u064f\u0642\u062f\u0651\u0631":"\u062f\u0642\u064a\u0642\u062a\u0627\u0646"},"schema":{"@context":"https:\/\/schema.org","@graph":[{"@type":"WebPage","@id":"https:\/\/naturalim.co\/produit\/brahmi-moulu\/","url":"https:\/\/naturalim.co\/produit\/brahmi-moulu\/","name":"Brahmi en poudre - Naturalim","isPartOf":{"@id":"https:\/\/naturalim.co\/fr\/#website"},"primaryImageOfPage":{"@id":"https:\/\/naturalim.co\/produit\/brahmi-moulu\/#primaryimage"},"image":{"@id":"https:\/\/naturalim.co\/produit\/brahmi-moulu\/#primaryimage"},"thumbnailUrl":"https:\/\/naturalim.co\/wp-content\/uploads\/2023\/11\/Brahmi-Powder-\u0645\u0633\u062d\u0648\u0642-\u0627\u0644\u0628\u0631\u0627\u0647\u0645\u064a-naturalim.webp","datePublished":"2023-11-22T14:27:15+00:00","dateModified":"2026-03-27T10:04:00+00:00","breadcrumb":{"@id":"https:\/\/naturalim.co\/produit\/brahmi-moulu\/#breadcrumb"},"inLanguage":"ar","potentialAction":[{"@type":"ReadAction","target":["https:\/\/naturalim.co\/produit\/brahmi-moulu\/"]}]},{"@type":"ImageObject","inLanguage":"ar","@id":"https:\/\/naturalim.co\/produit\/brahmi-moulu\/#primaryimage","url":"https:\/\/naturalim.co\/wp-content\/uploads\/2023\/11\/Brahmi-Powder-\u0645\u0633\u062d\u0648\u0642-\u0627\u0644\u0628\u0631\u0627\u0647\u0645\u064a-naturalim.webp","contentUrl":"https:\/\/naturalim.co\/wp-content\/uploads\/2023\/11\/Brahmi-Powder-\u0645\u0633\u062d\u0648\u0642-\u0627\u0644\u0628\u0631\u0627\u0647\u0645\u064a-naturalim.webp","width":1024,"height":685},{"@type":"BreadcrumbList","@id":"https:\/\/naturalim.co\/produit\/brahmi-moulu\/#breadcrumb","itemListElement":[{"@type":"ListItem","position":1,"name":"Home","item":"https:\/\/naturalim.co\/"},{"@type":"ListItem","position":2,"name":"Shop","item":"https:\/\/naturalim.co\/fr\/shop\/"},{"@type":"ListItem","position":3,"name":"Brahmi en poudre"}]},{"@type":"WebSite","@id":"https:\/\/naturalim.co\/fr\/#website","url":"https:\/\/naturalim.co\/fr\/","name":"Naturalim","description":"","publisher":{"@id":"https:\/\/naturalim.co\/fr\/#organization"},"potentialAction":[{"@type":"SearchAction","target":{"@type":"EntryPoint","urlTemplate":"https:\/\/naturalim.co\/fr\/?s={search_term_string}"},"query-input":{"@type":"PropertyValueSpecification","valueRequired":true,"valueName":"search_term_string"}}],"inLanguage":"ar"},{"@type":"Organization","@id":"https:\/\/naturalim.co\/fr\/#organization","name":"Naturalim","url":"https:\/\/naturalim.co\/fr\/","logo":{"@type":"ImageObject","inLanguage":"ar","@id":"https:\/\/naturalim.co\/fr\/#\/schema\/logo\/image\/","url":"https:\/\/naturalim.co\/wp-content\/uploads\/2023\/09\/Green_Circle_Leaves_Environment_Logo_1_-removebg-preview.png","contentUrl":"https:\/\/naturalim.co\/wp-content\/uploads\/2023\/09\/Green_Circle_Leaves_Environment_Logo_1_-removebg-preview.png","width":500,"height":500,"caption":"Naturalim"},"image":{"@id":"https:\/\/naturalim.co\/fr\/#\/schema\/logo\/image\/"},"sameAs":["https:\/\/www.facebook.com\/people\/Naturalimdz\/100063266886704\/","https:\/\/www.instagram.com\/naturalim.dz\/"]}]}},"uagb_featured_image_src":{"full":["https:\/\/naturalim.co\/wp-content\/uploads\/2023\/11\/Brahmi-Powder-\u0645\u0633\u062d\u0648\u0642-\u0627\u0644\u0628\u0631\u0627\u0647\u0645\u064a-naturalim.webp",1024,685,false],"thumbnail":["https:\/\/naturalim.co\/wp-content\/uploads\/2023\/11\/Brahmi-Powder-\u0645\u0633\u062d\u0648\u0642-\u0627\u0644\u0628\u0631\u0627\u0647\u0645\u064a-naturalim-150x150.webp",150,150,true],"medium":["https:\/\/naturalim.co\/wp-content\/uploads\/2023\/11\/Brahmi-Powder-\u0645\u0633\u062d\u0648\u0642-\u0627\u0644\u0628\u0631\u0627\u0647\u0645\u064a-naturalim-300x201.webp",300,201,true],"medium_large":["https:\/\/naturalim.co\/wp-content\/uploads\/2023\/11\/Brahmi-Powder-\u0645\u0633\u062d\u0648\u0642-\u0627\u0644\u0628\u0631\u0627\u0647\u0645\u064a-naturalim-768x514.webp",768,514,true],"large":["https:\/\/naturalim.co\/wp-content\/uploads\/2023\/11\/Brahmi-Powder-\u0645\u0633\u062d\u0648\u0642-\u0627\u0644\u0628\u0631\u0627\u0647\u0645\u064a-naturalim.webp",1024,685,false],"1536x1536":["https:\/\/naturalim.co\/wp-content\/uploads\/2023\/11\/Brahmi-Powder-\u0645\u0633\u062d\u0648\u0642-\u0627\u0644\u0628\u0631\u0627\u0647\u0645\u064a-naturalim.webp",1024,685,false],"2048x2048":["https:\/\/naturalim.co\/wp-content\/uploads\/2023\/11\/Brahmi-Powder-\u0645\u0633\u062d\u0648\u0642-\u0627\u0644\u0628\u0631\u0627\u0647\u0645\u064a-naturalim.webp",1024,685,false],"trp-custom-language-flag":["https:\/\/naturalim.co\/wp-content\/uploads\/2023\/11\/Brahmi-Powder-\u0645\u0633\u062d\u0648\u0642-\u0627\u0644\u0628\u0631\u0627\u0647\u0645\u064a-naturalim-18x12.webp",18,12,true],"woocommerce_thumbnail":["https:\/\/naturalim.co\/wp-content\/uploads\/2023\/11\/Brahmi-Powder-\u0645\u0633\u062d\u0648\u0642-\u0627\u0644\u0628\u0631\u0627\u0647\u0645\u064a-naturalim-300x300.webp",300,300,true],"woocommerce_single":["https:\/\/naturalim.co\/wp-content\/uploads\/2023\/11\/Brahmi-Powder-\u0645\u0633\u062d\u0648\u0642-\u0627\u0644\u0628\u0631\u0627\u0647\u0645\u064a-naturalim-600x401.webp",600,401,true],"woocommerce_gallery_thumbnail":["https:\/\/naturalim.co\/wp-content\/uploads\/2023\/11\/Brahmi-Powder-\u0645\u0633\u062d\u0648\u0642-\u0627\u0644\u0628\u0631\u0627\u0647\u0645\u064a-naturalim-100x100.webp",100,100,true],"wc_order_status_icon":["https:\/\/naturalim.co\/wp-content\/uploads\/2023\/11\/Brahmi-Powder-\u0645\u0633\u062d\u0648\u0642-\u0627\u0644\u0628\u0631\u0627\u0647\u0645\u064a-naturalim.webp",32,21,false],"dgwt-wcas-product-suggestion":["https:\/\/naturalim.co\/wp-content\/uploads\/2023\/11\/Brahmi-Powder-\u0645\u0633\u062d\u0648\u0642-\u0627\u0644\u0628\u0631\u0627\u0647\u0645\u064a-naturalim-64x43.webp",64,43,true]},"uagb_author_info":{"display_name":"admin","author_link":"https:\/\/naturalim.co\/ar\/author\/"},"uagb_comment_info":0,"uagb_excerpt":"Le brahmi (Bacopa Monieri) est une plante adaptog\u00e8ne utilis\u00e9e en m\u00e9decine ayurv\u00e9dique pour ses bienfaits sur la m\u00e9moire, la concentration et le stress. Connu pour stimuler les fonctions cognitives, il est appr\u00e9ci\u00e9 des \u00e9tudiants et des professionnels. Le brahmi favorise la clart\u00e9 mentale et la relaxation et s\u2019int\u00e8gre parfaitement \u00e0 une routine bien-\u00eatre. Cette plante&hellip;","_links":{"self":[{"href":"https:\/\/naturalim.co\/ar\/wp-json\/wp\/v2\/product\/2534","targetHints":{"allow":["GET"]}}],"collection":[{"href":"https:\/\/naturalim.co\/ar\/wp-json\/wp\/v2\/product"}],"about":[{"href":"https:\/\/naturalim.co\/ar\/wp-json\/wp\/v2\/types\/product"}],"replies":[{"embeddable":true,"href":"https:\/\/naturalim.co\/ar\/wp-json\/wp\/v2\/comments?post=2534"}],"wp:featuredmedia":[{"embeddable":true,"href":"https:\/\/naturalim.co\/ar\/wp-json\/wp\/v2\/media\/3622"}],"wp:attachment":[{"href":"https:\/\/naturalim.co\/ar\/wp-json\/wp\/v2\/media?parent=2534"}],"wp:term":[{"taxonomy":"product_brand","embeddable":true,"href":"https:\/\/naturalim.co\/ar\/wp-json\/wp\/v2\/product_brand?post=2534"},{"taxonomy":"product_cat","embeddable":true,"href":"https:\/\/naturalim.co\/ar\/wp-json\/wp\/v2\/product_cat?post=2534"},{"taxonomy":"product_tag","embeddable":true,"href":"https:\/\/naturalim.co\/ar\/wp-json\/wp\/v2\/product_tag?post=2534"}],"curies":[{"name":"wp","href":"https:\/\/api.w.org\/{rel}","templated":true}]}}