{"id":2539,"date":"2023-11-22T15:27:15","date_gmt":"2023-11-22T14:27:15","guid":{"rendered":"https:\/\/naturalim.co\/?post_type=product&#038;p=2539"},"modified":"2025-07-08T20:57:34","modified_gmt":"2025-07-08T19:57:34","slug":"cacao-clair","status":"publish","type":"product","link":"https:\/\/naturalim.co\/ar\/product\/cacao-clair\/","title":{"rendered":"\u0645\u0633\u062d\u0648\u0642 \u0627\u0644\u0643\u0627\u0643\u0627\u0648 \u0627\u0644\u0641\u0627\u062a\u062d"},"content":{"rendered":"<p>\u062e\u0635\u0627\u0626\u0635 \u0627\u0644\u0645\u0646\u062a\u062c :<\/p>\n<p>issu de la f\u00e8ve de cacao.<\/p>\n<p><strong>M\u00e9thode de conservation:<\/strong><\/p>\n<p>Gardez la poudre de cacao dans un <strong>r\u00e9cipient herm\u00e9tique<\/strong>, \u00e0 l&rsquo;abri de la lumi\u00e8re, de l&rsquo;humidit\u00e9 et de la chaleur. Un placard frais et sec sera parfait!<\/p>\n<ul>\n<li>Vous pouvez utiliser un pot en verre avec un couvercle herm\u00e9tique.<\/li>\n<li>Ne pas mettre au frigo, car l&rsquo;humidit\u00e9 peut alt\u00e9rer la qualit\u00e9 du cacao.<\/li>\n<li>Ne pas ranger le cacao pr\u00e8s des \u00e9pices ou produits \u00e0 forte odeur, car le cacao peut absorber ces odeurs.<\/li>\n<\/ul>","protected":false},"excerpt":{"rendered":"<p>Le cacao en poudre (clair, fonc\u00e9 et noir) est un produit naturel issu des f\u00e8ves de cacao, riche en antioxydants et en magn\u00e9sium.<br \/>\nAvec son go\u00fbt intense et authentique, il est id\u00e9al pour pr\u00e9parer boissons chaudes, desserts et p\u00e2tisseries. Il convient parfaitement aux recettes saines et gourmandes. Source d\u2019\u00e9nergie et de plaisir, il ravit les amateurs de chocolat.<br \/>\nUn ingr\u00e9dient incontournable pour une cuisine cr\u00e9ative et savoureuse.<br \/>\n\u0623\u062f\u0631\u062c\u0647 \u0641\u064a \u0646\u0638\u0627\u0645\u0643 \u0627\u0644\u063a\u0630\u0627\u0626\u064a \u0644\u0644\u0627\u0633\u062a\u0645\u062a\u0627\u0639 \u0628\u0641\u0648\u0627\u0626\u062f\u0647 \u0627\u0644\u0639\u062f\u064a\u062f\u0629.<\/p>","protected":false},"featured_media":3599,"comment_status":"open","ping_status":"closed","template":"","meta":{"_acf_changed":false,"_uag_custom_page_level_css":"","site-sidebar-layout":"default","site-content-layout":"","ast-site-content-layout":"default","site-content-style":"default","site-sidebar-style":"default","ast-global-header-display":"","ast-banner-title-visibility":"","ast-main-header-display":"","ast-hfb-above-header-display":"","ast-hfb-below-header-display":"","ast-hfb-mobile-header-display":"","site-post-title":"","ast-breadcrumbs-content":"","ast-featured-img":"","footer-sml-layout":"","ast-disable-related-posts":"","theme-transparent-header-meta":"default","adv-header-id-meta":"","stick-header-meta":"","header-above-stick-meta":"","header-main-stick-meta":"","header-below-stick-meta":"","astra-migrate-meta-layouts":"set","ast-page-background-enabled":"default","ast-page-background-meta":{"desktop":{"background-color":"var(--ast-global-color-4)","background-image":"","background-repeat":"repeat","background-position":"center center","background-size":"auto","background-attachment":"scroll","background-type":"","background-media":"","overlay-type":"","overlay-color":"","overlay-opacity":"","overlay-gradient":""},"tablet":{"background-color":"","background-image":"","background-repeat":"repeat","background-position":"center center","background-size":"auto","background-attachment":"scroll","background-type":"","background-media":"","overlay-type":"","overlay-color":"","overlay-opacity":"","overlay-gradient":""},"mobile":{"background-color":"","background-image":"","background-repeat":"repeat","background-position":"center center","background-size":"auto","background-attachment":"scroll","background-type":"","background-media":"","overlay-type":"","overlay-color":"","overlay-opacity":"","overlay-gradient":""}},"ast-content-background-meta":{"desktop":{"background-color":"var(--ast-global-color-5)","background-image":"","background-repeat":"repeat","background-position":"center center","background-size":"auto","background-attachment":"scroll","background-type":"","background-media":"","overlay-type":"","overlay-color":"","overlay-opacity":"","overlay-gradient":""},"tablet":{"background-color":"var(--ast-global-color-5)","background-image":"","background-repeat":"repeat","background-position":"center center","background-size":"auto","background-attachment":"scroll","background-type":"","background-media":"","overlay-type":"","overlay-color":"","overlay-opacity":"","overlay-gradient":""},"mobile":{"background-color":"var(--ast-global-color-5)","background-image":"","background-repeat":"repeat","background-position":"center center","background-size":"auto","background-attachment":"scroll","background-type":"","background-media":"","overlay-type":"","overlay-color":"","overlay-opacity":"","overlay-gradient":""}}},"product_brand":[],"product_cat":[50],"product_tag":[],"class_list":{"0":"post-2539","1":"product","2":"type-product","3":"status-publish","4":"has-post-thumbnail","6":"product_cat-poudres-et-farines","7":"desktop-align-center","8":"tablet-align-left","9":"mobile-align-left","11":"first","12":"instock","13":"shipping-taxable","14":"purchasable","15":"product-type-variable"},"acf":[],"yoast_head":"<!-- This site is optimized with the Yoast SEO plugin v27.5 - https:\/\/yoast.com\/product\/yoast-seo-wordpress\/ -->\n<title>Cacao clair en poudre - Naturalim<\/title>\n<meta name=\"robots\" content=\"index, follow, max-snippet:-1, max-image-preview:large, max-video-preview:-1\" \/>\n<link rel=\"canonical\" href=\"https:\/\/naturalim.co\/ar\/product\/cacao-clair\/\" \/>\n<meta property=\"og:locale\" content=\"ar_AR\" \/>\n<meta property=\"og:type\" content=\"article\" \/>\n<meta property=\"og:title\" content=\"Cacao clair en poudre - Naturalim\" \/>\n<meta property=\"og:description\" content=\"Le cacao en poudre (clair, fonc\u00e9 et noir) est un produit naturel issu des f\u00e8ves de cacao, riche en antioxydants et en magn\u00e9sium. Avec son go\u00fbt intense et authentique, il est id\u00e9al pour pr\u00e9parer boissons chaudes, desserts et p\u00e2tisseries. Il convient parfaitement aux recettes saines et gourmandes. Source d\u2019\u00e9nergie et de plaisir, il ravit les amateurs de chocolat. Un ingr\u00e9dient incontournable pour une cuisine cr\u00e9ative et savoureuse. Int\u00e9grez-le \u00e0 votre alimentation pour profiter de ses nombreux avantages et bienfaits.\" \/>\n<meta property=\"og:url\" content=\"https:\/\/naturalim.co\/ar\/product\/cacao-clair\/\" \/>\n<meta property=\"og:site_name\" content=\"Naturalim\" \/>\n<meta property=\"article:publisher\" content=\"https:\/\/www.facebook.com\/people\/Naturalimdz\/100063266886704\/\" \/>\n<meta property=\"article:modified_time\" content=\"2025-07-08T19:57:34+00:00\" \/>\n<meta property=\"og:image\" content=\"https:\/\/naturalim.co\/wp-content\/uploads\/2023\/11\/cacao-poudre-clair-\u0645\u0633\u062d\u0648\u0642-\u0627\u0644\u0643\u0627\u0643\u0627\u0648-\u0627\u0644\u0641\u0627\u062a\u062d-naturalim.webp\" \/>\n\t<meta property=\"og:image:width\" content=\"800\" \/>\n\t<meta property=\"og:image:height\" content=\"800\" \/>\n\t<meta property=\"og:image:type\" content=\"image\/webp\" \/>\n<meta name=\"twitter:card\" content=\"summary_large_image\" \/>\n<meta name=\"twitter:label1\" content=\"\u0648\u0642\u062a \u0627\u0644\u0642\u0631\u0627\u0621\u0629 \u0627\u0644\u0645\u064f\u0642\u062f\u0651\u0631\" \/>\n\t<meta name=\"twitter:data1\" content=\"\u062f\u0642\u064a\u0642\u0629 \u0648\u0627\u062d\u062f\u0629\" \/>\n<script type=\"application\/ld+json\" class=\"yoast-schema-graph\">{\"@context\":\"https:\\\/\\\/schema.org\",\"@graph\":[{\"@type\":\"WebPage\",\"@id\":\"https:\\\/\\\/naturalim.co\\\/produit\\\/cacao-clair\\\/\",\"url\":\"https:\\\/\\\/naturalim.co\\\/produit\\\/cacao-clair\\\/\",\"name\":\"Cacao clair en poudre - Naturalim\",\"isPartOf\":{\"@id\":\"https:\\\/\\\/naturalim.co\\\/fr\\\/#website\"},\"primaryImageOfPage\":{\"@id\":\"https:\\\/\\\/naturalim.co\\\/produit\\\/cacao-clair\\\/#primaryimage\"},\"image\":{\"@id\":\"https:\\\/\\\/naturalim.co\\\/produit\\\/cacao-clair\\\/#primaryimage\"},\"thumbnailUrl\":\"https:\\\/\\\/naturalim.co\\\/wp-content\\\/uploads\\\/2023\\\/11\\\/cacao-poudre-clair-\u0645\u0633\u062d\u0648\u0642-\u0627\u0644\u0643\u0627\u0643\u0627\u0648-\u0627\u0644\u0641\u0627\u062a\u062d-naturalim.webp\",\"datePublished\":\"2023-11-22T14:27:15+00:00\",\"dateModified\":\"2025-07-08T19:57:34+00:00\",\"breadcrumb\":{\"@id\":\"https:\\\/\\\/naturalim.co\\\/produit\\\/cacao-clair\\\/#breadcrumb\"},\"inLanguage\":\"ar\",\"potentialAction\":[{\"@type\":\"ReadAction\",\"target\":[\"https:\\\/\\\/naturalim.co\\\/produit\\\/cacao-clair\\\/\"]}]},{\"@type\":\"ImageObject\",\"inLanguage\":\"ar\",\"@id\":\"https:\\\/\\\/naturalim.co\\\/produit\\\/cacao-clair\\\/#primaryimage\",\"url\":\"https:\\\/\\\/naturalim.co\\\/wp-content\\\/uploads\\\/2023\\\/11\\\/cacao-poudre-clair-\u0645\u0633\u062d\u0648\u0642-\u0627\u0644\u0643\u0627\u0643\u0627\u0648-\u0627\u0644\u0641\u0627\u062a\u062d-naturalim.webp\",\"contentUrl\":\"https:\\\/\\\/naturalim.co\\\/wp-content\\\/uploads\\\/2023\\\/11\\\/cacao-poudre-clair-\u0645\u0633\u062d\u0648\u0642-\u0627\u0644\u0643\u0627\u0643\u0627\u0648-\u0627\u0644\u0641\u0627\u062a\u062d-naturalim.webp\",\"width\":800,\"height\":800},{\"@type\":\"BreadcrumbList\",\"@id\":\"https:\\\/\\\/naturalim.co\\\/produit\\\/cacao-clair\\\/#breadcrumb\",\"itemListElement\":[{\"@type\":\"ListItem\",\"position\":1,\"name\":\"Home\",\"item\":\"https:\\\/\\\/naturalim.co\\\/\"},{\"@type\":\"ListItem\",\"position\":2,\"name\":\"Shop\",\"item\":\"https:\\\/\\\/naturalim.co\\\/fr\\\/shop\\\/\"},{\"@type\":\"ListItem\",\"position\":3,\"name\":\"Cacao clair en poudre\"}]},{\"@type\":\"WebSite\",\"@id\":\"https:\\\/\\\/naturalim.co\\\/fr\\\/#website\",\"url\":\"https:\\\/\\\/naturalim.co\\\/fr\\\/\",\"name\":\"Naturalim\",\"description\":\"\",\"publisher\":{\"@id\":\"https:\\\/\\\/naturalim.co\\\/fr\\\/#organization\"},\"potentialAction\":[{\"@type\":\"SearchAction\",\"target\":{\"@type\":\"EntryPoint\",\"urlTemplate\":\"https:\\\/\\\/naturalim.co\\\/fr\\\/?s={search_term_string}\"},\"query-input\":{\"@type\":\"PropertyValueSpecification\",\"valueRequired\":true,\"valueName\":\"search_term_string\"}}],\"inLanguage\":\"ar\"},{\"@type\":\"Organization\",\"@id\":\"https:\\\/\\\/naturalim.co\\\/fr\\\/#organization\",\"name\":\"Naturalim\",\"url\":\"https:\\\/\\\/naturalim.co\\\/fr\\\/\",\"logo\":{\"@type\":\"ImageObject\",\"inLanguage\":\"ar\",\"@id\":\"https:\\\/\\\/naturalim.co\\\/fr\\\/#\\\/schema\\\/logo\\\/image\\\/\",\"url\":\"https:\\\/\\\/naturalim.co\\\/wp-content\\\/uploads\\\/2023\\\/09\\\/Green_Circle_Leaves_Environment_Logo_1_-removebg-preview.png\",\"contentUrl\":\"https:\\\/\\\/naturalim.co\\\/wp-content\\\/uploads\\\/2023\\\/09\\\/Green_Circle_Leaves_Environment_Logo_1_-removebg-preview.png\",\"width\":500,\"height\":500,\"caption\":\"Naturalim\"},\"image\":{\"@id\":\"https:\\\/\\\/naturalim.co\\\/fr\\\/#\\\/schema\\\/logo\\\/image\\\/\"},\"sameAs\":[\"https:\\\/\\\/www.facebook.com\\\/people\\\/Naturalimdz\\\/100063266886704\\\/\",\"https:\\\/\\\/www.instagram.com\\\/naturalim.dz\\\/\"]}]}<\/script>\n<!-- \/ Yoast SEO plugin. -->","yoast_head_json":{"title":"Cacao clair en poudre - Naturalim","robots":{"index":"index","follow":"follow","max-snippet":"max-snippet:-1","max-image-preview":"max-image-preview:large","max-video-preview":"max-video-preview:-1"},"canonical":"https:\/\/naturalim.co\/ar\/product\/cacao-clair\/","og_locale":"ar_AR","og_type":"article","og_title":"Cacao clair en poudre - Naturalim","og_description":"Le cacao en poudre (clair, fonc\u00e9 et noir) est un produit naturel issu des f\u00e8ves de cacao, riche en antioxydants et en magn\u00e9sium. Avec son go\u00fbt intense et authentique, il est id\u00e9al pour pr\u00e9parer boissons chaudes, desserts et p\u00e2tisseries. Il convient parfaitement aux recettes saines et gourmandes. Source d\u2019\u00e9nergie et de plaisir, il ravit les amateurs de chocolat. Un ingr\u00e9dient incontournable pour une cuisine cr\u00e9ative et savoureuse. Int\u00e9grez-le \u00e0 votre alimentation pour profiter de ses nombreux avantages et bienfaits.","og_url":"https:\/\/naturalim.co\/ar\/product\/cacao-clair\/","og_site_name":"Naturalim","article_publisher":"https:\/\/www.facebook.com\/people\/Naturalimdz\/100063266886704\/","article_modified_time":"2025-07-08T19:57:34+00:00","og_image":[{"width":800,"height":800,"url":"https:\/\/naturalim.co\/wp-content\/uploads\/2023\/11\/cacao-poudre-clair-\u0645\u0633\u062d\u0648\u0642-\u0627\u0644\u0643\u0627\u0643\u0627\u0648-\u0627\u0644\u0641\u0627\u062a\u062d-naturalim.webp","type":"image\/webp"}],"twitter_card":"summary_large_image","twitter_misc":{"\u0648\u0642\u062a \u0627\u0644\u0642\u0631\u0627\u0621\u0629 \u0627\u0644\u0645\u064f\u0642\u062f\u0651\u0631":"\u062f\u0642\u064a\u0642\u0629 \u0648\u0627\u062d\u062f\u0629"},"schema":{"@context":"https:\/\/schema.org","@graph":[{"@type":"WebPage","@id":"https:\/\/naturalim.co\/produit\/cacao-clair\/","url":"https:\/\/naturalim.co\/produit\/cacao-clair\/","name":"Cacao clair en poudre - Naturalim","isPartOf":{"@id":"https:\/\/naturalim.co\/fr\/#website"},"primaryImageOfPage":{"@id":"https:\/\/naturalim.co\/produit\/cacao-clair\/#primaryimage"},"image":{"@id":"https:\/\/naturalim.co\/produit\/cacao-clair\/#primaryimage"},"thumbnailUrl":"https:\/\/naturalim.co\/wp-content\/uploads\/2023\/11\/cacao-poudre-clair-\u0645\u0633\u062d\u0648\u0642-\u0627\u0644\u0643\u0627\u0643\u0627\u0648-\u0627\u0644\u0641\u0627\u062a\u062d-naturalim.webp","datePublished":"2023-11-22T14:27:15+00:00","dateModified":"2025-07-08T19:57:34+00:00","breadcrumb":{"@id":"https:\/\/naturalim.co\/produit\/cacao-clair\/#breadcrumb"},"inLanguage":"ar","potentialAction":[{"@type":"ReadAction","target":["https:\/\/naturalim.co\/produit\/cacao-clair\/"]}]},{"@type":"ImageObject","inLanguage":"ar","@id":"https:\/\/naturalim.co\/produit\/cacao-clair\/#primaryimage","url":"https:\/\/naturalim.co\/wp-content\/uploads\/2023\/11\/cacao-poudre-clair-\u0645\u0633\u062d\u0648\u0642-\u0627\u0644\u0643\u0627\u0643\u0627\u0648-\u0627\u0644\u0641\u0627\u062a\u062d-naturalim.webp","contentUrl":"https:\/\/naturalim.co\/wp-content\/uploads\/2023\/11\/cacao-poudre-clair-\u0645\u0633\u062d\u0648\u0642-\u0627\u0644\u0643\u0627\u0643\u0627\u0648-\u0627\u0644\u0641\u0627\u062a\u062d-naturalim.webp","width":800,"height":800},{"@type":"BreadcrumbList","@id":"https:\/\/naturalim.co\/produit\/cacao-clair\/#breadcrumb","itemListElement":[{"@type":"ListItem","position":1,"name":"Home","item":"https:\/\/naturalim.co\/"},{"@type":"ListItem","position":2,"name":"Shop","item":"https:\/\/naturalim.co\/fr\/shop\/"},{"@type":"ListItem","position":3,"name":"Cacao clair en poudre"}]},{"@type":"WebSite","@id":"https:\/\/naturalim.co\/fr\/#website","url":"https:\/\/naturalim.co\/fr\/","name":"Naturalim","description":"","publisher":{"@id":"https:\/\/naturalim.co\/fr\/#organization"},"potentialAction":[{"@type":"SearchAction","target":{"@type":"EntryPoint","urlTemplate":"https:\/\/naturalim.co\/fr\/?s={search_term_string}"},"query-input":{"@type":"PropertyValueSpecification","valueRequired":true,"valueName":"search_term_string"}}],"inLanguage":"ar"},{"@type":"Organization","@id":"https:\/\/naturalim.co\/fr\/#organization","name":"Naturalim","url":"https:\/\/naturalim.co\/fr\/","logo":{"@type":"ImageObject","inLanguage":"ar","@id":"https:\/\/naturalim.co\/fr\/#\/schema\/logo\/image\/","url":"https:\/\/naturalim.co\/wp-content\/uploads\/2023\/09\/Green_Circle_Leaves_Environment_Logo_1_-removebg-preview.png","contentUrl":"https:\/\/naturalim.co\/wp-content\/uploads\/2023\/09\/Green_Circle_Leaves_Environment_Logo_1_-removebg-preview.png","width":500,"height":500,"caption":"Naturalim"},"image":{"@id":"https:\/\/naturalim.co\/fr\/#\/schema\/logo\/image\/"},"sameAs":["https:\/\/www.facebook.com\/people\/Naturalimdz\/100063266886704\/","https:\/\/www.instagram.com\/naturalim.dz\/"]}]}},"uagb_featured_image_src":{"full":["https:\/\/naturalim.co\/wp-content\/uploads\/2023\/11\/cacao-poudre-clair-\u0645\u0633\u062d\u0648\u0642-\u0627\u0644\u0643\u0627\u0643\u0627\u0648-\u0627\u0644\u0641\u0627\u062a\u062d-naturalim.webp",800,800,false],"thumbnail":["https:\/\/naturalim.co\/wp-content\/uploads\/2023\/11\/cacao-poudre-clair-\u0645\u0633\u062d\u0648\u0642-\u0627\u0644\u0643\u0627\u0643\u0627\u0648-\u0627\u0644\u0641\u0627\u062a\u062d-naturalim-150x150.webp",150,150,true],"medium":["https:\/\/naturalim.co\/wp-content\/uploads\/2023\/11\/cacao-poudre-clair-\u0645\u0633\u062d\u0648\u0642-\u0627\u0644\u0643\u0627\u0643\u0627\u0648-\u0627\u0644\u0641\u0627\u062a\u062d-naturalim-300x300.webp",300,300,true],"medium_large":["https:\/\/naturalim.co\/wp-content\/uploads\/2023\/11\/cacao-poudre-clair-\u0645\u0633\u062d\u0648\u0642-\u0627\u0644\u0643\u0627\u0643\u0627\u0648-\u0627\u0644\u0641\u0627\u062a\u062d-naturalim-768x768.webp",768,768,true],"large":["https:\/\/naturalim.co\/wp-content\/uploads\/2023\/11\/cacao-poudre-clair-\u0645\u0633\u062d\u0648\u0642-\u0627\u0644\u0643\u0627\u0643\u0627\u0648-\u0627\u0644\u0641\u0627\u062a\u062d-naturalim.webp",800,800,false],"1536x1536":["https:\/\/naturalim.co\/wp-content\/uploads\/2023\/11\/cacao-poudre-clair-\u0645\u0633\u062d\u0648\u0642-\u0627\u0644\u0643\u0627\u0643\u0627\u0648-\u0627\u0644\u0641\u0627\u062a\u062d-naturalim.webp",800,800,false],"2048x2048":["https:\/\/naturalim.co\/wp-content\/uploads\/2023\/11\/cacao-poudre-clair-\u0645\u0633\u062d\u0648\u0642-\u0627\u0644\u0643\u0627\u0643\u0627\u0648-\u0627\u0644\u0641\u0627\u062a\u062d-naturalim.webp",800,800,false],"trp-custom-language-flag":["https:\/\/naturalim.co\/wp-content\/uploads\/2023\/11\/cacao-poudre-clair-\u0645\u0633\u062d\u0648\u0642-\u0627\u0644\u0643\u0627\u0643\u0627\u0648-\u0627\u0644\u0641\u0627\u062a\u062d-naturalim-12x12.webp",12,12,true],"woocommerce_thumbnail":["https:\/\/naturalim.co\/wp-content\/uploads\/2023\/11\/cacao-poudre-clair-\u0645\u0633\u062d\u0648\u0642-\u0627\u0644\u0643\u0627\u0643\u0627\u0648-\u0627\u0644\u0641\u0627\u062a\u062d-naturalim-300x300.webp",300,300,true],"woocommerce_single":["https:\/\/naturalim.co\/wp-content\/uploads\/2023\/11\/cacao-poudre-clair-\u0645\u0633\u062d\u0648\u0642-\u0627\u0644\u0643\u0627\u0643\u0627\u0648-\u0627\u0644\u0641\u0627\u062a\u062d-naturalim-600x600.webp",600,600,true],"woocommerce_gallery_thumbnail":["https:\/\/naturalim.co\/wp-content\/uploads\/2023\/11\/cacao-poudre-clair-\u0645\u0633\u062d\u0648\u0642-\u0627\u0644\u0643\u0627\u0643\u0627\u0648-\u0627\u0644\u0641\u0627\u062a\u062d-naturalim-100x100.webp",100,100,true],"wc_order_status_icon":["https:\/\/naturalim.co\/wp-content\/uploads\/2023\/11\/cacao-poudre-clair-\u0645\u0633\u062d\u0648\u0642-\u0627\u0644\u0643\u0627\u0643\u0627\u0648-\u0627\u0644\u0641\u0627\u062a\u062d-naturalim.webp",32,32,false],"dgwt-wcas-product-suggestion":["https:\/\/naturalim.co\/wp-content\/uploads\/2023\/11\/cacao-poudre-clair-\u0645\u0633\u062d\u0648\u0642-\u0627\u0644\u0643\u0627\u0643\u0627\u0648-\u0627\u0644\u0641\u0627\u062a\u062d-naturalim-64x64.webp",64,64,true]},"uagb_author_info":{"display_name":"admin","author_link":"https:\/\/naturalim.co\/ar\/author\/"},"uagb_comment_info":0,"uagb_excerpt":"Le cacao en poudre (clair, fonc\u00e9 et noir) est un produit naturel issu des f\u00e8ves de cacao, riche en antioxydants et en magn\u00e9sium. Avec son go\u00fbt intense et authentique, il est id\u00e9al pour pr\u00e9parer boissons chaudes, desserts et p\u00e2tisseries. Il convient parfaitement aux recettes saines et gourmandes. Source d\u2019\u00e9nergie et de plaisir, il ravit les&hellip;","_links":{"self":[{"href":"https:\/\/naturalim.co\/ar\/wp-json\/wp\/v2\/product\/2539","targetHints":{"allow":["GET"]}}],"collection":[{"href":"https:\/\/naturalim.co\/ar\/wp-json\/wp\/v2\/product"}],"about":[{"href":"https:\/\/naturalim.co\/ar\/wp-json\/wp\/v2\/types\/product"}],"replies":[{"embeddable":true,"href":"https:\/\/naturalim.co\/ar\/wp-json\/wp\/v2\/comments?post=2539"}],"wp:featuredmedia":[{"embeddable":true,"href":"https:\/\/naturalim.co\/ar\/wp-json\/wp\/v2\/media\/3599"}],"wp:attachment":[{"href":"https:\/\/naturalim.co\/ar\/wp-json\/wp\/v2\/media?parent=2539"}],"wp:term":[{"taxonomy":"product_brand","embeddable":true,"href":"https:\/\/naturalim.co\/ar\/wp-json\/wp\/v2\/product_brand?post=2539"},{"taxonomy":"product_cat","embeddable":true,"href":"https:\/\/naturalim.co\/ar\/wp-json\/wp\/v2\/product_cat?post=2539"},{"taxonomy":"product_tag","embeddable":true,"href":"https:\/\/naturalim.co\/ar\/wp-json\/wp\/v2\/product_tag?post=2539"}],"curies":[{"name":"wp","href":"https:\/\/api.w.org\/{rel}","templated":true}]}}