{"id":2561,"date":"2023-11-22T15:27:18","date_gmt":"2023-11-22T14:27:18","guid":{"rendered":"https:\/\/naturalim.co\/?post_type=product&#038;p=2561"},"modified":"2025-11-09T13:39:01","modified_gmt":"2025-11-09T12:39:01","slug":"chlorelle-bio-poudre","status":"publish","type":"product","link":"https:\/\/naturalim.co\/ar\/product\/chlorelle-bio-poudre\/","title":{"rendered":"\u0645\u0633\u062d\u0648\u0642 \u0627\u0644\u0643\u0644\u0648\u0631\u064a\u0644\u0627 \u0627\u0644\u0639\u0636\u0648\u064a\u0629"},"content":{"rendered":"<p>\u062e\u0635\u0627\u0626\u0635 \u0627\u0644\u0645\u0646\u062a\u062c :<\/p>\n<p>&#8211; Micro-algue.<br \/>\n&#8211; BIO : lorsque le produit est bio ses bienfaits sont maximis\u00e9s.<\/p>","protected":false},"excerpt":{"rendered":"<p class=\" translation-block\">\u0627\u0644\u0643\u0644\u0648\u0631\u064a\u0644\u0627 \u0647\u064a \u0637\u062d\u0627\u0644\u0628 \u062e\u0636\u0631\u0627\u0621 \u062f\u0642\u064a\u0642\u0629 \u0645\u0646 \u0627\u0644\u0645\u064a\u0627\u0647 \u0627\u0644\u0639\u0630\u0628\u0629\u060c \u0648\u0647\u064a \u063a\u0630\u0627\u0621 \u062e\u0627\u0631\u0642 \u0630\u0648 \u0641\u0648\u0627\u0626\u062f \u0635\u062d\u064a\u0629 \u0639\u062f\u064a\u062f\u0629. \u0641\u0647\u064a \u063a\u0646\u064a\u0629 \u0628\u0627\u0644\u0645\u063a\u0630\u064a\u0627\u062a \u0648\u0627\u0644\u0641\u064a\u062a\u0627\u0645\u064a\u0646\u0627\u062a \u0648\u0627\u0644\u0645\u0639\u0627\u062f\u0646 \u0648\u0627\u0644\u0628\u0631\u0648\u062a\u064a\u0646\u0627\u062a \u0648\u0645\u0636\u0627\u062f\u0627\u062a \u0627\u0644\u0623\u0643\u0633\u062f\u0629\u060c \u0648\u062a\u0633\u0627\u0639\u062f \u0639\u0644\u0649 \u062a\u0642\u0648\u064a\u0629 \u062c\u0647\u0627\u0632 \u0627\u0644\u0645\u0646\u0627\u0639\u0629 \u0648\u0625\u0632\u0627\u0644\u0629 \u0627\u0644\u0633\u0645\u0648\u0645 \u0645\u0646 \u0627\u0644\u062c\u0633\u0645 \u0648\u062a\u0639\u0632\u064a\u0632 \u0627\u0644\u0647\u0636\u0645 \u0627\u0644\u0635\u062d\u064a \u0648\u0627\u0644\u062a\u062e\u0644\u0635 \u0645\u0646 \u0627\u0644\u0645\u0639\u0627\u062f\u0646 \u0627\u0644\u062b\u0642\u064a\u0644\u0629 \u0645\u0646 \u0627\u0644\u062c\u0633\u0645 \u0648\u062a\u0639\u0632\u064a\u0632 \u0627\u0644\u0637\u0627\u0642\u0629.\n\u0641\u064a \u0634\u0643\u0644 \u0645\u0633\u062d\u0648\u0642\u060c \u064a\u0645\u0643\u0646 \u062f\u0645\u062c\u0647 \u0628\u0633\u0647\u0648\u0644\u0629 \u0641\u064a \u0627\u0644\u062d\u0633\u0627\u0621 \u0648\u0627\u0644\u0623\u0637\u0628\u0627\u0642 \u0648\u0627\u0644\u0645\u0634\u0631\u0648\u0628\u0627\u062a \u0648\u0627\u0644\u0639\u0635\u0627\u0626\u0631 \u0648\u0645\u0627 \u0625\u0644\u0649 \u0630\u0644\u0643.\n\u0648\u0647\u0648 \u0639\u0636\u0648\u064a \u0644\u0627 \u064a\u062d\u062a\u0648\u064a \u0639\u0644\u0649 \u0645\u0628\u064a\u062f\u0627\u062a \u062d\u0634\u0631\u064a\u0629 \u0636\u0627\u0631\u0629 \u0628\u0627\u0644\u062c\u0633\u0645 \u0648\u0623\u0643\u062b\u0631 \u0641\u0639\u0627\u0644\u064a\u0629.<\/p>","protected":false},"featured_media":1373,"comment_status":"open","ping_status":"closed","template":"","meta":{"_acf_changed":false,"_uag_custom_page_level_css":"","site-sidebar-layout":"default","site-content-layout":"","ast-site-content-layout":"default","site-content-style":"default","site-sidebar-style":"default","ast-global-header-display":"","ast-banner-title-visibility":"","ast-main-header-display":"","ast-hfb-above-header-display":"","ast-hfb-below-header-display":"","ast-hfb-mobile-header-display":"","site-post-title":"","ast-breadcrumbs-content":"","ast-featured-img":"","footer-sml-layout":"","ast-disable-related-posts":"","theme-transparent-header-meta":"default","adv-header-id-meta":"","stick-header-meta":"","header-above-stick-meta":"","header-main-stick-meta":"","header-below-stick-meta":"","astra-migrate-meta-layouts":"set","ast-page-background-enabled":"default","ast-page-background-meta":{"desktop":{"background-color":"var(--ast-global-color-4)","background-image":"","background-repeat":"repeat","background-position":"center center","background-size":"auto","background-attachment":"scroll","background-type":"","background-media":"","overlay-type":"","overlay-color":"","overlay-opacity":"","overlay-gradient":""},"tablet":{"background-color":"","background-image":"","background-repeat":"repeat","background-position":"center center","background-size":"auto","background-attachment":"scroll","background-type":"","background-media":"","overlay-type":"","overlay-color":"","overlay-opacity":"","overlay-gradient":""},"mobile":{"background-color":"","background-image":"","background-repeat":"repeat","background-position":"center center","background-size":"auto","background-attachment":"scroll","background-type":"","background-media":"","overlay-type":"","overlay-color":"","overlay-opacity":"","overlay-gradient":""}},"ast-content-background-meta":{"desktop":{"background-color":"var(--ast-global-color-5)","background-image":"","background-repeat":"repeat","background-position":"center center","background-size":"auto","background-attachment":"scroll","background-type":"","background-media":"","overlay-type":"","overlay-color":"","overlay-opacity":"","overlay-gradient":""},"tablet":{"background-color":"var(--ast-global-color-5)","background-image":"","background-repeat":"repeat","background-position":"center center","background-size":"auto","background-attachment":"scroll","background-type":"","background-media":"","overlay-type":"","overlay-color":"","overlay-opacity":"","overlay-gradient":""},"mobile":{"background-color":"var(--ast-global-color-5)","background-image":"","background-repeat":"repeat","background-position":"center center","background-size":"auto","background-attachment":"scroll","background-type":"","background-media":"","overlay-type":"","overlay-color":"","overlay-opacity":"","overlay-gradient":""}},"iawp_total_views":926},"product_brand":[],"product_cat":[49,51],"product_tag":[],"class_list":{"0":"post-2561","1":"product","2":"type-product","3":"status-publish","4":"has-post-thumbnail","6":"product_cat-herbes-medicinales-aromatiques","7":"product_cat-superaliments","8":"desktop-align-center","9":"tablet-align-left","10":"mobile-align-left","12":"first","13":"instock","14":"shipping-taxable","15":"purchasable","16":"product-type-variable","17":"has-default-attributes"},"acf":[],"yoast_head":"<!-- This site is optimized with the Yoast SEO plugin v27.4 - https:\/\/yoast.com\/product\/yoast-seo-wordpress\/ -->\n<title>Chlorelle poudre BIO - Naturalim<\/title>\n<meta name=\"robots\" content=\"index, follow, max-snippet:-1, max-image-preview:large, max-video-preview:-1\" \/>\n<link rel=\"canonical\" href=\"https:\/\/naturalim.co\/ar\/product\/chlorelle-bio-poudre\/\" \/>\n<meta property=\"og:locale\" content=\"ar_AR\" \/>\n<meta property=\"og:type\" content=\"article\" \/>\n<meta property=\"og:title\" content=\"Chlorelle poudre BIO - Naturalim\" \/>\n<meta property=\"og:description\" content=\"La Chlorelle est une microalgue d&#039;eau douce verte, superaliment aux nombreux bienfaits pour la sant\u00e9. Charg\u00e9e en nutriments, vitamines, min\u00e9raux, prot\u00e9ines et antioxydants, elle aide \u00e0 renforcer le syst\u00e8me immunitaire, d\u00e9toxifier le corps, favoriser une digestion saine, \u00e9liminer les m\u00e9taux lourds du corps et augmentez votre \u00e9nergie. En poudre, elle est facilement incorpor\u00e9e dans les soupes et les plats de cuisine, les boissons, les smoothies etc. Bio, elle est sans pesticides nuisibles au corps et son efficacit\u00e9 est beaucoup augment\u00e9e.\" \/>\n<meta property=\"og:url\" content=\"https:\/\/naturalim.co\/ar\/product\/chlorelle-bio-poudre\/\" \/>\n<meta property=\"og:site_name\" content=\"Naturalim\" \/>\n<meta property=\"article:publisher\" content=\"https:\/\/www.facebook.com\/people\/Naturalimdz\/100063266886704\/\" \/>\n<meta property=\"article:modified_time\" content=\"2025-11-09T12:39:01+00:00\" \/>\n<meta property=\"og:image\" content=\"https:\/\/naturalim.co\/wp-content\/uploads\/2023\/09\/24050P_Side_Chlorella-powder_1.jpg\" \/>\n\t<meta property=\"og:image:width\" content=\"619\" \/>\n\t<meta property=\"og:image:height\" content=\"350\" \/>\n\t<meta property=\"og:image:type\" content=\"image\/jpeg\" \/>\n<meta name=\"twitter:card\" content=\"summary_large_image\" \/>\n<meta name=\"twitter:label1\" content=\"\u0648\u0642\u062a \u0627\u0644\u0642\u0631\u0627\u0621\u0629 \u0627\u0644\u0645\u064f\u0642\u062f\u0651\u0631\" \/>\n\t<meta name=\"twitter:data1\" content=\"\u062f\u0642\u064a\u0642\u0629 \u0648\u0627\u062d\u062f\u0629\" \/>\n<script type=\"application\/ld+json\" class=\"yoast-schema-graph\">{\"@context\":\"https:\\\/\\\/schema.org\",\"@graph\":[{\"@type\":\"WebPage\",\"@id\":\"https:\\\/\\\/naturalim.co\\\/produit\\\/chlorelle-bio-poudre\\\/\",\"url\":\"https:\\\/\\\/naturalim.co\\\/produit\\\/chlorelle-bio-poudre\\\/\",\"name\":\"Chlorelle poudre BIO - Naturalim\",\"isPartOf\":{\"@id\":\"https:\\\/\\\/naturalim.co\\\/fr\\\/#website\"},\"primaryImageOfPage\":{\"@id\":\"https:\\\/\\\/naturalim.co\\\/produit\\\/chlorelle-bio-poudre\\\/#primaryimage\"},\"image\":{\"@id\":\"https:\\\/\\\/naturalim.co\\\/produit\\\/chlorelle-bio-poudre\\\/#primaryimage\"},\"thumbnailUrl\":\"https:\\\/\\\/naturalim.co\\\/wp-content\\\/uploads\\\/2023\\\/09\\\/24050P_Side_Chlorella-powder_1.jpg\",\"datePublished\":\"2023-11-22T14:27:18+00:00\",\"dateModified\":\"2025-11-09T12:39:01+00:00\",\"breadcrumb\":{\"@id\":\"https:\\\/\\\/naturalim.co\\\/produit\\\/chlorelle-bio-poudre\\\/#breadcrumb\"},\"inLanguage\":\"ar\",\"potentialAction\":[{\"@type\":\"ReadAction\",\"target\":[\"https:\\\/\\\/naturalim.co\\\/produit\\\/chlorelle-bio-poudre\\\/\"]}]},{\"@type\":\"ImageObject\",\"inLanguage\":\"ar\",\"@id\":\"https:\\\/\\\/naturalim.co\\\/produit\\\/chlorelle-bio-poudre\\\/#primaryimage\",\"url\":\"https:\\\/\\\/naturalim.co\\\/wp-content\\\/uploads\\\/2023\\\/09\\\/24050P_Side_Chlorella-powder_1.jpg\",\"contentUrl\":\"https:\\\/\\\/naturalim.co\\\/wp-content\\\/uploads\\\/2023\\\/09\\\/24050P_Side_Chlorella-powder_1.jpg\",\"width\":619,\"height\":350},{\"@type\":\"BreadcrumbList\",\"@id\":\"https:\\\/\\\/naturalim.co\\\/produit\\\/chlorelle-bio-poudre\\\/#breadcrumb\",\"itemListElement\":[{\"@type\":\"ListItem\",\"position\":1,\"name\":\"Home\",\"item\":\"https:\\\/\\\/naturalim.co\\\/\"},{\"@type\":\"ListItem\",\"position\":2,\"name\":\"Shop\",\"item\":\"https:\\\/\\\/naturalim.co\\\/fr\\\/shop\\\/\"},{\"@type\":\"ListItem\",\"position\":3,\"name\":\"Chlorelle poudre BIO\"}]},{\"@type\":\"WebSite\",\"@id\":\"https:\\\/\\\/naturalim.co\\\/fr\\\/#website\",\"url\":\"https:\\\/\\\/naturalim.co\\\/fr\\\/\",\"name\":\"Naturalim\",\"description\":\"\",\"publisher\":{\"@id\":\"https:\\\/\\\/naturalim.co\\\/fr\\\/#organization\"},\"potentialAction\":[{\"@type\":\"SearchAction\",\"target\":{\"@type\":\"EntryPoint\",\"urlTemplate\":\"https:\\\/\\\/naturalim.co\\\/fr\\\/?s={search_term_string}\"},\"query-input\":{\"@type\":\"PropertyValueSpecification\",\"valueRequired\":true,\"valueName\":\"search_term_string\"}}],\"inLanguage\":\"ar\"},{\"@type\":\"Organization\",\"@id\":\"https:\\\/\\\/naturalim.co\\\/fr\\\/#organization\",\"name\":\"Naturalim\",\"url\":\"https:\\\/\\\/naturalim.co\\\/fr\\\/\",\"logo\":{\"@type\":\"ImageObject\",\"inLanguage\":\"ar\",\"@id\":\"https:\\\/\\\/naturalim.co\\\/fr\\\/#\\\/schema\\\/logo\\\/image\\\/\",\"url\":\"https:\\\/\\\/naturalim.co\\\/wp-content\\\/uploads\\\/2023\\\/09\\\/Green_Circle_Leaves_Environment_Logo_1_-removebg-preview.png\",\"contentUrl\":\"https:\\\/\\\/naturalim.co\\\/wp-content\\\/uploads\\\/2023\\\/09\\\/Green_Circle_Leaves_Environment_Logo_1_-removebg-preview.png\",\"width\":500,\"height\":500,\"caption\":\"Naturalim\"},\"image\":{\"@id\":\"https:\\\/\\\/naturalim.co\\\/fr\\\/#\\\/schema\\\/logo\\\/image\\\/\"},\"sameAs\":[\"https:\\\/\\\/www.facebook.com\\\/people\\\/Naturalimdz\\\/100063266886704\\\/\",\"https:\\\/\\\/www.instagram.com\\\/naturalim.dz\\\/\"]}]}<\/script>\n<!-- \/ Yoast SEO plugin. -->","yoast_head_json":{"title":"Chlorelle poudre BIO - Naturalim","robots":{"index":"index","follow":"follow","max-snippet":"max-snippet:-1","max-image-preview":"max-image-preview:large","max-video-preview":"max-video-preview:-1"},"canonical":"https:\/\/naturalim.co\/ar\/product\/chlorelle-bio-poudre\/","og_locale":"ar_AR","og_type":"article","og_title":"Chlorelle poudre BIO - Naturalim","og_description":"La Chlorelle est une microalgue d'eau douce verte, superaliment aux nombreux bienfaits pour la sant\u00e9. Charg\u00e9e en nutriments, vitamines, min\u00e9raux, prot\u00e9ines et antioxydants, elle aide \u00e0 renforcer le syst\u00e8me immunitaire, d\u00e9toxifier le corps, favoriser une digestion saine, \u00e9liminer les m\u00e9taux lourds du corps et augmentez votre \u00e9nergie. En poudre, elle est facilement incorpor\u00e9e dans les soupes et les plats de cuisine, les boissons, les smoothies etc. Bio, elle est sans pesticides nuisibles au corps et son efficacit\u00e9 est beaucoup augment\u00e9e.","og_url":"https:\/\/naturalim.co\/ar\/product\/chlorelle-bio-poudre\/","og_site_name":"Naturalim","article_publisher":"https:\/\/www.facebook.com\/people\/Naturalimdz\/100063266886704\/","article_modified_time":"2025-11-09T12:39:01+00:00","og_image":[{"width":619,"height":350,"url":"https:\/\/naturalim.co\/wp-content\/uploads\/2023\/09\/24050P_Side_Chlorella-powder_1.jpg","type":"image\/jpeg"}],"twitter_card":"summary_large_image","twitter_misc":{"\u0648\u0642\u062a \u0627\u0644\u0642\u0631\u0627\u0621\u0629 \u0627\u0644\u0645\u064f\u0642\u062f\u0651\u0631":"\u062f\u0642\u064a\u0642\u0629 \u0648\u0627\u062d\u062f\u0629"},"schema":{"@context":"https:\/\/schema.org","@graph":[{"@type":"WebPage","@id":"https:\/\/naturalim.co\/produit\/chlorelle-bio-poudre\/","url":"https:\/\/naturalim.co\/produit\/chlorelle-bio-poudre\/","name":"Chlorelle poudre BIO - Naturalim","isPartOf":{"@id":"https:\/\/naturalim.co\/fr\/#website"},"primaryImageOfPage":{"@id":"https:\/\/naturalim.co\/produit\/chlorelle-bio-poudre\/#primaryimage"},"image":{"@id":"https:\/\/naturalim.co\/produit\/chlorelle-bio-poudre\/#primaryimage"},"thumbnailUrl":"https:\/\/naturalim.co\/wp-content\/uploads\/2023\/09\/24050P_Side_Chlorella-powder_1.jpg","datePublished":"2023-11-22T14:27:18+00:00","dateModified":"2025-11-09T12:39:01+00:00","breadcrumb":{"@id":"https:\/\/naturalim.co\/produit\/chlorelle-bio-poudre\/#breadcrumb"},"inLanguage":"ar","potentialAction":[{"@type":"ReadAction","target":["https:\/\/naturalim.co\/produit\/chlorelle-bio-poudre\/"]}]},{"@type":"ImageObject","inLanguage":"ar","@id":"https:\/\/naturalim.co\/produit\/chlorelle-bio-poudre\/#primaryimage","url":"https:\/\/naturalim.co\/wp-content\/uploads\/2023\/09\/24050P_Side_Chlorella-powder_1.jpg","contentUrl":"https:\/\/naturalim.co\/wp-content\/uploads\/2023\/09\/24050P_Side_Chlorella-powder_1.jpg","width":619,"height":350},{"@type":"BreadcrumbList","@id":"https:\/\/naturalim.co\/produit\/chlorelle-bio-poudre\/#breadcrumb","itemListElement":[{"@type":"ListItem","position":1,"name":"Home","item":"https:\/\/naturalim.co\/"},{"@type":"ListItem","position":2,"name":"Shop","item":"https:\/\/naturalim.co\/fr\/shop\/"},{"@type":"ListItem","position":3,"name":"Chlorelle poudre BIO"}]},{"@type":"WebSite","@id":"https:\/\/naturalim.co\/fr\/#website","url":"https:\/\/naturalim.co\/fr\/","name":"Naturalim","description":"","publisher":{"@id":"https:\/\/naturalim.co\/fr\/#organization"},"potentialAction":[{"@type":"SearchAction","target":{"@type":"EntryPoint","urlTemplate":"https:\/\/naturalim.co\/fr\/?s={search_term_string}"},"query-input":{"@type":"PropertyValueSpecification","valueRequired":true,"valueName":"search_term_string"}}],"inLanguage":"ar"},{"@type":"Organization","@id":"https:\/\/naturalim.co\/fr\/#organization","name":"Naturalim","url":"https:\/\/naturalim.co\/fr\/","logo":{"@type":"ImageObject","inLanguage":"ar","@id":"https:\/\/naturalim.co\/fr\/#\/schema\/logo\/image\/","url":"https:\/\/naturalim.co\/wp-content\/uploads\/2023\/09\/Green_Circle_Leaves_Environment_Logo_1_-removebg-preview.png","contentUrl":"https:\/\/naturalim.co\/wp-content\/uploads\/2023\/09\/Green_Circle_Leaves_Environment_Logo_1_-removebg-preview.png","width":500,"height":500,"caption":"Naturalim"},"image":{"@id":"https:\/\/naturalim.co\/fr\/#\/schema\/logo\/image\/"},"sameAs":["https:\/\/www.facebook.com\/people\/Naturalimdz\/100063266886704\/","https:\/\/www.instagram.com\/naturalim.dz\/"]}]}},"uagb_featured_image_src":{"full":["https:\/\/naturalim.co\/wp-content\/uploads\/2023\/09\/24050P_Side_Chlorella-powder_1.jpg",619,350,false],"thumbnail":["https:\/\/naturalim.co\/wp-content\/uploads\/2023\/09\/24050P_Side_Chlorella-powder_1-150x150.jpg",150,150,true],"medium":["https:\/\/naturalim.co\/wp-content\/uploads\/2023\/09\/24050P_Side_Chlorella-powder_1-300x170.jpg",300,170,true],"medium_large":["https:\/\/naturalim.co\/wp-content\/uploads\/2023\/09\/24050P_Side_Chlorella-powder_1.jpg",619,350,false],"large":["https:\/\/naturalim.co\/wp-content\/uploads\/2023\/09\/24050P_Side_Chlorella-powder_1.jpg",619,350,false],"1536x1536":["https:\/\/naturalim.co\/wp-content\/uploads\/2023\/09\/24050P_Side_Chlorella-powder_1.jpg",619,350,false],"2048x2048":["https:\/\/naturalim.co\/wp-content\/uploads\/2023\/09\/24050P_Side_Chlorella-powder_1.jpg",619,350,false],"trp-custom-language-flag":["https:\/\/naturalim.co\/wp-content\/uploads\/2023\/09\/24050P_Side_Chlorella-powder_1.jpg",18,10,false],"woocommerce_thumbnail":["https:\/\/naturalim.co\/wp-content\/uploads\/2023\/09\/24050P_Side_Chlorella-powder_1-300x300.jpg",300,300,true],"woocommerce_single":["https:\/\/naturalim.co\/wp-content\/uploads\/2023\/09\/24050P_Side_Chlorella-powder_1-600x339.jpg",600,339,true],"woocommerce_gallery_thumbnail":["https:\/\/naturalim.co\/wp-content\/uploads\/2023\/09\/24050P_Side_Chlorella-powder_1-100x100.jpg",100,100,true],"wc_order_status_icon":["https:\/\/naturalim.co\/wp-content\/uploads\/2023\/09\/24050P_Side_Chlorella-powder_1.jpg",32,18,false],"dgwt-wcas-product-suggestion":["https:\/\/naturalim.co\/wp-content\/uploads\/2023\/09\/24050P_Side_Chlorella-powder_1-64x36.jpg",64,36,true]},"uagb_author_info":{"display_name":"admin","author_link":"https:\/\/naturalim.co\/ar\/author\/"},"uagb_comment_info":0,"uagb_excerpt":"La Chlorelle est une microalgue d'eau douce verte, superaliment aux nombreux bienfaits pour la sant\u00e9. Charg\u00e9e en nutriments, vitamines, min\u00e9raux, prot\u00e9ines et antioxydants, elle aide \u00e0 renforcer le syst\u00e8me immunitaire, d\u00e9toxifier le corps, favoriser une digestion saine, \u00e9liminer les m\u00e9taux lourds du corps et augmentez votre \u00e9nergie. En poudre, elle est facilement incorpor\u00e9e dans les&hellip;","_links":{"self":[{"href":"https:\/\/naturalim.co\/ar\/wp-json\/wp\/v2\/product\/2561","targetHints":{"allow":["GET"]}}],"collection":[{"href":"https:\/\/naturalim.co\/ar\/wp-json\/wp\/v2\/product"}],"about":[{"href":"https:\/\/naturalim.co\/ar\/wp-json\/wp\/v2\/types\/product"}],"replies":[{"embeddable":true,"href":"https:\/\/naturalim.co\/ar\/wp-json\/wp\/v2\/comments?post=2561"}],"wp:featuredmedia":[{"embeddable":true,"href":"https:\/\/naturalim.co\/ar\/wp-json\/wp\/v2\/media\/1373"}],"wp:attachment":[{"href":"https:\/\/naturalim.co\/ar\/wp-json\/wp\/v2\/media?parent=2561"}],"wp:term":[{"taxonomy":"product_brand","embeddable":true,"href":"https:\/\/naturalim.co\/ar\/wp-json\/wp\/v2\/product_brand?post=2561"},{"taxonomy":"product_cat","embeddable":true,"href":"https:\/\/naturalim.co\/ar\/wp-json\/wp\/v2\/product_cat?post=2561"},{"taxonomy":"product_tag","embeddable":true,"href":"https:\/\/naturalim.co\/ar\/wp-json\/wp\/v2\/product_tag?post=2561"}],"curies":[{"name":"wp","href":"https:\/\/api.w.org\/{rel}","templated":true}]}}