{"id":2569,"date":"2023-11-22T15:27:19","date_gmt":"2023-11-22T14:27:19","guid":{"rendered":"https:\/\/naturalim.co\/?post_type=product&#038;p=2569"},"modified":"2026-04-07T14:51:58","modified_gmt":"2026-04-07T13:51:58","slug":"collagene-marin-poudre","status":"publish","type":"product","link":"https:\/\/naturalim.co\/ar\/product\/collagene-marin-poudre\/","title":{"rendered":"\u0645\u0633\u062d\u0648\u0642 \u0627\u0644\u0643\u0648\u0644\u0627\u062c\u064a\u0646 \u0627\u0644\u0628\u062d\u0631\u064a"},"content":{"rendered":"<p><strong>BIENFAITS COLLAGENE MARIN:<\/strong><br \/>\n1. Am\u00e9liore la sant\u00e9 de la peau :<br \/>\n( Aide \u00e0 r\u00e9duire les rides et les signes de vieillissement de la peau etc.).<br \/>\n2. Soulage les douleurs articulaires :<br \/>\n(Peut aider \u00e0 r\u00e9duire la douleur et l&rsquo;inflammation articulaires, am\u00e9liorer la mobilit\u00e9 des articulations etc.)<br \/>\n3. Favorise la r\u00e9g\u00e9n\u00e9ration des tissus :<br \/>\n(Cicatrisation des plaies etc.).<br \/>\n4. Favorise la production naturelle de collag\u00e8ne :<br \/>\n5. Contribue \u00e0 la sant\u00e9 des cheveux et des ongles :<br \/>\n6. Peut renforcer le syst\u00e8me immunitaire :<br \/>\n(Peut aider \u00e0 lutter contre les infections etc.).<br \/>\n7. Facilite la digestion et soutient la sant\u00e9 de l&rsquo;intestin :<br \/>\n(Gr\u00e2ce \u00e0 ses propri\u00e9t\u00e9s anti-inflammatoires etc.).<br \/>\n8. Renforce la sant\u00e9 des os :<br \/>\n(Peut aider \u00e0 augmenter la densit\u00e9 min\u00e9rale osseuse et \u00e0 r\u00e9duire le risque de fractures etc.).<br \/>\n9. Peut am\u00e9liorer la sant\u00e9 cardiovasculaire :<br \/>\n(Peut aider \u00e0 r\u00e9duire le risque de maladies cardiaques etc.).<br \/>\n10. Peut favoriser la perte de poids :<br \/>\n(En augmentant la sati\u00e9t\u00e9 et en stimulant le m\u00e9tabolisme).<br \/>\n11. Peut am\u00e9liorer la qualit\u00e9 du sommeil :<br \/>\n(En r\u00e9duisant le stress et l&rsquo;anxi\u00e9t\u00e9 etc.).<br \/>\n&#8212;&#8212;&#8212;&#8212;&#8212;&#8212;&#8212;&#8212;&#8212;&#8212;&#8212;&#8212;&#8212;&#8212;&#8212;&#8212;&#8212;&#8212;&#8212;&#8212;&#8212;&#8212;&#8212;&#8212;&#8212;&#8212;&#8212;&#8212;&#8212;&#8212;&#8212;&#8212;&#8212;&#8212;&#8212;&#8212;&#8211;<br \/>\n<strong>\u062e\u0635\u0627\u0626\u0635 \u0627\u0644\u0645\u0646\u062a\u062c :<\/strong><br \/>\n&#8211; Peptide de collag\u00e8ne.<br \/>\n&#8211; Origine : poisson.<br \/>\n&#8211; Type : alimentaire<br \/>\n&#8211; Produit naturel.<br \/>\n&#8211; Sans conservateur.<br \/>\n&#8211; Sans OGM<br \/>\n-Hallal.<br \/>\n&#8211; Pays d&rsquo;importation : Espagne.<br \/>\n&#8211; Pays d&rsquo;origine : Inde.<br \/>\n&#8211; Utilisation : alimentation, cosm\u00e9tique et parapharmaceutique.<\/p>\n<p>&nbsp;<\/p>","protected":false},"excerpt":{"rendered":"<p>Le collag\u00e8ne marin est une prot\u00e9ine naturelle bioassimilable, extraite de poissons.<br \/>\nElle est identique au collag\u00e8ne pr\u00e9sent dans notre peau.<br \/>\nCe suppl\u00e9ment naturel, riche en nutriments marins, stimule la production de collag\u00e8ne.<br \/>\nLe collag\u00e8ne marin est Hallal, poss\u00e8de des propri\u00e9t\u00e9s anti-\u00e2ge et offre de nombreux bienfaits pour la beaut\u00e9 et la sant\u00e9 (peau etc.).<br \/>\nC\u2019est un v\u00e9ritable alli\u00e9 pour votre jeunesse et votre bien-\u00eatre.<\/p>\n<p>&nbsp;<\/p>","protected":false},"featured_media":1442,"comment_status":"open","ping_status":"closed","template":"","meta":{"_acf_changed":false,"_uag_custom_page_level_css":"","site-sidebar-layout":"default","site-content-layout":"","ast-site-content-layout":"default","site-content-style":"default","site-sidebar-style":"default","ast-global-header-display":"","ast-banner-title-visibility":"","ast-main-header-display":"","ast-hfb-above-header-display":"","ast-hfb-below-header-display":"","ast-hfb-mobile-header-display":"","site-post-title":"","ast-breadcrumbs-content":"","ast-featured-img":"","footer-sml-layout":"","ast-disable-related-posts":"","theme-transparent-header-meta":"default","adv-header-id-meta":"","stick-header-meta":"","header-above-stick-meta":"","header-main-stick-meta":"","header-below-stick-meta":"","astra-migrate-meta-layouts":"set","ast-page-background-enabled":"default","ast-page-background-meta":{"desktop":{"background-color":"var(--ast-global-color-4)","background-image":"","background-repeat":"repeat","background-position":"center center","background-size":"auto","background-attachment":"scroll","background-type":"","background-media":"","overlay-type":"","overlay-color":"","overlay-opacity":"","overlay-gradient":""},"tablet":{"background-color":"","background-image":"","background-repeat":"repeat","background-position":"center center","background-size":"auto","background-attachment":"scroll","background-type":"","background-media":"","overlay-type":"","overlay-color":"","overlay-opacity":"","overlay-gradient":""},"mobile":{"background-color":"","background-image":"","background-repeat":"repeat","background-position":"center center","background-size":"auto","background-attachment":"scroll","background-type":"","background-media":"","overlay-type":"","overlay-color":"","overlay-opacity":"","overlay-gradient":""}},"ast-content-background-meta":{"desktop":{"background-color":"var(--ast-global-color-5)","background-image":"","background-repeat":"repeat","background-position":"center center","background-size":"auto","background-attachment":"scroll","background-type":"","background-media":"","overlay-type":"","overlay-color":"","overlay-opacity":"","overlay-gradient":""},"tablet":{"background-color":"var(--ast-global-color-5)","background-image":"","background-repeat":"repeat","background-position":"center center","background-size":"auto","background-attachment":"scroll","background-type":"","background-media":"","overlay-type":"","overlay-color":"","overlay-opacity":"","overlay-gradient":""},"mobile":{"background-color":"var(--ast-global-color-5)","background-image":"","background-repeat":"repeat","background-position":"center center","background-size":"auto","background-attachment":"scroll","background-type":"","background-media":"","overlay-type":"","overlay-color":"","overlay-opacity":"","overlay-gradient":""}},"iawp_total_views":1854},"product_brand":[],"product_cat":[49,51],"product_tag":[],"class_list":{"0":"post-2569","1":"product","2":"type-product","3":"status-publish","4":"has-post-thumbnail","6":"product_cat-herbes-medicinales-aromatiques","7":"product_cat-superaliments","8":"desktop-align-center","9":"tablet-align-left","10":"mobile-align-left","12":"first","13":"instock","14":"shipping-taxable","15":"purchasable","16":"product-type-variable"},"acf":[],"yoast_head":"<!-- This site is optimized with the Yoast SEO plugin v27.4 - https:\/\/yoast.com\/product\/yoast-seo-wordpress\/ -->\n<title>Collag\u00e8ne marin en poudre - Naturalim<\/title>\n<meta name=\"robots\" content=\"index, follow, max-snippet:-1, max-image-preview:large, max-video-preview:-1\" \/>\n<link rel=\"canonical\" href=\"https:\/\/naturalim.co\/ar\/product\/collagene-marin-poudre\/\" \/>\n<meta property=\"og:locale\" content=\"ar_AR\" \/>\n<meta property=\"og:type\" content=\"article\" \/>\n<meta property=\"og:title\" content=\"Collag\u00e8ne marin en poudre - Naturalim\" \/>\n<meta property=\"og:description\" content=\"Le collag\u00e8ne marin est une prot\u00e9ine naturelle bioassimilable, extraite de poissons. Elle est identique au collag\u00e8ne pr\u00e9sent dans notre peau. Ce suppl\u00e9ment naturel, riche en nutriments marins, stimule la production de collag\u00e8ne. Le collag\u00e8ne marin est Hallal, poss\u00e8de des propri\u00e9t\u00e9s anti-\u00e2ge et offre de nombreux bienfaits pour la beaut\u00e9 et la sant\u00e9 (peau etc.). C\u2019est un v\u00e9ritable alli\u00e9 pour votre jeunesse et votre bien-\u00eatre.  &nbsp;\" \/>\n<meta property=\"og:url\" content=\"https:\/\/naturalim.co\/ar\/product\/collagene-marin-poudre\/\" \/>\n<meta property=\"og:site_name\" content=\"Naturalim\" \/>\n<meta property=\"article:publisher\" content=\"https:\/\/www.facebook.com\/people\/Naturalimdz\/100063266886704\/\" \/>\n<meta property=\"article:modified_time\" content=\"2026-04-07T13:51:58+00:00\" \/>\n<meta property=\"og:image\" content=\"https:\/\/naturalim.co\/wp-content\/uploads\/2023\/09\/20301P_Top_Marine-collagen-peptides-powder_1.jpg\" \/>\n\t<meta property=\"og:image:width\" content=\"619\" \/>\n\t<meta property=\"og:image:height\" content=\"350\" \/>\n\t<meta property=\"og:image:type\" content=\"image\/jpeg\" \/>\n<meta name=\"twitter:card\" content=\"summary_large_image\" \/>\n<meta name=\"twitter:label1\" content=\"\u0648\u0642\u062a \u0627\u0644\u0642\u0631\u0627\u0621\u0629 \u0627\u0644\u0645\u064f\u0642\u062f\u0651\u0631\" \/>\n\t<meta name=\"twitter:data1\" content=\"\u062f\u0642\u064a\u0642\u062a\u0627\u0646\" \/>\n<script type=\"application\/ld+json\" class=\"yoast-schema-graph\">{\"@context\":\"https:\\\/\\\/schema.org\",\"@graph\":[{\"@type\":\"WebPage\",\"@id\":\"https:\\\/\\\/naturalim.co\\\/produit\\\/collagene-marin-poudre\\\/\",\"url\":\"https:\\\/\\\/naturalim.co\\\/produit\\\/collagene-marin-poudre\\\/\",\"name\":\"Collag\u00e8ne marin en poudre - Naturalim\",\"isPartOf\":{\"@id\":\"https:\\\/\\\/naturalim.co\\\/fr\\\/#website\"},\"primaryImageOfPage\":{\"@id\":\"https:\\\/\\\/naturalim.co\\\/produit\\\/collagene-marin-poudre\\\/#primaryimage\"},\"image\":{\"@id\":\"https:\\\/\\\/naturalim.co\\\/produit\\\/collagene-marin-poudre\\\/#primaryimage\"},\"thumbnailUrl\":\"https:\\\/\\\/naturalim.co\\\/wp-content\\\/uploads\\\/2023\\\/09\\\/20301P_Top_Marine-collagen-peptides-powder_1.jpg\",\"datePublished\":\"2023-11-22T14:27:19+00:00\",\"dateModified\":\"2026-04-07T13:51:58+00:00\",\"breadcrumb\":{\"@id\":\"https:\\\/\\\/naturalim.co\\\/produit\\\/collagene-marin-poudre\\\/#breadcrumb\"},\"inLanguage\":\"ar\",\"potentialAction\":[{\"@type\":\"ReadAction\",\"target\":[\"https:\\\/\\\/naturalim.co\\\/produit\\\/collagene-marin-poudre\\\/\"]}]},{\"@type\":\"ImageObject\",\"inLanguage\":\"ar\",\"@id\":\"https:\\\/\\\/naturalim.co\\\/produit\\\/collagene-marin-poudre\\\/#primaryimage\",\"url\":\"https:\\\/\\\/naturalim.co\\\/wp-content\\\/uploads\\\/2023\\\/09\\\/20301P_Top_Marine-collagen-peptides-powder_1.jpg\",\"contentUrl\":\"https:\\\/\\\/naturalim.co\\\/wp-content\\\/uploads\\\/2023\\\/09\\\/20301P_Top_Marine-collagen-peptides-powder_1.jpg\",\"width\":619,\"height\":350},{\"@type\":\"BreadcrumbList\",\"@id\":\"https:\\\/\\\/naturalim.co\\\/produit\\\/collagene-marin-poudre\\\/#breadcrumb\",\"itemListElement\":[{\"@type\":\"ListItem\",\"position\":1,\"name\":\"Home\",\"item\":\"https:\\\/\\\/naturalim.co\\\/\"},{\"@type\":\"ListItem\",\"position\":2,\"name\":\"Shop\",\"item\":\"https:\\\/\\\/naturalim.co\\\/fr\\\/shop\\\/\"},{\"@type\":\"ListItem\",\"position\":3,\"name\":\"Collag\u00e8ne marin en poudre\"}]},{\"@type\":\"WebSite\",\"@id\":\"https:\\\/\\\/naturalim.co\\\/fr\\\/#website\",\"url\":\"https:\\\/\\\/naturalim.co\\\/fr\\\/\",\"name\":\"Naturalim\",\"description\":\"\",\"publisher\":{\"@id\":\"https:\\\/\\\/naturalim.co\\\/fr\\\/#organization\"},\"potentialAction\":[{\"@type\":\"SearchAction\",\"target\":{\"@type\":\"EntryPoint\",\"urlTemplate\":\"https:\\\/\\\/naturalim.co\\\/fr\\\/?s={search_term_string}\"},\"query-input\":{\"@type\":\"PropertyValueSpecification\",\"valueRequired\":true,\"valueName\":\"search_term_string\"}}],\"inLanguage\":\"ar\"},{\"@type\":\"Organization\",\"@id\":\"https:\\\/\\\/naturalim.co\\\/fr\\\/#organization\",\"name\":\"Naturalim\",\"url\":\"https:\\\/\\\/naturalim.co\\\/fr\\\/\",\"logo\":{\"@type\":\"ImageObject\",\"inLanguage\":\"ar\",\"@id\":\"https:\\\/\\\/naturalim.co\\\/fr\\\/#\\\/schema\\\/logo\\\/image\\\/\",\"url\":\"https:\\\/\\\/naturalim.co\\\/wp-content\\\/uploads\\\/2023\\\/09\\\/Green_Circle_Leaves_Environment_Logo_1_-removebg-preview.png\",\"contentUrl\":\"https:\\\/\\\/naturalim.co\\\/wp-content\\\/uploads\\\/2023\\\/09\\\/Green_Circle_Leaves_Environment_Logo_1_-removebg-preview.png\",\"width\":500,\"height\":500,\"caption\":\"Naturalim\"},\"image\":{\"@id\":\"https:\\\/\\\/naturalim.co\\\/fr\\\/#\\\/schema\\\/logo\\\/image\\\/\"},\"sameAs\":[\"https:\\\/\\\/www.facebook.com\\\/people\\\/Naturalimdz\\\/100063266886704\\\/\",\"https:\\\/\\\/www.instagram.com\\\/naturalim.dz\\\/\"]}]}<\/script>\n<!-- \/ Yoast SEO plugin. -->","yoast_head_json":{"title":"Collag\u00e8ne marin en poudre - Naturalim","robots":{"index":"index","follow":"follow","max-snippet":"max-snippet:-1","max-image-preview":"max-image-preview:large","max-video-preview":"max-video-preview:-1"},"canonical":"https:\/\/naturalim.co\/ar\/product\/collagene-marin-poudre\/","og_locale":"ar_AR","og_type":"article","og_title":"Collag\u00e8ne marin en poudre - Naturalim","og_description":"Le collag\u00e8ne marin est une prot\u00e9ine naturelle bioassimilable, extraite de poissons. Elle est identique au collag\u00e8ne pr\u00e9sent dans notre peau. Ce suppl\u00e9ment naturel, riche en nutriments marins, stimule la production de collag\u00e8ne. Le collag\u00e8ne marin est Hallal, poss\u00e8de des propri\u00e9t\u00e9s anti-\u00e2ge et offre de nombreux bienfaits pour la beaut\u00e9 et la sant\u00e9 (peau etc.). C\u2019est un v\u00e9ritable alli\u00e9 pour votre jeunesse et votre bien-\u00eatre.  &nbsp;","og_url":"https:\/\/naturalim.co\/ar\/product\/collagene-marin-poudre\/","og_site_name":"Naturalim","article_publisher":"https:\/\/www.facebook.com\/people\/Naturalimdz\/100063266886704\/","article_modified_time":"2026-04-07T13:51:58+00:00","og_image":[{"width":619,"height":350,"url":"https:\/\/naturalim.co\/wp-content\/uploads\/2023\/09\/20301P_Top_Marine-collagen-peptides-powder_1.jpg","type":"image\/jpeg"}],"twitter_card":"summary_large_image","twitter_misc":{"\u0648\u0642\u062a \u0627\u0644\u0642\u0631\u0627\u0621\u0629 \u0627\u0644\u0645\u064f\u0642\u062f\u0651\u0631":"\u062f\u0642\u064a\u0642\u062a\u0627\u0646"},"schema":{"@context":"https:\/\/schema.org","@graph":[{"@type":"WebPage","@id":"https:\/\/naturalim.co\/produit\/collagene-marin-poudre\/","url":"https:\/\/naturalim.co\/produit\/collagene-marin-poudre\/","name":"Collag\u00e8ne marin en poudre - Naturalim","isPartOf":{"@id":"https:\/\/naturalim.co\/fr\/#website"},"primaryImageOfPage":{"@id":"https:\/\/naturalim.co\/produit\/collagene-marin-poudre\/#primaryimage"},"image":{"@id":"https:\/\/naturalim.co\/produit\/collagene-marin-poudre\/#primaryimage"},"thumbnailUrl":"https:\/\/naturalim.co\/wp-content\/uploads\/2023\/09\/20301P_Top_Marine-collagen-peptides-powder_1.jpg","datePublished":"2023-11-22T14:27:19+00:00","dateModified":"2026-04-07T13:51:58+00:00","breadcrumb":{"@id":"https:\/\/naturalim.co\/produit\/collagene-marin-poudre\/#breadcrumb"},"inLanguage":"ar","potentialAction":[{"@type":"ReadAction","target":["https:\/\/naturalim.co\/produit\/collagene-marin-poudre\/"]}]},{"@type":"ImageObject","inLanguage":"ar","@id":"https:\/\/naturalim.co\/produit\/collagene-marin-poudre\/#primaryimage","url":"https:\/\/naturalim.co\/wp-content\/uploads\/2023\/09\/20301P_Top_Marine-collagen-peptides-powder_1.jpg","contentUrl":"https:\/\/naturalim.co\/wp-content\/uploads\/2023\/09\/20301P_Top_Marine-collagen-peptides-powder_1.jpg","width":619,"height":350},{"@type":"BreadcrumbList","@id":"https:\/\/naturalim.co\/produit\/collagene-marin-poudre\/#breadcrumb","itemListElement":[{"@type":"ListItem","position":1,"name":"Home","item":"https:\/\/naturalim.co\/"},{"@type":"ListItem","position":2,"name":"Shop","item":"https:\/\/naturalim.co\/fr\/shop\/"},{"@type":"ListItem","position":3,"name":"Collag\u00e8ne marin en poudre"}]},{"@type":"WebSite","@id":"https:\/\/naturalim.co\/fr\/#website","url":"https:\/\/naturalim.co\/fr\/","name":"Naturalim","description":"","publisher":{"@id":"https:\/\/naturalim.co\/fr\/#organization"},"potentialAction":[{"@type":"SearchAction","target":{"@type":"EntryPoint","urlTemplate":"https:\/\/naturalim.co\/fr\/?s={search_term_string}"},"query-input":{"@type":"PropertyValueSpecification","valueRequired":true,"valueName":"search_term_string"}}],"inLanguage":"ar"},{"@type":"Organization","@id":"https:\/\/naturalim.co\/fr\/#organization","name":"Naturalim","url":"https:\/\/naturalim.co\/fr\/","logo":{"@type":"ImageObject","inLanguage":"ar","@id":"https:\/\/naturalim.co\/fr\/#\/schema\/logo\/image\/","url":"https:\/\/naturalim.co\/wp-content\/uploads\/2023\/09\/Green_Circle_Leaves_Environment_Logo_1_-removebg-preview.png","contentUrl":"https:\/\/naturalim.co\/wp-content\/uploads\/2023\/09\/Green_Circle_Leaves_Environment_Logo_1_-removebg-preview.png","width":500,"height":500,"caption":"Naturalim"},"image":{"@id":"https:\/\/naturalim.co\/fr\/#\/schema\/logo\/image\/"},"sameAs":["https:\/\/www.facebook.com\/people\/Naturalimdz\/100063266886704\/","https:\/\/www.instagram.com\/naturalim.dz\/"]}]}},"uagb_featured_image_src":{"full":["https:\/\/naturalim.co\/wp-content\/uploads\/2023\/09\/20301P_Top_Marine-collagen-peptides-powder_1.jpg",619,350,false],"thumbnail":["https:\/\/naturalim.co\/wp-content\/uploads\/2023\/09\/20301P_Top_Marine-collagen-peptides-powder_1-150x150.jpg",150,150,true],"medium":["https:\/\/naturalim.co\/wp-content\/uploads\/2023\/09\/20301P_Top_Marine-collagen-peptides-powder_1-300x170.jpg",300,170,true],"medium_large":["https:\/\/naturalim.co\/wp-content\/uploads\/2023\/09\/20301P_Top_Marine-collagen-peptides-powder_1.jpg",619,350,false],"large":["https:\/\/naturalim.co\/wp-content\/uploads\/2023\/09\/20301P_Top_Marine-collagen-peptides-powder_1.jpg",619,350,false],"1536x1536":["https:\/\/naturalim.co\/wp-content\/uploads\/2023\/09\/20301P_Top_Marine-collagen-peptides-powder_1.jpg",619,350,false],"2048x2048":["https:\/\/naturalim.co\/wp-content\/uploads\/2023\/09\/20301P_Top_Marine-collagen-peptides-powder_1.jpg",619,350,false],"trp-custom-language-flag":["https:\/\/naturalim.co\/wp-content\/uploads\/2023\/09\/20301P_Top_Marine-collagen-peptides-powder_1.jpg",18,10,false],"woocommerce_thumbnail":["https:\/\/naturalim.co\/wp-content\/uploads\/2023\/09\/20301P_Top_Marine-collagen-peptides-powder_1-300x300.jpg",300,300,true],"woocommerce_single":["https:\/\/naturalim.co\/wp-content\/uploads\/2023\/09\/20301P_Top_Marine-collagen-peptides-powder_1-600x339.jpg",600,339,true],"woocommerce_gallery_thumbnail":["https:\/\/naturalim.co\/wp-content\/uploads\/2023\/09\/20301P_Top_Marine-collagen-peptides-powder_1-100x100.jpg",100,100,true],"wc_order_status_icon":["https:\/\/naturalim.co\/wp-content\/uploads\/2023\/09\/20301P_Top_Marine-collagen-peptides-powder_1.jpg",32,18,false],"dgwt-wcas-product-suggestion":["https:\/\/naturalim.co\/wp-content\/uploads\/2023\/09\/20301P_Top_Marine-collagen-peptides-powder_1-64x36.jpg",64,36,true]},"uagb_author_info":{"display_name":"admin","author_link":"https:\/\/naturalim.co\/ar\/author\/"},"uagb_comment_info":0,"uagb_excerpt":"Le collag\u00e8ne marin est une prot\u00e9ine naturelle bioassimilable, extraite de poissons. Elle est identique au collag\u00e8ne pr\u00e9sent dans notre peau. Ce suppl\u00e9ment naturel, riche en nutriments marins, stimule la production de collag\u00e8ne. Le collag\u00e8ne marin est Hallal, poss\u00e8de des propri\u00e9t\u00e9s anti-\u00e2ge et offre de nombreux bienfaits pour la beaut\u00e9 et la sant\u00e9 (peau etc.). C\u2019est&hellip;","_links":{"self":[{"href":"https:\/\/naturalim.co\/ar\/wp-json\/wp\/v2\/product\/2569","targetHints":{"allow":["GET"]}}],"collection":[{"href":"https:\/\/naturalim.co\/ar\/wp-json\/wp\/v2\/product"}],"about":[{"href":"https:\/\/naturalim.co\/ar\/wp-json\/wp\/v2\/types\/product"}],"replies":[{"embeddable":true,"href":"https:\/\/naturalim.co\/ar\/wp-json\/wp\/v2\/comments?post=2569"}],"wp:featuredmedia":[{"embeddable":true,"href":"https:\/\/naturalim.co\/ar\/wp-json\/wp\/v2\/media\/1442"}],"wp:attachment":[{"href":"https:\/\/naturalim.co\/ar\/wp-json\/wp\/v2\/media?parent=2569"}],"wp:term":[{"taxonomy":"product_brand","embeddable":true,"href":"https:\/\/naturalim.co\/ar\/wp-json\/wp\/v2\/product_brand?post=2569"},{"taxonomy":"product_cat","embeddable":true,"href":"https:\/\/naturalim.co\/ar\/wp-json\/wp\/v2\/product_cat?post=2569"},{"taxonomy":"product_tag","embeddable":true,"href":"https:\/\/naturalim.co\/ar\/wp-json\/wp\/v2\/product_tag?post=2569"}],"curies":[{"name":"wp","href":"https:\/\/api.w.org\/{rel}","templated":true}]}}