{"id":2582,"date":"2023-11-22T15:27:23","date_gmt":"2023-11-22T14:27:23","guid":{"rendered":"https:\/\/naturalim.co\/?post_type=product&#038;p=2582"},"modified":"2025-07-07T16:03:42","modified_gmt":"2025-07-07T15:03:42","slug":"fenugrec-poudre","status":"publish","type":"product","link":"https:\/\/naturalim.co\/ar\/product\/fenugrec-poudre\/","title":{"rendered":"\u0645\u0633\u062d\u0648\u0642 \u0627\u0644\u062d\u0644\u0628\u0629"},"content":{"rendered":"<p>BIENFAITS DU FENUGREC :<\/p>\n<ul>\n<li>Am\u00e9liore la digestion (constipation, diarrh\u00e9e, ballonnements et surtout les maux d\u2019estomac).<\/li>\n<li>Stimule l\u2019app\u00e9tit.<\/li>\n<li>Aide \u00e0 baisser le taux de sucre dans le sang.<\/li>\n<li>Aide \u00e0 r\u00e9guler le taux de cholest\u00e9rol.<\/li>\n<li>Stimule la production de lait chez les femmes allaitantes.<\/li>\n<li>Augmente la libido (aphrodisiaque naturel pour hommes et femmes).<\/li>\n<li>Augmente le taux de testost\u00e9rone chez les hommes.<\/li>\n<li>Aide les sportifs \u00e0 d\u00e9velopper leur masse musculaire.<\/li>\n<li>Poss\u00e8de des propri\u00e9t\u00e9s anti-inflammatoires.<\/li>\n<li>Poss\u00e8de des propri\u00e9t\u00e9s antioxydantes.<\/li>\n<\/ul>\n<p>\u062e\u0635\u0627\u0626\u0635 \u0627\u0644\u0645\u0646\u062a\u062c :<\/p>\n<p>&#8211; Poudre \/ farine compl\u00e8te.<\/p>\n<p>&#8211; Grain complet moulu.<\/p>\n<p>&#8211; Pseudo c\u00e9r\u00e9ale.<\/p>\n<p>MODE UTILISATION\u00a0: FENUGREC<\/p>\n<p>Comme produit parapharmaceutique.<\/p>\n<p>Infusion \u00e0 froid\u00a0:<\/p>\n<p>Faire mac\u00e9rer pendant 3 heures une cuill\u00e8re \u00e0 caf\u00e9 (environ 4 gr) \u00a0de graines de fenugrec, en poudre, dans 250 ml d\u2019eau froide.<\/p>\n<p>Filtrer- ajouter du miel pour att\u00e9nuer l\u2019amertume.<\/p>\n<p>Boire jusqu\u2019\u00e0 2 tasses de 150 ml, par jour.<\/p>\n<p>Ne pas pr\u00e9parer plus d\u2019\u00a0une tasse \u00e0 la fois, sinon la pr\u00e9paration se transformerait en p\u00e2te en raison du mucilage contenu dans les graines.<\/p>\n<p>&nbsp;<\/p>\n<p>&nbsp;<\/p>","protected":false},"excerpt":{"rendered":"<p>Le fenugrec est une plante mill\u00e9naire utilis\u00e9e en Afrique du Nord, moyen orient et en inde.<\/p>\n<p>Elle s\u2019utilise comme condiment ou rem\u00e8de (sous forme de graine, poudre et huile)<\/p>","protected":false},"featured_media":3837,"comment_status":"open","ping_status":"closed","template":"","meta":{"_acf_changed":false,"_uag_custom_page_level_css":"","site-sidebar-layout":"default","site-content-layout":"","ast-site-content-layout":"default","site-content-style":"default","site-sidebar-style":"default","ast-global-header-display":"","ast-banner-title-visibility":"","ast-main-header-display":"","ast-hfb-above-header-display":"","ast-hfb-below-header-display":"","ast-hfb-mobile-header-display":"","site-post-title":"","ast-breadcrumbs-content":"","ast-featured-img":"","footer-sml-layout":"","ast-disable-related-posts":"","theme-transparent-header-meta":"default","adv-header-id-meta":"","stick-header-meta":"","header-above-stick-meta":"","header-main-stick-meta":"","header-below-stick-meta":"","astra-migrate-meta-layouts":"set","ast-page-background-enabled":"default","ast-page-background-meta":{"desktop":{"background-color":"var(--ast-global-color-4)","background-image":"","background-repeat":"repeat","background-position":"center center","background-size":"auto","background-attachment":"scroll","background-type":"","background-media":"","overlay-type":"","overlay-color":"","overlay-opacity":"","overlay-gradient":""},"tablet":{"background-color":"","background-image":"","background-repeat":"repeat","background-position":"center center","background-size":"auto","background-attachment":"scroll","background-type":"","background-media":"","overlay-type":"","overlay-color":"","overlay-opacity":"","overlay-gradient":""},"mobile":{"background-color":"","background-image":"","background-repeat":"repeat","background-position":"center center","background-size":"auto","background-attachment":"scroll","background-type":"","background-media":"","overlay-type":"","overlay-color":"","overlay-opacity":"","overlay-gradient":""}},"ast-content-background-meta":{"desktop":{"background-color":"var(--ast-global-color-5)","background-image":"","background-repeat":"repeat","background-position":"center center","background-size":"auto","background-attachment":"scroll","background-type":"","background-media":"","overlay-type":"","overlay-color":"","overlay-opacity":"","overlay-gradient":""},"tablet":{"background-color":"var(--ast-global-color-5)","background-image":"","background-repeat":"repeat","background-position":"center center","background-size":"auto","background-attachment":"scroll","background-type":"","background-media":"","overlay-type":"","overlay-color":"","overlay-opacity":"","overlay-gradient":""},"mobile":{"background-color":"var(--ast-global-color-5)","background-image":"","background-repeat":"repeat","background-position":"center center","background-size":"auto","background-attachment":"scroll","background-type":"","background-media":"","overlay-type":"","overlay-color":"","overlay-opacity":"","overlay-gradient":""}},"iawp_total_views":234},"product_brand":[],"product_cat":[49],"product_tag":[],"class_list":{"0":"post-2582","1":"product","2":"type-product","3":"status-publish","4":"has-post-thumbnail","6":"product_cat-herbes-medicinales-aromatiques","7":"desktop-align-center","8":"tablet-align-left","9":"mobile-align-left","11":"first","12":"instock","13":"shipping-taxable","14":"purchasable","15":"product-type-variable","16":"has-default-attributes"},"acf":[],"yoast_head":"<!-- This site is optimized with the Yoast SEO plugin v27.4 - https:\/\/yoast.com\/product\/yoast-seo-wordpress\/ -->\n<title>Poudre de Fenugrec - Naturalim<\/title>\n<meta name=\"robots\" content=\"index, follow, max-snippet:-1, max-image-preview:large, max-video-preview:-1\" \/>\n<link rel=\"canonical\" href=\"https:\/\/naturalim.co\/ar\/product\/fenugrec-poudre\/\" \/>\n<meta property=\"og:locale\" content=\"ar_AR\" \/>\n<meta property=\"og:type\" content=\"article\" \/>\n<meta property=\"og:title\" content=\"Poudre de Fenugrec - Naturalim\" \/>\n<meta property=\"og:description\" content=\"Le fenugrec est une plante mill\u00e9naire utilis\u00e9e en Afrique du Nord, moyen orient et en inde.  Elle s\u2019utilise comme condiment ou rem\u00e8de (sous forme de graine, poudre et huile)\" \/>\n<meta property=\"og:url\" content=\"https:\/\/naturalim.co\/ar\/product\/fenugrec-poudre\/\" \/>\n<meta property=\"og:site_name\" content=\"Naturalim\" \/>\n<meta property=\"article:publisher\" content=\"https:\/\/www.facebook.com\/people\/Naturalimdz\/100063266886704\/\" \/>\n<meta property=\"article:modified_time\" content=\"2025-07-07T15:03:42+00:00\" \/>\n<meta property=\"og:image\" content=\"https:\/\/naturalim.co\/wp-content\/uploads\/2023\/11\/Fennugrec-en-poudre-.jpg\" \/>\n\t<meta property=\"og:image:width\" content=\"500\" \/>\n\t<meta property=\"og:image:height\" content=\"500\" \/>\n\t<meta property=\"og:image:type\" content=\"image\/jpeg\" \/>\n<meta name=\"twitter:card\" content=\"summary_large_image\" \/>\n<meta name=\"twitter:label1\" content=\"\u0648\u0642\u062a \u0627\u0644\u0642\u0631\u0627\u0621\u0629 \u0627\u0644\u0645\u064f\u0642\u062f\u0651\u0631\" \/>\n\t<meta name=\"twitter:data1\" content=\"\u062f\u0642\u064a\u0642\u062a\u0627\u0646\" \/>\n<script type=\"application\/ld+json\" class=\"yoast-schema-graph\">{\"@context\":\"https:\\\/\\\/schema.org\",\"@graph\":[{\"@type\":\"WebPage\",\"@id\":\"https:\\\/\\\/naturalim.co\\\/produit\\\/fenugrec-poudre\\\/\",\"url\":\"https:\\\/\\\/naturalim.co\\\/produit\\\/fenugrec-poudre\\\/\",\"name\":\"Poudre de Fenugrec - Naturalim\",\"isPartOf\":{\"@id\":\"https:\\\/\\\/naturalim.co\\\/fr\\\/#website\"},\"primaryImageOfPage\":{\"@id\":\"https:\\\/\\\/naturalim.co\\\/produit\\\/fenugrec-poudre\\\/#primaryimage\"},\"image\":{\"@id\":\"https:\\\/\\\/naturalim.co\\\/produit\\\/fenugrec-poudre\\\/#primaryimage\"},\"thumbnailUrl\":\"https:\\\/\\\/naturalim.co\\\/wp-content\\\/uploads\\\/2023\\\/11\\\/Fennugrec-en-poudre-.jpg\",\"datePublished\":\"2023-11-22T14:27:23+00:00\",\"dateModified\":\"2025-07-07T15:03:42+00:00\",\"breadcrumb\":{\"@id\":\"https:\\\/\\\/naturalim.co\\\/produit\\\/fenugrec-poudre\\\/#breadcrumb\"},\"inLanguage\":\"ar\",\"potentialAction\":[{\"@type\":\"ReadAction\",\"target\":[\"https:\\\/\\\/naturalim.co\\\/produit\\\/fenugrec-poudre\\\/\"]}]},{\"@type\":\"ImageObject\",\"inLanguage\":\"ar\",\"@id\":\"https:\\\/\\\/naturalim.co\\\/produit\\\/fenugrec-poudre\\\/#primaryimage\",\"url\":\"https:\\\/\\\/naturalim.co\\\/wp-content\\\/uploads\\\/2023\\\/11\\\/Fennugrec-en-poudre-.jpg\",\"contentUrl\":\"https:\\\/\\\/naturalim.co\\\/wp-content\\\/uploads\\\/2023\\\/11\\\/Fennugrec-en-poudre-.jpg\",\"width\":500,\"height\":500},{\"@type\":\"BreadcrumbList\",\"@id\":\"https:\\\/\\\/naturalim.co\\\/produit\\\/fenugrec-poudre\\\/#breadcrumb\",\"itemListElement\":[{\"@type\":\"ListItem\",\"position\":1,\"name\":\"Home\",\"item\":\"https:\\\/\\\/naturalim.co\\\/\"},{\"@type\":\"ListItem\",\"position\":2,\"name\":\"Shop\",\"item\":\"https:\\\/\\\/naturalim.co\\\/fr\\\/shop\\\/\"},{\"@type\":\"ListItem\",\"position\":3,\"name\":\"Poudre de Fenugrec\"}]},{\"@type\":\"WebSite\",\"@id\":\"https:\\\/\\\/naturalim.co\\\/fr\\\/#website\",\"url\":\"https:\\\/\\\/naturalim.co\\\/fr\\\/\",\"name\":\"Naturalim\",\"description\":\"\",\"publisher\":{\"@id\":\"https:\\\/\\\/naturalim.co\\\/fr\\\/#organization\"},\"potentialAction\":[{\"@type\":\"SearchAction\",\"target\":{\"@type\":\"EntryPoint\",\"urlTemplate\":\"https:\\\/\\\/naturalim.co\\\/fr\\\/?s={search_term_string}\"},\"query-input\":{\"@type\":\"PropertyValueSpecification\",\"valueRequired\":true,\"valueName\":\"search_term_string\"}}],\"inLanguage\":\"ar\"},{\"@type\":\"Organization\",\"@id\":\"https:\\\/\\\/naturalim.co\\\/fr\\\/#organization\",\"name\":\"Naturalim\",\"url\":\"https:\\\/\\\/naturalim.co\\\/fr\\\/\",\"logo\":{\"@type\":\"ImageObject\",\"inLanguage\":\"ar\",\"@id\":\"https:\\\/\\\/naturalim.co\\\/fr\\\/#\\\/schema\\\/logo\\\/image\\\/\",\"url\":\"https:\\\/\\\/naturalim.co\\\/wp-content\\\/uploads\\\/2023\\\/09\\\/Green_Circle_Leaves_Environment_Logo_1_-removebg-preview.png\",\"contentUrl\":\"https:\\\/\\\/naturalim.co\\\/wp-content\\\/uploads\\\/2023\\\/09\\\/Green_Circle_Leaves_Environment_Logo_1_-removebg-preview.png\",\"width\":500,\"height\":500,\"caption\":\"Naturalim\"},\"image\":{\"@id\":\"https:\\\/\\\/naturalim.co\\\/fr\\\/#\\\/schema\\\/logo\\\/image\\\/\"},\"sameAs\":[\"https:\\\/\\\/www.facebook.com\\\/people\\\/Naturalimdz\\\/100063266886704\\\/\",\"https:\\\/\\\/www.instagram.com\\\/naturalim.dz\\\/\"]}]}<\/script>\n<!-- \/ Yoast SEO plugin. -->","yoast_head_json":{"title":"Poudre de Fenugrec - Naturalim","robots":{"index":"index","follow":"follow","max-snippet":"max-snippet:-1","max-image-preview":"max-image-preview:large","max-video-preview":"max-video-preview:-1"},"canonical":"https:\/\/naturalim.co\/ar\/product\/fenugrec-poudre\/","og_locale":"ar_AR","og_type":"article","og_title":"Poudre de Fenugrec - Naturalim","og_description":"Le fenugrec est une plante mill\u00e9naire utilis\u00e9e en Afrique du Nord, moyen orient et en inde.  Elle s\u2019utilise comme condiment ou rem\u00e8de (sous forme de graine, poudre et huile)","og_url":"https:\/\/naturalim.co\/ar\/product\/fenugrec-poudre\/","og_site_name":"Naturalim","article_publisher":"https:\/\/www.facebook.com\/people\/Naturalimdz\/100063266886704\/","article_modified_time":"2025-07-07T15:03:42+00:00","og_image":[{"width":500,"height":500,"url":"https:\/\/naturalim.co\/wp-content\/uploads\/2023\/11\/Fennugrec-en-poudre-.jpg","type":"image\/jpeg"}],"twitter_card":"summary_large_image","twitter_misc":{"\u0648\u0642\u062a \u0627\u0644\u0642\u0631\u0627\u0621\u0629 \u0627\u0644\u0645\u064f\u0642\u062f\u0651\u0631":"\u062f\u0642\u064a\u0642\u062a\u0627\u0646"},"schema":{"@context":"https:\/\/schema.org","@graph":[{"@type":"WebPage","@id":"https:\/\/naturalim.co\/produit\/fenugrec-poudre\/","url":"https:\/\/naturalim.co\/produit\/fenugrec-poudre\/","name":"Poudre de Fenugrec - Naturalim","isPartOf":{"@id":"https:\/\/naturalim.co\/fr\/#website"},"primaryImageOfPage":{"@id":"https:\/\/naturalim.co\/produit\/fenugrec-poudre\/#primaryimage"},"image":{"@id":"https:\/\/naturalim.co\/produit\/fenugrec-poudre\/#primaryimage"},"thumbnailUrl":"https:\/\/naturalim.co\/wp-content\/uploads\/2023\/11\/Fennugrec-en-poudre-.jpg","datePublished":"2023-11-22T14:27:23+00:00","dateModified":"2025-07-07T15:03:42+00:00","breadcrumb":{"@id":"https:\/\/naturalim.co\/produit\/fenugrec-poudre\/#breadcrumb"},"inLanguage":"ar","potentialAction":[{"@type":"ReadAction","target":["https:\/\/naturalim.co\/produit\/fenugrec-poudre\/"]}]},{"@type":"ImageObject","inLanguage":"ar","@id":"https:\/\/naturalim.co\/produit\/fenugrec-poudre\/#primaryimage","url":"https:\/\/naturalim.co\/wp-content\/uploads\/2023\/11\/Fennugrec-en-poudre-.jpg","contentUrl":"https:\/\/naturalim.co\/wp-content\/uploads\/2023\/11\/Fennugrec-en-poudre-.jpg","width":500,"height":500},{"@type":"BreadcrumbList","@id":"https:\/\/naturalim.co\/produit\/fenugrec-poudre\/#breadcrumb","itemListElement":[{"@type":"ListItem","position":1,"name":"Home","item":"https:\/\/naturalim.co\/"},{"@type":"ListItem","position":2,"name":"Shop","item":"https:\/\/naturalim.co\/fr\/shop\/"},{"@type":"ListItem","position":3,"name":"Poudre de Fenugrec"}]},{"@type":"WebSite","@id":"https:\/\/naturalim.co\/fr\/#website","url":"https:\/\/naturalim.co\/fr\/","name":"Naturalim","description":"","publisher":{"@id":"https:\/\/naturalim.co\/fr\/#organization"},"potentialAction":[{"@type":"SearchAction","target":{"@type":"EntryPoint","urlTemplate":"https:\/\/naturalim.co\/fr\/?s={search_term_string}"},"query-input":{"@type":"PropertyValueSpecification","valueRequired":true,"valueName":"search_term_string"}}],"inLanguage":"ar"},{"@type":"Organization","@id":"https:\/\/naturalim.co\/fr\/#organization","name":"Naturalim","url":"https:\/\/naturalim.co\/fr\/","logo":{"@type":"ImageObject","inLanguage":"ar","@id":"https:\/\/naturalim.co\/fr\/#\/schema\/logo\/image\/","url":"https:\/\/naturalim.co\/wp-content\/uploads\/2023\/09\/Green_Circle_Leaves_Environment_Logo_1_-removebg-preview.png","contentUrl":"https:\/\/naturalim.co\/wp-content\/uploads\/2023\/09\/Green_Circle_Leaves_Environment_Logo_1_-removebg-preview.png","width":500,"height":500,"caption":"Naturalim"},"image":{"@id":"https:\/\/naturalim.co\/fr\/#\/schema\/logo\/image\/"},"sameAs":["https:\/\/www.facebook.com\/people\/Naturalimdz\/100063266886704\/","https:\/\/www.instagram.com\/naturalim.dz\/"]}]}},"uagb_featured_image_src":{"full":["https:\/\/naturalim.co\/wp-content\/uploads\/2023\/11\/Fennugrec-en-poudre-.jpg",500,500,false],"thumbnail":["https:\/\/naturalim.co\/wp-content\/uploads\/2023\/11\/Fennugrec-en-poudre--150x150.jpg",150,150,true],"medium":["https:\/\/naturalim.co\/wp-content\/uploads\/2023\/11\/Fennugrec-en-poudre--300x300.jpg",300,300,true],"medium_large":["https:\/\/naturalim.co\/wp-content\/uploads\/2023\/11\/Fennugrec-en-poudre-.jpg",500,500,false],"large":["https:\/\/naturalim.co\/wp-content\/uploads\/2023\/11\/Fennugrec-en-poudre-.jpg",500,500,false],"1536x1536":["https:\/\/naturalim.co\/wp-content\/uploads\/2023\/11\/Fennugrec-en-poudre-.jpg",500,500,false],"2048x2048":["https:\/\/naturalim.co\/wp-content\/uploads\/2023\/11\/Fennugrec-en-poudre-.jpg",500,500,false],"trp-custom-language-flag":["https:\/\/naturalim.co\/wp-content\/uploads\/2023\/11\/Fennugrec-en-poudre--12x12.jpg",12,12,true],"woocommerce_thumbnail":["https:\/\/naturalim.co\/wp-content\/uploads\/2023\/11\/Fennugrec-en-poudre--300x300.jpg",300,300,true],"woocommerce_single":["https:\/\/naturalim.co\/wp-content\/uploads\/2023\/11\/Fennugrec-en-poudre-.jpg",500,500,false],"woocommerce_gallery_thumbnail":["https:\/\/naturalim.co\/wp-content\/uploads\/2023\/11\/Fennugrec-en-poudre--100x100.jpg",100,100,true],"wc_order_status_icon":["https:\/\/naturalim.co\/wp-content\/uploads\/2023\/11\/Fennugrec-en-poudre-.jpg",32,32,false],"dgwt-wcas-product-suggestion":["https:\/\/naturalim.co\/wp-content\/uploads\/2023\/11\/Fennugrec-en-poudre--64x64.jpg",64,64,true]},"uagb_author_info":{"display_name":"admin","author_link":"https:\/\/naturalim.co\/ar\/author\/"},"uagb_comment_info":0,"uagb_excerpt":"Le fenugrec est une plante mill\u00e9naire utilis\u00e9e en Afrique du Nord, moyen orient et en inde. Elle s\u2019utilise comme condiment ou rem\u00e8de (sous forme de graine, poudre et huile)","_links":{"self":[{"href":"https:\/\/naturalim.co\/ar\/wp-json\/wp\/v2\/product\/2582","targetHints":{"allow":["GET"]}}],"collection":[{"href":"https:\/\/naturalim.co\/ar\/wp-json\/wp\/v2\/product"}],"about":[{"href":"https:\/\/naturalim.co\/ar\/wp-json\/wp\/v2\/types\/product"}],"replies":[{"embeddable":true,"href":"https:\/\/naturalim.co\/ar\/wp-json\/wp\/v2\/comments?post=2582"}],"wp:featuredmedia":[{"embeddable":true,"href":"https:\/\/naturalim.co\/ar\/wp-json\/wp\/v2\/media\/3837"}],"wp:attachment":[{"href":"https:\/\/naturalim.co\/ar\/wp-json\/wp\/v2\/media?parent=2582"}],"wp:term":[{"taxonomy":"product_brand","embeddable":true,"href":"https:\/\/naturalim.co\/ar\/wp-json\/wp\/v2\/product_brand?post=2582"},{"taxonomy":"product_cat","embeddable":true,"href":"https:\/\/naturalim.co\/ar\/wp-json\/wp\/v2\/product_cat?post=2582"},{"taxonomy":"product_tag","embeddable":true,"href":"https:\/\/naturalim.co\/ar\/wp-json\/wp\/v2\/product_tag?post=2582"}],"curies":[{"name":"wp","href":"https:\/\/api.w.org\/{rel}","templated":true}]}}