{"id":2583,"date":"2023-11-22T15:27:23","date_gmt":"2023-11-22T14:27:23","guid":{"rendered":"https:\/\/naturalim.co\/?post_type=product&#038;p=2583"},"modified":"2025-07-17T16:44:51","modified_gmt":"2025-07-17T15:44:51","slug":"gelee-royale-poudre","status":"publish","type":"product","link":"https:\/\/naturalim.co\/ar\/product\/gelee-royale-poudre\/","title":{"rendered":"\u0645\u0633\u062d\u0648\u0642 \u063a\u0630\u0627\u0621 \u0627\u0644\u0645\u0644\u0643\u0629"},"content":{"rendered":"<p>\u062e\u0635\u0627\u0626\u0635 \u0627\u0644\u0645\u0646\u062a\u062c :<\/p>\n<p>-Pays d&rsquo;origine : Importation.<\/p>","protected":false},"excerpt":{"rendered":"<p>La gel\u00e9e royale est substance naturelle, nutritive exceptionnelle, secr\u00e9t\u00e9e exclusivement par les abeilles nourrici\u00e8res.<br \/>\nCe produit pr\u00e9cieux (appel\u00e9 aussi tr\u00e9sor de la ruche ) nourrit la reine et les larves royales.<br \/>\nElle est riche en vitamines, min\u00e9raux, acides amin\u00e9s et antioxydants et oligo-\u00e9l\u00e9ments,<br \/>\nElle offre de nombreux bienfaits pour la sant\u00e9 (Bonne pour \u00e9nergie, vitalit\u00e9 , syst\u00e8me immunitaire, sommeil , performances physiques et intellectuelles, peau, cheveux et bien-\u00eatre g\u00e9n\u00e9ral).<\/p>","protected":false},"featured_media":3146,"comment_status":"open","ping_status":"closed","template":"","meta":{"_acf_changed":false,"_uag_custom_page_level_css":"","site-sidebar-layout":"default","site-content-layout":"","ast-site-content-layout":"default","site-content-style":"default","site-sidebar-style":"default","ast-global-header-display":"","ast-banner-title-visibility":"","ast-main-header-display":"","ast-hfb-above-header-display":"","ast-hfb-below-header-display":"","ast-hfb-mobile-header-display":"","site-post-title":"","ast-breadcrumbs-content":"","ast-featured-img":"","footer-sml-layout":"","ast-disable-related-posts":"","theme-transparent-header-meta":"default","adv-header-id-meta":"","stick-header-meta":"","header-above-stick-meta":"","header-main-stick-meta":"","header-below-stick-meta":"","astra-migrate-meta-layouts":"set","ast-page-background-enabled":"default","ast-page-background-meta":{"desktop":{"background-color":"var(--ast-global-color-4)","background-image":"","background-repeat":"repeat","background-position":"center center","background-size":"auto","background-attachment":"scroll","background-type":"","background-media":"","overlay-type":"","overlay-color":"","overlay-opacity":"","overlay-gradient":""},"tablet":{"background-color":"","background-image":"","background-repeat":"repeat","background-position":"center center","background-size":"auto","background-attachment":"scroll","background-type":"","background-media":"","overlay-type":"","overlay-color":"","overlay-opacity":"","overlay-gradient":""},"mobile":{"background-color":"","background-image":"","background-repeat":"repeat","background-position":"center center","background-size":"auto","background-attachment":"scroll","background-type":"","background-media":"","overlay-type":"","overlay-color":"","overlay-opacity":"","overlay-gradient":""}},"ast-content-background-meta":{"desktop":{"background-color":"var(--ast-global-color-5)","background-image":"","background-repeat":"repeat","background-position":"center center","background-size":"auto","background-attachment":"scroll","background-type":"","background-media":"","overlay-type":"","overlay-color":"","overlay-opacity":"","overlay-gradient":""},"tablet":{"background-color":"var(--ast-global-color-5)","background-image":"","background-repeat":"repeat","background-position":"center center","background-size":"auto","background-attachment":"scroll","background-type":"","background-media":"","overlay-type":"","overlay-color":"","overlay-opacity":"","overlay-gradient":""},"mobile":{"background-color":"var(--ast-global-color-5)","background-image":"","background-repeat":"repeat","background-position":"center center","background-size":"auto","background-attachment":"scroll","background-type":"","background-media":"","overlay-type":"","overlay-color":"","overlay-opacity":"","overlay-gradient":""}},"iawp_total_views":675},"product_brand":[],"product_cat":[51],"product_tag":[],"class_list":{"0":"post-2583","1":"product","2":"type-product","3":"status-publish","4":"has-post-thumbnail","6":"product_cat-superaliments","7":"desktop-align-center","8":"tablet-align-left","9":"mobile-align-left","11":"first","12":"instock","13":"shipping-taxable","14":"purchasable","15":"product-type-variable","16":"has-default-attributes"},"acf":[],"yoast_head":"<!-- This site is optimized with the Yoast SEO plugin v27.4 - https:\/\/yoast.com\/product\/yoast-seo-wordpress\/ -->\n<title>Gel\u00e9e royale en poudre - Naturalim<\/title>\n<meta name=\"robots\" content=\"index, follow, max-snippet:-1, max-image-preview:large, max-video-preview:-1\" \/>\n<link rel=\"canonical\" href=\"https:\/\/naturalim.co\/ar\/product\/gelee-royale-poudre\/\" \/>\n<meta property=\"og:locale\" content=\"ar_AR\" \/>\n<meta property=\"og:type\" content=\"article\" \/>\n<meta property=\"og:title\" content=\"Gel\u00e9e royale en poudre - Naturalim\" \/>\n<meta property=\"og:description\" content=\"La gel\u00e9e royale est substance naturelle, nutritive exceptionnelle, secr\u00e9t\u00e9e exclusivement par les abeilles nourrici\u00e8res. Ce produit pr\u00e9cieux (appel\u00e9 aussi tr\u00e9sor de la ruche ) nourrit la reine et les larves royales. Elle est riche en vitamines, min\u00e9raux, acides amin\u00e9s et antioxydants et oligo-\u00e9l\u00e9ments, Elle offre de nombreux bienfaits pour la sant\u00e9 (Bonne pour \u00e9nergie, vitalit\u00e9 , syst\u00e8me immunitaire, sommeil , performances physiques et intellectuelles, peau, cheveux et bien-\u00eatre g\u00e9n\u00e9ral).\" \/>\n<meta property=\"og:url\" content=\"https:\/\/naturalim.co\/ar\/product\/gelee-royale-poudre\/\" \/>\n<meta property=\"og:site_name\" content=\"Naturalim\" \/>\n<meta property=\"article:publisher\" content=\"https:\/\/www.facebook.com\/people\/Naturalimdz\/100063266886704\/\" \/>\n<meta property=\"article:modified_time\" content=\"2025-07-17T15:44:51+00:00\" \/>\n<meta property=\"og:image\" content=\"https:\/\/naturalim.co\/wp-content\/uploads\/2023\/11\/gelee-royale-poudre-\u063a\u0630\u0627\u0621-\u0627\u0644\u0645\u0644\u0643\u0629-naturalim.jpg\" \/>\n\t<meta property=\"og:image:width\" content=\"980\" \/>\n\t<meta property=\"og:image:height\" content=\"673\" \/>\n\t<meta property=\"og:image:type\" content=\"image\/jpeg\" \/>\n<meta name=\"twitter:card\" content=\"summary_large_image\" \/>\n<meta name=\"twitter:label1\" content=\"\u0648\u0642\u062a \u0627\u0644\u0642\u0631\u0627\u0621\u0629 \u0627\u0644\u0645\u064f\u0642\u062f\u0651\u0631\" \/>\n\t<meta name=\"twitter:data1\" content=\"\u062f\u0642\u064a\u0642\u0629 \u0648\u0627\u062d\u062f\u0629\" \/>\n<script type=\"application\/ld+json\" class=\"yoast-schema-graph\">{\"@context\":\"https:\\\/\\\/schema.org\",\"@graph\":[{\"@type\":\"WebPage\",\"@id\":\"https:\\\/\\\/naturalim.co\\\/produit\\\/gelee-royale-poudre\\\/\",\"url\":\"https:\\\/\\\/naturalim.co\\\/produit\\\/gelee-royale-poudre\\\/\",\"name\":\"Gel\u00e9e royale en poudre - Naturalim\",\"isPartOf\":{\"@id\":\"https:\\\/\\\/naturalim.co\\\/fr\\\/#website\"},\"primaryImageOfPage\":{\"@id\":\"https:\\\/\\\/naturalim.co\\\/produit\\\/gelee-royale-poudre\\\/#primaryimage\"},\"image\":{\"@id\":\"https:\\\/\\\/naturalim.co\\\/produit\\\/gelee-royale-poudre\\\/#primaryimage\"},\"thumbnailUrl\":\"https:\\\/\\\/naturalim.co\\\/wp-content\\\/uploads\\\/2023\\\/11\\\/gelee-royale-poudre-\u063a\u0630\u0627\u0621-\u0627\u0644\u0645\u0644\u0643\u0629-naturalim.jpg\",\"datePublished\":\"2023-11-22T14:27:23+00:00\",\"dateModified\":\"2025-07-17T15:44:51+00:00\",\"breadcrumb\":{\"@id\":\"https:\\\/\\\/naturalim.co\\\/produit\\\/gelee-royale-poudre\\\/#breadcrumb\"},\"inLanguage\":\"ar\",\"potentialAction\":[{\"@type\":\"ReadAction\",\"target\":[\"https:\\\/\\\/naturalim.co\\\/produit\\\/gelee-royale-poudre\\\/\"]}]},{\"@type\":\"ImageObject\",\"inLanguage\":\"ar\",\"@id\":\"https:\\\/\\\/naturalim.co\\\/produit\\\/gelee-royale-poudre\\\/#primaryimage\",\"url\":\"https:\\\/\\\/naturalim.co\\\/wp-content\\\/uploads\\\/2023\\\/11\\\/gelee-royale-poudre-\u063a\u0630\u0627\u0621-\u0627\u0644\u0645\u0644\u0643\u0629-naturalim.jpg\",\"contentUrl\":\"https:\\\/\\\/naturalim.co\\\/wp-content\\\/uploads\\\/2023\\\/11\\\/gelee-royale-poudre-\u063a\u0630\u0627\u0621-\u0627\u0644\u0645\u0644\u0643\u0629-naturalim.jpg\",\"width\":980,\"height\":673},{\"@type\":\"BreadcrumbList\",\"@id\":\"https:\\\/\\\/naturalim.co\\\/produit\\\/gelee-royale-poudre\\\/#breadcrumb\",\"itemListElement\":[{\"@type\":\"ListItem\",\"position\":1,\"name\":\"Home\",\"item\":\"https:\\\/\\\/naturalim.co\\\/\"},{\"@type\":\"ListItem\",\"position\":2,\"name\":\"Shop\",\"item\":\"https:\\\/\\\/naturalim.co\\\/fr\\\/shop\\\/\"},{\"@type\":\"ListItem\",\"position\":3,\"name\":\"Gel\u00e9e royale en poudre\"}]},{\"@type\":\"WebSite\",\"@id\":\"https:\\\/\\\/naturalim.co\\\/fr\\\/#website\",\"url\":\"https:\\\/\\\/naturalim.co\\\/fr\\\/\",\"name\":\"Naturalim\",\"description\":\"\",\"publisher\":{\"@id\":\"https:\\\/\\\/naturalim.co\\\/fr\\\/#organization\"},\"potentialAction\":[{\"@type\":\"SearchAction\",\"target\":{\"@type\":\"EntryPoint\",\"urlTemplate\":\"https:\\\/\\\/naturalim.co\\\/fr\\\/?s={search_term_string}\"},\"query-input\":{\"@type\":\"PropertyValueSpecification\",\"valueRequired\":true,\"valueName\":\"search_term_string\"}}],\"inLanguage\":\"ar\"},{\"@type\":\"Organization\",\"@id\":\"https:\\\/\\\/naturalim.co\\\/fr\\\/#organization\",\"name\":\"Naturalim\",\"url\":\"https:\\\/\\\/naturalim.co\\\/fr\\\/\",\"logo\":{\"@type\":\"ImageObject\",\"inLanguage\":\"ar\",\"@id\":\"https:\\\/\\\/naturalim.co\\\/fr\\\/#\\\/schema\\\/logo\\\/image\\\/\",\"url\":\"https:\\\/\\\/naturalim.co\\\/wp-content\\\/uploads\\\/2023\\\/09\\\/Green_Circle_Leaves_Environment_Logo_1_-removebg-preview.png\",\"contentUrl\":\"https:\\\/\\\/naturalim.co\\\/wp-content\\\/uploads\\\/2023\\\/09\\\/Green_Circle_Leaves_Environment_Logo_1_-removebg-preview.png\",\"width\":500,\"height\":500,\"caption\":\"Naturalim\"},\"image\":{\"@id\":\"https:\\\/\\\/naturalim.co\\\/fr\\\/#\\\/schema\\\/logo\\\/image\\\/\"},\"sameAs\":[\"https:\\\/\\\/www.facebook.com\\\/people\\\/Naturalimdz\\\/100063266886704\\\/\",\"https:\\\/\\\/www.instagram.com\\\/naturalim.dz\\\/\"]}]}<\/script>\n<!-- \/ Yoast SEO plugin. -->","yoast_head_json":{"title":"Gel\u00e9e royale en poudre - Naturalim","robots":{"index":"index","follow":"follow","max-snippet":"max-snippet:-1","max-image-preview":"max-image-preview:large","max-video-preview":"max-video-preview:-1"},"canonical":"https:\/\/naturalim.co\/ar\/product\/gelee-royale-poudre\/","og_locale":"ar_AR","og_type":"article","og_title":"Gel\u00e9e royale en poudre - Naturalim","og_description":"La gel\u00e9e royale est substance naturelle, nutritive exceptionnelle, secr\u00e9t\u00e9e exclusivement par les abeilles nourrici\u00e8res. Ce produit pr\u00e9cieux (appel\u00e9 aussi tr\u00e9sor de la ruche ) nourrit la reine et les larves royales. Elle est riche en vitamines, min\u00e9raux, acides amin\u00e9s et antioxydants et oligo-\u00e9l\u00e9ments, Elle offre de nombreux bienfaits pour la sant\u00e9 (Bonne pour \u00e9nergie, vitalit\u00e9 , syst\u00e8me immunitaire, sommeil , performances physiques et intellectuelles, peau, cheveux et bien-\u00eatre g\u00e9n\u00e9ral).","og_url":"https:\/\/naturalim.co\/ar\/product\/gelee-royale-poudre\/","og_site_name":"Naturalim","article_publisher":"https:\/\/www.facebook.com\/people\/Naturalimdz\/100063266886704\/","article_modified_time":"2025-07-17T15:44:51+00:00","og_image":[{"width":980,"height":673,"url":"https:\/\/naturalim.co\/wp-content\/uploads\/2023\/11\/gelee-royale-poudre-\u063a\u0630\u0627\u0621-\u0627\u0644\u0645\u0644\u0643\u0629-naturalim.jpg","type":"image\/jpeg"}],"twitter_card":"summary_large_image","twitter_misc":{"\u0648\u0642\u062a \u0627\u0644\u0642\u0631\u0627\u0621\u0629 \u0627\u0644\u0645\u064f\u0642\u062f\u0651\u0631":"\u062f\u0642\u064a\u0642\u0629 \u0648\u0627\u062d\u062f\u0629"},"schema":{"@context":"https:\/\/schema.org","@graph":[{"@type":"WebPage","@id":"https:\/\/naturalim.co\/produit\/gelee-royale-poudre\/","url":"https:\/\/naturalim.co\/produit\/gelee-royale-poudre\/","name":"Gel\u00e9e royale en poudre - Naturalim","isPartOf":{"@id":"https:\/\/naturalim.co\/fr\/#website"},"primaryImageOfPage":{"@id":"https:\/\/naturalim.co\/produit\/gelee-royale-poudre\/#primaryimage"},"image":{"@id":"https:\/\/naturalim.co\/produit\/gelee-royale-poudre\/#primaryimage"},"thumbnailUrl":"https:\/\/naturalim.co\/wp-content\/uploads\/2023\/11\/gelee-royale-poudre-\u063a\u0630\u0627\u0621-\u0627\u0644\u0645\u0644\u0643\u0629-naturalim.jpg","datePublished":"2023-11-22T14:27:23+00:00","dateModified":"2025-07-17T15:44:51+00:00","breadcrumb":{"@id":"https:\/\/naturalim.co\/produit\/gelee-royale-poudre\/#breadcrumb"},"inLanguage":"ar","potentialAction":[{"@type":"ReadAction","target":["https:\/\/naturalim.co\/produit\/gelee-royale-poudre\/"]}]},{"@type":"ImageObject","inLanguage":"ar","@id":"https:\/\/naturalim.co\/produit\/gelee-royale-poudre\/#primaryimage","url":"https:\/\/naturalim.co\/wp-content\/uploads\/2023\/11\/gelee-royale-poudre-\u063a\u0630\u0627\u0621-\u0627\u0644\u0645\u0644\u0643\u0629-naturalim.jpg","contentUrl":"https:\/\/naturalim.co\/wp-content\/uploads\/2023\/11\/gelee-royale-poudre-\u063a\u0630\u0627\u0621-\u0627\u0644\u0645\u0644\u0643\u0629-naturalim.jpg","width":980,"height":673},{"@type":"BreadcrumbList","@id":"https:\/\/naturalim.co\/produit\/gelee-royale-poudre\/#breadcrumb","itemListElement":[{"@type":"ListItem","position":1,"name":"Home","item":"https:\/\/naturalim.co\/"},{"@type":"ListItem","position":2,"name":"Shop","item":"https:\/\/naturalim.co\/fr\/shop\/"},{"@type":"ListItem","position":3,"name":"Gel\u00e9e royale en poudre"}]},{"@type":"WebSite","@id":"https:\/\/naturalim.co\/fr\/#website","url":"https:\/\/naturalim.co\/fr\/","name":"Naturalim","description":"","publisher":{"@id":"https:\/\/naturalim.co\/fr\/#organization"},"potentialAction":[{"@type":"SearchAction","target":{"@type":"EntryPoint","urlTemplate":"https:\/\/naturalim.co\/fr\/?s={search_term_string}"},"query-input":{"@type":"PropertyValueSpecification","valueRequired":true,"valueName":"search_term_string"}}],"inLanguage":"ar"},{"@type":"Organization","@id":"https:\/\/naturalim.co\/fr\/#organization","name":"Naturalim","url":"https:\/\/naturalim.co\/fr\/","logo":{"@type":"ImageObject","inLanguage":"ar","@id":"https:\/\/naturalim.co\/fr\/#\/schema\/logo\/image\/","url":"https:\/\/naturalim.co\/wp-content\/uploads\/2023\/09\/Green_Circle_Leaves_Environment_Logo_1_-removebg-preview.png","contentUrl":"https:\/\/naturalim.co\/wp-content\/uploads\/2023\/09\/Green_Circle_Leaves_Environment_Logo_1_-removebg-preview.png","width":500,"height":500,"caption":"Naturalim"},"image":{"@id":"https:\/\/naturalim.co\/fr\/#\/schema\/logo\/image\/"},"sameAs":["https:\/\/www.facebook.com\/people\/Naturalimdz\/100063266886704\/","https:\/\/www.instagram.com\/naturalim.dz\/"]}]}},"uagb_featured_image_src":{"full":["https:\/\/naturalim.co\/wp-content\/uploads\/2023\/11\/gelee-royale-poudre-\u063a\u0630\u0627\u0621-\u0627\u0644\u0645\u0644\u0643\u0629-naturalim.jpg",980,673,false],"thumbnail":["https:\/\/naturalim.co\/wp-content\/uploads\/2023\/11\/gelee-royale-poudre-\u063a\u0630\u0627\u0621-\u0627\u0644\u0645\u0644\u0643\u0629-naturalim-150x150.jpg",150,150,true],"medium":["https:\/\/naturalim.co\/wp-content\/uploads\/2023\/11\/gelee-royale-poudre-\u063a\u0630\u0627\u0621-\u0627\u0644\u0645\u0644\u0643\u0629-naturalim-300x206.jpg",300,206,true],"medium_large":["https:\/\/naturalim.co\/wp-content\/uploads\/2023\/11\/gelee-royale-poudre-\u063a\u0630\u0627\u0621-\u0627\u0644\u0645\u0644\u0643\u0629-naturalim-768x527.jpg",768,527,true],"large":["https:\/\/naturalim.co\/wp-content\/uploads\/2023\/11\/gelee-royale-poudre-\u063a\u0630\u0627\u0621-\u0627\u0644\u0645\u0644\u0643\u0629-naturalim.jpg",980,673,false],"1536x1536":["https:\/\/naturalim.co\/wp-content\/uploads\/2023\/11\/gelee-royale-poudre-\u063a\u0630\u0627\u0621-\u0627\u0644\u0645\u0644\u0643\u0629-naturalim.jpg",980,673,false],"2048x2048":["https:\/\/naturalim.co\/wp-content\/uploads\/2023\/11\/gelee-royale-poudre-\u063a\u0630\u0627\u0621-\u0627\u0644\u0645\u0644\u0643\u0629-naturalim.jpg",980,673,false],"trp-custom-language-flag":["https:\/\/naturalim.co\/wp-content\/uploads\/2023\/11\/gelee-royale-poudre-\u063a\u0630\u0627\u0621-\u0627\u0644\u0645\u0644\u0643\u0629-naturalim.jpg",18,12,false],"woocommerce_thumbnail":["https:\/\/naturalim.co\/wp-content\/uploads\/2023\/11\/gelee-royale-poudre-\u063a\u0630\u0627\u0621-\u0627\u0644\u0645\u0644\u0643\u0629-naturalim-300x300.jpg",300,300,true],"woocommerce_single":["https:\/\/naturalim.co\/wp-content\/uploads\/2023\/11\/gelee-royale-poudre-\u063a\u0630\u0627\u0621-\u0627\u0644\u0645\u0644\u0643\u0629-naturalim-600x412.jpg",600,412,true],"woocommerce_gallery_thumbnail":["https:\/\/naturalim.co\/wp-content\/uploads\/2023\/11\/gelee-royale-poudre-\u063a\u0630\u0627\u0621-\u0627\u0644\u0645\u0644\u0643\u0629-naturalim-100x100.jpg",100,100,true],"wc_order_status_icon":["https:\/\/naturalim.co\/wp-content\/uploads\/2023\/11\/gelee-royale-poudre-\u063a\u0630\u0627\u0621-\u0627\u0644\u0645\u0644\u0643\u0629-naturalim.jpg",32,22,false],"dgwt-wcas-product-suggestion":["https:\/\/naturalim.co\/wp-content\/uploads\/2023\/11\/gelee-royale-poudre-\u063a\u0630\u0627\u0621-\u0627\u0644\u0645\u0644\u0643\u0629-naturalim-64x44.jpg",64,44,true]},"uagb_author_info":{"display_name":"admin","author_link":"https:\/\/naturalim.co\/ar\/author\/"},"uagb_comment_info":0,"uagb_excerpt":"La gel\u00e9e royale est substance naturelle, nutritive exceptionnelle, secr\u00e9t\u00e9e exclusivement par les abeilles nourrici\u00e8res. Ce produit pr\u00e9cieux (appel\u00e9 aussi tr\u00e9sor de la ruche ) nourrit la reine et les larves royales. Elle est riche en vitamines, min\u00e9raux, acides amin\u00e9s et antioxydants et oligo-\u00e9l\u00e9ments, Elle offre de nombreux bienfaits pour la sant\u00e9 (Bonne pour \u00e9nergie, vitalit\u00e9&hellip;","_links":{"self":[{"href":"https:\/\/naturalim.co\/ar\/wp-json\/wp\/v2\/product\/2583","targetHints":{"allow":["GET"]}}],"collection":[{"href":"https:\/\/naturalim.co\/ar\/wp-json\/wp\/v2\/product"}],"about":[{"href":"https:\/\/naturalim.co\/ar\/wp-json\/wp\/v2\/types\/product"}],"replies":[{"embeddable":true,"href":"https:\/\/naturalim.co\/ar\/wp-json\/wp\/v2\/comments?post=2583"}],"wp:featuredmedia":[{"embeddable":true,"href":"https:\/\/naturalim.co\/ar\/wp-json\/wp\/v2\/media\/3146"}],"wp:attachment":[{"href":"https:\/\/naturalim.co\/ar\/wp-json\/wp\/v2\/media?parent=2583"}],"wp:term":[{"taxonomy":"product_brand","embeddable":true,"href":"https:\/\/naturalim.co\/ar\/wp-json\/wp\/v2\/product_brand?post=2583"},{"taxonomy":"product_cat","embeddable":true,"href":"https:\/\/naturalim.co\/ar\/wp-json\/wp\/v2\/product_cat?post=2583"},{"taxonomy":"product_tag","embeddable":true,"href":"https:\/\/naturalim.co\/ar\/wp-json\/wp\/v2\/product_tag?post=2583"}],"curies":[{"name":"wp","href":"https:\/\/api.w.org\/{rel}","templated":true}]}}