{"id":2586,"date":"2023-11-22T15:27:23","date_gmt":"2023-11-22T14:27:23","guid":{"rendered":"https:\/\/naturalim.co\/?post_type=product&#038;p=2586"},"modified":"2025-02-27T15:31:51","modified_gmt":"2025-02-27T14:31:51","slug":"gingembre-sec-racines-coupees","status":"publish","type":"product","link":"https:\/\/naturalim.co\/ar\/product\/gingembre-sec-racines-coupees\/","title":{"rendered":"\u0627\u0644\u0632\u0646\u062c\u0628\u064a\u0644 \u0627\u0644\u0645\u062c\u0641\u0641"},"content":{"rendered":"<p>AVANTAGES ET BIENFAITS DU GINGEMBRE<\/p>\n<ul>\n<li>Am\u00e9liore la digestion:<\/li>\n<\/ul>\n<p>(Stimule l&rsquo;app\u00e9tit et agit sur les d\u00e9sordres intestinaux\u00a0: naus\u00e9es, ballonnements, gaz, douleurs etc.).<\/p>\n<ul>\n<li>Stimule le syst\u00e8me immunitaire:<\/li>\n<\/ul>\n<p>(Gr\u00e2ce \u00e0 sa richesse en antioxydants etc.).<\/p>\n<ul>\n<li>Peut aider \u00e0 contr\u00f4ler le diab\u00e8te:<\/li>\n<li>Bon pour la sant\u00e9 cardiaque:<\/li>\n<\/ul>\n<p>(En am\u00e9liorant la circulation sanguine, abaissant la tension art\u00e9rielle etc.).<\/p>\n<ul>\n<li>Peut aider \u00e0 la perte de poids:<\/li>\n<\/ul>\n<p>( stimuler le m\u00e9tabolisme et aider \u00e0 br\u00fbler des graisses etc.).<\/p>\n<ul>\n<li>Peut am\u00e9liorer la sant\u00e9 du cerveau.<\/li>\n<li>Peut avoir des propri\u00e9t\u00e9s anticanc\u00e9reuses.<\/li>\n<li>Soulage la douleur.<\/li>\n<\/ul>\n<p>(Maux de t\u00eate, de gorge ,r\u00e8gles, douleurs rhumatismales, musculaires\u00a0, articulaires etc.).<\/p>\n<ul>\n<li>Tonifie, stimule et fortifie l&rsquo;organisme.<\/li>\n<li>Antiviral :<\/li>\n<\/ul>\n<p>(Action sur diff\u00e9rents types de virus ).<\/p>\n<ul>\n<li>Antibact\u00e9rien et Antifongique.<\/li>\n<li>Source de min\u00e9raux et vitamines\u00a0:<\/li>\n<\/ul>\n<p>(Magn\u00e9sium, potassium, vitamine C etc.).<\/p>\n<hr \/>\n<p>\u062e\u0635\u0627\u0626\u0635 \u0627\u0644\u0645\u0646\u062a\u062c :<\/p>\n<p>&#8211; Pays origine : Inde.<\/p>\n<p>&#8211; Famille : \u00e9pice<\/p>\n<p>&#8211; Nom botanique : Zingiber Officinalis.<\/p>\n<p>&#8211; Utilisation : cuisine et param\u00e9dical.<\/p>\n<p>&nbsp;<\/p>","protected":false},"excerpt":{"rendered":"<p>Le gingembre est une racine puissante et aromatique aux multiples vertus.<br \/>\nCe super aliment polyvalent existe : Frais, en poudre, racines s\u00e9ch\u00e9es ou confit.<br \/>\nIl a un double usage : culinaire et th\u00e9rapeutique et poss\u00e8de de nombreux bienfaits pour la sant\u00e9.<br \/>\nC\u2019est une racine riche en nutriments et en antioxydants qui renforce le syst\u00e8me immunitaire, facilite la digestion et augmente la vitalit\u00e9.<br \/>\nEn cuisine, le gingembre peut \u00eatre consomm\u00e9 sous forme de tisane, ajout aux plats cuisin\u00e9s, smoothies etc.<\/p>","protected":false},"featured_media":3856,"comment_status":"open","ping_status":"closed","template":"","meta":{"_acf_changed":false,"_uag_custom_page_level_css":"","site-sidebar-layout":"default","site-content-layout":"","ast-site-content-layout":"default","site-content-style":"default","site-sidebar-style":"default","ast-global-header-display":"","ast-banner-title-visibility":"","ast-main-header-display":"","ast-hfb-above-header-display":"","ast-hfb-below-header-display":"","ast-hfb-mobile-header-display":"","site-post-title":"","ast-breadcrumbs-content":"","ast-featured-img":"","footer-sml-layout":"","ast-disable-related-posts":"","theme-transparent-header-meta":"default","adv-header-id-meta":"","stick-header-meta":"","header-above-stick-meta":"","header-main-stick-meta":"","header-below-stick-meta":"","astra-migrate-meta-layouts":"set","ast-page-background-enabled":"default","ast-page-background-meta":{"desktop":{"background-color":"var(--ast-global-color-4)","background-image":"","background-repeat":"repeat","background-position":"center center","background-size":"auto","background-attachment":"scroll","background-type":"","background-media":"","overlay-type":"","overlay-color":"","overlay-opacity":"","overlay-gradient":""},"tablet":{"background-color":"","background-image":"","background-repeat":"repeat","background-position":"center center","background-size":"auto","background-attachment":"scroll","background-type":"","background-media":"","overlay-type":"","overlay-color":"","overlay-opacity":"","overlay-gradient":""},"mobile":{"background-color":"","background-image":"","background-repeat":"repeat","background-position":"center center","background-size":"auto","background-attachment":"scroll","background-type":"","background-media":"","overlay-type":"","overlay-color":"","overlay-opacity":"","overlay-gradient":""}},"ast-content-background-meta":{"desktop":{"background-color":"var(--ast-global-color-5)","background-image":"","background-repeat":"repeat","background-position":"center center","background-size":"auto","background-attachment":"scroll","background-type":"","background-media":"","overlay-type":"","overlay-color":"","overlay-opacity":"","overlay-gradient":""},"tablet":{"background-color":"var(--ast-global-color-5)","background-image":"","background-repeat":"repeat","background-position":"center center","background-size":"auto","background-attachment":"scroll","background-type":"","background-media":"","overlay-type":"","overlay-color":"","overlay-opacity":"","overlay-gradient":""},"mobile":{"background-color":"var(--ast-global-color-5)","background-image":"","background-repeat":"repeat","background-position":"center center","background-size":"auto","background-attachment":"scroll","background-type":"","background-media":"","overlay-type":"","overlay-color":"","overlay-opacity":"","overlay-gradient":""}},"iawp_total_views":186},"product_brand":[],"product_cat":[49,51],"product_tag":[],"class_list":{"0":"post-2586","1":"product","2":"type-product","3":"status-publish","4":"has-post-thumbnail","6":"product_cat-herbes-medicinales-aromatiques","7":"product_cat-superaliments","8":"desktop-align-center","9":"tablet-align-left","10":"mobile-align-left","12":"first","13":"instock","14":"shipping-taxable","15":"purchasable","16":"product-type-variable","17":"has-default-attributes"},"acf":[],"yoast_head":"<!-- This site is optimized with the Yoast SEO plugin v27.3 - https:\/\/yoast.com\/product\/yoast-seo-wordpress\/ -->\n<title>Gingembre racines s\u00e9ch\u00e9es - Naturalim<\/title>\n<meta name=\"robots\" content=\"index, follow, max-snippet:-1, max-image-preview:large, max-video-preview:-1\" \/>\n<link rel=\"canonical\" href=\"https:\/\/naturalim.co\/ar\/product\/gingembre-sec-racines-coupees\/\" \/>\n<meta property=\"og:locale\" content=\"ar_AR\" \/>\n<meta property=\"og:type\" content=\"article\" \/>\n<meta property=\"og:title\" content=\"Gingembre racines s\u00e9ch\u00e9es - Naturalim\" \/>\n<meta property=\"og:description\" content=\"Le gingembre est une racine puissante et aromatique aux multiples vertus. Ce super aliment polyvalent existe : Frais, en poudre, racines s\u00e9ch\u00e9es ou confit. Il a un double usage : culinaire et th\u00e9rapeutique et poss\u00e8de de nombreux bienfaits pour la sant\u00e9. C\u2019est une racine riche en nutriments et en antioxydants qui renforce le syst\u00e8me immunitaire, facilite la digestion et augmente la vitalit\u00e9. En cuisine, le gingembre peut \u00eatre consomm\u00e9 sous forme de tisane, ajout aux plats cuisin\u00e9s, smoothies etc.\" \/>\n<meta property=\"og:url\" content=\"https:\/\/naturalim.co\/ar\/product\/gingembre-sec-racines-coupees\/\" \/>\n<meta property=\"og:site_name\" content=\"Naturalim\" \/>\n<meta property=\"article:publisher\" content=\"https:\/\/www.facebook.com\/people\/Naturalimdz\/100063266886704\/\" \/>\n<meta property=\"article:modified_time\" content=\"2025-02-27T14:31:51+00:00\" \/>\n<meta property=\"og:image\" content=\"https:\/\/naturalim.co\/wp-content\/uploads\/2023\/11\/gingembre-en-racines-sechees.jpg\" \/>\n\t<meta property=\"og:image:width\" content=\"1000\" \/>\n\t<meta property=\"og:image:height\" content=\"1000\" \/>\n\t<meta property=\"og:image:type\" content=\"image\/jpeg\" \/>\n<meta name=\"twitter:card\" content=\"summary_large_image\" \/>\n<meta name=\"twitter:label1\" content=\"\u0648\u0642\u062a \u0627\u0644\u0642\u0631\u0627\u0621\u0629 \u0627\u0644\u0645\u064f\u0642\u062f\u0651\u0631\" \/>\n\t<meta name=\"twitter:data1\" content=\"\u062f\u0642\u064a\u0642\u0629 \u0648\u0627\u062d\u062f\u0629\" \/>\n<script type=\"application\/ld+json\" class=\"yoast-schema-graph\">{\"@context\":\"https:\\\/\\\/schema.org\",\"@graph\":[{\"@type\":\"WebPage\",\"@id\":\"https:\\\/\\\/naturalim.co\\\/produit\\\/gingembre-sec-racines-coupees\\\/\",\"url\":\"https:\\\/\\\/naturalim.co\\\/produit\\\/gingembre-sec-racines-coupees\\\/\",\"name\":\"Gingembre racines s\u00e9ch\u00e9es - Naturalim\",\"isPartOf\":{\"@id\":\"https:\\\/\\\/naturalim.co\\\/fr\\\/#website\"},\"primaryImageOfPage\":{\"@id\":\"https:\\\/\\\/naturalim.co\\\/produit\\\/gingembre-sec-racines-coupees\\\/#primaryimage\"},\"image\":{\"@id\":\"https:\\\/\\\/naturalim.co\\\/produit\\\/gingembre-sec-racines-coupees\\\/#primaryimage\"},\"thumbnailUrl\":\"https:\\\/\\\/naturalim.co\\\/wp-content\\\/uploads\\\/2023\\\/11\\\/gingembre-en-racines-sechees.jpg\",\"datePublished\":\"2023-11-22T14:27:23+00:00\",\"dateModified\":\"2025-02-27T14:31:51+00:00\",\"breadcrumb\":{\"@id\":\"https:\\\/\\\/naturalim.co\\\/produit\\\/gingembre-sec-racines-coupees\\\/#breadcrumb\"},\"inLanguage\":\"ar\",\"potentialAction\":[{\"@type\":\"ReadAction\",\"target\":[\"https:\\\/\\\/naturalim.co\\\/produit\\\/gingembre-sec-racines-coupees\\\/\"]}]},{\"@type\":\"ImageObject\",\"inLanguage\":\"ar\",\"@id\":\"https:\\\/\\\/naturalim.co\\\/produit\\\/gingembre-sec-racines-coupees\\\/#primaryimage\",\"url\":\"https:\\\/\\\/naturalim.co\\\/wp-content\\\/uploads\\\/2023\\\/11\\\/gingembre-en-racines-sechees.jpg\",\"contentUrl\":\"https:\\\/\\\/naturalim.co\\\/wp-content\\\/uploads\\\/2023\\\/11\\\/gingembre-en-racines-sechees.jpg\",\"width\":1000,\"height\":1000},{\"@type\":\"BreadcrumbList\",\"@id\":\"https:\\\/\\\/naturalim.co\\\/produit\\\/gingembre-sec-racines-coupees\\\/#breadcrumb\",\"itemListElement\":[{\"@type\":\"ListItem\",\"position\":1,\"name\":\"Home\",\"item\":\"https:\\\/\\\/naturalim.co\\\/\"},{\"@type\":\"ListItem\",\"position\":2,\"name\":\"Shop\",\"item\":\"https:\\\/\\\/naturalim.co\\\/fr\\\/shop\\\/\"},{\"@type\":\"ListItem\",\"position\":3,\"name\":\"Gingembre racines s\u00e9ch\u00e9es\"}]},{\"@type\":\"WebSite\",\"@id\":\"https:\\\/\\\/naturalim.co\\\/fr\\\/#website\",\"url\":\"https:\\\/\\\/naturalim.co\\\/fr\\\/\",\"name\":\"Naturalim\",\"description\":\"\",\"publisher\":{\"@id\":\"https:\\\/\\\/naturalim.co\\\/fr\\\/#organization\"},\"potentialAction\":[{\"@type\":\"SearchAction\",\"target\":{\"@type\":\"EntryPoint\",\"urlTemplate\":\"https:\\\/\\\/naturalim.co\\\/fr\\\/?s={search_term_string}\"},\"query-input\":{\"@type\":\"PropertyValueSpecification\",\"valueRequired\":true,\"valueName\":\"search_term_string\"}}],\"inLanguage\":\"ar\"},{\"@type\":\"Organization\",\"@id\":\"https:\\\/\\\/naturalim.co\\\/fr\\\/#organization\",\"name\":\"Naturalim\",\"url\":\"https:\\\/\\\/naturalim.co\\\/fr\\\/\",\"logo\":{\"@type\":\"ImageObject\",\"inLanguage\":\"ar\",\"@id\":\"https:\\\/\\\/naturalim.co\\\/fr\\\/#\\\/schema\\\/logo\\\/image\\\/\",\"url\":\"https:\\\/\\\/naturalim.co\\\/wp-content\\\/uploads\\\/2023\\\/09\\\/Green_Circle_Leaves_Environment_Logo_1_-removebg-preview.png\",\"contentUrl\":\"https:\\\/\\\/naturalim.co\\\/wp-content\\\/uploads\\\/2023\\\/09\\\/Green_Circle_Leaves_Environment_Logo_1_-removebg-preview.png\",\"width\":500,\"height\":500,\"caption\":\"Naturalim\"},\"image\":{\"@id\":\"https:\\\/\\\/naturalim.co\\\/fr\\\/#\\\/schema\\\/logo\\\/image\\\/\"},\"sameAs\":[\"https:\\\/\\\/www.facebook.com\\\/people\\\/Naturalimdz\\\/100063266886704\\\/\",\"https:\\\/\\\/www.instagram.com\\\/naturalim.dz\\\/\"]}]}<\/script>\n<!-- \/ Yoast SEO plugin. -->","yoast_head_json":{"title":"Gingembre racines s\u00e9ch\u00e9es - Naturalim","robots":{"index":"index","follow":"follow","max-snippet":"max-snippet:-1","max-image-preview":"max-image-preview:large","max-video-preview":"max-video-preview:-1"},"canonical":"https:\/\/naturalim.co\/ar\/product\/gingembre-sec-racines-coupees\/","og_locale":"ar_AR","og_type":"article","og_title":"Gingembre racines s\u00e9ch\u00e9es - Naturalim","og_description":"Le gingembre est une racine puissante et aromatique aux multiples vertus. Ce super aliment polyvalent existe : Frais, en poudre, racines s\u00e9ch\u00e9es ou confit. Il a un double usage : culinaire et th\u00e9rapeutique et poss\u00e8de de nombreux bienfaits pour la sant\u00e9. C\u2019est une racine riche en nutriments et en antioxydants qui renforce le syst\u00e8me immunitaire, facilite la digestion et augmente la vitalit\u00e9. En cuisine, le gingembre peut \u00eatre consomm\u00e9 sous forme de tisane, ajout aux plats cuisin\u00e9s, smoothies etc.","og_url":"https:\/\/naturalim.co\/ar\/product\/gingembre-sec-racines-coupees\/","og_site_name":"Naturalim","article_publisher":"https:\/\/www.facebook.com\/people\/Naturalimdz\/100063266886704\/","article_modified_time":"2025-02-27T14:31:51+00:00","og_image":[{"width":1000,"height":1000,"url":"https:\/\/naturalim.co\/wp-content\/uploads\/2023\/11\/gingembre-en-racines-sechees.jpg","type":"image\/jpeg"}],"twitter_card":"summary_large_image","twitter_misc":{"\u0648\u0642\u062a \u0627\u0644\u0642\u0631\u0627\u0621\u0629 \u0627\u0644\u0645\u064f\u0642\u062f\u0651\u0631":"\u062f\u0642\u064a\u0642\u0629 \u0648\u0627\u062d\u062f\u0629"},"schema":{"@context":"https:\/\/schema.org","@graph":[{"@type":"WebPage","@id":"https:\/\/naturalim.co\/produit\/gingembre-sec-racines-coupees\/","url":"https:\/\/naturalim.co\/produit\/gingembre-sec-racines-coupees\/","name":"Gingembre racines s\u00e9ch\u00e9es - Naturalim","isPartOf":{"@id":"https:\/\/naturalim.co\/fr\/#website"},"primaryImageOfPage":{"@id":"https:\/\/naturalim.co\/produit\/gingembre-sec-racines-coupees\/#primaryimage"},"image":{"@id":"https:\/\/naturalim.co\/produit\/gingembre-sec-racines-coupees\/#primaryimage"},"thumbnailUrl":"https:\/\/naturalim.co\/wp-content\/uploads\/2023\/11\/gingembre-en-racines-sechees.jpg","datePublished":"2023-11-22T14:27:23+00:00","dateModified":"2025-02-27T14:31:51+00:00","breadcrumb":{"@id":"https:\/\/naturalim.co\/produit\/gingembre-sec-racines-coupees\/#breadcrumb"},"inLanguage":"ar","potentialAction":[{"@type":"ReadAction","target":["https:\/\/naturalim.co\/produit\/gingembre-sec-racines-coupees\/"]}]},{"@type":"ImageObject","inLanguage":"ar","@id":"https:\/\/naturalim.co\/produit\/gingembre-sec-racines-coupees\/#primaryimage","url":"https:\/\/naturalim.co\/wp-content\/uploads\/2023\/11\/gingembre-en-racines-sechees.jpg","contentUrl":"https:\/\/naturalim.co\/wp-content\/uploads\/2023\/11\/gingembre-en-racines-sechees.jpg","width":1000,"height":1000},{"@type":"BreadcrumbList","@id":"https:\/\/naturalim.co\/produit\/gingembre-sec-racines-coupees\/#breadcrumb","itemListElement":[{"@type":"ListItem","position":1,"name":"Home","item":"https:\/\/naturalim.co\/"},{"@type":"ListItem","position":2,"name":"Shop","item":"https:\/\/naturalim.co\/fr\/shop\/"},{"@type":"ListItem","position":3,"name":"Gingembre racines s\u00e9ch\u00e9es"}]},{"@type":"WebSite","@id":"https:\/\/naturalim.co\/fr\/#website","url":"https:\/\/naturalim.co\/fr\/","name":"Naturalim","description":"","publisher":{"@id":"https:\/\/naturalim.co\/fr\/#organization"},"potentialAction":[{"@type":"SearchAction","target":{"@type":"EntryPoint","urlTemplate":"https:\/\/naturalim.co\/fr\/?s={search_term_string}"},"query-input":{"@type":"PropertyValueSpecification","valueRequired":true,"valueName":"search_term_string"}}],"inLanguage":"ar"},{"@type":"Organization","@id":"https:\/\/naturalim.co\/fr\/#organization","name":"Naturalim","url":"https:\/\/naturalim.co\/fr\/","logo":{"@type":"ImageObject","inLanguage":"ar","@id":"https:\/\/naturalim.co\/fr\/#\/schema\/logo\/image\/","url":"https:\/\/naturalim.co\/wp-content\/uploads\/2023\/09\/Green_Circle_Leaves_Environment_Logo_1_-removebg-preview.png","contentUrl":"https:\/\/naturalim.co\/wp-content\/uploads\/2023\/09\/Green_Circle_Leaves_Environment_Logo_1_-removebg-preview.png","width":500,"height":500,"caption":"Naturalim"},"image":{"@id":"https:\/\/naturalim.co\/fr\/#\/schema\/logo\/image\/"},"sameAs":["https:\/\/www.facebook.com\/people\/Naturalimdz\/100063266886704\/","https:\/\/www.instagram.com\/naturalim.dz\/"]}]}},"uagb_featured_image_src":{"full":["https:\/\/naturalim.co\/wp-content\/uploads\/2023\/11\/gingembre-en-racines-sechees.jpg",1000,1000,false],"thumbnail":["https:\/\/naturalim.co\/wp-content\/uploads\/2023\/11\/gingembre-en-racines-sechees-150x150.jpg",150,150,true],"medium":["https:\/\/naturalim.co\/wp-content\/uploads\/2023\/11\/gingembre-en-racines-sechees-300x300.jpg",300,300,true],"medium_large":["https:\/\/naturalim.co\/wp-content\/uploads\/2023\/11\/gingembre-en-racines-sechees-768x768.jpg",768,768,true],"large":["https:\/\/naturalim.co\/wp-content\/uploads\/2023\/11\/gingembre-en-racines-sechees.jpg",1000,1000,false],"1536x1536":["https:\/\/naturalim.co\/wp-content\/uploads\/2023\/11\/gingembre-en-racines-sechees.jpg",1000,1000,false],"2048x2048":["https:\/\/naturalim.co\/wp-content\/uploads\/2023\/11\/gingembre-en-racines-sechees.jpg",1000,1000,false],"trp-custom-language-flag":["https:\/\/naturalim.co\/wp-content\/uploads\/2023\/11\/gingembre-en-racines-sechees-12x12.jpg",12,12,true],"woocommerce_thumbnail":["https:\/\/naturalim.co\/wp-content\/uploads\/2023\/11\/gingembre-en-racines-sechees-300x300.jpg",300,300,true],"woocommerce_single":["https:\/\/naturalim.co\/wp-content\/uploads\/2023\/11\/gingembre-en-racines-sechees-600x600.jpg",600,600,true],"woocommerce_gallery_thumbnail":["https:\/\/naturalim.co\/wp-content\/uploads\/2023\/11\/gingembre-en-racines-sechees-100x100.jpg",100,100,true],"wc_order_status_icon":["https:\/\/naturalim.co\/wp-content\/uploads\/2023\/11\/gingembre-en-racines-sechees.jpg",32,32,false],"dgwt-wcas-product-suggestion":["https:\/\/naturalim.co\/wp-content\/uploads\/2023\/11\/gingembre-en-racines-sechees-64x64.jpg",64,64,true]},"uagb_author_info":{"display_name":"admin","author_link":"https:\/\/naturalim.co\/ar\/author\/"},"uagb_comment_info":0,"uagb_excerpt":"Le gingembre est une racine puissante et aromatique aux multiples vertus. Ce super aliment polyvalent existe : Frais, en poudre, racines s\u00e9ch\u00e9es ou confit. Il a un double usage : culinaire et th\u00e9rapeutique et poss\u00e8de de nombreux bienfaits pour la sant\u00e9. C\u2019est une racine riche en nutriments et en antioxydants qui renforce le syst\u00e8me immunitaire,&hellip;","_links":{"self":[{"href":"https:\/\/naturalim.co\/ar\/wp-json\/wp\/v2\/product\/2586","targetHints":{"allow":["GET"]}}],"collection":[{"href":"https:\/\/naturalim.co\/ar\/wp-json\/wp\/v2\/product"}],"about":[{"href":"https:\/\/naturalim.co\/ar\/wp-json\/wp\/v2\/types\/product"}],"replies":[{"embeddable":true,"href":"https:\/\/naturalim.co\/ar\/wp-json\/wp\/v2\/comments?post=2586"}],"wp:featuredmedia":[{"embeddable":true,"href":"https:\/\/naturalim.co\/ar\/wp-json\/wp\/v2\/media\/3856"}],"wp:attachment":[{"href":"https:\/\/naturalim.co\/ar\/wp-json\/wp\/v2\/media?parent=2586"}],"wp:term":[{"taxonomy":"product_brand","embeddable":true,"href":"https:\/\/naturalim.co\/ar\/wp-json\/wp\/v2\/product_brand?post=2586"},{"taxonomy":"product_cat","embeddable":true,"href":"https:\/\/naturalim.co\/ar\/wp-json\/wp\/v2\/product_cat?post=2586"},{"taxonomy":"product_tag","embeddable":true,"href":"https:\/\/naturalim.co\/ar\/wp-json\/wp\/v2\/product_tag?post=2586"}],"curies":[{"name":"wp","href":"https:\/\/api.w.org\/{rel}","templated":true}]}}