{"id":2589,"date":"2023-11-22T15:27:23","date_gmt":"2023-11-22T14:27:23","guid":{"rendered":"https:\/\/naturalim.co\/?post_type=product&#038;p=2589"},"modified":"2025-02-15T15:58:27","modified_gmt":"2025-02-15T14:58:27","slug":"ginseng-blanc-poudre","status":"publish","type":"product","link":"https:\/\/naturalim.co\/ar\/product\/ginseng-blanc-poudre\/","title":{"rendered":"\u0645\u0633\u062d\u0648\u0642 \u0627\u0644\u062c\u0646\u0633\u0646\u063a \u0627\u0644\u0623\u0628\u064a\u0636"},"content":{"rendered":"<p><strong>BIENFAITS DU GINSENG :<\/strong><br \/>\n1)Renforce le syst\u00e8me immunitaire (et aide \u00e0 lutter contre les infections).<br \/>\n2)R\u00e9duit le stress et l&rsquo;anxi\u00e9t\u00e9 (effet relaxant).<br \/>\n3)Am\u00e9liore les performances physiques (force, l&rsquo;endurance, r\u00e9cup\u00e9ration musculaire etc.).<br \/>\n4)Am\u00e9liore les performances mentales (concentration, m\u00e9moire l&rsquo;apprentissage etc.).<br \/>\n5)Favorise la sant\u00e9 cardiovasculaire (aider \u00e0 r\u00e9duire cholest\u00e9rol, tension art\u00e9rielle etc.).<br \/>\n6)Augmente la libido (ginseng aphrodisiaque naturel pour hommes et femmes).<br \/>\n7)Contribue \u00e0 r\u00e9guler la glyc\u00e9mie (taux de sucre dans le sang) chez les personnes diab\u00e9tiques.<br \/>\n8)Antioxydant.<br \/>\n9)Anti-inflammatoire (Prot\u00e8ge contre les maladies inflammatoires etc.)<br \/>\n10)Am\u00e9liore l&rsquo;\u00e9nergie, la vitalit\u00e9 et combat la fatigue.<br \/>\n11)Aide \u00e0 la perte de poids (saine).<br \/>\n12)Am\u00e9liore le bien-\u00eatre g\u00e9n\u00e9ral.<\/p>\n<p><strong>\u062e\u0635\u0627\u0626\u0635 \u0627\u0644\u0645\u0646\u062a\u062c :<\/strong><\/p>\n<p>-Plante adaptog\u00e8ne.<\/p>\n<p>-Surnom\u00a0: racine de vie.<\/p>","protected":false},"excerpt":{"rendered":"<p>Le ginseng blanc est une herbe m\u00e9dicinale, adaptog\u00e8ne ancestrale, tr\u00e8s demand\u00e9e pour ses effets \u00e9nergisants et revitalisants.<br \/>\nIl est r\u00e9put\u00e9 pour stimuler le syst\u00e8me immunitaire, am\u00e9liorer la concentration, r\u00e9duire le stress et am\u00e9liorer les performances cognitives.<br \/>\nCette herbe revitalise le corps et l\u2019esprit et aide \u00e0 maintenir un bien-\u00eatre optimal.<\/p>","protected":false},"featured_media":3099,"comment_status":"open","ping_status":"closed","template":"","meta":{"_acf_changed":false,"_uag_custom_page_level_css":"","site-sidebar-layout":"default","site-content-layout":"","ast-site-content-layout":"default","site-content-style":"default","site-sidebar-style":"default","ast-global-header-display":"","ast-banner-title-visibility":"","ast-main-header-display":"","ast-hfb-above-header-display":"","ast-hfb-below-header-display":"","ast-hfb-mobile-header-display":"","site-post-title":"","ast-breadcrumbs-content":"","ast-featured-img":"","footer-sml-layout":"","ast-disable-related-posts":"","theme-transparent-header-meta":"default","adv-header-id-meta":"","stick-header-meta":"","header-above-stick-meta":"","header-main-stick-meta":"","header-below-stick-meta":"","astra-migrate-meta-layouts":"set","ast-page-background-enabled":"default","ast-page-background-meta":{"desktop":{"background-color":"var(--ast-global-color-4)","background-image":"","background-repeat":"repeat","background-position":"center center","background-size":"auto","background-attachment":"scroll","background-type":"","background-media":"","overlay-type":"","overlay-color":"","overlay-opacity":"","overlay-gradient":""},"tablet":{"background-color":"","background-image":"","background-repeat":"repeat","background-position":"center center","background-size":"auto","background-attachment":"scroll","background-type":"","background-media":"","overlay-type":"","overlay-color":"","overlay-opacity":"","overlay-gradient":""},"mobile":{"background-color":"","background-image":"","background-repeat":"repeat","background-position":"center center","background-size":"auto","background-attachment":"scroll","background-type":"","background-media":"","overlay-type":"","overlay-color":"","overlay-opacity":"","overlay-gradient":""}},"ast-content-background-meta":{"desktop":{"background-color":"var(--ast-global-color-5)","background-image":"","background-repeat":"repeat","background-position":"center center","background-size":"auto","background-attachment":"scroll","background-type":"","background-media":"","overlay-type":"","overlay-color":"","overlay-opacity":"","overlay-gradient":""},"tablet":{"background-color":"var(--ast-global-color-5)","background-image":"","background-repeat":"repeat","background-position":"center center","background-size":"auto","background-attachment":"scroll","background-type":"","background-media":"","overlay-type":"","overlay-color":"","overlay-opacity":"","overlay-gradient":""},"mobile":{"background-color":"var(--ast-global-color-5)","background-image":"","background-repeat":"repeat","background-position":"center center","background-size":"auto","background-attachment":"scroll","background-type":"","background-media":"","overlay-type":"","overlay-color":"","overlay-opacity":"","overlay-gradient":""}},"iawp_total_views":543},"product_brand":[],"product_cat":[49,51],"product_tag":[],"class_list":{"0":"post-2589","1":"product","2":"type-product","3":"status-publish","4":"has-post-thumbnail","6":"product_cat-herbes-medicinales-aromatiques","7":"product_cat-superaliments","8":"desktop-align-center","9":"tablet-align-left","10":"mobile-align-left","12":"first","13":"instock","14":"shipping-taxable","15":"purchasable","16":"product-type-variable","17":"has-default-attributes"},"acf":[],"yoast_head":"<!-- This site is optimized with the Yoast SEO plugin v27.3 - https:\/\/yoast.com\/product\/yoast-seo-wordpress\/ -->\n<title>Ginseng blanc en poudre - Naturalim<\/title>\n<meta name=\"robots\" content=\"index, follow, max-snippet:-1, max-image-preview:large, max-video-preview:-1\" \/>\n<link rel=\"canonical\" href=\"https:\/\/naturalim.co\/ar\/product\/ginseng-blanc-poudre\/\" \/>\n<meta property=\"og:locale\" content=\"ar_AR\" \/>\n<meta property=\"og:type\" content=\"article\" \/>\n<meta property=\"og:title\" content=\"Ginseng blanc en poudre - Naturalim\" \/>\n<meta property=\"og:description\" content=\"Le ginseng blanc est une herbe m\u00e9dicinale, adaptog\u00e8ne ancestrale, tr\u00e8s demand\u00e9e pour ses effets \u00e9nergisants et revitalisants. Il est r\u00e9put\u00e9 pour stimuler le syst\u00e8me immunitaire, am\u00e9liorer la concentration, r\u00e9duire le stress et am\u00e9liorer les performances cognitives. Cette herbe revitalise le corps et l\u2019esprit et aide \u00e0 maintenir un bien-\u00eatre optimal.\" \/>\n<meta property=\"og:url\" content=\"https:\/\/naturalim.co\/ar\/product\/ginseng-blanc-poudre\/\" \/>\n<meta property=\"og:site_name\" content=\"Naturalim\" \/>\n<meta property=\"article:publisher\" content=\"https:\/\/www.facebook.com\/people\/Naturalimdz\/100063266886704\/\" \/>\n<meta property=\"article:modified_time\" content=\"2025-02-15T14:58:27+00:00\" \/>\n<meta property=\"og:image\" content=\"https:\/\/naturalim.co\/wp-content\/uploads\/2023\/11\/Ginseng-white-powder-\u062c\u0646\u0633\u0646\u062c-\u0627\u0628\u064a\u0636-naturalim.jpg\" \/>\n\t<meta property=\"og:image:width\" content=\"1024\" \/>\n\t<meta property=\"og:image:height\" content=\"731\" \/>\n\t<meta property=\"og:image:type\" content=\"image\/jpeg\" \/>\n<meta name=\"twitter:card\" content=\"summary_large_image\" \/>\n<meta name=\"twitter:label1\" content=\"\u0648\u0642\u062a \u0627\u0644\u0642\u0631\u0627\u0621\u0629 \u0627\u0644\u0645\u064f\u0642\u062f\u0651\u0631\" \/>\n\t<meta name=\"twitter:data1\" content=\"\u062f\u0642\u064a\u0642\u0629 \u0648\u0627\u062d\u062f\u0629\" \/>\n<script type=\"application\/ld+json\" class=\"yoast-schema-graph\">{\"@context\":\"https:\\\/\\\/schema.org\",\"@graph\":[{\"@type\":\"WebPage\",\"@id\":\"https:\\\/\\\/naturalim.co\\\/produit\\\/ginseng-blanc-poudre\\\/\",\"url\":\"https:\\\/\\\/naturalim.co\\\/produit\\\/ginseng-blanc-poudre\\\/\",\"name\":\"Ginseng blanc en poudre - Naturalim\",\"isPartOf\":{\"@id\":\"https:\\\/\\\/naturalim.co\\\/fr\\\/#website\"},\"primaryImageOfPage\":{\"@id\":\"https:\\\/\\\/naturalim.co\\\/produit\\\/ginseng-blanc-poudre\\\/#primaryimage\"},\"image\":{\"@id\":\"https:\\\/\\\/naturalim.co\\\/produit\\\/ginseng-blanc-poudre\\\/#primaryimage\"},\"thumbnailUrl\":\"https:\\\/\\\/naturalim.co\\\/wp-content\\\/uploads\\\/2023\\\/11\\\/Ginseng-white-powder-\u062c\u0646\u0633\u0646\u062c-\u0627\u0628\u064a\u0636-naturalim.jpg\",\"datePublished\":\"2023-11-22T14:27:23+00:00\",\"dateModified\":\"2025-02-15T14:58:27+00:00\",\"breadcrumb\":{\"@id\":\"https:\\\/\\\/naturalim.co\\\/produit\\\/ginseng-blanc-poudre\\\/#breadcrumb\"},\"inLanguage\":\"ar\",\"potentialAction\":[{\"@type\":\"ReadAction\",\"target\":[\"https:\\\/\\\/naturalim.co\\\/produit\\\/ginseng-blanc-poudre\\\/\"]}]},{\"@type\":\"ImageObject\",\"inLanguage\":\"ar\",\"@id\":\"https:\\\/\\\/naturalim.co\\\/produit\\\/ginseng-blanc-poudre\\\/#primaryimage\",\"url\":\"https:\\\/\\\/naturalim.co\\\/wp-content\\\/uploads\\\/2023\\\/11\\\/Ginseng-white-powder-\u062c\u0646\u0633\u0646\u062c-\u0627\u0628\u064a\u0636-naturalim.jpg\",\"contentUrl\":\"https:\\\/\\\/naturalim.co\\\/wp-content\\\/uploads\\\/2023\\\/11\\\/Ginseng-white-powder-\u062c\u0646\u0633\u0646\u062c-\u0627\u0628\u064a\u0636-naturalim.jpg\",\"width\":1024,\"height\":731},{\"@type\":\"BreadcrumbList\",\"@id\":\"https:\\\/\\\/naturalim.co\\\/produit\\\/ginseng-blanc-poudre\\\/#breadcrumb\",\"itemListElement\":[{\"@type\":\"ListItem\",\"position\":1,\"name\":\"Home\",\"item\":\"https:\\\/\\\/naturalim.co\\\/\"},{\"@type\":\"ListItem\",\"position\":2,\"name\":\"Shop\",\"item\":\"https:\\\/\\\/naturalim.co\\\/fr\\\/shop\\\/\"},{\"@type\":\"ListItem\",\"position\":3,\"name\":\"Ginseng blanc en poudre\"}]},{\"@type\":\"WebSite\",\"@id\":\"https:\\\/\\\/naturalim.co\\\/fr\\\/#website\",\"url\":\"https:\\\/\\\/naturalim.co\\\/fr\\\/\",\"name\":\"Naturalim\",\"description\":\"\",\"publisher\":{\"@id\":\"https:\\\/\\\/naturalim.co\\\/fr\\\/#organization\"},\"potentialAction\":[{\"@type\":\"SearchAction\",\"target\":{\"@type\":\"EntryPoint\",\"urlTemplate\":\"https:\\\/\\\/naturalim.co\\\/fr\\\/?s={search_term_string}\"},\"query-input\":{\"@type\":\"PropertyValueSpecification\",\"valueRequired\":true,\"valueName\":\"search_term_string\"}}],\"inLanguage\":\"ar\"},{\"@type\":\"Organization\",\"@id\":\"https:\\\/\\\/naturalim.co\\\/fr\\\/#organization\",\"name\":\"Naturalim\",\"url\":\"https:\\\/\\\/naturalim.co\\\/fr\\\/\",\"logo\":{\"@type\":\"ImageObject\",\"inLanguage\":\"ar\",\"@id\":\"https:\\\/\\\/naturalim.co\\\/fr\\\/#\\\/schema\\\/logo\\\/image\\\/\",\"url\":\"https:\\\/\\\/naturalim.co\\\/wp-content\\\/uploads\\\/2023\\\/09\\\/Green_Circle_Leaves_Environment_Logo_1_-removebg-preview.png\",\"contentUrl\":\"https:\\\/\\\/naturalim.co\\\/wp-content\\\/uploads\\\/2023\\\/09\\\/Green_Circle_Leaves_Environment_Logo_1_-removebg-preview.png\",\"width\":500,\"height\":500,\"caption\":\"Naturalim\"},\"image\":{\"@id\":\"https:\\\/\\\/naturalim.co\\\/fr\\\/#\\\/schema\\\/logo\\\/image\\\/\"},\"sameAs\":[\"https:\\\/\\\/www.facebook.com\\\/people\\\/Naturalimdz\\\/100063266886704\\\/\",\"https:\\\/\\\/www.instagram.com\\\/naturalim.dz\\\/\"]}]}<\/script>\n<!-- \/ Yoast SEO plugin. -->","yoast_head_json":{"title":"Ginseng blanc en poudre - Naturalim","robots":{"index":"index","follow":"follow","max-snippet":"max-snippet:-1","max-image-preview":"max-image-preview:large","max-video-preview":"max-video-preview:-1"},"canonical":"https:\/\/naturalim.co\/ar\/product\/ginseng-blanc-poudre\/","og_locale":"ar_AR","og_type":"article","og_title":"Ginseng blanc en poudre - Naturalim","og_description":"Le ginseng blanc est une herbe m\u00e9dicinale, adaptog\u00e8ne ancestrale, tr\u00e8s demand\u00e9e pour ses effets \u00e9nergisants et revitalisants. Il est r\u00e9put\u00e9 pour stimuler le syst\u00e8me immunitaire, am\u00e9liorer la concentration, r\u00e9duire le stress et am\u00e9liorer les performances cognitives. Cette herbe revitalise le corps et l\u2019esprit et aide \u00e0 maintenir un bien-\u00eatre optimal.","og_url":"https:\/\/naturalim.co\/ar\/product\/ginseng-blanc-poudre\/","og_site_name":"Naturalim","article_publisher":"https:\/\/www.facebook.com\/people\/Naturalimdz\/100063266886704\/","article_modified_time":"2025-02-15T14:58:27+00:00","og_image":[{"width":1024,"height":731,"url":"https:\/\/naturalim.co\/wp-content\/uploads\/2023\/11\/Ginseng-white-powder-\u062c\u0646\u0633\u0646\u062c-\u0627\u0628\u064a\u0636-naturalim.jpg","type":"image\/jpeg"}],"twitter_card":"summary_large_image","twitter_misc":{"\u0648\u0642\u062a \u0627\u0644\u0642\u0631\u0627\u0621\u0629 \u0627\u0644\u0645\u064f\u0642\u062f\u0651\u0631":"\u062f\u0642\u064a\u0642\u0629 \u0648\u0627\u062d\u062f\u0629"},"schema":{"@context":"https:\/\/schema.org","@graph":[{"@type":"WebPage","@id":"https:\/\/naturalim.co\/produit\/ginseng-blanc-poudre\/","url":"https:\/\/naturalim.co\/produit\/ginseng-blanc-poudre\/","name":"Ginseng blanc en poudre - Naturalim","isPartOf":{"@id":"https:\/\/naturalim.co\/fr\/#website"},"primaryImageOfPage":{"@id":"https:\/\/naturalim.co\/produit\/ginseng-blanc-poudre\/#primaryimage"},"image":{"@id":"https:\/\/naturalim.co\/produit\/ginseng-blanc-poudre\/#primaryimage"},"thumbnailUrl":"https:\/\/naturalim.co\/wp-content\/uploads\/2023\/11\/Ginseng-white-powder-\u062c\u0646\u0633\u0646\u062c-\u0627\u0628\u064a\u0636-naturalim.jpg","datePublished":"2023-11-22T14:27:23+00:00","dateModified":"2025-02-15T14:58:27+00:00","breadcrumb":{"@id":"https:\/\/naturalim.co\/produit\/ginseng-blanc-poudre\/#breadcrumb"},"inLanguage":"ar","potentialAction":[{"@type":"ReadAction","target":["https:\/\/naturalim.co\/produit\/ginseng-blanc-poudre\/"]}]},{"@type":"ImageObject","inLanguage":"ar","@id":"https:\/\/naturalim.co\/produit\/ginseng-blanc-poudre\/#primaryimage","url":"https:\/\/naturalim.co\/wp-content\/uploads\/2023\/11\/Ginseng-white-powder-\u062c\u0646\u0633\u0646\u062c-\u0627\u0628\u064a\u0636-naturalim.jpg","contentUrl":"https:\/\/naturalim.co\/wp-content\/uploads\/2023\/11\/Ginseng-white-powder-\u062c\u0646\u0633\u0646\u062c-\u0627\u0628\u064a\u0636-naturalim.jpg","width":1024,"height":731},{"@type":"BreadcrumbList","@id":"https:\/\/naturalim.co\/produit\/ginseng-blanc-poudre\/#breadcrumb","itemListElement":[{"@type":"ListItem","position":1,"name":"Home","item":"https:\/\/naturalim.co\/"},{"@type":"ListItem","position":2,"name":"Shop","item":"https:\/\/naturalim.co\/fr\/shop\/"},{"@type":"ListItem","position":3,"name":"Ginseng blanc en poudre"}]},{"@type":"WebSite","@id":"https:\/\/naturalim.co\/fr\/#website","url":"https:\/\/naturalim.co\/fr\/","name":"Naturalim","description":"","publisher":{"@id":"https:\/\/naturalim.co\/fr\/#organization"},"potentialAction":[{"@type":"SearchAction","target":{"@type":"EntryPoint","urlTemplate":"https:\/\/naturalim.co\/fr\/?s={search_term_string}"},"query-input":{"@type":"PropertyValueSpecification","valueRequired":true,"valueName":"search_term_string"}}],"inLanguage":"ar"},{"@type":"Organization","@id":"https:\/\/naturalim.co\/fr\/#organization","name":"Naturalim","url":"https:\/\/naturalim.co\/fr\/","logo":{"@type":"ImageObject","inLanguage":"ar","@id":"https:\/\/naturalim.co\/fr\/#\/schema\/logo\/image\/","url":"https:\/\/naturalim.co\/wp-content\/uploads\/2023\/09\/Green_Circle_Leaves_Environment_Logo_1_-removebg-preview.png","contentUrl":"https:\/\/naturalim.co\/wp-content\/uploads\/2023\/09\/Green_Circle_Leaves_Environment_Logo_1_-removebg-preview.png","width":500,"height":500,"caption":"Naturalim"},"image":{"@id":"https:\/\/naturalim.co\/fr\/#\/schema\/logo\/image\/"},"sameAs":["https:\/\/www.facebook.com\/people\/Naturalimdz\/100063266886704\/","https:\/\/www.instagram.com\/naturalim.dz\/"]}]}},"uagb_featured_image_src":{"full":["https:\/\/naturalim.co\/wp-content\/uploads\/2023\/11\/Ginseng-white-powder-\u062c\u0646\u0633\u0646\u062c-\u0627\u0628\u064a\u0636-naturalim.jpg",1024,731,false],"thumbnail":["https:\/\/naturalim.co\/wp-content\/uploads\/2023\/11\/Ginseng-white-powder-\u062c\u0646\u0633\u0646\u062c-\u0627\u0628\u064a\u0636-naturalim-150x150.jpg",150,150,true],"medium":["https:\/\/naturalim.co\/wp-content\/uploads\/2023\/11\/Ginseng-white-powder-\u062c\u0646\u0633\u0646\u062c-\u0627\u0628\u064a\u0636-naturalim-300x214.jpg",300,214,true],"medium_large":["https:\/\/naturalim.co\/wp-content\/uploads\/2023\/11\/Ginseng-white-powder-\u062c\u0646\u0633\u0646\u062c-\u0627\u0628\u064a\u0636-naturalim-768x548.jpg",768,548,true],"large":["https:\/\/naturalim.co\/wp-content\/uploads\/2023\/11\/Ginseng-white-powder-\u062c\u0646\u0633\u0646\u062c-\u0627\u0628\u064a\u0636-naturalim.jpg",1024,731,false],"1536x1536":["https:\/\/naturalim.co\/wp-content\/uploads\/2023\/11\/Ginseng-white-powder-\u062c\u0646\u0633\u0646\u062c-\u0627\u0628\u064a\u0636-naturalim.jpg",1024,731,false],"2048x2048":["https:\/\/naturalim.co\/wp-content\/uploads\/2023\/11\/Ginseng-white-powder-\u062c\u0646\u0633\u0646\u062c-\u0627\u0628\u064a\u0636-naturalim.jpg",1024,731,false],"trp-custom-language-flag":["https:\/\/naturalim.co\/wp-content\/uploads\/2023\/11\/Ginseng-white-powder-\u062c\u0646\u0633\u0646\u062c-\u0627\u0628\u064a\u0636-naturalim.jpg",18,12,false],"woocommerce_thumbnail":["https:\/\/naturalim.co\/wp-content\/uploads\/2023\/11\/Ginseng-white-powder-\u062c\u0646\u0633\u0646\u062c-\u0627\u0628\u064a\u0636-naturalim-300x300.jpg",300,300,true],"woocommerce_single":["https:\/\/naturalim.co\/wp-content\/uploads\/2023\/11\/Ginseng-white-powder-\u062c\u0646\u0633\u0646\u062c-\u0627\u0628\u064a\u0636-naturalim-600x428.jpg",600,428,true],"woocommerce_gallery_thumbnail":["https:\/\/naturalim.co\/wp-content\/uploads\/2023\/11\/Ginseng-white-powder-\u062c\u0646\u0633\u0646\u062c-\u0627\u0628\u064a\u0636-naturalim-100x100.jpg",100,100,true],"wc_order_status_icon":["https:\/\/naturalim.co\/wp-content\/uploads\/2023\/11\/Ginseng-white-powder-\u062c\u0646\u0633\u0646\u062c-\u0627\u0628\u064a\u0636-naturalim.jpg",32,23,false],"dgwt-wcas-product-suggestion":["https:\/\/naturalim.co\/wp-content\/uploads\/2023\/11\/Ginseng-white-powder-\u062c\u0646\u0633\u0646\u062c-\u0627\u0628\u064a\u0636-naturalim-64x46.jpg",64,46,true]},"uagb_author_info":{"display_name":"admin","author_link":"https:\/\/naturalim.co\/ar\/author\/"},"uagb_comment_info":0,"uagb_excerpt":"Le ginseng blanc est une herbe m\u00e9dicinale, adaptog\u00e8ne ancestrale, tr\u00e8s demand\u00e9e pour ses effets \u00e9nergisants et revitalisants. Il est r\u00e9put\u00e9 pour stimuler le syst\u00e8me immunitaire, am\u00e9liorer la concentration, r\u00e9duire le stress et am\u00e9liorer les performances cognitives. Cette herbe revitalise le corps et l\u2019esprit et aide \u00e0 maintenir un bien-\u00eatre optimal.","_links":{"self":[{"href":"https:\/\/naturalim.co\/ar\/wp-json\/wp\/v2\/product\/2589","targetHints":{"allow":["GET"]}}],"collection":[{"href":"https:\/\/naturalim.co\/ar\/wp-json\/wp\/v2\/product"}],"about":[{"href":"https:\/\/naturalim.co\/ar\/wp-json\/wp\/v2\/types\/product"}],"replies":[{"embeddable":true,"href":"https:\/\/naturalim.co\/ar\/wp-json\/wp\/v2\/comments?post=2589"}],"wp:featuredmedia":[{"embeddable":true,"href":"https:\/\/naturalim.co\/ar\/wp-json\/wp\/v2\/media\/3099"}],"wp:attachment":[{"href":"https:\/\/naturalim.co\/ar\/wp-json\/wp\/v2\/media?parent=2589"}],"wp:term":[{"taxonomy":"product_brand","embeddable":true,"href":"https:\/\/naturalim.co\/ar\/wp-json\/wp\/v2\/product_brand?post=2589"},{"taxonomy":"product_cat","embeddable":true,"href":"https:\/\/naturalim.co\/ar\/wp-json\/wp\/v2\/product_cat?post=2589"},{"taxonomy":"product_tag","embeddable":true,"href":"https:\/\/naturalim.co\/ar\/wp-json\/wp\/v2\/product_tag?post=2589"}],"curies":[{"name":"wp","href":"https:\/\/api.w.org\/{rel}","templated":true}]}}