{"id":2602,"date":"2023-11-22T15:27:26","date_gmt":"2023-11-22T14:27:26","guid":{"rendered":"https:\/\/naturalim.co\/?post_type=product&#038;p=2602"},"modified":"2025-08-14T16:04:28","modified_gmt":"2025-08-14T15:04:28","slug":"gomme-arabique-hechab","status":"publish","type":"product","link":"https:\/\/naturalim.co\/ar\/product\/gomme-arabique-hechab\/","title":{"rendered":"Gomme arabique Hachab en morceau"},"content":{"rendered":"<p>\u062e\u0635\u0627\u0626\u0635 \u0627\u0644\u0645\u0646\u062a\u062c :<\/p>\n<p>&#8211; UTILISATION : Cuisine, cosm\u00e9tique et parapharmaceutique (industrie agroalimentaire et autres industries).<\/p>\n<p>&#8211; Autre nom : gomme d&rsquo;acacia.<\/p>\n<hr \/>\n<p>La Gomme arabique existe en 3 types et 2 formes :<br \/>\n<strong>Types :<\/strong><br \/>\n&#8211; Gomme arabique brune (3\u00e8me choix).<br \/>\n&#8211; Gomme arabique blanche (claire) (2\u00e8me choix).<br \/>\n&#8211; Gomme arabique- Hachab (tr\u00e8s claire) (1er choix).<br \/>\n<strong>Formes :<\/strong><br \/>\n&#8211; Morceau.<br \/>\n&#8211; Poudre.<\/p>\n<hr \/>\n<p>&nbsp;<\/p>\n<p>&nbsp;<\/p>","protected":false},"excerpt":{"rendered":"<p>La gomme arabique (gomme d&rsquo;acacia) est une s\u00e8ve solidifi\u00e9e, extraite d&rsquo;arbres d\u2019Acacia etc.<br \/>\nC\u2019est une r\u00e9sine naturelle aux multiples usages.<br \/>\nElle poss\u00e8de des propri\u00e9t\u00e9s \u00e9paississantes, stabilisantes et \u00e9mulsifiantes.<br \/>\nLa gomme d&rsquo;acacia est utilis\u00e9e en cuisine, industrie alimentaire (confiseries, boissons etc.) et secteurs cosm\u00e9tiques et parapharmaceutiques.<\/p>","protected":false},"featured_media":3776,"comment_status":"open","ping_status":"closed","template":"","meta":{"_acf_changed":false,"_uag_custom_page_level_css":"","site-sidebar-layout":"default","site-content-layout":"","ast-site-content-layout":"default","site-content-style":"default","site-sidebar-style":"default","ast-global-header-display":"","ast-banner-title-visibility":"","ast-main-header-display":"","ast-hfb-above-header-display":"","ast-hfb-below-header-display":"","ast-hfb-mobile-header-display":"","site-post-title":"","ast-breadcrumbs-content":"","ast-featured-img":"","footer-sml-layout":"","ast-disable-related-posts":"","theme-transparent-header-meta":"default","adv-header-id-meta":"","stick-header-meta":"","header-above-stick-meta":"","header-main-stick-meta":"","header-below-stick-meta":"","astra-migrate-meta-layouts":"set","ast-page-background-enabled":"default","ast-page-background-meta":{"desktop":{"background-color":"var(--ast-global-color-4)","background-image":"","background-repeat":"repeat","background-position":"center center","background-size":"auto","background-attachment":"scroll","background-type":"","background-media":"","overlay-type":"","overlay-color":"","overlay-opacity":"","overlay-gradient":""},"tablet":{"background-color":"","background-image":"","background-repeat":"repeat","background-position":"center center","background-size":"auto","background-attachment":"scroll","background-type":"","background-media":"","overlay-type":"","overlay-color":"","overlay-opacity":"","overlay-gradient":""},"mobile":{"background-color":"","background-image":"","background-repeat":"repeat","background-position":"center center","background-size":"auto","background-attachment":"scroll","background-type":"","background-media":"","overlay-type":"","overlay-color":"","overlay-opacity":"","overlay-gradient":""}},"ast-content-background-meta":{"desktop":{"background-color":"var(--ast-global-color-5)","background-image":"","background-repeat":"repeat","background-position":"center center","background-size":"auto","background-attachment":"scroll","background-type":"","background-media":"","overlay-type":"","overlay-color":"","overlay-opacity":"","overlay-gradient":""},"tablet":{"background-color":"var(--ast-global-color-5)","background-image":"","background-repeat":"repeat","background-position":"center center","background-size":"auto","background-attachment":"scroll","background-type":"","background-media":"","overlay-type":"","overlay-color":"","overlay-opacity":"","overlay-gradient":""},"mobile":{"background-color":"var(--ast-global-color-5)","background-image":"","background-repeat":"repeat","background-position":"center center","background-size":"auto","background-attachment":"scroll","background-type":"","background-media":"","overlay-type":"","overlay-color":"","overlay-opacity":"","overlay-gradient":""}},"iawp_total_views":486},"product_brand":[],"product_cat":[49],"product_tag":[],"class_list":{"0":"post-2602","1":"product","2":"type-product","3":"status-publish","4":"has-post-thumbnail","6":"product_cat-herbes-medicinales-aromatiques","7":"desktop-align-center","8":"tablet-align-left","9":"mobile-align-left","11":"first","12":"instock","13":"shipping-taxable","14":"purchasable","15":"product-type-variable","16":"has-default-attributes"},"acf":[],"yoast_head":"<!-- This site is optimized with the Yoast SEO plugin v27.4 - https:\/\/yoast.com\/product\/yoast-seo-wordpress\/ -->\n<title>Gomme arabique Hachab en morceau - Naturalim<\/title>\n<meta name=\"robots\" content=\"index, follow, max-snippet:-1, max-image-preview:large, max-video-preview:-1\" \/>\n<link rel=\"canonical\" href=\"https:\/\/naturalim.co\/ar\/product\/gomme-arabique-hechab\/\" \/>\n<meta property=\"og:locale\" content=\"ar_AR\" \/>\n<meta property=\"og:type\" content=\"article\" \/>\n<meta property=\"og:title\" content=\"Gomme arabique Hachab en morceau - Naturalim\" \/>\n<meta property=\"og:description\" content=\"La gomme arabique (gomme d&#039;acacia) est une s\u00e8ve solidifi\u00e9e, extraite d&#039;arbres d\u2019Acacia etc. C\u2019est une r\u00e9sine naturelle aux multiples usages. Elle poss\u00e8de des propri\u00e9t\u00e9s \u00e9paississantes, stabilisantes et \u00e9mulsifiantes. La gomme d&#039;acacia est utilis\u00e9e en cuisine, industrie alimentaire (confiseries, boissons etc.) et secteurs cosm\u00e9tiques et parapharmaceutiques.\" \/>\n<meta property=\"og:url\" content=\"https:\/\/naturalim.co\/ar\/product\/gomme-arabique-hechab\/\" \/>\n<meta property=\"og:site_name\" content=\"Naturalim\" \/>\n<meta property=\"article:publisher\" content=\"https:\/\/www.facebook.com\/people\/Naturalimdz\/100063266886704\/\" \/>\n<meta property=\"article:modified_time\" content=\"2025-08-14T15:04:28+00:00\" \/>\n<meta property=\"og:image\" content=\"https:\/\/naturalim.co\/wp-content\/uploads\/2023\/11\/hachab-gum-arabic-\u0635\u0645\u063a-\u0639\u0631\u0628\u064a-\u0647\u0634\u0627\u0628-naturalim.jpg\" \/>\n\t<meta property=\"og:image:width\" content=\"718\" \/>\n\t<meta property=\"og:image:height\" content=\"819\" \/>\n\t<meta property=\"og:image:type\" content=\"image\/jpeg\" \/>\n<meta name=\"twitter:card\" content=\"summary_large_image\" \/>\n<meta name=\"twitter:label1\" content=\"\u0648\u0642\u062a \u0627\u0644\u0642\u0631\u0627\u0621\u0629 \u0627\u0644\u0645\u064f\u0642\u062f\u0651\u0631\" \/>\n\t<meta name=\"twitter:data1\" content=\"\u062f\u0642\u064a\u0642\u0629 \u0648\u0627\u062d\u062f\u0629\" \/>\n<script type=\"application\/ld+json\" class=\"yoast-schema-graph\">{\"@context\":\"https:\\\/\\\/schema.org\",\"@graph\":[{\"@type\":\"WebPage\",\"@id\":\"https:\\\/\\\/naturalim.co\\\/produit\\\/gomme-arabique-hechab\\\/\",\"url\":\"https:\\\/\\\/naturalim.co\\\/produit\\\/gomme-arabique-hechab\\\/\",\"name\":\"Gomme arabique Hachab en morceau - Naturalim\",\"isPartOf\":{\"@id\":\"https:\\\/\\\/naturalim.co\\\/fr\\\/#website\"},\"primaryImageOfPage\":{\"@id\":\"https:\\\/\\\/naturalim.co\\\/produit\\\/gomme-arabique-hechab\\\/#primaryimage\"},\"image\":{\"@id\":\"https:\\\/\\\/naturalim.co\\\/produit\\\/gomme-arabique-hechab\\\/#primaryimage\"},\"thumbnailUrl\":\"https:\\\/\\\/naturalim.co\\\/wp-content\\\/uploads\\\/2023\\\/11\\\/hachab-gum-arabic-\u0635\u0645\u063a-\u0639\u0631\u0628\u064a-\u0647\u0634\u0627\u0628-naturalim.jpg\",\"datePublished\":\"2023-11-22T14:27:26+00:00\",\"dateModified\":\"2025-08-14T15:04:28+00:00\",\"breadcrumb\":{\"@id\":\"https:\\\/\\\/naturalim.co\\\/produit\\\/gomme-arabique-hechab\\\/#breadcrumb\"},\"inLanguage\":\"ar\",\"potentialAction\":[{\"@type\":\"ReadAction\",\"target\":[\"https:\\\/\\\/naturalim.co\\\/produit\\\/gomme-arabique-hechab\\\/\"]}]},{\"@type\":\"ImageObject\",\"inLanguage\":\"ar\",\"@id\":\"https:\\\/\\\/naturalim.co\\\/produit\\\/gomme-arabique-hechab\\\/#primaryimage\",\"url\":\"https:\\\/\\\/naturalim.co\\\/wp-content\\\/uploads\\\/2023\\\/11\\\/hachab-gum-arabic-\u0635\u0645\u063a-\u0639\u0631\u0628\u064a-\u0647\u0634\u0627\u0628-naturalim.jpg\",\"contentUrl\":\"https:\\\/\\\/naturalim.co\\\/wp-content\\\/uploads\\\/2023\\\/11\\\/hachab-gum-arabic-\u0635\u0645\u063a-\u0639\u0631\u0628\u064a-\u0647\u0634\u0627\u0628-naturalim.jpg\",\"width\":718,\"height\":819},{\"@type\":\"BreadcrumbList\",\"@id\":\"https:\\\/\\\/naturalim.co\\\/produit\\\/gomme-arabique-hechab\\\/#breadcrumb\",\"itemListElement\":[{\"@type\":\"ListItem\",\"position\":1,\"name\":\"Home\",\"item\":\"https:\\\/\\\/naturalim.co\\\/\"},{\"@type\":\"ListItem\",\"position\":2,\"name\":\"Shop\",\"item\":\"https:\\\/\\\/naturalim.co\\\/fr\\\/shop\\\/\"},{\"@type\":\"ListItem\",\"position\":3,\"name\":\"Gomme arabique Hachab en morceau\"}]},{\"@type\":\"WebSite\",\"@id\":\"https:\\\/\\\/naturalim.co\\\/fr\\\/#website\",\"url\":\"https:\\\/\\\/naturalim.co\\\/fr\\\/\",\"name\":\"Naturalim\",\"description\":\"\",\"publisher\":{\"@id\":\"https:\\\/\\\/naturalim.co\\\/fr\\\/#organization\"},\"potentialAction\":[{\"@type\":\"SearchAction\",\"target\":{\"@type\":\"EntryPoint\",\"urlTemplate\":\"https:\\\/\\\/naturalim.co\\\/fr\\\/?s={search_term_string}\"},\"query-input\":{\"@type\":\"PropertyValueSpecification\",\"valueRequired\":true,\"valueName\":\"search_term_string\"}}],\"inLanguage\":\"ar\"},{\"@type\":\"Organization\",\"@id\":\"https:\\\/\\\/naturalim.co\\\/fr\\\/#organization\",\"name\":\"Naturalim\",\"url\":\"https:\\\/\\\/naturalim.co\\\/fr\\\/\",\"logo\":{\"@type\":\"ImageObject\",\"inLanguage\":\"ar\",\"@id\":\"https:\\\/\\\/naturalim.co\\\/fr\\\/#\\\/schema\\\/logo\\\/image\\\/\",\"url\":\"https:\\\/\\\/naturalim.co\\\/wp-content\\\/uploads\\\/2023\\\/09\\\/Green_Circle_Leaves_Environment_Logo_1_-removebg-preview.png\",\"contentUrl\":\"https:\\\/\\\/naturalim.co\\\/wp-content\\\/uploads\\\/2023\\\/09\\\/Green_Circle_Leaves_Environment_Logo_1_-removebg-preview.png\",\"width\":500,\"height\":500,\"caption\":\"Naturalim\"},\"image\":{\"@id\":\"https:\\\/\\\/naturalim.co\\\/fr\\\/#\\\/schema\\\/logo\\\/image\\\/\"},\"sameAs\":[\"https:\\\/\\\/www.facebook.com\\\/people\\\/Naturalimdz\\\/100063266886704\\\/\",\"https:\\\/\\\/www.instagram.com\\\/naturalim.dz\\\/\"]}]}<\/script>\n<!-- \/ Yoast SEO plugin. -->","yoast_head_json":{"title":"Gomme arabique Hachab en morceau - Naturalim","robots":{"index":"index","follow":"follow","max-snippet":"max-snippet:-1","max-image-preview":"max-image-preview:large","max-video-preview":"max-video-preview:-1"},"canonical":"https:\/\/naturalim.co\/ar\/product\/gomme-arabique-hechab\/","og_locale":"ar_AR","og_type":"article","og_title":"Gomme arabique Hachab en morceau - Naturalim","og_description":"La gomme arabique (gomme d'acacia) est une s\u00e8ve solidifi\u00e9e, extraite d'arbres d\u2019Acacia etc. C\u2019est une r\u00e9sine naturelle aux multiples usages. Elle poss\u00e8de des propri\u00e9t\u00e9s \u00e9paississantes, stabilisantes et \u00e9mulsifiantes. La gomme d'acacia est utilis\u00e9e en cuisine, industrie alimentaire (confiseries, boissons etc.) et secteurs cosm\u00e9tiques et parapharmaceutiques.","og_url":"https:\/\/naturalim.co\/ar\/product\/gomme-arabique-hechab\/","og_site_name":"Naturalim","article_publisher":"https:\/\/www.facebook.com\/people\/Naturalimdz\/100063266886704\/","article_modified_time":"2025-08-14T15:04:28+00:00","og_image":[{"width":718,"height":819,"url":"https:\/\/naturalim.co\/wp-content\/uploads\/2023\/11\/hachab-gum-arabic-\u0635\u0645\u063a-\u0639\u0631\u0628\u064a-\u0647\u0634\u0627\u0628-naturalim.jpg","type":"image\/jpeg"}],"twitter_card":"summary_large_image","twitter_misc":{"\u0648\u0642\u062a \u0627\u0644\u0642\u0631\u0627\u0621\u0629 \u0627\u0644\u0645\u064f\u0642\u062f\u0651\u0631":"\u062f\u0642\u064a\u0642\u0629 \u0648\u0627\u062d\u062f\u0629"},"schema":{"@context":"https:\/\/schema.org","@graph":[{"@type":"WebPage","@id":"https:\/\/naturalim.co\/produit\/gomme-arabique-hechab\/","url":"https:\/\/naturalim.co\/produit\/gomme-arabique-hechab\/","name":"Gomme arabique Hachab en morceau - Naturalim","isPartOf":{"@id":"https:\/\/naturalim.co\/fr\/#website"},"primaryImageOfPage":{"@id":"https:\/\/naturalim.co\/produit\/gomme-arabique-hechab\/#primaryimage"},"image":{"@id":"https:\/\/naturalim.co\/produit\/gomme-arabique-hechab\/#primaryimage"},"thumbnailUrl":"https:\/\/naturalim.co\/wp-content\/uploads\/2023\/11\/hachab-gum-arabic-\u0635\u0645\u063a-\u0639\u0631\u0628\u064a-\u0647\u0634\u0627\u0628-naturalim.jpg","datePublished":"2023-11-22T14:27:26+00:00","dateModified":"2025-08-14T15:04:28+00:00","breadcrumb":{"@id":"https:\/\/naturalim.co\/produit\/gomme-arabique-hechab\/#breadcrumb"},"inLanguage":"ar","potentialAction":[{"@type":"ReadAction","target":["https:\/\/naturalim.co\/produit\/gomme-arabique-hechab\/"]}]},{"@type":"ImageObject","inLanguage":"ar","@id":"https:\/\/naturalim.co\/produit\/gomme-arabique-hechab\/#primaryimage","url":"https:\/\/naturalim.co\/wp-content\/uploads\/2023\/11\/hachab-gum-arabic-\u0635\u0645\u063a-\u0639\u0631\u0628\u064a-\u0647\u0634\u0627\u0628-naturalim.jpg","contentUrl":"https:\/\/naturalim.co\/wp-content\/uploads\/2023\/11\/hachab-gum-arabic-\u0635\u0645\u063a-\u0639\u0631\u0628\u064a-\u0647\u0634\u0627\u0628-naturalim.jpg","width":718,"height":819},{"@type":"BreadcrumbList","@id":"https:\/\/naturalim.co\/produit\/gomme-arabique-hechab\/#breadcrumb","itemListElement":[{"@type":"ListItem","position":1,"name":"Home","item":"https:\/\/naturalim.co\/"},{"@type":"ListItem","position":2,"name":"Shop","item":"https:\/\/naturalim.co\/fr\/shop\/"},{"@type":"ListItem","position":3,"name":"Gomme arabique Hachab en morceau"}]},{"@type":"WebSite","@id":"https:\/\/naturalim.co\/fr\/#website","url":"https:\/\/naturalim.co\/fr\/","name":"Naturalim","description":"","publisher":{"@id":"https:\/\/naturalim.co\/fr\/#organization"},"potentialAction":[{"@type":"SearchAction","target":{"@type":"EntryPoint","urlTemplate":"https:\/\/naturalim.co\/fr\/?s={search_term_string}"},"query-input":{"@type":"PropertyValueSpecification","valueRequired":true,"valueName":"search_term_string"}}],"inLanguage":"ar"},{"@type":"Organization","@id":"https:\/\/naturalim.co\/fr\/#organization","name":"Naturalim","url":"https:\/\/naturalim.co\/fr\/","logo":{"@type":"ImageObject","inLanguage":"ar","@id":"https:\/\/naturalim.co\/fr\/#\/schema\/logo\/image\/","url":"https:\/\/naturalim.co\/wp-content\/uploads\/2023\/09\/Green_Circle_Leaves_Environment_Logo_1_-removebg-preview.png","contentUrl":"https:\/\/naturalim.co\/wp-content\/uploads\/2023\/09\/Green_Circle_Leaves_Environment_Logo_1_-removebg-preview.png","width":500,"height":500,"caption":"Naturalim"},"image":{"@id":"https:\/\/naturalim.co\/fr\/#\/schema\/logo\/image\/"},"sameAs":["https:\/\/www.facebook.com\/people\/Naturalimdz\/100063266886704\/","https:\/\/www.instagram.com\/naturalim.dz\/"]}]}},"uagb_featured_image_src":{"full":["https:\/\/naturalim.co\/wp-content\/uploads\/2023\/11\/hachab-gum-arabic-\u0635\u0645\u063a-\u0639\u0631\u0628\u064a-\u0647\u0634\u0627\u0628-naturalim.jpg",718,819,false],"thumbnail":["https:\/\/naturalim.co\/wp-content\/uploads\/2023\/11\/hachab-gum-arabic-\u0635\u0645\u063a-\u0639\u0631\u0628\u064a-\u0647\u0634\u0627\u0628-naturalim-150x150.jpg",150,150,true],"medium":["https:\/\/naturalim.co\/wp-content\/uploads\/2023\/11\/hachab-gum-arabic-\u0635\u0645\u063a-\u0639\u0631\u0628\u064a-\u0647\u0634\u0627\u0628-naturalim-263x300.jpg",263,300,true],"medium_large":["https:\/\/naturalim.co\/wp-content\/uploads\/2023\/11\/hachab-gum-arabic-\u0635\u0645\u063a-\u0639\u0631\u0628\u064a-\u0647\u0634\u0627\u0628-naturalim.jpg",718,819,false],"large":["https:\/\/naturalim.co\/wp-content\/uploads\/2023\/11\/hachab-gum-arabic-\u0635\u0645\u063a-\u0639\u0631\u0628\u064a-\u0647\u0634\u0627\u0628-naturalim.jpg",718,819,false],"1536x1536":["https:\/\/naturalim.co\/wp-content\/uploads\/2023\/11\/hachab-gum-arabic-\u0635\u0645\u063a-\u0639\u0631\u0628\u064a-\u0647\u0634\u0627\u0628-naturalim.jpg",718,819,false],"2048x2048":["https:\/\/naturalim.co\/wp-content\/uploads\/2023\/11\/hachab-gum-arabic-\u0635\u0645\u063a-\u0639\u0631\u0628\u064a-\u0647\u0634\u0627\u0628-naturalim.jpg",718,819,false],"trp-custom-language-flag":["https:\/\/naturalim.co\/wp-content\/uploads\/2023\/11\/hachab-gum-arabic-\u0635\u0645\u063a-\u0639\u0631\u0628\u064a-\u0647\u0634\u0627\u0628-naturalim-11x12.jpg",11,12,true],"woocommerce_thumbnail":["https:\/\/naturalim.co\/wp-content\/uploads\/2023\/11\/hachab-gum-arabic-\u0635\u0645\u063a-\u0639\u0631\u0628\u064a-\u0647\u0634\u0627\u0628-naturalim-300x300.jpg",300,300,true],"woocommerce_single":["https:\/\/naturalim.co\/wp-content\/uploads\/2023\/11\/hachab-gum-arabic-\u0635\u0645\u063a-\u0639\u0631\u0628\u064a-\u0647\u0634\u0627\u0628-naturalim-600x684.jpg",600,684,true],"woocommerce_gallery_thumbnail":["https:\/\/naturalim.co\/wp-content\/uploads\/2023\/11\/hachab-gum-arabic-\u0635\u0645\u063a-\u0639\u0631\u0628\u064a-\u0647\u0634\u0627\u0628-naturalim-100x100.jpg",100,100,true],"wc_order_status_icon":["https:\/\/naturalim.co\/wp-content\/uploads\/2023\/11\/hachab-gum-arabic-\u0635\u0645\u063a-\u0639\u0631\u0628\u064a-\u0647\u0634\u0627\u0628-naturalim.jpg",28,32,false],"dgwt-wcas-product-suggestion":["https:\/\/naturalim.co\/wp-content\/uploads\/2023\/11\/hachab-gum-arabic-\u0635\u0645\u063a-\u0639\u0631\u0628\u064a-\u0647\u0634\u0627\u0628-naturalim-64x73.jpg",64,73,true]},"uagb_author_info":{"display_name":"admin","author_link":"https:\/\/naturalim.co\/ar\/author\/"},"uagb_comment_info":0,"uagb_excerpt":"La gomme arabique (gomme d'acacia) est une s\u00e8ve solidifi\u00e9e, extraite d'arbres d\u2019Acacia etc. C\u2019est une r\u00e9sine naturelle aux multiples usages. Elle poss\u00e8de des propri\u00e9t\u00e9s \u00e9paississantes, stabilisantes et \u00e9mulsifiantes. La gomme d'acacia est utilis\u00e9e en cuisine, industrie alimentaire (confiseries, boissons etc.) et secteurs cosm\u00e9tiques et parapharmaceutiques.","_links":{"self":[{"href":"https:\/\/naturalim.co\/ar\/wp-json\/wp\/v2\/product\/2602","targetHints":{"allow":["GET"]}}],"collection":[{"href":"https:\/\/naturalim.co\/ar\/wp-json\/wp\/v2\/product"}],"about":[{"href":"https:\/\/naturalim.co\/ar\/wp-json\/wp\/v2\/types\/product"}],"replies":[{"embeddable":true,"href":"https:\/\/naturalim.co\/ar\/wp-json\/wp\/v2\/comments?post=2602"}],"wp:featuredmedia":[{"embeddable":true,"href":"https:\/\/naturalim.co\/ar\/wp-json\/wp\/v2\/media\/3776"}],"wp:attachment":[{"href":"https:\/\/naturalim.co\/ar\/wp-json\/wp\/v2\/media?parent=2602"}],"wp:term":[{"taxonomy":"product_brand","embeddable":true,"href":"https:\/\/naturalim.co\/ar\/wp-json\/wp\/v2\/product_brand?post=2602"},{"taxonomy":"product_cat","embeddable":true,"href":"https:\/\/naturalim.co\/ar\/wp-json\/wp\/v2\/product_cat?post=2602"},{"taxonomy":"product_tag","embeddable":true,"href":"https:\/\/naturalim.co\/ar\/wp-json\/wp\/v2\/product_tag?post=2602"}],"curies":[{"name":"wp","href":"https:\/\/api.w.org\/{rel}","templated":true}]}}