{"id":2603,"date":"2023-11-22T15:27:26","date_gmt":"2023-11-22T14:27:26","guid":{"rendered":"https:\/\/naturalim.co\/?post_type=product&#038;p=2603"},"modified":"2025-09-04T14:41:59","modified_gmt":"2025-09-04T13:41:59","slug":"guarana-bio-poudre","status":"publish","type":"product","link":"https:\/\/naturalim.co\/ar\/product\/guarana-bio-poudre\/","title":{"rendered":"Guarana en poudre Bio"},"content":{"rendered":"<p>\u062e\u0635\u0627\u0626\u0635 \u0627\u0644\u0645\u0646\u062a\u062c :<\/p>\n<p>-BIO : lorsque le produit est bio ses bienfaits sont maximis\u00e9s.<\/p>\n<p>-Pays d\u2019importation : Espagne.<\/p>","protected":false},"excerpt":{"rendered":"<p>Le guarana est une plante originaire d&rsquo;Amazonie (Br\u00e9sil), utilis\u00e9 comme compl\u00e9ment alimentaire. Il aide \u00e0 stimuler l&rsquo;\u00e9nergie, am\u00e9liorer la concentration et r\u00e9duire la fatigue.<br \/>\nProduit naturel, parfait pour un boost quotidien et id\u00e9al pour les personnes actives, les sportifs et les \u00e9tudiants.<\/p>","protected":false},"featured_media":3093,"comment_status":"open","ping_status":"closed","template":"","meta":{"_acf_changed":false,"_uag_custom_page_level_css":"","site-sidebar-layout":"default","site-content-layout":"","ast-site-content-layout":"default","site-content-style":"default","site-sidebar-style":"default","ast-global-header-display":"","ast-banner-title-visibility":"","ast-main-header-display":"","ast-hfb-above-header-display":"","ast-hfb-below-header-display":"","ast-hfb-mobile-header-display":"","site-post-title":"","ast-breadcrumbs-content":"","ast-featured-img":"","footer-sml-layout":"","ast-disable-related-posts":"","theme-transparent-header-meta":"default","adv-header-id-meta":"","stick-header-meta":"","header-above-stick-meta":"","header-main-stick-meta":"","header-below-stick-meta":"","astra-migrate-meta-layouts":"set","ast-page-background-enabled":"default","ast-page-background-meta":{"desktop":{"background-color":"var(--ast-global-color-4)","background-image":"","background-repeat":"repeat","background-position":"center center","background-size":"auto","background-attachment":"scroll","background-type":"","background-media":"","overlay-type":"","overlay-color":"","overlay-opacity":"","overlay-gradient":""},"tablet":{"background-color":"","background-image":"","background-repeat":"repeat","background-position":"center center","background-size":"auto","background-attachment":"scroll","background-type":"","background-media":"","overlay-type":"","overlay-color":"","overlay-opacity":"","overlay-gradient":""},"mobile":{"background-color":"","background-image":"","background-repeat":"repeat","background-position":"center center","background-size":"auto","background-attachment":"scroll","background-type":"","background-media":"","overlay-type":"","overlay-color":"","overlay-opacity":"","overlay-gradient":""}},"ast-content-background-meta":{"desktop":{"background-color":"var(--ast-global-color-5)","background-image":"","background-repeat":"repeat","background-position":"center center","background-size":"auto","background-attachment":"scroll","background-type":"","background-media":"","overlay-type":"","overlay-color":"","overlay-opacity":"","overlay-gradient":""},"tablet":{"background-color":"var(--ast-global-color-5)","background-image":"","background-repeat":"repeat","background-position":"center center","background-size":"auto","background-attachment":"scroll","background-type":"","background-media":"","overlay-type":"","overlay-color":"","overlay-opacity":"","overlay-gradient":""},"mobile":{"background-color":"var(--ast-global-color-5)","background-image":"","background-repeat":"repeat","background-position":"center center","background-size":"auto","background-attachment":"scroll","background-type":"","background-media":"","overlay-type":"","overlay-color":"","overlay-opacity":"","overlay-gradient":""}},"iawp_total_views":682},"product_brand":[],"product_cat":[49,51],"product_tag":[],"class_list":{"0":"post-2603","1":"product","2":"type-product","3":"status-publish","4":"has-post-thumbnail","6":"product_cat-herbes-medicinales-aromatiques","7":"product_cat-superaliments","8":"desktop-align-center","9":"tablet-align-left","10":"mobile-align-left","12":"first","13":"instock","14":"shipping-taxable","15":"purchasable","16":"product-type-variable","17":"has-default-attributes"},"acf":[],"yoast_head":"<!-- This site is optimized with the Yoast SEO plugin v27.4 - https:\/\/yoast.com\/product\/yoast-seo-wordpress\/ -->\n<title>Guarana en poudre Bio - Naturalim<\/title>\n<meta name=\"robots\" content=\"index, follow, max-snippet:-1, max-image-preview:large, max-video-preview:-1\" \/>\n<link rel=\"canonical\" href=\"https:\/\/naturalim.co\/ar\/product\/guarana-bio-poudre\/\" \/>\n<meta property=\"og:locale\" content=\"ar_AR\" \/>\n<meta property=\"og:type\" content=\"article\" \/>\n<meta property=\"og:title\" content=\"Guarana en poudre Bio - Naturalim\" \/>\n<meta property=\"og:description\" content=\"Le guarana est une plante originaire d&#039;Amazonie (Br\u00e9sil), utilis\u00e9 comme compl\u00e9ment alimentaire. Il aide \u00e0 stimuler l&#039;\u00e9nergie, am\u00e9liorer la concentration et r\u00e9duire la fatigue. Produit naturel, parfait pour un boost quotidien et id\u00e9al pour les personnes actives, les sportifs et les \u00e9tudiants.\" \/>\n<meta property=\"og:url\" content=\"https:\/\/naturalim.co\/ar\/product\/guarana-bio-poudre\/\" \/>\n<meta property=\"og:site_name\" content=\"Naturalim\" \/>\n<meta property=\"article:publisher\" content=\"https:\/\/www.facebook.com\/people\/Naturalimdz\/100063266886704\/\" \/>\n<meta property=\"article:modified_time\" content=\"2025-09-04T13:41:59+00:00\" \/>\n<meta property=\"og:image\" content=\"https:\/\/naturalim.co\/wp-content\/uploads\/2023\/11\/Guarana-powder-\u0645\u0633\u062d\u0648\u0642-\u0627\u0644\u063a\u0648\u0627\u0631\u0627\u0646\u0627-naturalim.jpg\" \/>\n\t<meta property=\"og:image:width\" content=\"2223\" \/>\n\t<meta property=\"og:image:height\" content=\"1668\" \/>\n\t<meta property=\"og:image:type\" content=\"image\/jpeg\" \/>\n<meta name=\"twitter:card\" content=\"summary_large_image\" \/>\n<meta name=\"twitter:label1\" content=\"\u0648\u0642\u062a \u0627\u0644\u0642\u0631\u0627\u0621\u0629 \u0627\u0644\u0645\u064f\u0642\u062f\u0651\u0631\" \/>\n\t<meta name=\"twitter:data1\" content=\"\u062f\u0642\u064a\u0642\u0629 \u0648\u0627\u062d\u062f\u0629\" \/>\n<script type=\"application\/ld+json\" class=\"yoast-schema-graph\">{\"@context\":\"https:\\\/\\\/schema.org\",\"@graph\":[{\"@type\":\"WebPage\",\"@id\":\"https:\\\/\\\/naturalim.co\\\/produit\\\/guarana-bio-poudre\\\/\",\"url\":\"https:\\\/\\\/naturalim.co\\\/produit\\\/guarana-bio-poudre\\\/\",\"name\":\"Guarana en poudre Bio - Naturalim\",\"isPartOf\":{\"@id\":\"https:\\\/\\\/naturalim.co\\\/fr\\\/#website\"},\"primaryImageOfPage\":{\"@id\":\"https:\\\/\\\/naturalim.co\\\/produit\\\/guarana-bio-poudre\\\/#primaryimage\"},\"image\":{\"@id\":\"https:\\\/\\\/naturalim.co\\\/produit\\\/guarana-bio-poudre\\\/#primaryimage\"},\"thumbnailUrl\":\"https:\\\/\\\/naturalim.co\\\/wp-content\\\/uploads\\\/2023\\\/11\\\/Guarana-powder-\u0645\u0633\u062d\u0648\u0642-\u0627\u0644\u063a\u0648\u0627\u0631\u0627\u0646\u0627-naturalim.jpg\",\"datePublished\":\"2023-11-22T14:27:26+00:00\",\"dateModified\":\"2025-09-04T13:41:59+00:00\",\"breadcrumb\":{\"@id\":\"https:\\\/\\\/naturalim.co\\\/produit\\\/guarana-bio-poudre\\\/#breadcrumb\"},\"inLanguage\":\"ar\",\"potentialAction\":[{\"@type\":\"ReadAction\",\"target\":[\"https:\\\/\\\/naturalim.co\\\/produit\\\/guarana-bio-poudre\\\/\"]}]},{\"@type\":\"ImageObject\",\"inLanguage\":\"ar\",\"@id\":\"https:\\\/\\\/naturalim.co\\\/produit\\\/guarana-bio-poudre\\\/#primaryimage\",\"url\":\"https:\\\/\\\/naturalim.co\\\/wp-content\\\/uploads\\\/2023\\\/11\\\/Guarana-powder-\u0645\u0633\u062d\u0648\u0642-\u0627\u0644\u063a\u0648\u0627\u0631\u0627\u0646\u0627-naturalim.jpg\",\"contentUrl\":\"https:\\\/\\\/naturalim.co\\\/wp-content\\\/uploads\\\/2023\\\/11\\\/Guarana-powder-\u0645\u0633\u062d\u0648\u0642-\u0627\u0644\u063a\u0648\u0627\u0631\u0627\u0646\u0627-naturalim.jpg\",\"width\":2223,\"height\":1668},{\"@type\":\"BreadcrumbList\",\"@id\":\"https:\\\/\\\/naturalim.co\\\/produit\\\/guarana-bio-poudre\\\/#breadcrumb\",\"itemListElement\":[{\"@type\":\"ListItem\",\"position\":1,\"name\":\"Home\",\"item\":\"https:\\\/\\\/naturalim.co\\\/\"},{\"@type\":\"ListItem\",\"position\":2,\"name\":\"Shop\",\"item\":\"https:\\\/\\\/naturalim.co\\\/fr\\\/shop\\\/\"},{\"@type\":\"ListItem\",\"position\":3,\"name\":\"Guarana en poudre Bio\"}]},{\"@type\":\"WebSite\",\"@id\":\"https:\\\/\\\/naturalim.co\\\/fr\\\/#website\",\"url\":\"https:\\\/\\\/naturalim.co\\\/fr\\\/\",\"name\":\"Naturalim\",\"description\":\"\",\"publisher\":{\"@id\":\"https:\\\/\\\/naturalim.co\\\/fr\\\/#organization\"},\"potentialAction\":[{\"@type\":\"SearchAction\",\"target\":{\"@type\":\"EntryPoint\",\"urlTemplate\":\"https:\\\/\\\/naturalim.co\\\/fr\\\/?s={search_term_string}\"},\"query-input\":{\"@type\":\"PropertyValueSpecification\",\"valueRequired\":true,\"valueName\":\"search_term_string\"}}],\"inLanguage\":\"ar\"},{\"@type\":\"Organization\",\"@id\":\"https:\\\/\\\/naturalim.co\\\/fr\\\/#organization\",\"name\":\"Naturalim\",\"url\":\"https:\\\/\\\/naturalim.co\\\/fr\\\/\",\"logo\":{\"@type\":\"ImageObject\",\"inLanguage\":\"ar\",\"@id\":\"https:\\\/\\\/naturalim.co\\\/fr\\\/#\\\/schema\\\/logo\\\/image\\\/\",\"url\":\"https:\\\/\\\/naturalim.co\\\/wp-content\\\/uploads\\\/2023\\\/09\\\/Green_Circle_Leaves_Environment_Logo_1_-removebg-preview.png\",\"contentUrl\":\"https:\\\/\\\/naturalim.co\\\/wp-content\\\/uploads\\\/2023\\\/09\\\/Green_Circle_Leaves_Environment_Logo_1_-removebg-preview.png\",\"width\":500,\"height\":500,\"caption\":\"Naturalim\"},\"image\":{\"@id\":\"https:\\\/\\\/naturalim.co\\\/fr\\\/#\\\/schema\\\/logo\\\/image\\\/\"},\"sameAs\":[\"https:\\\/\\\/www.facebook.com\\\/people\\\/Naturalimdz\\\/100063266886704\\\/\",\"https:\\\/\\\/www.instagram.com\\\/naturalim.dz\\\/\"]}]}<\/script>\n<!-- \/ Yoast SEO plugin. -->","yoast_head_json":{"title":"Guarana en poudre Bio - Naturalim","robots":{"index":"index","follow":"follow","max-snippet":"max-snippet:-1","max-image-preview":"max-image-preview:large","max-video-preview":"max-video-preview:-1"},"canonical":"https:\/\/naturalim.co\/ar\/product\/guarana-bio-poudre\/","og_locale":"ar_AR","og_type":"article","og_title":"Guarana en poudre Bio - Naturalim","og_description":"Le guarana est une plante originaire d'Amazonie (Br\u00e9sil), utilis\u00e9 comme compl\u00e9ment alimentaire. Il aide \u00e0 stimuler l'\u00e9nergie, am\u00e9liorer la concentration et r\u00e9duire la fatigue. Produit naturel, parfait pour un boost quotidien et id\u00e9al pour les personnes actives, les sportifs et les \u00e9tudiants.","og_url":"https:\/\/naturalim.co\/ar\/product\/guarana-bio-poudre\/","og_site_name":"Naturalim","article_publisher":"https:\/\/www.facebook.com\/people\/Naturalimdz\/100063266886704\/","article_modified_time":"2025-09-04T13:41:59+00:00","og_image":[{"width":2223,"height":1668,"url":"https:\/\/naturalim.co\/wp-content\/uploads\/2023\/11\/Guarana-powder-\u0645\u0633\u062d\u0648\u0642-\u0627\u0644\u063a\u0648\u0627\u0631\u0627\u0646\u0627-naturalim.jpg","type":"image\/jpeg"}],"twitter_card":"summary_large_image","twitter_misc":{"\u0648\u0642\u062a \u0627\u0644\u0642\u0631\u0627\u0621\u0629 \u0627\u0644\u0645\u064f\u0642\u062f\u0651\u0631":"\u062f\u0642\u064a\u0642\u0629 \u0648\u0627\u062d\u062f\u0629"},"schema":{"@context":"https:\/\/schema.org","@graph":[{"@type":"WebPage","@id":"https:\/\/naturalim.co\/produit\/guarana-bio-poudre\/","url":"https:\/\/naturalim.co\/produit\/guarana-bio-poudre\/","name":"Guarana en poudre Bio - Naturalim","isPartOf":{"@id":"https:\/\/naturalim.co\/fr\/#website"},"primaryImageOfPage":{"@id":"https:\/\/naturalim.co\/produit\/guarana-bio-poudre\/#primaryimage"},"image":{"@id":"https:\/\/naturalim.co\/produit\/guarana-bio-poudre\/#primaryimage"},"thumbnailUrl":"https:\/\/naturalim.co\/wp-content\/uploads\/2023\/11\/Guarana-powder-\u0645\u0633\u062d\u0648\u0642-\u0627\u0644\u063a\u0648\u0627\u0631\u0627\u0646\u0627-naturalim.jpg","datePublished":"2023-11-22T14:27:26+00:00","dateModified":"2025-09-04T13:41:59+00:00","breadcrumb":{"@id":"https:\/\/naturalim.co\/produit\/guarana-bio-poudre\/#breadcrumb"},"inLanguage":"ar","potentialAction":[{"@type":"ReadAction","target":["https:\/\/naturalim.co\/produit\/guarana-bio-poudre\/"]}]},{"@type":"ImageObject","inLanguage":"ar","@id":"https:\/\/naturalim.co\/produit\/guarana-bio-poudre\/#primaryimage","url":"https:\/\/naturalim.co\/wp-content\/uploads\/2023\/11\/Guarana-powder-\u0645\u0633\u062d\u0648\u0642-\u0627\u0644\u063a\u0648\u0627\u0631\u0627\u0646\u0627-naturalim.jpg","contentUrl":"https:\/\/naturalim.co\/wp-content\/uploads\/2023\/11\/Guarana-powder-\u0645\u0633\u062d\u0648\u0642-\u0627\u0644\u063a\u0648\u0627\u0631\u0627\u0646\u0627-naturalim.jpg","width":2223,"height":1668},{"@type":"BreadcrumbList","@id":"https:\/\/naturalim.co\/produit\/guarana-bio-poudre\/#breadcrumb","itemListElement":[{"@type":"ListItem","position":1,"name":"Home","item":"https:\/\/naturalim.co\/"},{"@type":"ListItem","position":2,"name":"Shop","item":"https:\/\/naturalim.co\/fr\/shop\/"},{"@type":"ListItem","position":3,"name":"Guarana en poudre Bio"}]},{"@type":"WebSite","@id":"https:\/\/naturalim.co\/fr\/#website","url":"https:\/\/naturalim.co\/fr\/","name":"Naturalim","description":"","publisher":{"@id":"https:\/\/naturalim.co\/fr\/#organization"},"potentialAction":[{"@type":"SearchAction","target":{"@type":"EntryPoint","urlTemplate":"https:\/\/naturalim.co\/fr\/?s={search_term_string}"},"query-input":{"@type":"PropertyValueSpecification","valueRequired":true,"valueName":"search_term_string"}}],"inLanguage":"ar"},{"@type":"Organization","@id":"https:\/\/naturalim.co\/fr\/#organization","name":"Naturalim","url":"https:\/\/naturalim.co\/fr\/","logo":{"@type":"ImageObject","inLanguage":"ar","@id":"https:\/\/naturalim.co\/fr\/#\/schema\/logo\/image\/","url":"https:\/\/naturalim.co\/wp-content\/uploads\/2023\/09\/Green_Circle_Leaves_Environment_Logo_1_-removebg-preview.png","contentUrl":"https:\/\/naturalim.co\/wp-content\/uploads\/2023\/09\/Green_Circle_Leaves_Environment_Logo_1_-removebg-preview.png","width":500,"height":500,"caption":"Naturalim"},"image":{"@id":"https:\/\/naturalim.co\/fr\/#\/schema\/logo\/image\/"},"sameAs":["https:\/\/www.facebook.com\/people\/Naturalimdz\/100063266886704\/","https:\/\/www.instagram.com\/naturalim.dz\/"]}]}},"uagb_featured_image_src":{"full":["https:\/\/naturalim.co\/wp-content\/uploads\/2023\/11\/Guarana-powder-\u0645\u0633\u062d\u0648\u0642-\u0627\u0644\u063a\u0648\u0627\u0631\u0627\u0646\u0627-naturalim.jpg",2223,1668,false],"thumbnail":["https:\/\/naturalim.co\/wp-content\/uploads\/2023\/11\/Guarana-powder-\u0645\u0633\u062d\u0648\u0642-\u0627\u0644\u063a\u0648\u0627\u0631\u0627\u0646\u0627-naturalim-150x150.jpg",150,150,true],"medium":["https:\/\/naturalim.co\/wp-content\/uploads\/2023\/11\/Guarana-powder-\u0645\u0633\u062d\u0648\u0642-\u0627\u0644\u063a\u0648\u0627\u0631\u0627\u0646\u0627-naturalim-300x225.jpg",300,225,true],"medium_large":["https:\/\/naturalim.co\/wp-content\/uploads\/2023\/11\/Guarana-powder-\u0645\u0633\u062d\u0648\u0642-\u0627\u0644\u063a\u0648\u0627\u0631\u0627\u0646\u0627-naturalim-768x576.jpg",768,576,true],"large":["https:\/\/naturalim.co\/wp-content\/uploads\/2023\/11\/Guarana-powder-\u0645\u0633\u062d\u0648\u0642-\u0627\u0644\u063a\u0648\u0627\u0631\u0627\u0646\u0627-naturalim-1024x768.jpg",1024,768,true],"1536x1536":["https:\/\/naturalim.co\/wp-content\/uploads\/2023\/11\/Guarana-powder-\u0645\u0633\u062d\u0648\u0642-\u0627\u0644\u063a\u0648\u0627\u0631\u0627\u0646\u0627-naturalim-1536x1153.jpg",1536,1153,true],"2048x2048":["https:\/\/naturalim.co\/wp-content\/uploads\/2023\/11\/Guarana-powder-\u0645\u0633\u062d\u0648\u0642-\u0627\u0644\u063a\u0648\u0627\u0631\u0627\u0646\u0627-naturalim-2048x1537.jpg",2048,1537,true],"trp-custom-language-flag":["https:\/\/naturalim.co\/wp-content\/uploads\/2023\/11\/Guarana-powder-\u0645\u0633\u062d\u0648\u0642-\u0627\u0644\u063a\u0648\u0627\u0631\u0627\u0646\u0627-naturalim.jpg",16,12,false],"woocommerce_thumbnail":["https:\/\/naturalim.co\/wp-content\/uploads\/2023\/11\/Guarana-powder-\u0645\u0633\u062d\u0648\u0642-\u0627\u0644\u063a\u0648\u0627\u0631\u0627\u0646\u0627-naturalim-300x300.jpg",300,300,true],"woocommerce_single":["https:\/\/naturalim.co\/wp-content\/uploads\/2023\/11\/Guarana-powder-\u0645\u0633\u062d\u0648\u0642-\u0627\u0644\u063a\u0648\u0627\u0631\u0627\u0646\u0627-naturalim-600x450.jpg",600,450,true],"woocommerce_gallery_thumbnail":["https:\/\/naturalim.co\/wp-content\/uploads\/2023\/11\/Guarana-powder-\u0645\u0633\u062d\u0648\u0642-\u0627\u0644\u063a\u0648\u0627\u0631\u0627\u0646\u0627-naturalim-100x100.jpg",100,100,true],"wc_order_status_icon":["https:\/\/naturalim.co\/wp-content\/uploads\/2023\/11\/Guarana-powder-\u0645\u0633\u062d\u0648\u0642-\u0627\u0644\u063a\u0648\u0627\u0631\u0627\u0646\u0627-naturalim.jpg",32,24,false],"dgwt-wcas-product-suggestion":["https:\/\/naturalim.co\/wp-content\/uploads\/2023\/11\/Guarana-powder-\u0645\u0633\u062d\u0648\u0642-\u0627\u0644\u063a\u0648\u0627\u0631\u0627\u0646\u0627-naturalim-64x48.jpg",64,48,true]},"uagb_author_info":{"display_name":"admin","author_link":"https:\/\/naturalim.co\/ar\/author\/"},"uagb_comment_info":0,"uagb_excerpt":"Le guarana est une plante originaire d'Amazonie (Br\u00e9sil), utilis\u00e9 comme compl\u00e9ment alimentaire. Il aide \u00e0 stimuler l'\u00e9nergie, am\u00e9liorer la concentration et r\u00e9duire la fatigue. Produit naturel, parfait pour un boost quotidien et id\u00e9al pour les personnes actives, les sportifs et les \u00e9tudiants.","_links":{"self":[{"href":"https:\/\/naturalim.co\/ar\/wp-json\/wp\/v2\/product\/2603","targetHints":{"allow":["GET"]}}],"collection":[{"href":"https:\/\/naturalim.co\/ar\/wp-json\/wp\/v2\/product"}],"about":[{"href":"https:\/\/naturalim.co\/ar\/wp-json\/wp\/v2\/types\/product"}],"replies":[{"embeddable":true,"href":"https:\/\/naturalim.co\/ar\/wp-json\/wp\/v2\/comments?post=2603"}],"wp:featuredmedia":[{"embeddable":true,"href":"https:\/\/naturalim.co\/ar\/wp-json\/wp\/v2\/media\/3093"}],"wp:attachment":[{"href":"https:\/\/naturalim.co\/ar\/wp-json\/wp\/v2\/media?parent=2603"}],"wp:term":[{"taxonomy":"product_brand","embeddable":true,"href":"https:\/\/naturalim.co\/ar\/wp-json\/wp\/v2\/product_brand?post=2603"},{"taxonomy":"product_cat","embeddable":true,"href":"https:\/\/naturalim.co\/ar\/wp-json\/wp\/v2\/product_cat?post=2603"},{"taxonomy":"product_tag","embeddable":true,"href":"https:\/\/naturalim.co\/ar\/wp-json\/wp\/v2\/product_tag?post=2603"}],"curies":[{"name":"wp","href":"https:\/\/api.w.org\/{rel}","templated":true}]}}