{"id":2604,"date":"2023-11-22T15:27:26","date_gmt":"2023-11-22T14:27:26","guid":{"rendered":"https:\/\/naturalim.co\/?post_type=product&#038;p=2604"},"modified":"2026-02-05T12:17:49","modified_gmt":"2026-02-05T11:17:49","slug":"gymnema-sylvestre-poudre","status":"publish","type":"product","link":"https:\/\/naturalim.co\/ar\/product\/gymnema-sylvestre-poudre\/","title":{"rendered":"\u0645\u0633\u062d\u0648\u0642 \u0627\u0644\u062c\u0645\u0646\u064a\u0645\u0627"},"content":{"rendered":"<p>GYMNEMA SYLVESTRE &#8211; BIENFAITS:<br \/>\n\u2022 Supprime la sensation de go\u00fbt sucr\u00e9 pendant 1 \u00e0 2 heures.<br \/>\n\u2022 Limite les envies de grignotage.<br \/>\n\u2022 Inhibe partiellement l\u2019absorption de sucre de l\u2019intestin gr\u00eale.<br \/>\n\u2022 Agit sur la s\u00e9cr\u00e9tion d\u2019insuline.<br \/>\n\u2022 Efficace sur le diab\u00e8te de type -2.<br \/>\n\u2022 Favorise la perte de poids.<br \/>\n\u2022 Prot\u00e8ge le syst\u00e8me cardiovasculaire (cholest\u00e9rol etc.)<br \/>\n\u2022 Poss\u00e8de une action antioxydante.<br \/>\n\u2022 Stimule le syst\u00e8me immunitaire.<br \/>\n\u2022 Exerce une Activit\u00e9 antimicrobienne.<br \/>\n&#8212;&#8212;&#8212;&#8212;&#8212;&#8212;&#8212;&#8212;&#8212;&#8212;&#8212;&#8212;&#8212;&#8212;&#8212;&#8212;&#8212;&#8212;&#8212;&#8212;&#8212;&#8212;&#8212;&#8212;&#8212;&#8212;&#8212;&#8212;&#8212;&#8212;&#8212;&#8212;&#8212;&#8212;&#8212;&#8212;&#8212;&#8212;&#8212;&#8212;&#8212;&#8212;&#8212;&#8212;&#8212;&#8212;&#8212;&#8212;&#8212;&#8212;<br \/>\nCONSOMMATION \/ UTILISATION : AVERTISSEMENT<br \/>\n&#8211; D\u00e9conseill\u00e9 aux enfants et aux femmes enceintes ou allaitantes.<br \/>\n&#8211; Ne pas associer avec le millepertuis et la consommation d\u2019aspirine.<br \/>\n&#8211; En cas de traitement anti-diab\u00e8te, demander l\u2019avis du m\u00e9decin.<br \/>\nLe Gymnema peut interagir avec d\u2019autres m\u00e9dicaments hypoglyc\u00e9minants et entra\u00eener une baisse excessive de la glyc\u00e9mie.<br \/>\n&#8212;&#8212;&#8212;&#8212;&#8212;&#8212;&#8212;&#8212;&#8212;&#8212;&#8212;&#8212;&#8212;&#8212;&#8212;&#8212;&#8212;&#8212;&#8212;&#8212;&#8212;&#8212;&#8212;&#8212;&#8212;&#8212;&#8212;&#8212;&#8212;&#8212;&#8212;&#8212;&#8212;&#8212;&#8212;&#8212;&#8212;&#8212;&#8212;&#8212;&#8212;&#8212;&#8212;&#8212;&#8212;&#8212;&#8212;&#8212;&#8212;&#8212;<br \/>\nCONSOMMATION : DOSAGE<br \/>\n1 \u00e0 2 CAC (cuill\u00e8re \u00e0 caf\u00e9) \/ jour, de gymn\u00e9ma en poudre, dans une tasse de 250 ml d\u2019eau.<br \/>\n&#8212;&#8212;&#8212;&#8212;&#8212;&#8212;&#8212;&#8212;&#8212;&#8212;&#8212;&#8212;&#8212;&#8212;&#8212;&#8212;&#8212;&#8212;&#8212;&#8212;&#8212;&#8212;&#8212;&#8212;&#8212;&#8212;&#8212;&#8212;&#8212;&#8212;&#8212;&#8212;&#8212;&#8212;&#8212;&#8212;&#8212;&#8212;&#8212;&#8212;&#8212;&#8212;&#8212;&#8212;&#8212;&#8212;&#8212;&#8212;&#8212;&#8212;<br \/>\n\u062e\u0635\u0627\u0626\u0635 \u0627\u0644\u0645\u0646\u062a\u062c :<br \/>\n-Autre nom : Gurmar.<br \/>\n-Pays d&rsquo;origine : Inde<\/p>\n<p>&nbsp;<\/p>","protected":false},"excerpt":{"rendered":"<p>Le Gymnema Sylvestre est r\u00e9put\u00e9 pour ses bienfaits sur l&rsquo;\u00e9quilibre du sucre dans le sang.<br \/>\nSes feuilles aident \u00e0 r\u00e9duire les envies de sucre et \u00e0 soutenir une digestion saine.<br \/>\nCette plante ayurv\u00e9dique est id\u00e9ale pour accompagner un mode de vie \u00e9quilibr\u00e9 et contribue naturellement \u00e0 votre bien-\u00eatre.<\/p>","protected":false},"featured_media":3831,"comment_status":"open","ping_status":"closed","template":"","meta":{"_acf_changed":false,"_uag_custom_page_level_css":"","site-sidebar-layout":"default","site-content-layout":"","ast-site-content-layout":"default","site-content-style":"default","site-sidebar-style":"default","ast-global-header-display":"","ast-banner-title-visibility":"","ast-main-header-display":"","ast-hfb-above-header-display":"","ast-hfb-below-header-display":"","ast-hfb-mobile-header-display":"","site-post-title":"","ast-breadcrumbs-content":"","ast-featured-img":"","footer-sml-layout":"","ast-disable-related-posts":"","theme-transparent-header-meta":"default","adv-header-id-meta":"","stick-header-meta":"","header-above-stick-meta":"","header-main-stick-meta":"","header-below-stick-meta":"","astra-migrate-meta-layouts":"set","ast-page-background-enabled":"default","ast-page-background-meta":{"desktop":{"background-color":"var(--ast-global-color-4)","background-image":"","background-repeat":"repeat","background-position":"center center","background-size":"auto","background-attachment":"scroll","background-type":"","background-media":"","overlay-type":"","overlay-color":"","overlay-opacity":"","overlay-gradient":""},"tablet":{"background-color":"","background-image":"","background-repeat":"repeat","background-position":"center center","background-size":"auto","background-attachment":"scroll","background-type":"","background-media":"","overlay-type":"","overlay-color":"","overlay-opacity":"","overlay-gradient":""},"mobile":{"background-color":"","background-image":"","background-repeat":"repeat","background-position":"center center","background-size":"auto","background-attachment":"scroll","background-type":"","background-media":"","overlay-type":"","overlay-color":"","overlay-opacity":"","overlay-gradient":""}},"ast-content-background-meta":{"desktop":{"background-color":"var(--ast-global-color-5)","background-image":"","background-repeat":"repeat","background-position":"center center","background-size":"auto","background-attachment":"scroll","background-type":"","background-media":"","overlay-type":"","overlay-color":"","overlay-opacity":"","overlay-gradient":""},"tablet":{"background-color":"var(--ast-global-color-5)","background-image":"","background-repeat":"repeat","background-position":"center center","background-size":"auto","background-attachment":"scroll","background-type":"","background-media":"","overlay-type":"","overlay-color":"","overlay-opacity":"","overlay-gradient":""},"mobile":{"background-color":"var(--ast-global-color-5)","background-image":"","background-repeat":"repeat","background-position":"center center","background-size":"auto","background-attachment":"scroll","background-type":"","background-media":"","overlay-type":"","overlay-color":"","overlay-opacity":"","overlay-gradient":""}},"iawp_total_views":752},"product_brand":[],"product_cat":[49],"product_tag":[],"class_list":{"0":"post-2604","1":"product","2":"type-product","3":"status-publish","4":"has-post-thumbnail","6":"product_cat-herbes-medicinales-aromatiques","7":"desktop-align-center","8":"tablet-align-left","9":"mobile-align-left","11":"first","12":"instock","13":"shipping-taxable","14":"purchasable","15":"product-type-variable","16":"has-default-attributes"},"acf":[],"yoast_head":"<!-- This site is optimized with the Yoast SEO plugin v27.3 - https:\/\/yoast.com\/product\/yoast-seo-wordpress\/ -->\n<title>Poudre de Gymnema sylvestre - Naturalim<\/title>\n<meta name=\"robots\" content=\"index, follow, max-snippet:-1, max-image-preview:large, max-video-preview:-1\" \/>\n<link rel=\"canonical\" href=\"https:\/\/naturalim.co\/ar\/product\/gymnema-sylvestre-poudre\/\" \/>\n<meta property=\"og:locale\" content=\"ar_AR\" \/>\n<meta property=\"og:type\" content=\"article\" \/>\n<meta property=\"og:title\" content=\"Poudre de Gymnema sylvestre - Naturalim\" \/>\n<meta property=\"og:description\" content=\"Le Gymnema Sylvestre est r\u00e9put\u00e9 pour ses bienfaits sur l&#039;\u00e9quilibre du sucre dans le sang. Ses feuilles aident \u00e0 r\u00e9duire les envies de sucre et \u00e0 soutenir une digestion saine. Cette plante ayurv\u00e9dique est id\u00e9ale pour accompagner un mode de vie \u00e9quilibr\u00e9 et contribue naturellement \u00e0 votre bien-\u00eatre.\" \/>\n<meta property=\"og:url\" content=\"https:\/\/naturalim.co\/ar\/product\/gymnema-sylvestre-poudre\/\" \/>\n<meta property=\"og:site_name\" content=\"Naturalim\" \/>\n<meta property=\"article:publisher\" content=\"https:\/\/www.facebook.com\/people\/Naturalimdz\/100063266886704\/\" \/>\n<meta property=\"article:modified_time\" content=\"2026-02-05T11:17:49+00:00\" \/>\n<meta property=\"og:image\" content=\"https:\/\/naturalim.co\/wp-content\/uploads\/2023\/11\/gymnema-sylvestre-powder-\u0645\u0633\u062d\u0648\u0642-\u0627\u0644\u062c\u0645\u0646\u064a\u0645\u0627-naturalim.png\" \/>\n\t<meta property=\"og:image:width\" content=\"910\" \/>\n\t<meta property=\"og:image:height\" content=\"500\" \/>\n\t<meta property=\"og:image:type\" content=\"image\/png\" \/>\n<meta name=\"twitter:card\" content=\"summary_large_image\" \/>\n<meta name=\"twitter:label1\" content=\"\u0648\u0642\u062a \u0627\u0644\u0642\u0631\u0627\u0621\u0629 \u0627\u0644\u0645\u064f\u0642\u062f\u0651\u0631\" \/>\n\t<meta name=\"twitter:data1\" content=\"\u062f\u0642\u064a\u0642\u0629 \u0648\u0627\u062d\u062f\u0629\" \/>\n<script type=\"application\/ld+json\" class=\"yoast-schema-graph\">{\"@context\":\"https:\\\/\\\/schema.org\",\"@graph\":[{\"@type\":\"WebPage\",\"@id\":\"https:\\\/\\\/naturalim.co\\\/produit\\\/gymnema-sylvestre-poudre\\\/\",\"url\":\"https:\\\/\\\/naturalim.co\\\/produit\\\/gymnema-sylvestre-poudre\\\/\",\"name\":\"Poudre de Gymnema sylvestre - Naturalim\",\"isPartOf\":{\"@id\":\"https:\\\/\\\/naturalim.co\\\/fr\\\/#website\"},\"primaryImageOfPage\":{\"@id\":\"https:\\\/\\\/naturalim.co\\\/produit\\\/gymnema-sylvestre-poudre\\\/#primaryimage\"},\"image\":{\"@id\":\"https:\\\/\\\/naturalim.co\\\/produit\\\/gymnema-sylvestre-poudre\\\/#primaryimage\"},\"thumbnailUrl\":\"https:\\\/\\\/naturalim.co\\\/wp-content\\\/uploads\\\/2023\\\/11\\\/gymnema-sylvestre-powder-\u0645\u0633\u062d\u0648\u0642-\u0627\u0644\u062c\u0645\u0646\u064a\u0645\u0627-naturalim.png\",\"datePublished\":\"2023-11-22T14:27:26+00:00\",\"dateModified\":\"2026-02-05T11:17:49+00:00\",\"breadcrumb\":{\"@id\":\"https:\\\/\\\/naturalim.co\\\/produit\\\/gymnema-sylvestre-poudre\\\/#breadcrumb\"},\"inLanguage\":\"ar\",\"potentialAction\":[{\"@type\":\"ReadAction\",\"target\":[\"https:\\\/\\\/naturalim.co\\\/produit\\\/gymnema-sylvestre-poudre\\\/\"]}]},{\"@type\":\"ImageObject\",\"inLanguage\":\"ar\",\"@id\":\"https:\\\/\\\/naturalim.co\\\/produit\\\/gymnema-sylvestre-poudre\\\/#primaryimage\",\"url\":\"https:\\\/\\\/naturalim.co\\\/wp-content\\\/uploads\\\/2023\\\/11\\\/gymnema-sylvestre-powder-\u0645\u0633\u062d\u0648\u0642-\u0627\u0644\u062c\u0645\u0646\u064a\u0645\u0627-naturalim.png\",\"contentUrl\":\"https:\\\/\\\/naturalim.co\\\/wp-content\\\/uploads\\\/2023\\\/11\\\/gymnema-sylvestre-powder-\u0645\u0633\u062d\u0648\u0642-\u0627\u0644\u062c\u0645\u0646\u064a\u0645\u0627-naturalim.png\",\"width\":910,\"height\":500},{\"@type\":\"BreadcrumbList\",\"@id\":\"https:\\\/\\\/naturalim.co\\\/produit\\\/gymnema-sylvestre-poudre\\\/#breadcrumb\",\"itemListElement\":[{\"@type\":\"ListItem\",\"position\":1,\"name\":\"Home\",\"item\":\"https:\\\/\\\/naturalim.co\\\/\"},{\"@type\":\"ListItem\",\"position\":2,\"name\":\"Shop\",\"item\":\"https:\\\/\\\/naturalim.co\\\/fr\\\/shop\\\/\"},{\"@type\":\"ListItem\",\"position\":3,\"name\":\"Poudre de Gymnema sylvestre\"}]},{\"@type\":\"WebSite\",\"@id\":\"https:\\\/\\\/naturalim.co\\\/fr\\\/#website\",\"url\":\"https:\\\/\\\/naturalim.co\\\/fr\\\/\",\"name\":\"Naturalim\",\"description\":\"\",\"publisher\":{\"@id\":\"https:\\\/\\\/naturalim.co\\\/fr\\\/#organization\"},\"potentialAction\":[{\"@type\":\"SearchAction\",\"target\":{\"@type\":\"EntryPoint\",\"urlTemplate\":\"https:\\\/\\\/naturalim.co\\\/fr\\\/?s={search_term_string}\"},\"query-input\":{\"@type\":\"PropertyValueSpecification\",\"valueRequired\":true,\"valueName\":\"search_term_string\"}}],\"inLanguage\":\"ar\"},{\"@type\":\"Organization\",\"@id\":\"https:\\\/\\\/naturalim.co\\\/fr\\\/#organization\",\"name\":\"Naturalim\",\"url\":\"https:\\\/\\\/naturalim.co\\\/fr\\\/\",\"logo\":{\"@type\":\"ImageObject\",\"inLanguage\":\"ar\",\"@id\":\"https:\\\/\\\/naturalim.co\\\/fr\\\/#\\\/schema\\\/logo\\\/image\\\/\",\"url\":\"https:\\\/\\\/naturalim.co\\\/wp-content\\\/uploads\\\/2023\\\/09\\\/Green_Circle_Leaves_Environment_Logo_1_-removebg-preview.png\",\"contentUrl\":\"https:\\\/\\\/naturalim.co\\\/wp-content\\\/uploads\\\/2023\\\/09\\\/Green_Circle_Leaves_Environment_Logo_1_-removebg-preview.png\",\"width\":500,\"height\":500,\"caption\":\"Naturalim\"},\"image\":{\"@id\":\"https:\\\/\\\/naturalim.co\\\/fr\\\/#\\\/schema\\\/logo\\\/image\\\/\"},\"sameAs\":[\"https:\\\/\\\/www.facebook.com\\\/people\\\/Naturalimdz\\\/100063266886704\\\/\",\"https:\\\/\\\/www.instagram.com\\\/naturalim.dz\\\/\"]}]}<\/script>\n<!-- \/ Yoast SEO plugin. -->","yoast_head_json":{"title":"Poudre de Gymnema sylvestre - Naturalim","robots":{"index":"index","follow":"follow","max-snippet":"max-snippet:-1","max-image-preview":"max-image-preview:large","max-video-preview":"max-video-preview:-1"},"canonical":"https:\/\/naturalim.co\/ar\/product\/gymnema-sylvestre-poudre\/","og_locale":"ar_AR","og_type":"article","og_title":"Poudre de Gymnema sylvestre - Naturalim","og_description":"Le Gymnema Sylvestre est r\u00e9put\u00e9 pour ses bienfaits sur l'\u00e9quilibre du sucre dans le sang. Ses feuilles aident \u00e0 r\u00e9duire les envies de sucre et \u00e0 soutenir une digestion saine. Cette plante ayurv\u00e9dique est id\u00e9ale pour accompagner un mode de vie \u00e9quilibr\u00e9 et contribue naturellement \u00e0 votre bien-\u00eatre.","og_url":"https:\/\/naturalim.co\/ar\/product\/gymnema-sylvestre-poudre\/","og_site_name":"Naturalim","article_publisher":"https:\/\/www.facebook.com\/people\/Naturalimdz\/100063266886704\/","article_modified_time":"2026-02-05T11:17:49+00:00","og_image":[{"width":910,"height":500,"url":"https:\/\/naturalim.co\/wp-content\/uploads\/2023\/11\/gymnema-sylvestre-powder-\u0645\u0633\u062d\u0648\u0642-\u0627\u0644\u062c\u0645\u0646\u064a\u0645\u0627-naturalim.png","type":"image\/png"}],"twitter_card":"summary_large_image","twitter_misc":{"\u0648\u0642\u062a \u0627\u0644\u0642\u0631\u0627\u0621\u0629 \u0627\u0644\u0645\u064f\u0642\u062f\u0651\u0631":"\u062f\u0642\u064a\u0642\u0629 \u0648\u0627\u062d\u062f\u0629"},"schema":{"@context":"https:\/\/schema.org","@graph":[{"@type":"WebPage","@id":"https:\/\/naturalim.co\/produit\/gymnema-sylvestre-poudre\/","url":"https:\/\/naturalim.co\/produit\/gymnema-sylvestre-poudre\/","name":"Poudre de Gymnema sylvestre - Naturalim","isPartOf":{"@id":"https:\/\/naturalim.co\/fr\/#website"},"primaryImageOfPage":{"@id":"https:\/\/naturalim.co\/produit\/gymnema-sylvestre-poudre\/#primaryimage"},"image":{"@id":"https:\/\/naturalim.co\/produit\/gymnema-sylvestre-poudre\/#primaryimage"},"thumbnailUrl":"https:\/\/naturalim.co\/wp-content\/uploads\/2023\/11\/gymnema-sylvestre-powder-\u0645\u0633\u062d\u0648\u0642-\u0627\u0644\u062c\u0645\u0646\u064a\u0645\u0627-naturalim.png","datePublished":"2023-11-22T14:27:26+00:00","dateModified":"2026-02-05T11:17:49+00:00","breadcrumb":{"@id":"https:\/\/naturalim.co\/produit\/gymnema-sylvestre-poudre\/#breadcrumb"},"inLanguage":"ar","potentialAction":[{"@type":"ReadAction","target":["https:\/\/naturalim.co\/produit\/gymnema-sylvestre-poudre\/"]}]},{"@type":"ImageObject","inLanguage":"ar","@id":"https:\/\/naturalim.co\/produit\/gymnema-sylvestre-poudre\/#primaryimage","url":"https:\/\/naturalim.co\/wp-content\/uploads\/2023\/11\/gymnema-sylvestre-powder-\u0645\u0633\u062d\u0648\u0642-\u0627\u0644\u062c\u0645\u0646\u064a\u0645\u0627-naturalim.png","contentUrl":"https:\/\/naturalim.co\/wp-content\/uploads\/2023\/11\/gymnema-sylvestre-powder-\u0645\u0633\u062d\u0648\u0642-\u0627\u0644\u062c\u0645\u0646\u064a\u0645\u0627-naturalim.png","width":910,"height":500},{"@type":"BreadcrumbList","@id":"https:\/\/naturalim.co\/produit\/gymnema-sylvestre-poudre\/#breadcrumb","itemListElement":[{"@type":"ListItem","position":1,"name":"Home","item":"https:\/\/naturalim.co\/"},{"@type":"ListItem","position":2,"name":"Shop","item":"https:\/\/naturalim.co\/fr\/shop\/"},{"@type":"ListItem","position":3,"name":"Poudre de Gymnema sylvestre"}]},{"@type":"WebSite","@id":"https:\/\/naturalim.co\/fr\/#website","url":"https:\/\/naturalim.co\/fr\/","name":"Naturalim","description":"","publisher":{"@id":"https:\/\/naturalim.co\/fr\/#organization"},"potentialAction":[{"@type":"SearchAction","target":{"@type":"EntryPoint","urlTemplate":"https:\/\/naturalim.co\/fr\/?s={search_term_string}"},"query-input":{"@type":"PropertyValueSpecification","valueRequired":true,"valueName":"search_term_string"}}],"inLanguage":"ar"},{"@type":"Organization","@id":"https:\/\/naturalim.co\/fr\/#organization","name":"Naturalim","url":"https:\/\/naturalim.co\/fr\/","logo":{"@type":"ImageObject","inLanguage":"ar","@id":"https:\/\/naturalim.co\/fr\/#\/schema\/logo\/image\/","url":"https:\/\/naturalim.co\/wp-content\/uploads\/2023\/09\/Green_Circle_Leaves_Environment_Logo_1_-removebg-preview.png","contentUrl":"https:\/\/naturalim.co\/wp-content\/uploads\/2023\/09\/Green_Circle_Leaves_Environment_Logo_1_-removebg-preview.png","width":500,"height":500,"caption":"Naturalim"},"image":{"@id":"https:\/\/naturalim.co\/fr\/#\/schema\/logo\/image\/"},"sameAs":["https:\/\/www.facebook.com\/people\/Naturalimdz\/100063266886704\/","https:\/\/www.instagram.com\/naturalim.dz\/"]}]}},"uagb_featured_image_src":{"full":["https:\/\/naturalim.co\/wp-content\/uploads\/2023\/11\/gymnema-sylvestre-powder-\u0645\u0633\u062d\u0648\u0642-\u0627\u0644\u062c\u0645\u0646\u064a\u0645\u0627-naturalim.png",910,500,false],"thumbnail":["https:\/\/naturalim.co\/wp-content\/uploads\/2023\/11\/gymnema-sylvestre-powder-\u0645\u0633\u062d\u0648\u0642-\u0627\u0644\u062c\u0645\u0646\u064a\u0645\u0627-naturalim-150x150.png",150,150,true],"medium":["https:\/\/naturalim.co\/wp-content\/uploads\/2023\/11\/gymnema-sylvestre-powder-\u0645\u0633\u062d\u0648\u0642-\u0627\u0644\u062c\u0645\u0646\u064a\u0645\u0627-naturalim-300x165.png",300,165,true],"medium_large":["https:\/\/naturalim.co\/wp-content\/uploads\/2023\/11\/gymnema-sylvestre-powder-\u0645\u0633\u062d\u0648\u0642-\u0627\u0644\u062c\u0645\u0646\u064a\u0645\u0627-naturalim-768x422.png",768,422,true],"large":["https:\/\/naturalim.co\/wp-content\/uploads\/2023\/11\/gymnema-sylvestre-powder-\u0645\u0633\u062d\u0648\u0642-\u0627\u0644\u062c\u0645\u0646\u064a\u0645\u0627-naturalim.png",910,500,false],"1536x1536":["https:\/\/naturalim.co\/wp-content\/uploads\/2023\/11\/gymnema-sylvestre-powder-\u0645\u0633\u062d\u0648\u0642-\u0627\u0644\u062c\u0645\u0646\u064a\u0645\u0627-naturalim.png",910,500,false],"2048x2048":["https:\/\/naturalim.co\/wp-content\/uploads\/2023\/11\/gymnema-sylvestre-powder-\u0645\u0633\u062d\u0648\u0642-\u0627\u0644\u062c\u0645\u0646\u064a\u0645\u0627-naturalim.png",910,500,false],"trp-custom-language-flag":["https:\/\/naturalim.co\/wp-content\/uploads\/2023\/11\/gymnema-sylvestre-powder-\u0645\u0633\u062d\u0648\u0642-\u0627\u0644\u062c\u0645\u0646\u064a\u0645\u0627-naturalim-18x10.png",18,10,true],"woocommerce_thumbnail":["https:\/\/naturalim.co\/wp-content\/uploads\/2023\/11\/gymnema-sylvestre-powder-\u0645\u0633\u062d\u0648\u0642-\u0627\u0644\u062c\u0645\u0646\u064a\u0645\u0627-naturalim-300x300.png",300,300,true],"woocommerce_single":["https:\/\/naturalim.co\/wp-content\/uploads\/2023\/11\/gymnema-sylvestre-powder-\u0645\u0633\u062d\u0648\u0642-\u0627\u0644\u062c\u0645\u0646\u064a\u0645\u0627-naturalim-600x330.png",600,330,true],"woocommerce_gallery_thumbnail":["https:\/\/naturalim.co\/wp-content\/uploads\/2023\/11\/gymnema-sylvestre-powder-\u0645\u0633\u062d\u0648\u0642-\u0627\u0644\u062c\u0645\u0646\u064a\u0645\u0627-naturalim-100x100.png",100,100,true],"wc_order_status_icon":["https:\/\/naturalim.co\/wp-content\/uploads\/2023\/11\/gymnema-sylvestre-powder-\u0645\u0633\u062d\u0648\u0642-\u0627\u0644\u062c\u0645\u0646\u064a\u0645\u0627-naturalim.png",32,18,false],"dgwt-wcas-product-suggestion":["https:\/\/naturalim.co\/wp-content\/uploads\/2023\/11\/gymnema-sylvestre-powder-\u0645\u0633\u062d\u0648\u0642-\u0627\u0644\u062c\u0645\u0646\u064a\u0645\u0627-naturalim-64x35.png",64,35,true]},"uagb_author_info":{"display_name":"admin","author_link":"https:\/\/naturalim.co\/ar\/author\/"},"uagb_comment_info":0,"uagb_excerpt":"Le Gymnema Sylvestre est r\u00e9put\u00e9 pour ses bienfaits sur l'\u00e9quilibre du sucre dans le sang. Ses feuilles aident \u00e0 r\u00e9duire les envies de sucre et \u00e0 soutenir une digestion saine. Cette plante ayurv\u00e9dique est id\u00e9ale pour accompagner un mode de vie \u00e9quilibr\u00e9 et contribue naturellement \u00e0 votre bien-\u00eatre.","_links":{"self":[{"href":"https:\/\/naturalim.co\/ar\/wp-json\/wp\/v2\/product\/2604","targetHints":{"allow":["GET"]}}],"collection":[{"href":"https:\/\/naturalim.co\/ar\/wp-json\/wp\/v2\/product"}],"about":[{"href":"https:\/\/naturalim.co\/ar\/wp-json\/wp\/v2\/types\/product"}],"replies":[{"embeddable":true,"href":"https:\/\/naturalim.co\/ar\/wp-json\/wp\/v2\/comments?post=2604"}],"wp:featuredmedia":[{"embeddable":true,"href":"https:\/\/naturalim.co\/ar\/wp-json\/wp\/v2\/media\/3831"}],"wp:attachment":[{"href":"https:\/\/naturalim.co\/ar\/wp-json\/wp\/v2\/media?parent=2604"}],"wp:term":[{"taxonomy":"product_brand","embeddable":true,"href":"https:\/\/naturalim.co\/ar\/wp-json\/wp\/v2\/product_brand?post=2604"},{"taxonomy":"product_cat","embeddable":true,"href":"https:\/\/naturalim.co\/ar\/wp-json\/wp\/v2\/product_cat?post=2604"},{"taxonomy":"product_tag","embeddable":true,"href":"https:\/\/naturalim.co\/ar\/wp-json\/wp\/v2\/product_tag?post=2604"}],"curies":[{"name":"wp","href":"https:\/\/api.w.org\/{rel}","templated":true}]}}