{"id":2616,"date":"2023-11-22T15:27:26","date_gmt":"2023-11-22T14:27:26","guid":{"rendered":"https:\/\/naturalim.co\/?post_type=product&#038;p=2616"},"modified":"2025-10-20T15:30:39","modified_gmt":"2025-10-20T14:30:39","slug":"lupin-doux-farine","status":"publish","type":"product","link":"https:\/\/naturalim.co\/ar\/product\/lupin-doux-farine\/","title":{"rendered":"\u0637\u062d\u064a\u0646 \u0627\u0644\u062a\u0631\u0645\u0633 \u0627\u0644\u062d\u0644\u0648"},"content":{"rendered":"<p>\u062e\u0635\u0627\u0626\u0635 \u0627\u0644\u0645\u0646\u062a\u062c :<\/p>\n<p>&#8211; Farine compl\u00e8te (grain entier moulu).<\/p>\n<p>- \u0627\u0644\u0646\u0628\u0627\u062a\u0627\u062a \u0627\u0644\u0628\u0642\u0648\u0644\u064a\u0629.<\/p>","protected":false},"excerpt":{"rendered":"<p>\u0627\u0644\u062a\u0631\u0645\u0633 \u0627\u0644\u062d\u0644\u0648 \u063a\u0646\u064a \u0628\u0627\u0644\u0628\u0631\u0648\u062a\u064a\u0646 \u0627\u0644\u0646\u0628\u0627\u062a\u064a \u0648\u0627\u0644\u0623\u0644\u064a\u0627\u0641\u060c \u0648\u0647\u0648 \u0645\u062b\u0627\u0644\u064a \u0644\u0646\u0638\u0627\u0645 \u063a\u0630\u0627\u0626\u064a \u0635\u062d\u064a \u0648\u0645\u062a\u0648\u0627\u0632\u0646.<br \/>\n\u0645\u0646\u062e\u0641\u0636 \u0627\u0644\u0643\u0631\u0628\u0648\u0647\u064a\u062f\u0631\u0627\u062a \u0628\u0634\u0643\u0644 \u0637\u0628\u064a\u0639\u064a\u060c \u0648\u0647\u0648 \u0634\u0627\u0626\u0639 \u0641\u064a \u0627\u0644\u0623\u0646\u0638\u0645\u0629 \u0627\u0644\u063a\u0630\u0627\u0626\u064a\u0629 \u0627\u0644\u0646\u0628\u0627\u062a\u064a\u0629 \u0648\u0627\u0644\u062e\u0627\u0644\u064a\u0629 \u0645\u0646 \u0627\u0644\u063a\u0644\u0648\u062a\u064a\u0646.<br \/>\n\u0643\u0645\u0627 \u0623\u0646 \u0646\u0643\u0647\u062a\u0647 \u0627\u0644\u062e\u0641\u064a\u0641\u0629 \u0648\u0642\u0648\u0627\u0645\u0647 \u0645\u062a\u0639\u062f\u062f \u0627\u0644\u0627\u0633\u062a\u062e\u062f\u0627\u0645\u0627\u062a \u064a\u062c\u0639\u0644 \u0645\u0646\u0647 \u0645\u0643\u0648\u0646\u0627\u064b \u0645\u062b\u0627\u0644\u064a\u0627\u064b \u0644\u0644\u062f\u0642\u064a\u0642 \u0648\u0627\u0644\u0648\u062c\u0628\u0627\u062a \u0627\u0644\u062e\u0641\u064a\u0641\u0629 \u0648\u0627\u0644\u0648\u062c\u0628\u0627\u062a \u0627\u0644\u062c\u0627\u0647\u0632\u0629.<br \/>\n\u0645\u0646\u062a\u062c \u0645\u0633\u062a\u062f\u0627\u0645\u060c \u0643\u0645\u0627 \u0623\u0646\u0647 \u064a\u0633\u0627\u0639\u062f \u0641\u064a \u0627\u0644\u062d\u0641\u0627\u0638 \u0639\u0644\u0649 \u0627\u0644\u062a\u0631\u0628\u0629.<br \/>\n\u0623\u062f\u0631\u062c\u0647 \u0641\u064a \u0646\u0638\u0627\u0645\u0643 \u0627\u0644\u063a\u0630\u0627\u0626\u064a \u0644\u0644\u0627\u0633\u062a\u0645\u062a\u0627\u0639 \u0628\u0641\u0648\u0627\u0626\u062f\u0647 \u0627\u0644\u0639\u062f\u064a\u062f\u0629.<\/p>","protected":false},"featured_media":3293,"comment_status":"open","ping_status":"closed","template":"","meta":{"_acf_changed":false,"_uag_custom_page_level_css":"","site-sidebar-layout":"default","site-content-layout":"","ast-site-content-layout":"default","site-content-style":"default","site-sidebar-style":"default","ast-global-header-display":"","ast-banner-title-visibility":"","ast-main-header-display":"","ast-hfb-above-header-display":"","ast-hfb-below-header-display":"","ast-hfb-mobile-header-display":"","site-post-title":"","ast-breadcrumbs-content":"","ast-featured-img":"","footer-sml-layout":"","ast-disable-related-posts":"","theme-transparent-header-meta":"default","adv-header-id-meta":"","stick-header-meta":"","header-above-stick-meta":"","header-main-stick-meta":"","header-below-stick-meta":"","astra-migrate-meta-layouts":"set","ast-page-background-enabled":"default","ast-page-background-meta":{"desktop":{"background-color":"var(--ast-global-color-4)","background-image":"","background-repeat":"repeat","background-position":"center center","background-size":"auto","background-attachment":"scroll","background-type":"","background-media":"","overlay-type":"","overlay-color":"","overlay-opacity":"","overlay-gradient":""},"tablet":{"background-color":"","background-image":"","background-repeat":"repeat","background-position":"center center","background-size":"auto","background-attachment":"scroll","background-type":"","background-media":"","overlay-type":"","overlay-color":"","overlay-opacity":"","overlay-gradient":""},"mobile":{"background-color":"","background-image":"","background-repeat":"repeat","background-position":"center center","background-size":"auto","background-attachment":"scroll","background-type":"","background-media":"","overlay-type":"","overlay-color":"","overlay-opacity":"","overlay-gradient":""}},"ast-content-background-meta":{"desktop":{"background-color":"var(--ast-global-color-5)","background-image":"","background-repeat":"repeat","background-position":"center center","background-size":"auto","background-attachment":"scroll","background-type":"","background-media":"","overlay-type":"","overlay-color":"","overlay-opacity":"","overlay-gradient":""},"tablet":{"background-color":"var(--ast-global-color-5)","background-image":"","background-repeat":"repeat","background-position":"center center","background-size":"auto","background-attachment":"scroll","background-type":"","background-media":"","overlay-type":"","overlay-color":"","overlay-opacity":"","overlay-gradient":""},"mobile":{"background-color":"var(--ast-global-color-5)","background-image":"","background-repeat":"repeat","background-position":"center center","background-size":"auto","background-attachment":"scroll","background-type":"","background-media":"","overlay-type":"","overlay-color":"","overlay-opacity":"","overlay-gradient":""}}},"product_brand":[],"product_cat":[85,50],"product_tag":[],"class_list":{"0":"post-2616","1":"product","2":"type-product","3":"status-publish","4":"has-post-thumbnail","6":"product_cat-dietetique","7":"product_cat-poudres-et-farines","8":"desktop-align-center","9":"tablet-align-left","10":"mobile-align-left","12":"first","13":"instock","14":"shipping-taxable","15":"purchasable","16":"product-type-variable","17":"has-default-attributes"},"acf":[],"yoast_head":"<!-- This site is optimized with the Yoast SEO plugin v27.5 - https:\/\/yoast.com\/product\/yoast-seo-wordpress\/ -->\n<title>Farine de Lupin doux - Naturalim<\/title>\n<meta name=\"robots\" content=\"index, follow, max-snippet:-1, max-image-preview:large, max-video-preview:-1\" \/>\n<link rel=\"canonical\" href=\"https:\/\/naturalim.co\/ar\/product\/lupin-doux-farine\/\" \/>\n<meta property=\"og:locale\" content=\"ar_AR\" \/>\n<meta property=\"og:type\" content=\"article\" \/>\n<meta property=\"og:title\" content=\"Farine de Lupin doux - Naturalim\" \/>\n<meta property=\"og:description\" content=\"Le lupin doux est riche en prot\u00e9ines v\u00e9g\u00e9tales et en fibres, id\u00e9ale pour une alimentation saine et \u00e9quilibr\u00e9e. Naturellement pauvre en glucides, il est pris\u00e9 dans les r\u00e9gimes v\u00e9g\u00e9tariens et sans gluten. Sa saveur douce et sa texture polyvalente en font un ingr\u00e9dient parfait pour les farines, snacks et plats cuisin\u00e9s. Produit durable, il contribue \u00e9galement \u00e0 la pr\u00e9servation des sols. Int\u00e9grez-le \u00e0 votre alimentation pour profiter de ses nombreux avantages et bienfaits.\" \/>\n<meta property=\"og:url\" content=\"https:\/\/naturalim.co\/ar\/product\/lupin-doux-farine\/\" \/>\n<meta property=\"og:site_name\" content=\"Naturalim\" \/>\n<meta property=\"article:publisher\" content=\"https:\/\/www.facebook.com\/people\/Naturalimdz\/100063266886704\/\" \/>\n<meta property=\"article:modified_time\" content=\"2025-10-20T14:30:39+00:00\" \/>\n<meta property=\"og:image\" content=\"https:\/\/naturalim.co\/wp-content\/uploads\/2023\/11\/lupin-flour-\u0637\u062d\u064a\u0646-\u0627\u0644\u062a\u0631\u0645\u0633-\u0627\u0644\u062d\u0644\u0648-naturalim.jpg\" \/>\n\t<meta property=\"og:image:width\" content=\"734\" \/>\n\t<meta property=\"og:image:height\" content=\"1100\" \/>\n\t<meta property=\"og:image:type\" content=\"image\/jpeg\" \/>\n<meta name=\"twitter:card\" content=\"summary_large_image\" \/>\n<meta name=\"twitter:label1\" content=\"\u0648\u0642\u062a \u0627\u0644\u0642\u0631\u0627\u0621\u0629 \u0627\u0644\u0645\u064f\u0642\u062f\u0651\u0631\" \/>\n\t<meta name=\"twitter:data1\" content=\"\u062f\u0642\u064a\u0642\u0629 \u0648\u0627\u062d\u062f\u0629\" \/>\n<script type=\"application\/ld+json\" class=\"yoast-schema-graph\">{\"@context\":\"https:\\\/\\\/schema.org\",\"@graph\":[{\"@type\":\"WebPage\",\"@id\":\"https:\\\/\\\/naturalim.co\\\/produit\\\/lupin-doux-farine\\\/\",\"url\":\"https:\\\/\\\/naturalim.co\\\/produit\\\/lupin-doux-farine\\\/\",\"name\":\"Farine de Lupin doux - Naturalim\",\"isPartOf\":{\"@id\":\"https:\\\/\\\/naturalim.co\\\/fr\\\/#website\"},\"primaryImageOfPage\":{\"@id\":\"https:\\\/\\\/naturalim.co\\\/produit\\\/lupin-doux-farine\\\/#primaryimage\"},\"image\":{\"@id\":\"https:\\\/\\\/naturalim.co\\\/produit\\\/lupin-doux-farine\\\/#primaryimage\"},\"thumbnailUrl\":\"https:\\\/\\\/naturalim.co\\\/wp-content\\\/uploads\\\/2023\\\/11\\\/lupin-flour-\u0637\u062d\u064a\u0646-\u0627\u0644\u062a\u0631\u0645\u0633-\u0627\u0644\u062d\u0644\u0648-naturalim.jpg\",\"datePublished\":\"2023-11-22T14:27:26+00:00\",\"dateModified\":\"2025-10-20T14:30:39+00:00\",\"breadcrumb\":{\"@id\":\"https:\\\/\\\/naturalim.co\\\/produit\\\/lupin-doux-farine\\\/#breadcrumb\"},\"inLanguage\":\"ar\",\"potentialAction\":[{\"@type\":\"ReadAction\",\"target\":[\"https:\\\/\\\/naturalim.co\\\/produit\\\/lupin-doux-farine\\\/\"]}]},{\"@type\":\"ImageObject\",\"inLanguage\":\"ar\",\"@id\":\"https:\\\/\\\/naturalim.co\\\/produit\\\/lupin-doux-farine\\\/#primaryimage\",\"url\":\"https:\\\/\\\/naturalim.co\\\/wp-content\\\/uploads\\\/2023\\\/11\\\/lupin-flour-\u0637\u062d\u064a\u0646-\u0627\u0644\u062a\u0631\u0645\u0633-\u0627\u0644\u062d\u0644\u0648-naturalim.jpg\",\"contentUrl\":\"https:\\\/\\\/naturalim.co\\\/wp-content\\\/uploads\\\/2023\\\/11\\\/lupin-flour-\u0637\u062d\u064a\u0646-\u0627\u0644\u062a\u0631\u0645\u0633-\u0627\u0644\u062d\u0644\u0648-naturalim.jpg\",\"width\":734,\"height\":1100,\"caption\":\"Lupinenmehl und Lupinenkerne\"},{\"@type\":\"BreadcrumbList\",\"@id\":\"https:\\\/\\\/naturalim.co\\\/produit\\\/lupin-doux-farine\\\/#breadcrumb\",\"itemListElement\":[{\"@type\":\"ListItem\",\"position\":1,\"name\":\"Home\",\"item\":\"https:\\\/\\\/naturalim.co\\\/\"},{\"@type\":\"ListItem\",\"position\":2,\"name\":\"Shop\",\"item\":\"https:\\\/\\\/naturalim.co\\\/fr\\\/shop\\\/\"},{\"@type\":\"ListItem\",\"position\":3,\"name\":\"Farine de Lupin doux\"}]},{\"@type\":\"WebSite\",\"@id\":\"https:\\\/\\\/naturalim.co\\\/fr\\\/#website\",\"url\":\"https:\\\/\\\/naturalim.co\\\/fr\\\/\",\"name\":\"Naturalim\",\"description\":\"\",\"publisher\":{\"@id\":\"https:\\\/\\\/naturalim.co\\\/fr\\\/#organization\"},\"potentialAction\":[{\"@type\":\"SearchAction\",\"target\":{\"@type\":\"EntryPoint\",\"urlTemplate\":\"https:\\\/\\\/naturalim.co\\\/fr\\\/?s={search_term_string}\"},\"query-input\":{\"@type\":\"PropertyValueSpecification\",\"valueRequired\":true,\"valueName\":\"search_term_string\"}}],\"inLanguage\":\"ar\"},{\"@type\":\"Organization\",\"@id\":\"https:\\\/\\\/naturalim.co\\\/fr\\\/#organization\",\"name\":\"Naturalim\",\"url\":\"https:\\\/\\\/naturalim.co\\\/fr\\\/\",\"logo\":{\"@type\":\"ImageObject\",\"inLanguage\":\"ar\",\"@id\":\"https:\\\/\\\/naturalim.co\\\/fr\\\/#\\\/schema\\\/logo\\\/image\\\/\",\"url\":\"https:\\\/\\\/naturalim.co\\\/wp-content\\\/uploads\\\/2023\\\/09\\\/Green_Circle_Leaves_Environment_Logo_1_-removebg-preview.png\",\"contentUrl\":\"https:\\\/\\\/naturalim.co\\\/wp-content\\\/uploads\\\/2023\\\/09\\\/Green_Circle_Leaves_Environment_Logo_1_-removebg-preview.png\",\"width\":500,\"height\":500,\"caption\":\"Naturalim\"},\"image\":{\"@id\":\"https:\\\/\\\/naturalim.co\\\/fr\\\/#\\\/schema\\\/logo\\\/image\\\/\"},\"sameAs\":[\"https:\\\/\\\/www.facebook.com\\\/people\\\/Naturalimdz\\\/100063266886704\\\/\",\"https:\\\/\\\/www.instagram.com\\\/naturalim.dz\\\/\"]}]}<\/script>\n<!-- \/ Yoast SEO plugin. -->","yoast_head_json":{"title":"Farine de Lupin doux - Naturalim","robots":{"index":"index","follow":"follow","max-snippet":"max-snippet:-1","max-image-preview":"max-image-preview:large","max-video-preview":"max-video-preview:-1"},"canonical":"https:\/\/naturalim.co\/ar\/product\/lupin-doux-farine\/","og_locale":"ar_AR","og_type":"article","og_title":"Farine de Lupin doux - Naturalim","og_description":"Le lupin doux est riche en prot\u00e9ines v\u00e9g\u00e9tales et en fibres, id\u00e9ale pour une alimentation saine et \u00e9quilibr\u00e9e. Naturellement pauvre en glucides, il est pris\u00e9 dans les r\u00e9gimes v\u00e9g\u00e9tariens et sans gluten. Sa saveur douce et sa texture polyvalente en font un ingr\u00e9dient parfait pour les farines, snacks et plats cuisin\u00e9s. Produit durable, il contribue \u00e9galement \u00e0 la pr\u00e9servation des sols. Int\u00e9grez-le \u00e0 votre alimentation pour profiter de ses nombreux avantages et bienfaits.","og_url":"https:\/\/naturalim.co\/ar\/product\/lupin-doux-farine\/","og_site_name":"Naturalim","article_publisher":"https:\/\/www.facebook.com\/people\/Naturalimdz\/100063266886704\/","article_modified_time":"2025-10-20T14:30:39+00:00","og_image":[{"width":734,"height":1100,"url":"https:\/\/naturalim.co\/wp-content\/uploads\/2023\/11\/lupin-flour-\u0637\u062d\u064a\u0646-\u0627\u0644\u062a\u0631\u0645\u0633-\u0627\u0644\u062d\u0644\u0648-naturalim.jpg","type":"image\/jpeg"}],"twitter_card":"summary_large_image","twitter_misc":{"\u0648\u0642\u062a \u0627\u0644\u0642\u0631\u0627\u0621\u0629 \u0627\u0644\u0645\u064f\u0642\u062f\u0651\u0631":"\u062f\u0642\u064a\u0642\u0629 \u0648\u0627\u062d\u062f\u0629"},"schema":{"@context":"https:\/\/schema.org","@graph":[{"@type":"WebPage","@id":"https:\/\/naturalim.co\/produit\/lupin-doux-farine\/","url":"https:\/\/naturalim.co\/produit\/lupin-doux-farine\/","name":"Farine de Lupin doux - Naturalim","isPartOf":{"@id":"https:\/\/naturalim.co\/fr\/#website"},"primaryImageOfPage":{"@id":"https:\/\/naturalim.co\/produit\/lupin-doux-farine\/#primaryimage"},"image":{"@id":"https:\/\/naturalim.co\/produit\/lupin-doux-farine\/#primaryimage"},"thumbnailUrl":"https:\/\/naturalim.co\/wp-content\/uploads\/2023\/11\/lupin-flour-\u0637\u062d\u064a\u0646-\u0627\u0644\u062a\u0631\u0645\u0633-\u0627\u0644\u062d\u0644\u0648-naturalim.jpg","datePublished":"2023-11-22T14:27:26+00:00","dateModified":"2025-10-20T14:30:39+00:00","breadcrumb":{"@id":"https:\/\/naturalim.co\/produit\/lupin-doux-farine\/#breadcrumb"},"inLanguage":"ar","potentialAction":[{"@type":"ReadAction","target":["https:\/\/naturalim.co\/produit\/lupin-doux-farine\/"]}]},{"@type":"ImageObject","inLanguage":"ar","@id":"https:\/\/naturalim.co\/produit\/lupin-doux-farine\/#primaryimage","url":"https:\/\/naturalim.co\/wp-content\/uploads\/2023\/11\/lupin-flour-\u0637\u062d\u064a\u0646-\u0627\u0644\u062a\u0631\u0645\u0633-\u0627\u0644\u062d\u0644\u0648-naturalim.jpg","contentUrl":"https:\/\/naturalim.co\/wp-content\/uploads\/2023\/11\/lupin-flour-\u0637\u062d\u064a\u0646-\u0627\u0644\u062a\u0631\u0645\u0633-\u0627\u0644\u062d\u0644\u0648-naturalim.jpg","width":734,"height":1100,"caption":"Lupinenmehl und Lupinenkerne"},{"@type":"BreadcrumbList","@id":"https:\/\/naturalim.co\/produit\/lupin-doux-farine\/#breadcrumb","itemListElement":[{"@type":"ListItem","position":1,"name":"Home","item":"https:\/\/naturalim.co\/"},{"@type":"ListItem","position":2,"name":"Shop","item":"https:\/\/naturalim.co\/fr\/shop\/"},{"@type":"ListItem","position":3,"name":"Farine de Lupin doux"}]},{"@type":"WebSite","@id":"https:\/\/naturalim.co\/fr\/#website","url":"https:\/\/naturalim.co\/fr\/","name":"Naturalim","description":"","publisher":{"@id":"https:\/\/naturalim.co\/fr\/#organization"},"potentialAction":[{"@type":"SearchAction","target":{"@type":"EntryPoint","urlTemplate":"https:\/\/naturalim.co\/fr\/?s={search_term_string}"},"query-input":{"@type":"PropertyValueSpecification","valueRequired":true,"valueName":"search_term_string"}}],"inLanguage":"ar"},{"@type":"Organization","@id":"https:\/\/naturalim.co\/fr\/#organization","name":"Naturalim","url":"https:\/\/naturalim.co\/fr\/","logo":{"@type":"ImageObject","inLanguage":"ar","@id":"https:\/\/naturalim.co\/fr\/#\/schema\/logo\/image\/","url":"https:\/\/naturalim.co\/wp-content\/uploads\/2023\/09\/Green_Circle_Leaves_Environment_Logo_1_-removebg-preview.png","contentUrl":"https:\/\/naturalim.co\/wp-content\/uploads\/2023\/09\/Green_Circle_Leaves_Environment_Logo_1_-removebg-preview.png","width":500,"height":500,"caption":"Naturalim"},"image":{"@id":"https:\/\/naturalim.co\/fr\/#\/schema\/logo\/image\/"},"sameAs":["https:\/\/www.facebook.com\/people\/Naturalimdz\/100063266886704\/","https:\/\/www.instagram.com\/naturalim.dz\/"]}]}},"uagb_featured_image_src":{"full":["https:\/\/naturalim.co\/wp-content\/uploads\/2023\/11\/lupin-flour-\u0637\u062d\u064a\u0646-\u0627\u0644\u062a\u0631\u0645\u0633-\u0627\u0644\u062d\u0644\u0648-naturalim.jpg",734,1100,false],"thumbnail":["https:\/\/naturalim.co\/wp-content\/uploads\/2023\/11\/lupin-flour-\u0637\u062d\u064a\u0646-\u0627\u0644\u062a\u0631\u0645\u0633-\u0627\u0644\u062d\u0644\u0648-naturalim-150x150.jpg",150,150,true],"medium":["https:\/\/naturalim.co\/wp-content\/uploads\/2023\/11\/lupin-flour-\u0637\u062d\u064a\u0646-\u0627\u0644\u062a\u0631\u0645\u0633-\u0627\u0644\u062d\u0644\u0648-naturalim-200x300.jpg",200,300,true],"medium_large":["https:\/\/naturalim.co\/wp-content\/uploads\/2023\/11\/lupin-flour-\u0637\u062d\u064a\u0646-\u0627\u0644\u062a\u0631\u0645\u0633-\u0627\u0644\u062d\u0644\u0648-naturalim.jpg",734,1100,false],"large":["https:\/\/naturalim.co\/wp-content\/uploads\/2023\/11\/lupin-flour-\u0637\u062d\u064a\u0646-\u0627\u0644\u062a\u0631\u0645\u0633-\u0627\u0644\u062d\u0644\u0648-naturalim-683x1024.jpg",683,1024,true],"1536x1536":["https:\/\/naturalim.co\/wp-content\/uploads\/2023\/11\/lupin-flour-\u0637\u062d\u064a\u0646-\u0627\u0644\u062a\u0631\u0645\u0633-\u0627\u0644\u062d\u0644\u0648-naturalim.jpg",734,1100,false],"2048x2048":["https:\/\/naturalim.co\/wp-content\/uploads\/2023\/11\/lupin-flour-\u0637\u062d\u064a\u0646-\u0627\u0644\u062a\u0631\u0645\u0633-\u0627\u0644\u062d\u0644\u0648-naturalim.jpg",734,1100,false],"trp-custom-language-flag":["https:\/\/naturalim.co\/wp-content\/uploads\/2023\/11\/lupin-flour-\u0637\u062d\u064a\u0646-\u0627\u0644\u062a\u0631\u0645\u0633-\u0627\u0644\u062d\u0644\u0648-naturalim.jpg",8,12,false],"woocommerce_thumbnail":["https:\/\/naturalim.co\/wp-content\/uploads\/2023\/11\/lupin-flour-\u0637\u062d\u064a\u0646-\u0627\u0644\u062a\u0631\u0645\u0633-\u0627\u0644\u062d\u0644\u0648-naturalim-300x300.jpg",300,300,true],"woocommerce_single":["https:\/\/naturalim.co\/wp-content\/uploads\/2023\/11\/lupin-flour-\u0637\u062d\u064a\u0646-\u0627\u0644\u062a\u0631\u0645\u0633-\u0627\u0644\u062d\u0644\u0648-naturalim-600x899.jpg",600,899,true],"woocommerce_gallery_thumbnail":["https:\/\/naturalim.co\/wp-content\/uploads\/2023\/11\/lupin-flour-\u0637\u062d\u064a\u0646-\u0627\u0644\u062a\u0631\u0645\u0633-\u0627\u0644\u062d\u0644\u0648-naturalim-100x100.jpg",100,100,true],"wc_order_status_icon":["https:\/\/naturalim.co\/wp-content\/uploads\/2023\/11\/lupin-flour-\u0637\u062d\u064a\u0646-\u0627\u0644\u062a\u0631\u0645\u0633-\u0627\u0644\u062d\u0644\u0648-naturalim.jpg",21,32,false],"dgwt-wcas-product-suggestion":["https:\/\/naturalim.co\/wp-content\/uploads\/2023\/11\/lupin-flour-\u0637\u062d\u064a\u0646-\u0627\u0644\u062a\u0631\u0645\u0633-\u0627\u0644\u062d\u0644\u0648-naturalim-64x96.jpg",64,96,true]},"uagb_author_info":{"display_name":"admin","author_link":"https:\/\/naturalim.co\/ar\/author\/"},"uagb_comment_info":0,"uagb_excerpt":"Le lupin doux est riche en prot\u00e9ines v\u00e9g\u00e9tales et en fibres, id\u00e9ale pour une alimentation saine et \u00e9quilibr\u00e9e. Naturellement pauvre en glucides, il est pris\u00e9 dans les r\u00e9gimes v\u00e9g\u00e9tariens et sans gluten. Sa saveur douce et sa texture polyvalente en font un ingr\u00e9dient parfait pour les farines, snacks et plats cuisin\u00e9s. Produit durable, il contribue&hellip;","_links":{"self":[{"href":"https:\/\/naturalim.co\/ar\/wp-json\/wp\/v2\/product\/2616","targetHints":{"allow":["GET"]}}],"collection":[{"href":"https:\/\/naturalim.co\/ar\/wp-json\/wp\/v2\/product"}],"about":[{"href":"https:\/\/naturalim.co\/ar\/wp-json\/wp\/v2\/types\/product"}],"replies":[{"embeddable":true,"href":"https:\/\/naturalim.co\/ar\/wp-json\/wp\/v2\/comments?post=2616"}],"wp:featuredmedia":[{"embeddable":true,"href":"https:\/\/naturalim.co\/ar\/wp-json\/wp\/v2\/media\/3293"}],"wp:attachment":[{"href":"https:\/\/naturalim.co\/ar\/wp-json\/wp\/v2\/media?parent=2616"}],"wp:term":[{"taxonomy":"product_brand","embeddable":true,"href":"https:\/\/naturalim.co\/ar\/wp-json\/wp\/v2\/product_brand?post=2616"},{"taxonomy":"product_cat","embeddable":true,"href":"https:\/\/naturalim.co\/ar\/wp-json\/wp\/v2\/product_cat?post=2616"},{"taxonomy":"product_tag","embeddable":true,"href":"https:\/\/naturalim.co\/ar\/wp-json\/wp\/v2\/product_tag?post=2616"}],"curies":[{"name":"wp","href":"https:\/\/api.w.org\/{rel}","templated":true}]}}