{"id":2625,"date":"2023-11-22T15:27:27","date_gmt":"2023-11-22T14:27:27","guid":{"rendered":"https:\/\/naturalim.co\/?post_type=product&#038;p=2625"},"modified":"2025-09-17T10:55:53","modified_gmt":"2025-09-17T09:55:53","slug":"millet-brun-farine","status":"publish","type":"product","link":"https:\/\/naturalim.co\/ar\/product\/millet-brun-farine\/","title":{"rendered":"Farine de Millet brun compl\u00e8te (kg)"},"content":{"rendered":"<p>BIENFAITS DU MILLET :<br \/>\n1) Aide \u00e0 pr\u00e9venir les maladies cardiovasculaires et \u00e0 prot\u00e9ger le c\u0153ur :<br \/>\n(R\u00e9duction de la tension art\u00e9rielle, de l&rsquo;inflammation et du mauvais cholest\u00e9rol LDL et augmentation du bon cholest\u00e9rol HDL).<br \/>\n2) Aide \u00e0 r\u00e9guler la glyc\u00e9mie :<br \/>\n(Index glyc\u00e9mique bas et sa teneur en fibres favorise une lib\u00e9ration lente des sucres dans le sang).<br \/>\n3) Riche en fibres :<br \/>\n(Aliment favorisant la digestion, le transit intestinal, la sati\u00e9t\u00e9 et le maintien d\u2019un syst\u00e8me digestif sain).<br \/>\n4) Aide \u00e0 perdre du poids : (aliment rassasiant, riche en fibres etc.).<br \/>\n5) Sans gluten (naturellement sans gluten).<br \/>\n6) Source de prot\u00e9ines (v\u00e9g\u00e9tales).<br \/>\n7) Riche en min\u00e9raux (essentiels pour le bon fonctionnement de l&rsquo;organisme) :<br \/>\nMagn\u00e9sium, phosphore, fer, calcium, potassium etc.<br \/>\n8) Antioxydant (Il prot\u00e8ge les cellules etc.).<br \/>\n9) Bonne source de vitamines B (importantes pour la sant\u00e9 du syst\u00e8me nerveux).<br \/>\n10) Anti-inflammatoire : (peut aider \u00e0 r\u00e9duire l&rsquo;inflammation dans le corps).<br \/>\n+++++++++++++++++++++++++++++++++++++++++++++++++++++++++++++++++++++++++++++++++++++++++++++++<br \/>\nLe millet est commercialis\u00e9 en 3 types et 2 formes :<br \/>\nTypes :<br \/>\n&#8211; Millet brun.<br \/>\n&#8211; Millet blanc.<br \/>\n(Origine Alg\u00e9rie, en g\u00e9n\u00e9ral ; Bechena bled)<br \/>\n&#8211; Millet jaune<br \/>\nFormes :<br \/>\n&#8211; Grain<br \/>\n&#8211; Farine (Poudre)<br \/>\nNB : Graines de millet d\u00e9cortiqu\u00e9es.<\/p>\n<p>+++++++++++++++++++++++++++++++++++++++++++++++++++++++++++++++++++++++++++++++++++++<br \/>\nMILLET\u00a0: composition succincte (pour farine)\u00a0:<br \/>\nTeneur moyenne (pour 100 g) :<br \/>\nEnergie (kj): 1480<br \/>\nEnergie (kcal): 350<br \/>\nProt\u00e9ines (g): 10,2<br \/>\nGlucides (g): 63,2<br \/>\nLipides (g): 4,1<br \/>\nSucres (g): 0,5<br \/>\nAcides gras satur\u00e9s (g): 0,76<br \/>\nSel (chlorure de sodium) (g):&lt; 0,13<br \/>\n++++++++++++++++++++++++++++++++++++++++++++++++++++++++++++++++++++++++++++++++++<\/p>\n<p>\u062e\u0635\u0627\u0626\u0635 \u0627\u0644\u0645\u0646\u062a\u062c :<br \/>\n&#8211; C\u00e9r\u00e9ale.<\/p>\n<p>&#8211; Farine compl\u00e8te (grain complet moulu).<\/p>\n<p>&nbsp;<\/p>","protected":false},"excerpt":{"rendered":"<p>Le millet est une c\u00e9r\u00e9ale ancienne, riche en fibres, min\u00e9raux et prot\u00e9ines. Id\u00e9al pour une alimentation saine, il offre une texture l\u00e9g\u00e8re et un go\u00fbt d\u00e9licatement noisett\u00e9. Polyvalent en cuisine, il convient aux plats sal\u00e9s ou sucr\u00e9s et s&rsquo;int\u00e8gre facilement dans une alimentation \u00e9quilibr\u00e9e.<br \/>\nParfait pour les r\u00e9gimes v\u00e9g\u00e9tariens, v\u00e9gan ou sans gluten.<br \/>\nProduit naturel et facile \u00e0 dig\u00e9rer.<br \/>\n\u0623\u062f\u0631\u062c\u0647 \u0641\u064a \u0646\u0638\u0627\u0645\u0643 \u0627\u0644\u063a\u0630\u0627\u0626\u064a \u0644\u0644\u0627\u0633\u062a\u0645\u062a\u0627\u0639 \u0628\u0641\u0648\u0627\u0626\u062f\u0647 \u0627\u0644\u0639\u062f\u064a\u062f\u0629.<br \/>\n+++++++++++++++++++++++++++++++++++++++++++++++++++++++<\/p>","protected":false},"featured_media":3270,"comment_status":"open","ping_status":"closed","template":"","meta":{"_acf_changed":false,"_uag_custom_page_level_css":"","site-sidebar-layout":"default","site-content-layout":"","ast-site-content-layout":"default","site-content-style":"default","site-sidebar-style":"default","ast-global-header-display":"","ast-banner-title-visibility":"","ast-main-header-display":"","ast-hfb-above-header-display":"","ast-hfb-below-header-display":"","ast-hfb-mobile-header-display":"","site-post-title":"","ast-breadcrumbs-content":"","ast-featured-img":"","footer-sml-layout":"","ast-disable-related-posts":"","theme-transparent-header-meta":"default","adv-header-id-meta":"","stick-header-meta":"","header-above-stick-meta":"","header-main-stick-meta":"","header-below-stick-meta":"","astra-migrate-meta-layouts":"set","ast-page-background-enabled":"default","ast-page-background-meta":{"desktop":{"background-color":"var(--ast-global-color-4)","background-image":"","background-repeat":"repeat","background-position":"center center","background-size":"auto","background-attachment":"scroll","background-type":"","background-media":"","overlay-type":"","overlay-color":"","overlay-opacity":"","overlay-gradient":""},"tablet":{"background-color":"","background-image":"","background-repeat":"repeat","background-position":"center center","background-size":"auto","background-attachment":"scroll","background-type":"","background-media":"","overlay-type":"","overlay-color":"","overlay-opacity":"","overlay-gradient":""},"mobile":{"background-color":"","background-image":"","background-repeat":"repeat","background-position":"center center","background-size":"auto","background-attachment":"scroll","background-type":"","background-media":"","overlay-type":"","overlay-color":"","overlay-opacity":"","overlay-gradient":""}},"ast-content-background-meta":{"desktop":{"background-color":"var(--ast-global-color-5)","background-image":"","background-repeat":"repeat","background-position":"center center","background-size":"auto","background-attachment":"scroll","background-type":"","background-media":"","overlay-type":"","overlay-color":"","overlay-opacity":"","overlay-gradient":""},"tablet":{"background-color":"var(--ast-global-color-5)","background-image":"","background-repeat":"repeat","background-position":"center center","background-size":"auto","background-attachment":"scroll","background-type":"","background-media":"","overlay-type":"","overlay-color":"","overlay-opacity":"","overlay-gradient":""},"mobile":{"background-color":"var(--ast-global-color-5)","background-image":"","background-repeat":"repeat","background-position":"center center","background-size":"auto","background-attachment":"scroll","background-type":"","background-media":"","overlay-type":"","overlay-color":"","overlay-opacity":"","overlay-gradient":""}}},"product_brand":[],"product_cat":[85,50],"product_tag":[],"class_list":{"0":"post-2625","1":"product","2":"type-product","3":"status-publish","4":"has-post-thumbnail","6":"product_cat-dietetique","7":"product_cat-poudres-et-farines","8":"desktop-align-center","9":"tablet-align-left","10":"mobile-align-left","12":"first","13":"instock","14":"shipping-taxable","15":"purchasable","16":"product-type-simple"},"acf":[],"yoast_head":"<!-- This site is optimized with the Yoast SEO plugin v27.5 - https:\/\/yoast.com\/product\/yoast-seo-wordpress\/ -->\n<title>Farine de Millet brun compl\u00e8te (kg) - Naturalim<\/title>\n<meta name=\"robots\" content=\"index, follow, max-snippet:-1, max-image-preview:large, max-video-preview:-1\" \/>\n<link rel=\"canonical\" href=\"https:\/\/naturalim.co\/ar\/product\/millet-brun-farine\/\" \/>\n<meta property=\"og:locale\" content=\"ar_AR\" \/>\n<meta property=\"og:type\" content=\"article\" \/>\n<meta property=\"og:title\" content=\"Farine de Millet brun compl\u00e8te (kg) - Naturalim\" \/>\n<meta property=\"og:description\" content=\"Le millet est une c\u00e9r\u00e9ale ancienne, riche en fibres, min\u00e9raux et prot\u00e9ines. Id\u00e9al pour une alimentation saine, il offre une texture l\u00e9g\u00e8re et un go\u00fbt d\u00e9licatement noisett\u00e9. Polyvalent en cuisine, il convient aux plats sal\u00e9s ou sucr\u00e9s et s&#039;int\u00e8gre facilement dans une alimentation \u00e9quilibr\u00e9e. Parfait pour les r\u00e9gimes v\u00e9g\u00e9tariens, v\u00e9gan ou sans gluten. Produit naturel et facile \u00e0 dig\u00e9rer. Int\u00e9grez-le \u00e0 votre alimentation pour profiter de ses nombreux avantages et bienfaits. +++++++++++++++++++++++++++++++++++++++++++++++++++++++\" \/>\n<meta property=\"og:url\" content=\"https:\/\/naturalim.co\/ar\/product\/millet-brun-farine\/\" \/>\n<meta property=\"og:site_name\" content=\"Naturalim\" \/>\n<meta property=\"article:publisher\" content=\"https:\/\/www.facebook.com\/people\/Naturalimdz\/100063266886704\/\" \/>\n<meta property=\"article:modified_time\" content=\"2025-09-17T09:55:53+00:00\" \/>\n<meta property=\"og:image\" content=\"https:\/\/naturalim.co\/wp-content\/uploads\/2023\/11\/brow-millet-flour-\u0637\u062d\u064a\u0646-\u0627\u0644\u0628\u0634\u0646\u0629-\u0627\u0644\u0628\u0646\u064a\u0629-naturalim.webp\" \/>\n\t<meta property=\"og:image:width\" content=\"800\" \/>\n\t<meta property=\"og:image:height\" content=\"534\" \/>\n\t<meta property=\"og:image:type\" content=\"image\/webp\" \/>\n<meta name=\"twitter:card\" content=\"summary_large_image\" \/>\n<meta name=\"twitter:label1\" content=\"\u0648\u0642\u062a \u0627\u0644\u0642\u0631\u0627\u0621\u0629 \u0627\u0644\u0645\u064f\u0642\u062f\u0651\u0631\" \/>\n\t<meta name=\"twitter:data1\" content=\"\u062f\u0642\u064a\u0642\u062a\u0627\u0646\" \/>\n<script type=\"application\/ld+json\" class=\"yoast-schema-graph\">{\"@context\":\"https:\\\/\\\/schema.org\",\"@graph\":[{\"@type\":\"WebPage\",\"@id\":\"https:\\\/\\\/naturalim.co\\\/produit\\\/millet-brun-farine\\\/\",\"url\":\"https:\\\/\\\/naturalim.co\\\/produit\\\/millet-brun-farine\\\/\",\"name\":\"Farine de Millet brun compl\u00e8te (kg) - Naturalim\",\"isPartOf\":{\"@id\":\"https:\\\/\\\/naturalim.co\\\/fr\\\/#website\"},\"primaryImageOfPage\":{\"@id\":\"https:\\\/\\\/naturalim.co\\\/produit\\\/millet-brun-farine\\\/#primaryimage\"},\"image\":{\"@id\":\"https:\\\/\\\/naturalim.co\\\/produit\\\/millet-brun-farine\\\/#primaryimage\"},\"thumbnailUrl\":\"https:\\\/\\\/naturalim.co\\\/wp-content\\\/uploads\\\/2023\\\/11\\\/brow-millet-flour-\u0637\u062d\u064a\u0646-\u0627\u0644\u0628\u0634\u0646\u0629-\u0627\u0644\u0628\u0646\u064a\u0629-naturalim.webp\",\"datePublished\":\"2023-11-22T14:27:27+00:00\",\"dateModified\":\"2025-09-17T09:55:53+00:00\",\"breadcrumb\":{\"@id\":\"https:\\\/\\\/naturalim.co\\\/produit\\\/millet-brun-farine\\\/#breadcrumb\"},\"inLanguage\":\"ar\",\"potentialAction\":[{\"@type\":\"ReadAction\",\"target\":[\"https:\\\/\\\/naturalim.co\\\/produit\\\/millet-brun-farine\\\/\"]}]},{\"@type\":\"ImageObject\",\"inLanguage\":\"ar\",\"@id\":\"https:\\\/\\\/naturalim.co\\\/produit\\\/millet-brun-farine\\\/#primaryimage\",\"url\":\"https:\\\/\\\/naturalim.co\\\/wp-content\\\/uploads\\\/2023\\\/11\\\/brow-millet-flour-\u0637\u062d\u064a\u0646-\u0627\u0644\u0628\u0634\u0646\u0629-\u0627\u0644\u0628\u0646\u064a\u0629-naturalim.webp\",\"contentUrl\":\"https:\\\/\\\/naturalim.co\\\/wp-content\\\/uploads\\\/2023\\\/11\\\/brow-millet-flour-\u0637\u062d\u064a\u0646-\u0627\u0644\u0628\u0634\u0646\u0629-\u0627\u0644\u0628\u0646\u064a\u0629-naturalim.webp\",\"width\":800,\"height\":534},{\"@type\":\"BreadcrumbList\",\"@id\":\"https:\\\/\\\/naturalim.co\\\/produit\\\/millet-brun-farine\\\/#breadcrumb\",\"itemListElement\":[{\"@type\":\"ListItem\",\"position\":1,\"name\":\"Home\",\"item\":\"https:\\\/\\\/naturalim.co\\\/\"},{\"@type\":\"ListItem\",\"position\":2,\"name\":\"Shop\",\"item\":\"https:\\\/\\\/naturalim.co\\\/fr\\\/shop\\\/\"},{\"@type\":\"ListItem\",\"position\":3,\"name\":\"Farine de Millet brun compl\u00e8te (kg)\"}]},{\"@type\":\"WebSite\",\"@id\":\"https:\\\/\\\/naturalim.co\\\/fr\\\/#website\",\"url\":\"https:\\\/\\\/naturalim.co\\\/fr\\\/\",\"name\":\"Naturalim\",\"description\":\"\",\"publisher\":{\"@id\":\"https:\\\/\\\/naturalim.co\\\/fr\\\/#organization\"},\"potentialAction\":[{\"@type\":\"SearchAction\",\"target\":{\"@type\":\"EntryPoint\",\"urlTemplate\":\"https:\\\/\\\/naturalim.co\\\/fr\\\/?s={search_term_string}\"},\"query-input\":{\"@type\":\"PropertyValueSpecification\",\"valueRequired\":true,\"valueName\":\"search_term_string\"}}],\"inLanguage\":\"ar\"},{\"@type\":\"Organization\",\"@id\":\"https:\\\/\\\/naturalim.co\\\/fr\\\/#organization\",\"name\":\"Naturalim\",\"url\":\"https:\\\/\\\/naturalim.co\\\/fr\\\/\",\"logo\":{\"@type\":\"ImageObject\",\"inLanguage\":\"ar\",\"@id\":\"https:\\\/\\\/naturalim.co\\\/fr\\\/#\\\/schema\\\/logo\\\/image\\\/\",\"url\":\"https:\\\/\\\/naturalim.co\\\/wp-content\\\/uploads\\\/2023\\\/09\\\/Green_Circle_Leaves_Environment_Logo_1_-removebg-preview.png\",\"contentUrl\":\"https:\\\/\\\/naturalim.co\\\/wp-content\\\/uploads\\\/2023\\\/09\\\/Green_Circle_Leaves_Environment_Logo_1_-removebg-preview.png\",\"width\":500,\"height\":500,\"caption\":\"Naturalim\"},\"image\":{\"@id\":\"https:\\\/\\\/naturalim.co\\\/fr\\\/#\\\/schema\\\/logo\\\/image\\\/\"},\"sameAs\":[\"https:\\\/\\\/www.facebook.com\\\/people\\\/Naturalimdz\\\/100063266886704\\\/\",\"https:\\\/\\\/www.instagram.com\\\/naturalim.dz\\\/\"]}]}<\/script>\n<!-- \/ Yoast SEO plugin. -->","yoast_head_json":{"title":"Farine de Millet brun compl\u00e8te (kg) - Naturalim","robots":{"index":"index","follow":"follow","max-snippet":"max-snippet:-1","max-image-preview":"max-image-preview:large","max-video-preview":"max-video-preview:-1"},"canonical":"https:\/\/naturalim.co\/ar\/product\/millet-brun-farine\/","og_locale":"ar_AR","og_type":"article","og_title":"Farine de Millet brun compl\u00e8te (kg) - Naturalim","og_description":"Le millet est une c\u00e9r\u00e9ale ancienne, riche en fibres, min\u00e9raux et prot\u00e9ines. Id\u00e9al pour une alimentation saine, il offre une texture l\u00e9g\u00e8re et un go\u00fbt d\u00e9licatement noisett\u00e9. Polyvalent en cuisine, il convient aux plats sal\u00e9s ou sucr\u00e9s et s'int\u00e8gre facilement dans une alimentation \u00e9quilibr\u00e9e. Parfait pour les r\u00e9gimes v\u00e9g\u00e9tariens, v\u00e9gan ou sans gluten. Produit naturel et facile \u00e0 dig\u00e9rer. Int\u00e9grez-le \u00e0 votre alimentation pour profiter de ses nombreux avantages et bienfaits. +++++++++++++++++++++++++++++++++++++++++++++++++++++++","og_url":"https:\/\/naturalim.co\/ar\/product\/millet-brun-farine\/","og_site_name":"Naturalim","article_publisher":"https:\/\/www.facebook.com\/people\/Naturalimdz\/100063266886704\/","article_modified_time":"2025-09-17T09:55:53+00:00","og_image":[{"width":800,"height":534,"url":"https:\/\/naturalim.co\/wp-content\/uploads\/2023\/11\/brow-millet-flour-\u0637\u062d\u064a\u0646-\u0627\u0644\u0628\u0634\u0646\u0629-\u0627\u0644\u0628\u0646\u064a\u0629-naturalim.webp","type":"image\/webp"}],"twitter_card":"summary_large_image","twitter_misc":{"\u0648\u0642\u062a \u0627\u0644\u0642\u0631\u0627\u0621\u0629 \u0627\u0644\u0645\u064f\u0642\u062f\u0651\u0631":"\u062f\u0642\u064a\u0642\u062a\u0627\u0646"},"schema":{"@context":"https:\/\/schema.org","@graph":[{"@type":"WebPage","@id":"https:\/\/naturalim.co\/produit\/millet-brun-farine\/","url":"https:\/\/naturalim.co\/produit\/millet-brun-farine\/","name":"Farine de Millet brun compl\u00e8te (kg) - Naturalim","isPartOf":{"@id":"https:\/\/naturalim.co\/fr\/#website"},"primaryImageOfPage":{"@id":"https:\/\/naturalim.co\/produit\/millet-brun-farine\/#primaryimage"},"image":{"@id":"https:\/\/naturalim.co\/produit\/millet-brun-farine\/#primaryimage"},"thumbnailUrl":"https:\/\/naturalim.co\/wp-content\/uploads\/2023\/11\/brow-millet-flour-\u0637\u062d\u064a\u0646-\u0627\u0644\u0628\u0634\u0646\u0629-\u0627\u0644\u0628\u0646\u064a\u0629-naturalim.webp","datePublished":"2023-11-22T14:27:27+00:00","dateModified":"2025-09-17T09:55:53+00:00","breadcrumb":{"@id":"https:\/\/naturalim.co\/produit\/millet-brun-farine\/#breadcrumb"},"inLanguage":"ar","potentialAction":[{"@type":"ReadAction","target":["https:\/\/naturalim.co\/produit\/millet-brun-farine\/"]}]},{"@type":"ImageObject","inLanguage":"ar","@id":"https:\/\/naturalim.co\/produit\/millet-brun-farine\/#primaryimage","url":"https:\/\/naturalim.co\/wp-content\/uploads\/2023\/11\/brow-millet-flour-\u0637\u062d\u064a\u0646-\u0627\u0644\u0628\u0634\u0646\u0629-\u0627\u0644\u0628\u0646\u064a\u0629-naturalim.webp","contentUrl":"https:\/\/naturalim.co\/wp-content\/uploads\/2023\/11\/brow-millet-flour-\u0637\u062d\u064a\u0646-\u0627\u0644\u0628\u0634\u0646\u0629-\u0627\u0644\u0628\u0646\u064a\u0629-naturalim.webp","width":800,"height":534},{"@type":"BreadcrumbList","@id":"https:\/\/naturalim.co\/produit\/millet-brun-farine\/#breadcrumb","itemListElement":[{"@type":"ListItem","position":1,"name":"Home","item":"https:\/\/naturalim.co\/"},{"@type":"ListItem","position":2,"name":"Shop","item":"https:\/\/naturalim.co\/fr\/shop\/"},{"@type":"ListItem","position":3,"name":"Farine de Millet brun compl\u00e8te (kg)"}]},{"@type":"WebSite","@id":"https:\/\/naturalim.co\/fr\/#website","url":"https:\/\/naturalim.co\/fr\/","name":"Naturalim","description":"","publisher":{"@id":"https:\/\/naturalim.co\/fr\/#organization"},"potentialAction":[{"@type":"SearchAction","target":{"@type":"EntryPoint","urlTemplate":"https:\/\/naturalim.co\/fr\/?s={search_term_string}"},"query-input":{"@type":"PropertyValueSpecification","valueRequired":true,"valueName":"search_term_string"}}],"inLanguage":"ar"},{"@type":"Organization","@id":"https:\/\/naturalim.co\/fr\/#organization","name":"Naturalim","url":"https:\/\/naturalim.co\/fr\/","logo":{"@type":"ImageObject","inLanguage":"ar","@id":"https:\/\/naturalim.co\/fr\/#\/schema\/logo\/image\/","url":"https:\/\/naturalim.co\/wp-content\/uploads\/2023\/09\/Green_Circle_Leaves_Environment_Logo_1_-removebg-preview.png","contentUrl":"https:\/\/naturalim.co\/wp-content\/uploads\/2023\/09\/Green_Circle_Leaves_Environment_Logo_1_-removebg-preview.png","width":500,"height":500,"caption":"Naturalim"},"image":{"@id":"https:\/\/naturalim.co\/fr\/#\/schema\/logo\/image\/"},"sameAs":["https:\/\/www.facebook.com\/people\/Naturalimdz\/100063266886704\/","https:\/\/www.instagram.com\/naturalim.dz\/"]}]}},"uagb_featured_image_src":{"full":["https:\/\/naturalim.co\/wp-content\/uploads\/2023\/11\/brow-millet-flour-\u0637\u062d\u064a\u0646-\u0627\u0644\u0628\u0634\u0646\u0629-\u0627\u0644\u0628\u0646\u064a\u0629-naturalim.webp",800,534,false],"thumbnail":["https:\/\/naturalim.co\/wp-content\/uploads\/2023\/11\/brow-millet-flour-\u0637\u062d\u064a\u0646-\u0627\u0644\u0628\u0634\u0646\u0629-\u0627\u0644\u0628\u0646\u064a\u0629-naturalim-150x150.webp",150,150,true],"medium":["https:\/\/naturalim.co\/wp-content\/uploads\/2023\/11\/brow-millet-flour-\u0637\u062d\u064a\u0646-\u0627\u0644\u0628\u0634\u0646\u0629-\u0627\u0644\u0628\u0646\u064a\u0629-naturalim-300x200.webp",300,200,true],"medium_large":["https:\/\/naturalim.co\/wp-content\/uploads\/2023\/11\/brow-millet-flour-\u0637\u062d\u064a\u0646-\u0627\u0644\u0628\u0634\u0646\u0629-\u0627\u0644\u0628\u0646\u064a\u0629-naturalim-768x513.webp",768,513,true],"large":["https:\/\/naturalim.co\/wp-content\/uploads\/2023\/11\/brow-millet-flour-\u0637\u062d\u064a\u0646-\u0627\u0644\u0628\u0634\u0646\u0629-\u0627\u0644\u0628\u0646\u064a\u0629-naturalim.webp",800,534,false],"1536x1536":["https:\/\/naturalim.co\/wp-content\/uploads\/2023\/11\/brow-millet-flour-\u0637\u062d\u064a\u0646-\u0627\u0644\u0628\u0634\u0646\u0629-\u0627\u0644\u0628\u0646\u064a\u0629-naturalim.webp",800,534,false],"2048x2048":["https:\/\/naturalim.co\/wp-content\/uploads\/2023\/11\/brow-millet-flour-\u0637\u062d\u064a\u0646-\u0627\u0644\u0628\u0634\u0646\u0629-\u0627\u0644\u0628\u0646\u064a\u0629-naturalim.webp",800,534,false],"trp-custom-language-flag":["https:\/\/naturalim.co\/wp-content\/uploads\/2023\/11\/brow-millet-flour-\u0637\u062d\u064a\u0646-\u0627\u0644\u0628\u0634\u0646\u0629-\u0627\u0644\u0628\u0646\u064a\u0629-naturalim.webp",18,12,false],"woocommerce_thumbnail":["https:\/\/naturalim.co\/wp-content\/uploads\/2023\/11\/brow-millet-flour-\u0637\u062d\u064a\u0646-\u0627\u0644\u0628\u0634\u0646\u0629-\u0627\u0644\u0628\u0646\u064a\u0629-naturalim-300x300.webp",300,300,true],"woocommerce_single":["https:\/\/naturalim.co\/wp-content\/uploads\/2023\/11\/brow-millet-flour-\u0637\u062d\u064a\u0646-\u0627\u0644\u0628\u0634\u0646\u0629-\u0627\u0644\u0628\u0646\u064a\u0629-naturalim-600x401.webp",600,401,true],"woocommerce_gallery_thumbnail":["https:\/\/naturalim.co\/wp-content\/uploads\/2023\/11\/brow-millet-flour-\u0637\u062d\u064a\u0646-\u0627\u0644\u0628\u0634\u0646\u0629-\u0627\u0644\u0628\u0646\u064a\u0629-naturalim-100x100.webp",100,100,true],"wc_order_status_icon":["https:\/\/naturalim.co\/wp-content\/uploads\/2023\/11\/brow-millet-flour-\u0637\u062d\u064a\u0646-\u0627\u0644\u0628\u0634\u0646\u0629-\u0627\u0644\u0628\u0646\u064a\u0629-naturalim.webp",32,21,false],"dgwt-wcas-product-suggestion":["https:\/\/naturalim.co\/wp-content\/uploads\/2023\/11\/brow-millet-flour-\u0637\u062d\u064a\u0646-\u0627\u0644\u0628\u0634\u0646\u0629-\u0627\u0644\u0628\u0646\u064a\u0629-naturalim-64x43.webp",64,43,true]},"uagb_author_info":{"display_name":"admin","author_link":"https:\/\/naturalim.co\/ar\/author\/"},"uagb_comment_info":0,"uagb_excerpt":"Le millet est une c\u00e9r\u00e9ale ancienne, riche en fibres, min\u00e9raux et prot\u00e9ines. Id\u00e9al pour une alimentation saine, il offre une texture l\u00e9g\u00e8re et un go\u00fbt d\u00e9licatement noisett\u00e9. Polyvalent en cuisine, il convient aux plats sal\u00e9s ou sucr\u00e9s et s'int\u00e8gre facilement dans une alimentation \u00e9quilibr\u00e9e. Parfait pour les r\u00e9gimes v\u00e9g\u00e9tariens, v\u00e9gan ou sans gluten. Produit naturel&hellip;","_links":{"self":[{"href":"https:\/\/naturalim.co\/ar\/wp-json\/wp\/v2\/product\/2625","targetHints":{"allow":["GET"]}}],"collection":[{"href":"https:\/\/naturalim.co\/ar\/wp-json\/wp\/v2\/product"}],"about":[{"href":"https:\/\/naturalim.co\/ar\/wp-json\/wp\/v2\/types\/product"}],"replies":[{"embeddable":true,"href":"https:\/\/naturalim.co\/ar\/wp-json\/wp\/v2\/comments?post=2625"}],"wp:featuredmedia":[{"embeddable":true,"href":"https:\/\/naturalim.co\/ar\/wp-json\/wp\/v2\/media\/3270"}],"wp:attachment":[{"href":"https:\/\/naturalim.co\/ar\/wp-json\/wp\/v2\/media?parent=2625"}],"wp:term":[{"taxonomy":"product_brand","embeddable":true,"href":"https:\/\/naturalim.co\/ar\/wp-json\/wp\/v2\/product_brand?post=2625"},{"taxonomy":"product_cat","embeddable":true,"href":"https:\/\/naturalim.co\/ar\/wp-json\/wp\/v2\/product_cat?post=2625"},{"taxonomy":"product_tag","embeddable":true,"href":"https:\/\/naturalim.co\/ar\/wp-json\/wp\/v2\/product_tag?post=2625"}],"curies":[{"name":"wp","href":"https:\/\/api.w.org\/{rel}","templated":true}]}}