{"id":2632,"date":"2023-11-22T15:27:28","date_gmt":"2023-11-22T14:27:28","guid":{"rendered":"https:\/\/naturalim.co\/?post_type=product&#038;p=2632"},"modified":"2025-12-09T15:59:47","modified_gmt":"2025-12-09T14:59:47","slug":"moringa-poudre-feuilles-moulues","status":"publish","type":"product","link":"https:\/\/naturalim.co\/ar\/product\/moringa-poudre-feuilles-moulues\/","title":{"rendered":"\u0645\u0633\u062d\u0648\u0642 \u0648\u0631\u0642 \u0627\u0644\u0645\u0648\u0631\u064a\u0646\u062c\u0627"},"content":{"rendered":"<p>\u0641\u0648\u0627\u0626\u062f \u0627\u0644\u0645\u0648\u0631\u064a\u0646\u062c\u0627 :<\/p>\n<p class=\" translation-block\">- \u063a\u0646\u064a\u0629 \u0628\u0627\u0644\u0639\u0646\u0627\u0635\u0631 \u0627\u0644\u063a\u0630\u0627\u0626\u064a\u0629: (\u0627\u0644\u0641\u064a\u062a\u0627\u0645\u064a\u0646\u0627\u062a \u0648\u0627\u0644\u0645\u0639\u0627\u062f\u0646 \u0648\u0645\u0636\u0627\u062f\u0627\u062a \u0627\u0644\u0623\u0643\u0633\u062f\u0629 \u0648\u0627\u0644\u0623\u0644\u064a\u0627\u0641 \u0648\u0627\u0644\u0623\u062d\u0645\u0627\u0636 \u0627\u0644\u0623\u0645\u064a\u0646\u064a\u0629 \u0648\u063a\u064a\u0631\u0647\u0627).<br>\n- \u062a\u0642\u0648\u064a \u062c\u0647\u0627\u0632 \u0627\u0644\u0645\u0646\u0627\u0639\u0629: (\u063a\u0646\u064a\u0629 \u0628\u0627\u0644\u0641\u064a\u062a\u0627\u0645\u064a\u0646\u0627\u062a \u0648\u0627\u0644\u0645\u0639\u0627\u062f\u0646).<br>\n- \u062e\u0635\u0627\u0626\u0635 \u0645\u0636\u0627\u062f\u0629 \u0644\u0644\u0627\u0644\u062a\u0647\u0627\u0628\u0627\u062a: (\u064a\u062e\u0641\u0641 \u0627\u0644\u0623\u0644\u0645\u060c \u0648\u064a\u0642\u0644\u0644 \u0645\u0646 \u0627\u0644\u062a\u0648\u0631\u0645\u060c \u0648\u0645\u0627 \u0625\u0644\u0649 \u0630\u0644\u0643).<br>\n- \u064a\u064f\u062d\u0633\u0651\u0646 \u0627\u0644\u0647\u0636\u0645: (\u064a\u064f\u0639\u0632\u0651\u0632 \u0627\u0644\u0647\u0636\u0645 \u0627\u0644\u062c\u064a\u062f\u060c \u0648\u064a\u064f\u0646\u0638\u0651\u0645 \u0627\u0644\u0639\u0628\u0648\u0631 \u0627\u0644\u0645\u0639\u0648\u064a\u060c \u0648\u064a\u064f\u062e\u0641\u0651\u0641 \u0645\u0646 \u0622\u0644\u0627\u0645 \u0627\u0644\u0645\u0639\u062f\u0629\u060c \u0625\u0644\u062e).<br>\n- \u064a\u062d\u0633\u0646 \u0635\u062d\u0629 \u0627\u0644\u0642\u0644\u0628 \u0648\u0627\u0644\u0623\u0648\u0639\u064a\u0629 \u0627\u0644\u062f\u0645\u0648\u064a\u0629: (\u064a\u062d\u0645\u064a \u0645\u0646 \u0623\u0645\u0631\u0627\u0636 \u0627\u0644\u0642\u0644\u0628\u060c \u064a\u0646\u0638\u0645 \u0636\u063a\u0637 \u0627\u0644\u062f\u0645\u060c \u064a\u062e\u0641\u0636 \u0645\u0633\u062a\u0648\u064a\u0627\u062a \u0627\u0644\u0643\u0648\u0644\u064a\u0633\u062a\u0631\u0648\u0644\u060c \u0625\u0644\u062e).<br>\n- \u064a\u062a\u062d\u0643\u0645 \u0641\u064a \u0645\u0633\u062a\u0648\u064a\u0627\u062a \u0627\u0644\u0633\u0643\u0631 \u0641\u064a \u0627\u0644\u062f\u0645: (\u064a\u0633\u0627\u0639\u062f \u0639\u0644\u0649 \u062a\u0646\u0638\u064a\u0645 \u0645\u0633\u062a\u0648\u064a\u0627\u062a \u0627\u0644\u0633\u0643\u0631 \u0641\u064a \u0627\u0644\u062f\u0645 \u0648\u0647\u0648 \u0645\u0641\u064a\u062f \u0644\u0645\u0631\u0636\u0649 \u0627\u0644\u0633\u0643\u0631\u064a \u0623\u0648 \u0627\u0644\u0645\u0639\u0631\u0636\u064a\u0646 \u0644\u062e\u0637\u0631 \u0627\u0644\u0625\u0635\u0627\u0628\u0629 \u0628\u0647).<br>\n- \u0627\u0644\u062a\u062e\u0633\u064a\u0633: (\u064a\u062d\u0641\u0632 \u0639\u0645\u0644\u064a\u0629 \u0627\u0644\u0623\u064a\u0636 \u0648\u064a\u062d\u0631\u0642 \u0627\u0644\u062f\u0647\u0648\u0646 \u0648\u064a\u0632\u064a\u062f \u0645\u0646 \u0627\u0644\u0634\u0639\u0648\u0631 \u0628\u0627\u0644\u0634\u0628\u0639 \u0648\u064a\u0639\u0632\u0632 \u0641\u0642\u062f\u0627\u0646 \u0627\u0644\u0648\u0632\u0646).<br>\n- \u064a\u062d\u0645\u064a \u0635\u062d\u0629 \u0627\u0644\u0639\u0638\u0627\u0645 \u0648\u0627\u0644\u0623\u0633\u0646\u0627\u0646: (\u064a\u0642\u0648\u064a \u0627\u0644\u0639\u0638\u0627\u0645 \u0648\u0627\u0644\u0623\u0633\u0646\u0627\u0646\u060c \u0648\u064a\u0645\u0646\u0639 \u0647\u0634\u0627\u0634\u0629 \u0627\u0644\u0639\u0638\u0627\u0645\u060c \u0648\u0645\u0627 \u0625\u0644\u0649 \u0630\u0644\u0643).<br>\n- \u064a\u0633\u0627\u0639\u062f \u0639\u0644\u0649 \u0627\u0644\u0635\u062d\u0629 \u0627\u0644\u0646\u0641\u0633\u064a\u0629: (\u064a\u0642\u0644\u0644 \u0645\u0646 \u0627\u0644\u062a\u0648\u062a\u0631 \u0648\u0627\u0644\u0642\u0644\u0642\u060c \u0648\u064a\u0639\u0632\u0632 \u0627\u0644\u0646\u0648\u0645 \u0627\u0644\u062c\u064a\u062f\u060c \u0648\u064a\u062d\u0633\u0646 \u0627\u0644\u0645\u0632\u0627\u062c\u060c \u0625\u0644\u062e).<br>\n- \u0645\u0641\u064a\u062f \u0644\u0644\u0639\u0646\u0627\u064a\u0629 \u0628\u0627\u0644\u0628\u0634\u0631\u0629 \u0648\u0627\u0644\u0634\u0639\u0631: (\u064a\u0631\u0637\u0628 \u0627\u0644\u0628\u0634\u0631\u0629 \u0648\u064a\u063a\u0630\u064a\u0647\u0627\u060c \u0648\u064a\u0642\u0648\u064a \u0627\u0644\u0634\u0639\u0631 \u0648\u064a\u062d\u0641\u0632 \u0646\u0645\u0648 \u0627\u0644\u0634\u0639\u0631\u060c \u0625\u0644\u062e).<br>\n- \u064a\u062d\u0641\u0632 \u0627\u0644\u0637\u0627\u0642\u0629 \u0648\u0627\u0644\u062d\u064a\u0648\u064a\u0629: (\u064a\u062d\u0627\u0631\u0628 \u0627\u0644\u062a\u0639\u0628\u060c \u0648\u064a\u0632\u064a\u062f \u0645\u0646 \u0645\u0633\u062a\u0648\u064a\u0627\u062a \u0627\u0644\u0637\u0627\u0642\u0629\u060c \u0648\u064a\u062d\u0633\u0646 \u0627\u0644\u062a\u0631\u0643\u064a\u0632\u060c \u0625\u0644\u062e).<br>\n- \u064a\u062d\u0633\u0651\u0646 \u0627\u0644\u0623\u062f\u0627\u0621 \u0627\u0644\u062c\u0646\u0633\u064a.<br>\n- \u0625\u0632\u0627\u0644\u0629 \u0627\u0644\u0633\u0645\u0648\u0645: (\u064a\u0633\u0627\u0639\u062f \u0639\u0644\u0649 \u062a\u0646\u0642\u064a\u0629 \u0627\u0644\u062c\u0633\u0645 \u0648\u0627\u0644\u062a\u062e\u0644\u0635 \u0645\u0646 \u0627\u0644\u0633\u0645\u0648\u0645\u060c \u0625\u0644\u062e).<\/p>\n<p>\u0645\u0644\u062d\u0648\u0638\u0629: \u0644\u0627 \u0634\u064a\u0621 \u064a\u0645\u0643\u0646 \u0623\u0646 \u064a\u062d\u0644 \u0645\u062d\u0644 \u0627\u0644\u0646\u0638\u0627\u0645 \u0627\u0644\u063a\u0630\u0627\u0626\u064a \u0627\u0644\u0635\u062d\u064a \u0648\u0646\u0645\u0637 \u0627\u0644\u062d\u064a\u0627\u0629 \u0627\u0644\u0635\u062d\u064a.<\/p>","protected":false},"excerpt":{"rendered":"<p>La moringa est un superaliment riche en nutriments et b\u00e9n\u00e9fique pour la sant\u00e9.<br \/>\nSource naturelle de vitamines, min\u00e9raux et antioxydants, elle permet d\u2019augmenter votre \u00e9nergie, renforcer votre syst\u00e8me immunitaire, \u00e9quilibrer votre glyc\u00e9mie et favoriser une peau saine.<br \/>\nEn poudre, elle est facilement incorpor\u00e9e dans les soupes et les plats de cuisine, les boissons, les smoothies etc.<br \/>\n\u0623\u062f\u0631\u062c\u0647 \u0641\u064a \u0646\u0638\u0627\u0645\u0643 \u0627\u0644\u063a\u0630\u0627\u0626\u064a \u0644\u0644\u0627\u0633\u062a\u0645\u062a\u0627\u0639 \u0628\u0641\u0648\u0627\u0626\u062f\u0647 \u0627\u0644\u0639\u062f\u064a\u062f\u0629.<\/p>","protected":false},"featured_media":1877,"comment_status":"open","ping_status":"closed","template":"","meta":{"_acf_changed":false,"_uag_custom_page_level_css":"","site-sidebar-layout":"default","site-content-layout":"","ast-site-content-layout":"default","site-content-style":"default","site-sidebar-style":"default","ast-global-header-display":"","ast-banner-title-visibility":"","ast-main-header-display":"","ast-hfb-above-header-display":"","ast-hfb-below-header-display":"","ast-hfb-mobile-header-display":"","site-post-title":"","ast-breadcrumbs-content":"","ast-featured-img":"","footer-sml-layout":"","ast-disable-related-posts":"","theme-transparent-header-meta":"default","adv-header-id-meta":"","stick-header-meta":"","header-above-stick-meta":"","header-main-stick-meta":"","header-below-stick-meta":"","astra-migrate-meta-layouts":"set","ast-page-background-enabled":"default","ast-page-background-meta":{"desktop":{"background-color":"var(--ast-global-color-4)","background-image":"","background-repeat":"repeat","background-position":"center center","background-size":"auto","background-attachment":"scroll","background-type":"","background-media":"","overlay-type":"","overlay-color":"","overlay-opacity":"","overlay-gradient":""},"tablet":{"background-color":"","background-image":"","background-repeat":"repeat","background-position":"center center","background-size":"auto","background-attachment":"scroll","background-type":"","background-media":"","overlay-type":"","overlay-color":"","overlay-opacity":"","overlay-gradient":""},"mobile":{"background-color":"","background-image":"","background-repeat":"repeat","background-position":"center center","background-size":"auto","background-attachment":"scroll","background-type":"","background-media":"","overlay-type":"","overlay-color":"","overlay-opacity":"","overlay-gradient":""}},"ast-content-background-meta":{"desktop":{"background-color":"var(--ast-global-color-5)","background-image":"","background-repeat":"repeat","background-position":"center center","background-size":"auto","background-attachment":"scroll","background-type":"","background-media":"","overlay-type":"","overlay-color":"","overlay-opacity":"","overlay-gradient":""},"tablet":{"background-color":"var(--ast-global-color-5)","background-image":"","background-repeat":"repeat","background-position":"center center","background-size":"auto","background-attachment":"scroll","background-type":"","background-media":"","overlay-type":"","overlay-color":"","overlay-opacity":"","overlay-gradient":""},"mobile":{"background-color":"var(--ast-global-color-5)","background-image":"","background-repeat":"repeat","background-position":"center center","background-size":"auto","background-attachment":"scroll","background-type":"","background-media":"","overlay-type":"","overlay-color":"","overlay-opacity":"","overlay-gradient":""}}},"product_brand":[],"product_cat":[49,51],"product_tag":[],"class_list":{"0":"post-2632","1":"product","2":"type-product","3":"status-publish","4":"has-post-thumbnail","6":"product_cat-herbes-medicinales-aromatiques","7":"product_cat-superaliments","8":"desktop-align-center","9":"tablet-align-left","10":"mobile-align-left","12":"first","13":"instock","14":"shipping-taxable","15":"purchasable","16":"product-type-variable","17":"has-default-attributes"},"acf":[],"yoast_head":"<!-- This site is optimized with the Yoast SEO plugin v27.6 - https:\/\/yoast.com\/product\/yoast-seo-wordpress\/ -->\n<title>Feuilles de Moringa moulues - Naturalim<\/title>\n<meta name=\"robots\" content=\"index, follow, max-snippet:-1, max-image-preview:large, max-video-preview:-1\" \/>\n<link rel=\"canonical\" href=\"https:\/\/naturalim.co\/ar\/product\/moringa-poudre-feuilles-moulues\/\" \/>\n<meta property=\"og:locale\" content=\"ar_AR\" \/>\n<meta property=\"og:type\" content=\"article\" \/>\n<meta property=\"og:title\" content=\"Feuilles de Moringa moulues - Naturalim\" \/>\n<meta property=\"og:description\" content=\"La moringa est un superaliment riche en nutriments et b\u00e9n\u00e9fique pour la sant\u00e9. Source naturelle de vitamines, min\u00e9raux et antioxydants, elle permet d\u2019augmenter votre \u00e9nergie, renforcer votre syst\u00e8me immunitaire, \u00e9quilibrer votre glyc\u00e9mie et favoriser une peau saine. En poudre, elle est facilement incorpor\u00e9e dans les soupes et les plats de cuisine, les boissons, les smoothies etc. Int\u00e9grez-le \u00e0 votre alimentation pour profiter de ses nombreux avantages et bienfaits.\" \/>\n<meta property=\"og:url\" content=\"https:\/\/naturalim.co\/ar\/product\/moringa-poudre-feuilles-moulues\/\" \/>\n<meta property=\"og:site_name\" content=\"Naturalim\" \/>\n<meta property=\"article:publisher\" content=\"https:\/\/www.facebook.com\/people\/Naturalimdz\/100063266886704\/\" \/>\n<meta property=\"article:modified_time\" content=\"2025-12-09T14:59:47+00:00\" \/>\n<meta property=\"og:image\" content=\"https:\/\/naturalim.co\/wp-content\/uploads\/2023\/10\/moringa-powder-poudre-\u0645\u0633\u062d\u0648\u0642-\u0627\u0644\u0645\u0648\u0631\u064a\u0646\u062c\u0627-naturalim-scaled.jpg\" \/>\n\t<meta property=\"og:image:width\" content=\"2560\" \/>\n\t<meta property=\"og:image:height\" content=\"1550\" \/>\n\t<meta property=\"og:image:type\" content=\"image\/jpeg\" \/>\n<meta name=\"twitter:card\" content=\"summary_large_image\" \/>\n<meta name=\"twitter:label1\" content=\"\u0648\u0642\u062a \u0627\u0644\u0642\u0631\u0627\u0621\u0629 \u0627\u0644\u0645\u064f\u0642\u062f\u0651\u0631\" \/>\n\t<meta name=\"twitter:data1\" content=\"\u062f\u0642\u064a\u0642\u062a\u0627\u0646\" \/>\n<script type=\"application\/ld+json\" class=\"yoast-schema-graph\">{\"@context\":\"https:\\\/\\\/schema.org\",\"@graph\":[{\"@type\":\"WebPage\",\"@id\":\"https:\\\/\\\/naturalim.co\\\/produit\\\/moringa-poudre-feuilles-moulues\\\/\",\"url\":\"https:\\\/\\\/naturalim.co\\\/produit\\\/moringa-poudre-feuilles-moulues\\\/\",\"name\":\"Feuilles de Moringa moulues - Naturalim\",\"isPartOf\":{\"@id\":\"https:\\\/\\\/naturalim.co\\\/#website\"},\"primaryImageOfPage\":{\"@id\":\"https:\\\/\\\/naturalim.co\\\/produit\\\/moringa-poudre-feuilles-moulues\\\/#primaryimage\"},\"image\":{\"@id\":\"https:\\\/\\\/naturalim.co\\\/produit\\\/moringa-poudre-feuilles-moulues\\\/#primaryimage\"},\"thumbnailUrl\":\"https:\\\/\\\/naturalim.co\\\/wp-content\\\/uploads\\\/2023\\\/10\\\/moringa-powder-poudre-\u0645\u0633\u062d\u0648\u0642-\u0627\u0644\u0645\u0648\u0631\u064a\u0646\u062c\u0627-naturalim-scaled.jpg\",\"datePublished\":\"2023-11-22T14:27:28+00:00\",\"dateModified\":\"2025-12-09T14:59:47+00:00\",\"breadcrumb\":{\"@id\":\"https:\\\/\\\/naturalim.co\\\/produit\\\/moringa-poudre-feuilles-moulues\\\/#breadcrumb\"},\"inLanguage\":\"ar\",\"potentialAction\":[{\"@type\":\"ReadAction\",\"target\":[\"https:\\\/\\\/naturalim.co\\\/produit\\\/moringa-poudre-feuilles-moulues\\\/\"]}]},{\"@type\":\"ImageObject\",\"inLanguage\":\"ar\",\"@id\":\"https:\\\/\\\/naturalim.co\\\/produit\\\/moringa-poudre-feuilles-moulues\\\/#primaryimage\",\"url\":\"https:\\\/\\\/naturalim.co\\\/wp-content\\\/uploads\\\/2023\\\/10\\\/moringa-powder-poudre-\u0645\u0633\u062d\u0648\u0642-\u0627\u0644\u0645\u0648\u0631\u064a\u0646\u062c\u0627-naturalim-scaled.jpg\",\"contentUrl\":\"https:\\\/\\\/naturalim.co\\\/wp-content\\\/uploads\\\/2023\\\/10\\\/moringa-powder-poudre-\u0645\u0633\u062d\u0648\u0642-\u0627\u0644\u0645\u0648\u0631\u064a\u0646\u062c\u0627-naturalim-scaled.jpg\",\"width\":2560,\"height\":1550},{\"@type\":\"BreadcrumbList\",\"@id\":\"https:\\\/\\\/naturalim.co\\\/produit\\\/moringa-poudre-feuilles-moulues\\\/#breadcrumb\",\"itemListElement\":[{\"@type\":\"ListItem\",\"position\":1,\"name\":\"Home\",\"item\":\"https:\\\/\\\/naturalim.co\\\/\"},{\"@type\":\"ListItem\",\"position\":2,\"name\":\"Shop\",\"item\":\"https:\\\/\\\/naturalim.co\\\/shop\\\/\"},{\"@type\":\"ListItem\",\"position\":3,\"name\":\"Feuilles de Moringa moulues\"}]},{\"@type\":\"WebSite\",\"@id\":\"https:\\\/\\\/naturalim.co\\\/#website\",\"url\":\"https:\\\/\\\/naturalim.co\\\/\",\"name\":\"Naturalim\",\"description\":\"\",\"publisher\":{\"@id\":\"https:\\\/\\\/naturalim.co\\\/#organization\"},\"potentialAction\":[{\"@type\":\"SearchAction\",\"target\":{\"@type\":\"EntryPoint\",\"urlTemplate\":\"https:\\\/\\\/naturalim.co\\\/?s={search_term_string}\"},\"query-input\":{\"@type\":\"PropertyValueSpecification\",\"valueRequired\":true,\"valueName\":\"search_term_string\"}}],\"inLanguage\":\"ar\"},{\"@type\":\"Organization\",\"@id\":\"https:\\\/\\\/naturalim.co\\\/#organization\",\"name\":\"Naturalim\",\"url\":\"https:\\\/\\\/naturalim.co\\\/\",\"logo\":{\"@type\":\"ImageObject\",\"inLanguage\":\"ar\",\"@id\":\"https:\\\/\\\/naturalim.co\\\/#\\\/schema\\\/logo\\\/image\\\/\",\"url\":\"https:\\\/\\\/naturalim.co\\\/wp-content\\\/uploads\\\/2023\\\/09\\\/Green_Circle_Leaves_Environment_Logo_1_-removebg-preview.png\",\"contentUrl\":\"https:\\\/\\\/naturalim.co\\\/wp-content\\\/uploads\\\/2023\\\/09\\\/Green_Circle_Leaves_Environment_Logo_1_-removebg-preview.png\",\"width\":500,\"height\":500,\"caption\":\"Naturalim\"},\"image\":{\"@id\":\"https:\\\/\\\/naturalim.co\\\/#\\\/schema\\\/logo\\\/image\\\/\"},\"sameAs\":[\"https:\\\/\\\/www.facebook.com\\\/people\\\/Naturalimdz\\\/100063266886704\\\/\",\"https:\\\/\\\/www.instagram.com\\\/naturalim.dz\\\/\"]}]}<\/script>\n<!-- \/ Yoast SEO plugin. -->","yoast_head_json":{"title":"Feuilles de Moringa moulues - Naturalim","robots":{"index":"index","follow":"follow","max-snippet":"max-snippet:-1","max-image-preview":"max-image-preview:large","max-video-preview":"max-video-preview:-1"},"canonical":"https:\/\/naturalim.co\/ar\/product\/moringa-poudre-feuilles-moulues\/","og_locale":"ar_AR","og_type":"article","og_title":"Feuilles de Moringa moulues - Naturalim","og_description":"La moringa est un superaliment riche en nutriments et b\u00e9n\u00e9fique pour la sant\u00e9. Source naturelle de vitamines, min\u00e9raux et antioxydants, elle permet d\u2019augmenter votre \u00e9nergie, renforcer votre syst\u00e8me immunitaire, \u00e9quilibrer votre glyc\u00e9mie et favoriser une peau saine. En poudre, elle est facilement incorpor\u00e9e dans les soupes et les plats de cuisine, les boissons, les smoothies etc. Int\u00e9grez-le \u00e0 votre alimentation pour profiter de ses nombreux avantages et bienfaits.","og_url":"https:\/\/naturalim.co\/ar\/product\/moringa-poudre-feuilles-moulues\/","og_site_name":"Naturalim","article_publisher":"https:\/\/www.facebook.com\/people\/Naturalimdz\/100063266886704\/","article_modified_time":"2025-12-09T14:59:47+00:00","og_image":[{"width":2560,"height":1550,"url":"https:\/\/naturalim.co\/wp-content\/uploads\/2023\/10\/moringa-powder-poudre-\u0645\u0633\u062d\u0648\u0642-\u0627\u0644\u0645\u0648\u0631\u064a\u0646\u062c\u0627-naturalim-scaled.jpg","type":"image\/jpeg"}],"twitter_card":"summary_large_image","twitter_misc":{"\u0648\u0642\u062a \u0627\u0644\u0642\u0631\u0627\u0621\u0629 \u0627\u0644\u0645\u064f\u0642\u062f\u0651\u0631":"\u062f\u0642\u064a\u0642\u062a\u0627\u0646"},"schema":{"@context":"https:\/\/schema.org","@graph":[{"@type":"WebPage","@id":"https:\/\/naturalim.co\/produit\/moringa-poudre-feuilles-moulues\/","url":"https:\/\/naturalim.co\/produit\/moringa-poudre-feuilles-moulues\/","name":"Feuilles de Moringa moulues - Naturalim","isPartOf":{"@id":"https:\/\/naturalim.co\/#website"},"primaryImageOfPage":{"@id":"https:\/\/naturalim.co\/produit\/moringa-poudre-feuilles-moulues\/#primaryimage"},"image":{"@id":"https:\/\/naturalim.co\/produit\/moringa-poudre-feuilles-moulues\/#primaryimage"},"thumbnailUrl":"https:\/\/naturalim.co\/wp-content\/uploads\/2023\/10\/moringa-powder-poudre-\u0645\u0633\u062d\u0648\u0642-\u0627\u0644\u0645\u0648\u0631\u064a\u0646\u062c\u0627-naturalim-scaled.jpg","datePublished":"2023-11-22T14:27:28+00:00","dateModified":"2025-12-09T14:59:47+00:00","breadcrumb":{"@id":"https:\/\/naturalim.co\/produit\/moringa-poudre-feuilles-moulues\/#breadcrumb"},"inLanguage":"ar","potentialAction":[{"@type":"ReadAction","target":["https:\/\/naturalim.co\/produit\/moringa-poudre-feuilles-moulues\/"]}]},{"@type":"ImageObject","inLanguage":"ar","@id":"https:\/\/naturalim.co\/produit\/moringa-poudre-feuilles-moulues\/#primaryimage","url":"https:\/\/naturalim.co\/wp-content\/uploads\/2023\/10\/moringa-powder-poudre-\u0645\u0633\u062d\u0648\u0642-\u0627\u0644\u0645\u0648\u0631\u064a\u0646\u062c\u0627-naturalim-scaled.jpg","contentUrl":"https:\/\/naturalim.co\/wp-content\/uploads\/2023\/10\/moringa-powder-poudre-\u0645\u0633\u062d\u0648\u0642-\u0627\u0644\u0645\u0648\u0631\u064a\u0646\u062c\u0627-naturalim-scaled.jpg","width":2560,"height":1550},{"@type":"BreadcrumbList","@id":"https:\/\/naturalim.co\/produit\/moringa-poudre-feuilles-moulues\/#breadcrumb","itemListElement":[{"@type":"ListItem","position":1,"name":"Home","item":"https:\/\/naturalim.co\/"},{"@type":"ListItem","position":2,"name":"Shop","item":"https:\/\/naturalim.co\/shop\/"},{"@type":"ListItem","position":3,"name":"Feuilles de Moringa moulues"}]},{"@type":"WebSite","@id":"https:\/\/naturalim.co\/#website","url":"https:\/\/naturalim.co\/","name":"Naturalim","description":"","publisher":{"@id":"https:\/\/naturalim.co\/#organization"},"potentialAction":[{"@type":"SearchAction","target":{"@type":"EntryPoint","urlTemplate":"https:\/\/naturalim.co\/?s={search_term_string}"},"query-input":{"@type":"PropertyValueSpecification","valueRequired":true,"valueName":"search_term_string"}}],"inLanguage":"ar"},{"@type":"Organization","@id":"https:\/\/naturalim.co\/#organization","name":"Naturalim","url":"https:\/\/naturalim.co\/","logo":{"@type":"ImageObject","inLanguage":"ar","@id":"https:\/\/naturalim.co\/#\/schema\/logo\/image\/","url":"https:\/\/naturalim.co\/wp-content\/uploads\/2023\/09\/Green_Circle_Leaves_Environment_Logo_1_-removebg-preview.png","contentUrl":"https:\/\/naturalim.co\/wp-content\/uploads\/2023\/09\/Green_Circle_Leaves_Environment_Logo_1_-removebg-preview.png","width":500,"height":500,"caption":"Naturalim"},"image":{"@id":"https:\/\/naturalim.co\/#\/schema\/logo\/image\/"},"sameAs":["https:\/\/www.facebook.com\/people\/Naturalimdz\/100063266886704\/","https:\/\/www.instagram.com\/naturalim.dz\/"]}]}},"uagb_featured_image_src":{"full":["https:\/\/naturalim.co\/wp-content\/uploads\/2023\/10\/moringa-powder-poudre-\u0645\u0633\u062d\u0648\u0642-\u0627\u0644\u0645\u0648\u0631\u064a\u0646\u062c\u0627-naturalim-scaled.jpg",2560,1550,false],"thumbnail":["https:\/\/naturalim.co\/wp-content\/uploads\/2023\/10\/moringa-powder-poudre-\u0645\u0633\u062d\u0648\u0642-\u0627\u0644\u0645\u0648\u0631\u064a\u0646\u062c\u0627-naturalim-150x150.jpg",150,150,true],"medium":["https:\/\/naturalim.co\/wp-content\/uploads\/2023\/10\/moringa-powder-poudre-\u0645\u0633\u062d\u0648\u0642-\u0627\u0644\u0645\u0648\u0631\u064a\u0646\u062c\u0627-naturalim-300x182.jpg",300,182,true],"medium_large":["https:\/\/naturalim.co\/wp-content\/uploads\/2023\/10\/moringa-powder-poudre-\u0645\u0633\u062d\u0648\u0642-\u0627\u0644\u0645\u0648\u0631\u064a\u0646\u062c\u0627-naturalim-768x465.jpg",768,465,true],"large":["https:\/\/naturalim.co\/wp-content\/uploads\/2023\/10\/moringa-powder-poudre-\u0645\u0633\u062d\u0648\u0642-\u0627\u0644\u0645\u0648\u0631\u064a\u0646\u062c\u0627-naturalim-1024x620.jpg",1024,620,true],"1536x1536":["https:\/\/naturalim.co\/wp-content\/uploads\/2023\/10\/moringa-powder-poudre-\u0645\u0633\u062d\u0648\u0642-\u0627\u0644\u0645\u0648\u0631\u064a\u0646\u062c\u0627-naturalim-1536x930.jpg",1536,930,true],"2048x2048":["https:\/\/naturalim.co\/wp-content\/uploads\/2023\/10\/moringa-powder-poudre-\u0645\u0633\u062d\u0648\u0642-\u0627\u0644\u0645\u0648\u0631\u064a\u0646\u062c\u0627-naturalim-2048x1240.jpg",2048,1240,true],"trp-custom-language-flag":["https:\/\/naturalim.co\/wp-content\/uploads\/2023\/10\/moringa-powder-poudre-\u0645\u0633\u062d\u0648\u0642-\u0627\u0644\u0645\u0648\u0631\u064a\u0646\u062c\u0627-naturalim-scaled.jpg",18,12,false],"woocommerce_thumbnail":["https:\/\/naturalim.co\/wp-content\/uploads\/2023\/10\/moringa-powder-poudre-\u0645\u0633\u062d\u0648\u0642-\u0627\u0644\u0645\u0648\u0631\u064a\u0646\u062c\u0627-naturalim-scaled-300x300.jpg",300,300,true],"woocommerce_single":["https:\/\/naturalim.co\/wp-content\/uploads\/2023\/10\/moringa-powder-poudre-\u0645\u0633\u062d\u0648\u0642-\u0627\u0644\u0645\u0648\u0631\u064a\u0646\u062c\u0627-naturalim-scaled-600x363.jpg",600,363,true],"woocommerce_gallery_thumbnail":["https:\/\/naturalim.co\/wp-content\/uploads\/2023\/10\/moringa-powder-poudre-\u0645\u0633\u062d\u0648\u0642-\u0627\u0644\u0645\u0648\u0631\u064a\u0646\u062c\u0627-naturalim-scaled-100x100.jpg",100,100,true],"wc_order_status_icon":["https:\/\/naturalim.co\/wp-content\/uploads\/2023\/10\/moringa-powder-poudre-\u0645\u0633\u062d\u0648\u0642-\u0627\u0644\u0645\u0648\u0631\u064a\u0646\u062c\u0627-naturalim-scaled.jpg",32,19,false],"dgwt-wcas-product-suggestion":["https:\/\/naturalim.co\/wp-content\/uploads\/2023\/10\/moringa-powder-poudre-\u0645\u0633\u062d\u0648\u0642-\u0627\u0644\u0645\u0648\u0631\u064a\u0646\u062c\u0627-naturalim-scaled-64x39.jpg",64,39,true]},"uagb_author_info":{"display_name":"admin","author_link":"https:\/\/naturalim.co\/ar\/author\/"},"uagb_comment_info":0,"uagb_excerpt":"La moringa est un superaliment riche en nutriments et b\u00e9n\u00e9fique pour la sant\u00e9. Source naturelle de vitamines, min\u00e9raux et antioxydants, elle permet d\u2019augmenter votre \u00e9nergie, renforcer votre syst\u00e8me immunitaire, \u00e9quilibrer votre glyc\u00e9mie et favoriser une peau saine. En poudre, elle est facilement incorpor\u00e9e dans les soupes et les plats de cuisine, les boissons, les smoothies&hellip;","_links":{"self":[{"href":"https:\/\/naturalim.co\/ar\/wp-json\/wp\/v2\/product\/2632","targetHints":{"allow":["GET"]}}],"collection":[{"href":"https:\/\/naturalim.co\/ar\/wp-json\/wp\/v2\/product"}],"about":[{"href":"https:\/\/naturalim.co\/ar\/wp-json\/wp\/v2\/types\/product"}],"replies":[{"embeddable":true,"href":"https:\/\/naturalim.co\/ar\/wp-json\/wp\/v2\/comments?post=2632"}],"wp:featuredmedia":[{"embeddable":true,"href":"https:\/\/naturalim.co\/ar\/wp-json\/wp\/v2\/media\/1877"}],"wp:attachment":[{"href":"https:\/\/naturalim.co\/ar\/wp-json\/wp\/v2\/media?parent=2632"}],"wp:term":[{"taxonomy":"product_brand","embeddable":true,"href":"https:\/\/naturalim.co\/ar\/wp-json\/wp\/v2\/product_brand?post=2632"},{"taxonomy":"product_cat","embeddable":true,"href":"https:\/\/naturalim.co\/ar\/wp-json\/wp\/v2\/product_cat?post=2632"},{"taxonomy":"product_tag","embeddable":true,"href":"https:\/\/naturalim.co\/ar\/wp-json\/wp\/v2\/product_tag?post=2632"}],"curies":[{"name":"wp","href":"https:\/\/api.w.org\/{rel}","templated":true}]}}