{"id":2650,"date":"2023-11-22T15:27:29","date_gmt":"2023-11-22T14:27:29","guid":{"rendered":"https:\/\/naturalim.co\/produit\/psyllium-brun-grain-kg\/"},"modified":"2025-01-21T15:37:21","modified_gmt":"2025-01-21T14:37:21","slug":"psyllium-brun-grain","status":"publish","type":"product","link":"https:\/\/naturalim.co\/ar\/product\/psyllium-brun-grain\/","title":{"rendered":"\u0628\u0630\u0648\u0631 \u0627\u0644\u0633\u064a\u0644\u0644\u064a\u0648\u0645 \u0627\u0644\u0628\u0646\u064a"},"content":{"rendered":"<p>\u0641\u0648\u0627\u0626\u062f \u0627\u0644\u0633\u064a\u0644\u0644\u064a\u0648\u0645 \u0627\u0644\u0628\u0646\u064a<\/p>\n<p>1) Tr\u00e8s riche en fibres.<br \/>\n2) R\u00e9gule le transit intestinal (constipation, diarrh\u00e9e etc.).<br \/>\n3) Nettoie le tube digestif.<br \/>\n4) R\u00e9gule la glyc\u00e9mie.<br \/>\n5) Abaisse le taux de cholest\u00e9rol dans le sang.<br \/>\n6) Effet coup faim.<br \/>\n7) Favorise la perte de poids.<br \/>\n8) Poss\u00e8de des qualit\u00e9s probiotiques.<\/p>\n<p>\u062e\u0635\u0627\u0626\u0635 \u0627\u0644\u0645\u0646\u062a\u062c :<\/p>\n<p>- \u062e\u0627\u0644\u064a \u0645\u0646 \u0627\u0644\u063a\u0644\u0648\u062a\u064a\u0646.<\/p>\n<p>- \u0628\u062f\u064a\u0644 \u0627\u0644\u063a\u0644\u0648\u062a\u064a\u0646.<\/p>\n<p>&#8211; Autre nom : ispaghul<\/p>\n<p>\u0645\u0644\u062d\u0648\u0638\u0629: \u0644\u0627 \u0634\u064a\u0621 \u064a\u0645\u0643\u0646 \u0623\u0646 \u064a\u062d\u0644 \u0645\u062d\u0644 \u0627\u0644\u0646\u0638\u0627\u0645 \u0627\u0644\u063a\u0630\u0627\u0626\u064a \u0627\u0644\u0635\u062d\u064a \u0648\u0646\u0645\u0637 \u0627\u0644\u062d\u064a\u0627\u0629 \u0627\u0644\u0635\u062d\u064a.<\/p>\n<p>\u0628\u0630\u0648\u0631 \u0627\u0644\u0642\u0627\u0637\u0648\u0646\u0629<\/p>","protected":false},"excerpt":{"rendered":"<p>Le psyllium est une plante herbac\u00e9e, originaire d&rsquo;Inde et du Pakistan.<\/p>\n<p>Ce superaliment est naturel , polyvalent et facile \u00e0 utiliser (\u00e0 incorporer dans vos repas etc.).<\/p>\n<p>Riche en fibres solubles, le psyllium blond est un bon alli\u00e9 pour votre bien-\u00eatre digestif et votre sant\u00e9 globale.<\/p>\n<p>Il est un rem\u00e8de naturel \u00e9prouv\u00e9 pour am\u00e9liorer votre sant\u00e9 de l&rsquo;int\u00e9rieur.<\/p>\n<p>&nbsp;<\/p>","protected":false},"featured_media":3499,"comment_status":"closed","ping_status":"closed","template":"","meta":{"_acf_changed":false,"_uag_custom_page_level_css":"","site-sidebar-layout":"default","site-content-layout":"","ast-site-content-layout":"default","site-content-style":"default","site-sidebar-style":"default","ast-global-header-display":"","ast-banner-title-visibility":"","ast-main-header-display":"","ast-hfb-above-header-display":"","ast-hfb-below-header-display":"","ast-hfb-mobile-header-display":"","site-post-title":"","ast-breadcrumbs-content":"","ast-featured-img":"","footer-sml-layout":"","ast-disable-related-posts":"","theme-transparent-header-meta":"default","adv-header-id-meta":"","stick-header-meta":"","header-above-stick-meta":"","header-main-stick-meta":"","header-below-stick-meta":"","astra-migrate-meta-layouts":"set","ast-page-background-enabled":"default","ast-page-background-meta":{"desktop":{"background-color":"var(--ast-global-color-4)","background-image":"","background-repeat":"repeat","background-position":"center center","background-size":"auto","background-attachment":"scroll","background-type":"","background-media":"","overlay-type":"","overlay-color":"","overlay-opacity":"","overlay-gradient":""},"tablet":{"background-color":"","background-image":"","background-repeat":"repeat","background-position":"center center","background-size":"auto","background-attachment":"scroll","background-type":"","background-media":"","overlay-type":"","overlay-color":"","overlay-opacity":"","overlay-gradient":""},"mobile":{"background-color":"","background-image":"","background-repeat":"repeat","background-position":"center center","background-size":"auto","background-attachment":"scroll","background-type":"","background-media":"","overlay-type":"","overlay-color":"","overlay-opacity":"","overlay-gradient":""}},"ast-content-background-meta":{"desktop":{"background-color":"var(--ast-global-color-5)","background-image":"","background-repeat":"repeat","background-position":"center center","background-size":"auto","background-attachment":"scroll","background-type":"","background-media":"","overlay-type":"","overlay-color":"","overlay-opacity":"","overlay-gradient":""},"tablet":{"background-color":"var(--ast-global-color-5)","background-image":"","background-repeat":"repeat","background-position":"center center","background-size":"auto","background-attachment":"scroll","background-type":"","background-media":"","overlay-type":"","overlay-color":"","overlay-opacity":"","overlay-gradient":""},"mobile":{"background-color":"var(--ast-global-color-5)","background-image":"","background-repeat":"repeat","background-position":"center center","background-size":"auto","background-attachment":"scroll","background-type":"","background-media":"","overlay-type":"","overlay-color":"","overlay-opacity":"","overlay-gradient":""}},"iawp_total_views":666},"product_brand":[],"product_cat":[35,49],"product_tag":[],"class_list":{"0":"post-2650","1":"product","2":"type-product","3":"status-publish","4":"has-post-thumbnail","6":"product_cat-graines-et-cereales","7":"product_cat-herbes-medicinales-aromatiques","8":"desktop-align-center","9":"tablet-align-left","10":"mobile-align-left","12":"first","13":"instock","14":"shipping-taxable","15":"purchasable","16":"product-type-variable","17":"has-default-attributes"},"acf":[],"yoast_head":"<!-- This site is optimized with the Yoast SEO plugin v27.4 - https:\/\/yoast.com\/product\/yoast-seo-wordpress\/ -->\n<title>Graines de Psyllium brun - Naturalim<\/title>\n<meta name=\"robots\" content=\"index, follow, max-snippet:-1, max-image-preview:large, max-video-preview:-1\" \/>\n<link rel=\"canonical\" href=\"https:\/\/naturalim.co\/ar\/product\/psyllium-brun-grain\/\" \/>\n<meta property=\"og:locale\" content=\"ar_AR\" \/>\n<meta property=\"og:type\" content=\"article\" \/>\n<meta property=\"og:title\" content=\"Graines de Psyllium brun - Naturalim\" \/>\n<meta property=\"og:description\" content=\"Le psyllium est une plante herbac\u00e9e, originaire d&#039;Inde et du Pakistan.  Ce superaliment est naturel , polyvalent et facile \u00e0 utiliser (\u00e0 incorporer dans vos repas etc.).  Riche en fibres solubles, le psyllium blond est un bon alli\u00e9 pour votre bien-\u00eatre digestif et votre sant\u00e9 globale.  Il est un rem\u00e8de naturel \u00e9prouv\u00e9 pour am\u00e9liorer votre sant\u00e9 de l&#039;int\u00e9rieur.  &nbsp;\" \/>\n<meta property=\"og:url\" content=\"https:\/\/naturalim.co\/ar\/product\/psyllium-brun-grain\/\" \/>\n<meta property=\"og:site_name\" content=\"Naturalim\" \/>\n<meta property=\"article:publisher\" content=\"https:\/\/www.facebook.com\/people\/Naturalimdz\/100063266886704\/\" \/>\n<meta property=\"article:modified_time\" content=\"2025-01-21T14:37:21+00:00\" \/>\n<meta property=\"og:image\" content=\"https:\/\/naturalim.co\/wp-content\/uploads\/2023\/11\/Psyllium-brun.jpg\" \/>\n\t<meta property=\"og:image:width\" content=\"800\" \/>\n\t<meta property=\"og:image:height\" content=\"800\" \/>\n\t<meta property=\"og:image:type\" content=\"image\/jpeg\" \/>\n<meta name=\"twitter:card\" content=\"summary_large_image\" \/>\n<meta name=\"twitter:label1\" content=\"\u0648\u0642\u062a \u0627\u0644\u0642\u0631\u0627\u0621\u0629 \u0627\u0644\u0645\u064f\u0642\u062f\u0651\u0631\" \/>\n\t<meta name=\"twitter:data1\" content=\"\u062f\u0642\u064a\u0642\u0629 \u0648\u0627\u062d\u062f\u0629\" \/>\n<script type=\"application\/ld+json\" class=\"yoast-schema-graph\">{\"@context\":\"https:\\\/\\\/schema.org\",\"@graph\":[{\"@type\":\"WebPage\",\"@id\":\"https:\\\/\\\/naturalim.co\\\/produit\\\/psyllium-brun-grain\\\/\",\"url\":\"https:\\\/\\\/naturalim.co\\\/produit\\\/psyllium-brun-grain\\\/\",\"name\":\"Graines de Psyllium brun - Naturalim\",\"isPartOf\":{\"@id\":\"https:\\\/\\\/naturalim.co\\\/fr\\\/#website\"},\"primaryImageOfPage\":{\"@id\":\"https:\\\/\\\/naturalim.co\\\/produit\\\/psyllium-brun-grain\\\/#primaryimage\"},\"image\":{\"@id\":\"https:\\\/\\\/naturalim.co\\\/produit\\\/psyllium-brun-grain\\\/#primaryimage\"},\"thumbnailUrl\":\"https:\\\/\\\/naturalim.co\\\/wp-content\\\/uploads\\\/2023\\\/11\\\/Psyllium-brun.jpg\",\"datePublished\":\"2023-11-22T14:27:29+00:00\",\"dateModified\":\"2025-01-21T14:37:21+00:00\",\"breadcrumb\":{\"@id\":\"https:\\\/\\\/naturalim.co\\\/produit\\\/psyllium-brun-grain\\\/#breadcrumb\"},\"inLanguage\":\"ar\",\"potentialAction\":[{\"@type\":\"ReadAction\",\"target\":[\"https:\\\/\\\/naturalim.co\\\/produit\\\/psyllium-brun-grain\\\/\"]}]},{\"@type\":\"ImageObject\",\"inLanguage\":\"ar\",\"@id\":\"https:\\\/\\\/naturalim.co\\\/produit\\\/psyllium-brun-grain\\\/#primaryimage\",\"url\":\"https:\\\/\\\/naturalim.co\\\/wp-content\\\/uploads\\\/2023\\\/11\\\/Psyllium-brun.jpg\",\"contentUrl\":\"https:\\\/\\\/naturalim.co\\\/wp-content\\\/uploads\\\/2023\\\/11\\\/Psyllium-brun.jpg\",\"width\":800,\"height\":800},{\"@type\":\"BreadcrumbList\",\"@id\":\"https:\\\/\\\/naturalim.co\\\/produit\\\/psyllium-brun-grain\\\/#breadcrumb\",\"itemListElement\":[{\"@type\":\"ListItem\",\"position\":1,\"name\":\"Home\",\"item\":\"https:\\\/\\\/naturalim.co\\\/\"},{\"@type\":\"ListItem\",\"position\":2,\"name\":\"Shop\",\"item\":\"https:\\\/\\\/naturalim.co\\\/fr\\\/shop\\\/\"},{\"@type\":\"ListItem\",\"position\":3,\"name\":\"Graines de Psyllium brun\"}]},{\"@type\":\"WebSite\",\"@id\":\"https:\\\/\\\/naturalim.co\\\/fr\\\/#website\",\"url\":\"https:\\\/\\\/naturalim.co\\\/fr\\\/\",\"name\":\"Naturalim\",\"description\":\"\",\"publisher\":{\"@id\":\"https:\\\/\\\/naturalim.co\\\/fr\\\/#organization\"},\"potentialAction\":[{\"@type\":\"SearchAction\",\"target\":{\"@type\":\"EntryPoint\",\"urlTemplate\":\"https:\\\/\\\/naturalim.co\\\/fr\\\/?s={search_term_string}\"},\"query-input\":{\"@type\":\"PropertyValueSpecification\",\"valueRequired\":true,\"valueName\":\"search_term_string\"}}],\"inLanguage\":\"ar\"},{\"@type\":\"Organization\",\"@id\":\"https:\\\/\\\/naturalim.co\\\/fr\\\/#organization\",\"name\":\"Naturalim\",\"url\":\"https:\\\/\\\/naturalim.co\\\/fr\\\/\",\"logo\":{\"@type\":\"ImageObject\",\"inLanguage\":\"ar\",\"@id\":\"https:\\\/\\\/naturalim.co\\\/fr\\\/#\\\/schema\\\/logo\\\/image\\\/\",\"url\":\"https:\\\/\\\/naturalim.co\\\/wp-content\\\/uploads\\\/2023\\\/09\\\/Green_Circle_Leaves_Environment_Logo_1_-removebg-preview.png\",\"contentUrl\":\"https:\\\/\\\/naturalim.co\\\/wp-content\\\/uploads\\\/2023\\\/09\\\/Green_Circle_Leaves_Environment_Logo_1_-removebg-preview.png\",\"width\":500,\"height\":500,\"caption\":\"Naturalim\"},\"image\":{\"@id\":\"https:\\\/\\\/naturalim.co\\\/fr\\\/#\\\/schema\\\/logo\\\/image\\\/\"},\"sameAs\":[\"https:\\\/\\\/www.facebook.com\\\/people\\\/Naturalimdz\\\/100063266886704\\\/\",\"https:\\\/\\\/www.instagram.com\\\/naturalim.dz\\\/\"]}]}<\/script>\n<!-- \/ Yoast SEO plugin. -->","yoast_head_json":{"title":"Graines de Psyllium brun - Naturalim","robots":{"index":"index","follow":"follow","max-snippet":"max-snippet:-1","max-image-preview":"max-image-preview:large","max-video-preview":"max-video-preview:-1"},"canonical":"https:\/\/naturalim.co\/ar\/product\/psyllium-brun-grain\/","og_locale":"ar_AR","og_type":"article","og_title":"Graines de Psyllium brun - Naturalim","og_description":"Le psyllium est une plante herbac\u00e9e, originaire d'Inde et du Pakistan.  Ce superaliment est naturel , polyvalent et facile \u00e0 utiliser (\u00e0 incorporer dans vos repas etc.).  Riche en fibres solubles, le psyllium blond est un bon alli\u00e9 pour votre bien-\u00eatre digestif et votre sant\u00e9 globale.  Il est un rem\u00e8de naturel \u00e9prouv\u00e9 pour am\u00e9liorer votre sant\u00e9 de l'int\u00e9rieur.  &nbsp;","og_url":"https:\/\/naturalim.co\/ar\/product\/psyllium-brun-grain\/","og_site_name":"Naturalim","article_publisher":"https:\/\/www.facebook.com\/people\/Naturalimdz\/100063266886704\/","article_modified_time":"2025-01-21T14:37:21+00:00","og_image":[{"width":800,"height":800,"url":"https:\/\/naturalim.co\/wp-content\/uploads\/2023\/11\/Psyllium-brun.jpg","type":"image\/jpeg"}],"twitter_card":"summary_large_image","twitter_misc":{"\u0648\u0642\u062a \u0627\u0644\u0642\u0631\u0627\u0621\u0629 \u0627\u0644\u0645\u064f\u0642\u062f\u0651\u0631":"\u062f\u0642\u064a\u0642\u0629 \u0648\u0627\u062d\u062f\u0629"},"schema":{"@context":"https:\/\/schema.org","@graph":[{"@type":"WebPage","@id":"https:\/\/naturalim.co\/produit\/psyllium-brun-grain\/","url":"https:\/\/naturalim.co\/produit\/psyllium-brun-grain\/","name":"Graines de Psyllium brun - Naturalim","isPartOf":{"@id":"https:\/\/naturalim.co\/fr\/#website"},"primaryImageOfPage":{"@id":"https:\/\/naturalim.co\/produit\/psyllium-brun-grain\/#primaryimage"},"image":{"@id":"https:\/\/naturalim.co\/produit\/psyllium-brun-grain\/#primaryimage"},"thumbnailUrl":"https:\/\/naturalim.co\/wp-content\/uploads\/2023\/11\/Psyllium-brun.jpg","datePublished":"2023-11-22T14:27:29+00:00","dateModified":"2025-01-21T14:37:21+00:00","breadcrumb":{"@id":"https:\/\/naturalim.co\/produit\/psyllium-brun-grain\/#breadcrumb"},"inLanguage":"ar","potentialAction":[{"@type":"ReadAction","target":["https:\/\/naturalim.co\/produit\/psyllium-brun-grain\/"]}]},{"@type":"ImageObject","inLanguage":"ar","@id":"https:\/\/naturalim.co\/produit\/psyllium-brun-grain\/#primaryimage","url":"https:\/\/naturalim.co\/wp-content\/uploads\/2023\/11\/Psyllium-brun.jpg","contentUrl":"https:\/\/naturalim.co\/wp-content\/uploads\/2023\/11\/Psyllium-brun.jpg","width":800,"height":800},{"@type":"BreadcrumbList","@id":"https:\/\/naturalim.co\/produit\/psyllium-brun-grain\/#breadcrumb","itemListElement":[{"@type":"ListItem","position":1,"name":"Home","item":"https:\/\/naturalim.co\/"},{"@type":"ListItem","position":2,"name":"Shop","item":"https:\/\/naturalim.co\/fr\/shop\/"},{"@type":"ListItem","position":3,"name":"Graines de Psyllium brun"}]},{"@type":"WebSite","@id":"https:\/\/naturalim.co\/fr\/#website","url":"https:\/\/naturalim.co\/fr\/","name":"Naturalim","description":"","publisher":{"@id":"https:\/\/naturalim.co\/fr\/#organization"},"potentialAction":[{"@type":"SearchAction","target":{"@type":"EntryPoint","urlTemplate":"https:\/\/naturalim.co\/fr\/?s={search_term_string}"},"query-input":{"@type":"PropertyValueSpecification","valueRequired":true,"valueName":"search_term_string"}}],"inLanguage":"ar"},{"@type":"Organization","@id":"https:\/\/naturalim.co\/fr\/#organization","name":"Naturalim","url":"https:\/\/naturalim.co\/fr\/","logo":{"@type":"ImageObject","inLanguage":"ar","@id":"https:\/\/naturalim.co\/fr\/#\/schema\/logo\/image\/","url":"https:\/\/naturalim.co\/wp-content\/uploads\/2023\/09\/Green_Circle_Leaves_Environment_Logo_1_-removebg-preview.png","contentUrl":"https:\/\/naturalim.co\/wp-content\/uploads\/2023\/09\/Green_Circle_Leaves_Environment_Logo_1_-removebg-preview.png","width":500,"height":500,"caption":"Naturalim"},"image":{"@id":"https:\/\/naturalim.co\/fr\/#\/schema\/logo\/image\/"},"sameAs":["https:\/\/www.facebook.com\/people\/Naturalimdz\/100063266886704\/","https:\/\/www.instagram.com\/naturalim.dz\/"]}]}},"uagb_featured_image_src":{"full":["https:\/\/naturalim.co\/wp-content\/uploads\/2023\/11\/Psyllium-brun.jpg",800,800,false],"thumbnail":["https:\/\/naturalim.co\/wp-content\/uploads\/2023\/11\/Psyllium-brun-150x150.jpg",150,150,true],"medium":["https:\/\/naturalim.co\/wp-content\/uploads\/2023\/11\/Psyllium-brun-300x300.jpg",300,300,true],"medium_large":["https:\/\/naturalim.co\/wp-content\/uploads\/2023\/11\/Psyllium-brun-768x768.jpg",768,768,true],"large":["https:\/\/naturalim.co\/wp-content\/uploads\/2023\/11\/Psyllium-brun.jpg",800,800,false],"1536x1536":["https:\/\/naturalim.co\/wp-content\/uploads\/2023\/11\/Psyllium-brun.jpg",800,800,false],"2048x2048":["https:\/\/naturalim.co\/wp-content\/uploads\/2023\/11\/Psyllium-brun.jpg",800,800,false],"trp-custom-language-flag":["https:\/\/naturalim.co\/wp-content\/uploads\/2023\/11\/Psyllium-brun-12x12.jpg",12,12,true],"woocommerce_thumbnail":["https:\/\/naturalim.co\/wp-content\/uploads\/2023\/11\/Psyllium-brun-300x300.jpg",300,300,true],"woocommerce_single":["https:\/\/naturalim.co\/wp-content\/uploads\/2023\/11\/Psyllium-brun-600x600.jpg",600,600,true],"woocommerce_gallery_thumbnail":["https:\/\/naturalim.co\/wp-content\/uploads\/2023\/11\/Psyllium-brun-100x100.jpg",100,100,true],"wc_order_status_icon":["https:\/\/naturalim.co\/wp-content\/uploads\/2023\/11\/Psyllium-brun.jpg",32,32,false],"dgwt-wcas-product-suggestion":["https:\/\/naturalim.co\/wp-content\/uploads\/2023\/11\/Psyllium-brun-64x64.jpg",64,64,true]},"uagb_author_info":{"display_name":"admin","author_link":"https:\/\/naturalim.co\/ar\/author\/"},"uagb_comment_info":0,"uagb_excerpt":"Le psyllium est une plante herbac\u00e9e, originaire d'Inde et du Pakistan. Ce superaliment est naturel , polyvalent et facile \u00e0 utiliser (\u00e0 incorporer dans vos repas etc.). Riche en fibres solubles, le psyllium blond est un bon alli\u00e9 pour votre bien-\u00eatre digestif et votre sant\u00e9 globale. Il est un rem\u00e8de naturel \u00e9prouv\u00e9 pour am\u00e9liorer votre&hellip;","_links":{"self":[{"href":"https:\/\/naturalim.co\/ar\/wp-json\/wp\/v2\/product\/2650","targetHints":{"allow":["GET"]}}],"collection":[{"href":"https:\/\/naturalim.co\/ar\/wp-json\/wp\/v2\/product"}],"about":[{"href":"https:\/\/naturalim.co\/ar\/wp-json\/wp\/v2\/types\/product"}],"replies":[{"embeddable":true,"href":"https:\/\/naturalim.co\/ar\/wp-json\/wp\/v2\/comments?post=2650"}],"wp:featuredmedia":[{"embeddable":true,"href":"https:\/\/naturalim.co\/ar\/wp-json\/wp\/v2\/media\/3499"}],"wp:attachment":[{"href":"https:\/\/naturalim.co\/ar\/wp-json\/wp\/v2\/media?parent=2650"}],"wp:term":[{"taxonomy":"product_brand","embeddable":true,"href":"https:\/\/naturalim.co\/ar\/wp-json\/wp\/v2\/product_brand?post=2650"},{"taxonomy":"product_cat","embeddable":true,"href":"https:\/\/naturalim.co\/ar\/wp-json\/wp\/v2\/product_cat?post=2650"},{"taxonomy":"product_tag","embeddable":true,"href":"https:\/\/naturalim.co\/ar\/wp-json\/wp\/v2\/product_tag?post=2650"}],"curies":[{"name":"wp","href":"https:\/\/api.w.org\/{rel}","templated":true}]}}