{"id":2652,"date":"2023-11-22T15:27:29","date_gmt":"2023-11-22T14:27:29","guid":{"rendered":"https:\/\/naturalim.co\/produit\/quinoa-tricolore-grain-kg\/"},"modified":"2026-03-13T00:47:09","modified_gmt":"2026-03-12T23:47:09","slug":"quinoa-tricolore-grain","status":"publish","type":"product","link":"https:\/\/naturalim.co\/ar\/product\/quinoa-tricolore-grain\/","title":{"rendered":"\u0628\u0630\u0648\u0631 \u0627\u0644\u0643\u064a\u0646\u0648\u0627 \u0627\u0644\u062b\u0644\u0627\u062b\u064a \u0627\u0644\u0627\u0644\u0648\u0627\u0646"},"content":{"rendered":"<p>BIENFAITS DU QUINOA :<br \/>\n1)Renforce le syst\u00e8me immunitaire (car riche en antioxydants, et en min\u00e9raux etc.).<br \/>\n2)Bon pour la sant\u00e9 cardiaque (avec ses acides gras insatur\u00e9s etc.).<br \/>\n3)Riche en nutriments (fer, magn\u00e9sium, zinc vitamines B etc.).<br \/>\n4)Riche en prot\u00e9ines compl\u00e8tes.<br \/>\n5)Sans gluten (Aliment naturellement sans gluten).<br \/>\n6)Aide \u00e0 la perte de poids.<br \/>\n7)Am\u00e9liore la sant\u00e9 digestive (Riche en fibres, favorisant la digestion, le transit intestinal et aidant \u00e0 la sati\u00e9t\u00e9).<br \/>\n8)R\u00e9duit le risque de maladies chroniques (maladies cardiaques, le diab\u00e8te de type 2 etc.)<br \/>\n9)Faible indice glyc\u00e9mique (plus fibres etc.), contribuant \u00e0 stabiliser le taux de sucre le sang.<br \/>\n10)Favorise la sant\u00e9 de la peau.<br \/>\n11)Favorise la sant\u00e9 des cheveux :<br \/>\n12)Am\u00e9liore la performance sportive (bonne source de glucides, prot\u00e9ines etc.).<br \/>\n13)Aide \u00e0 la r\u00e9cup\u00e9ration musculaire (r\u00e9paration et croissance des muscles).<br \/>\n14)Source d&rsquo;\u00e9nergie durable tout au long de la journ\u00e9e.<br \/>\n++++++++++++++++++++++++++++++++++++++++++++++++++++++++++++++++++++++++++++++++<\/p>\n<p>\u062e\u0635\u0627\u0626\u0635 \u0627\u0644\u0645\u0646\u062a\u062c :<br \/>\n&#8211; Pseudo c\u00e9r\u00e9ale.<br \/>\n&#8211; Pays origine : P\u00e9rou.<br \/>\n++++++++++++++++++++++++++++++++++++++++++++++++++++++++++++++++++++++++++++++++++++++++++++++++++<br \/>\nMODE DE CONSOMMATION \/ UTILISATION :<br \/>\n&#8211; Grain, farine, flocon etc.<br \/>\n&#8211; Facile et rapide \u00e0 pr\u00e9parer.<br \/>\n&#8211; Adapt\u00e9 \u00e0 une multitude de recettes (sal\u00e9es comme sucr\u00e9es).<\/p>","protected":false},"excerpt":{"rendered":"<p>Le quinoa est une graine ancienne et nutritive (naturellement sans gluten), superaliment riche en nutriments, prot\u00e9ines, fibres et min\u00e9raux essentiels comme le fer et le magn\u00e9sium.<br \/>\nC\u2019est un alli\u00e9 pr\u00e9cieux pour une alimentation saine et \u00e9quilibr\u00e9e et un tr\u00e8s bon choix pour les sportifs.<br \/>\nFacile \u00e0 cuisiner, il peut \u00eatre consomm\u00e9 dans de nombreux plats sains et nourrissants.<br \/>\n\u0623\u062f\u0631\u062c\u0647 \u0641\u064a \u0646\u0638\u0627\u0645\u0643 \u0627\u0644\u063a\u0630\u0627\u0626\u064a \u0644\u0644\u0627\u0633\u062a\u0645\u062a\u0627\u0639 \u0628\u0641\u0648\u0627\u0626\u062f\u0647 \u0627\u0644\u0639\u062f\u064a\u062f\u0629.<\/p>","protected":false},"featured_media":3475,"comment_status":"closed","ping_status":"closed","template":"","meta":{"_acf_changed":false,"_uag_custom_page_level_css":"","site-sidebar-layout":"default","site-content-layout":"","ast-site-content-layout":"default","site-content-style":"default","site-sidebar-style":"default","ast-global-header-display":"","ast-banner-title-visibility":"","ast-main-header-display":"","ast-hfb-above-header-display":"","ast-hfb-below-header-display":"","ast-hfb-mobile-header-display":"","site-post-title":"","ast-breadcrumbs-content":"","ast-featured-img":"","footer-sml-layout":"","ast-disable-related-posts":"","theme-transparent-header-meta":"default","adv-header-id-meta":"","stick-header-meta":"","header-above-stick-meta":"","header-main-stick-meta":"","header-below-stick-meta":"","astra-migrate-meta-layouts":"set","ast-page-background-enabled":"default","ast-page-background-meta":{"desktop":{"background-color":"var(--ast-global-color-4)","background-image":"","background-repeat":"repeat","background-position":"center center","background-size":"auto","background-attachment":"scroll","background-type":"","background-media":"","overlay-type":"","overlay-color":"","overlay-opacity":"","overlay-gradient":""},"tablet":{"background-color":"","background-image":"","background-repeat":"repeat","background-position":"center center","background-size":"auto","background-attachment":"scroll","background-type":"","background-media":"","overlay-type":"","overlay-color":"","overlay-opacity":"","overlay-gradient":""},"mobile":{"background-color":"","background-image":"","background-repeat":"repeat","background-position":"center center","background-size":"auto","background-attachment":"scroll","background-type":"","background-media":"","overlay-type":"","overlay-color":"","overlay-opacity":"","overlay-gradient":""}},"ast-content-background-meta":{"desktop":{"background-color":"var(--ast-global-color-5)","background-image":"","background-repeat":"repeat","background-position":"center center","background-size":"auto","background-attachment":"scroll","background-type":"","background-media":"","overlay-type":"","overlay-color":"","overlay-opacity":"","overlay-gradient":""},"tablet":{"background-color":"var(--ast-global-color-5)","background-image":"","background-repeat":"repeat","background-position":"center center","background-size":"auto","background-attachment":"scroll","background-type":"","background-media":"","overlay-type":"","overlay-color":"","overlay-opacity":"","overlay-gradient":""},"mobile":{"background-color":"var(--ast-global-color-5)","background-image":"","background-repeat":"repeat","background-position":"center center","background-size":"auto","background-attachment":"scroll","background-type":"","background-media":"","overlay-type":"","overlay-color":"","overlay-opacity":"","overlay-gradient":""}}},"product_brand":[],"product_cat":[35],"product_tag":[],"class_list":{"0":"post-2652","1":"product","2":"type-product","3":"status-publish","4":"has-post-thumbnail","6":"product_cat-graines-et-cereales","7":"desktop-align-center","8":"tablet-align-left","9":"mobile-align-left","11":"first","12":"instock","13":"shipping-taxable","14":"purchasable","15":"product-type-variable","16":"has-default-attributes"},"acf":[],"yoast_head":"<!-- This site is optimized with the Yoast SEO plugin v27.6 - https:\/\/yoast.com\/product\/yoast-seo-wordpress\/ -->\n<title>Graines de Quinoa tricolore - Naturalim<\/title>\n<meta name=\"robots\" content=\"index, follow, max-snippet:-1, max-image-preview:large, max-video-preview:-1\" \/>\n<link rel=\"canonical\" href=\"https:\/\/naturalim.co\/ar\/product\/quinoa-tricolore-grain\/\" \/>\n<meta property=\"og:locale\" content=\"ar_AR\" \/>\n<meta property=\"og:type\" content=\"article\" \/>\n<meta property=\"og:title\" content=\"Graines de Quinoa tricolore - Naturalim\" \/>\n<meta property=\"og:description\" content=\"Le quinoa est une graine ancienne et nutritive (naturellement sans gluten), superaliment riche en nutriments, prot\u00e9ines, fibres et min\u00e9raux essentiels comme le fer et le magn\u00e9sium. C\u2019est un alli\u00e9 pr\u00e9cieux pour une alimentation saine et \u00e9quilibr\u00e9e et un tr\u00e8s bon choix pour les sportifs. Facile \u00e0 cuisiner, il peut \u00eatre consomm\u00e9 dans de nombreux plats sains et nourrissants. Int\u00e9grez-le \u00e0 votre alimentation pour profiter de ses nombreux avantages et bienfaits.\" \/>\n<meta property=\"og:url\" content=\"https:\/\/naturalim.co\/ar\/product\/quinoa-tricolore-grain\/\" \/>\n<meta property=\"og:site_name\" content=\"Naturalim\" \/>\n<meta property=\"article:publisher\" content=\"https:\/\/www.facebook.com\/people\/Naturalimdz\/100063266886704\/\" \/>\n<meta property=\"article:modified_time\" content=\"2026-03-12T23:47:09+00:00\" \/>\n<meta property=\"og:image\" content=\"https:\/\/naturalim.co\/wp-content\/uploads\/2023\/11\/3-1.jpg\" \/>\n\t<meta property=\"og:image:width\" content=\"1080\" \/>\n\t<meta property=\"og:image:height\" content=\"1080\" \/>\n\t<meta property=\"og:image:type\" content=\"image\/jpeg\" \/>\n<meta name=\"twitter:card\" content=\"summary_large_image\" \/>\n<meta name=\"twitter:label1\" content=\"\u0648\u0642\u062a \u0627\u0644\u0642\u0631\u0627\u0621\u0629 \u0627\u0644\u0645\u064f\u0642\u062f\u0651\u0631\" \/>\n\t<meta name=\"twitter:data1\" content=\"\u062f\u0642\u064a\u0642\u062a\u0627\u0646\" \/>\n<script type=\"application\/ld+json\" class=\"yoast-schema-graph\">{\"@context\":\"https:\\\/\\\/schema.org\",\"@graph\":[{\"@type\":\"WebPage\",\"@id\":\"https:\\\/\\\/naturalim.co\\\/produit\\\/quinoa-tricolore-grain\\\/\",\"url\":\"https:\\\/\\\/naturalim.co\\\/produit\\\/quinoa-tricolore-grain\\\/\",\"name\":\"Graines de Quinoa tricolore - Naturalim\",\"isPartOf\":{\"@id\":\"https:\\\/\\\/naturalim.co\\\/#website\"},\"primaryImageOfPage\":{\"@id\":\"https:\\\/\\\/naturalim.co\\\/produit\\\/quinoa-tricolore-grain\\\/#primaryimage\"},\"image\":{\"@id\":\"https:\\\/\\\/naturalim.co\\\/produit\\\/quinoa-tricolore-grain\\\/#primaryimage\"},\"thumbnailUrl\":\"https:\\\/\\\/naturalim.co\\\/wp-content\\\/uploads\\\/2023\\\/11\\\/3-1.jpg\",\"datePublished\":\"2023-11-22T14:27:29+00:00\",\"dateModified\":\"2026-03-12T23:47:09+00:00\",\"breadcrumb\":{\"@id\":\"https:\\\/\\\/naturalim.co\\\/produit\\\/quinoa-tricolore-grain\\\/#breadcrumb\"},\"inLanguage\":\"ar\",\"potentialAction\":[{\"@type\":\"ReadAction\",\"target\":[\"https:\\\/\\\/naturalim.co\\\/produit\\\/quinoa-tricolore-grain\\\/\"]}]},{\"@type\":\"ImageObject\",\"inLanguage\":\"ar\",\"@id\":\"https:\\\/\\\/naturalim.co\\\/produit\\\/quinoa-tricolore-grain\\\/#primaryimage\",\"url\":\"https:\\\/\\\/naturalim.co\\\/wp-content\\\/uploads\\\/2023\\\/11\\\/3-1.jpg\",\"contentUrl\":\"https:\\\/\\\/naturalim.co\\\/wp-content\\\/uploads\\\/2023\\\/11\\\/3-1.jpg\",\"width\":1080,\"height\":1080},{\"@type\":\"BreadcrumbList\",\"@id\":\"https:\\\/\\\/naturalim.co\\\/produit\\\/quinoa-tricolore-grain\\\/#breadcrumb\",\"itemListElement\":[{\"@type\":\"ListItem\",\"position\":1,\"name\":\"Home\",\"item\":\"https:\\\/\\\/naturalim.co\\\/\"},{\"@type\":\"ListItem\",\"position\":2,\"name\":\"Shop\",\"item\":\"https:\\\/\\\/naturalim.co\\\/shop\\\/\"},{\"@type\":\"ListItem\",\"position\":3,\"name\":\"Graines de Quinoa tricolore\"}]},{\"@type\":\"WebSite\",\"@id\":\"https:\\\/\\\/naturalim.co\\\/#website\",\"url\":\"https:\\\/\\\/naturalim.co\\\/\",\"name\":\"Naturalim\",\"description\":\"\",\"publisher\":{\"@id\":\"https:\\\/\\\/naturalim.co\\\/#organization\"},\"potentialAction\":[{\"@type\":\"SearchAction\",\"target\":{\"@type\":\"EntryPoint\",\"urlTemplate\":\"https:\\\/\\\/naturalim.co\\\/?s={search_term_string}\"},\"query-input\":{\"@type\":\"PropertyValueSpecification\",\"valueRequired\":true,\"valueName\":\"search_term_string\"}}],\"inLanguage\":\"ar\"},{\"@type\":\"Organization\",\"@id\":\"https:\\\/\\\/naturalim.co\\\/#organization\",\"name\":\"Naturalim\",\"url\":\"https:\\\/\\\/naturalim.co\\\/\",\"logo\":{\"@type\":\"ImageObject\",\"inLanguage\":\"ar\",\"@id\":\"https:\\\/\\\/naturalim.co\\\/#\\\/schema\\\/logo\\\/image\\\/\",\"url\":\"https:\\\/\\\/naturalim.co\\\/wp-content\\\/uploads\\\/2023\\\/09\\\/Green_Circle_Leaves_Environment_Logo_1_-removebg-preview.png\",\"contentUrl\":\"https:\\\/\\\/naturalim.co\\\/wp-content\\\/uploads\\\/2023\\\/09\\\/Green_Circle_Leaves_Environment_Logo_1_-removebg-preview.png\",\"width\":500,\"height\":500,\"caption\":\"Naturalim\"},\"image\":{\"@id\":\"https:\\\/\\\/naturalim.co\\\/#\\\/schema\\\/logo\\\/image\\\/\"},\"sameAs\":[\"https:\\\/\\\/www.facebook.com\\\/people\\\/Naturalimdz\\\/100063266886704\\\/\",\"https:\\\/\\\/www.instagram.com\\\/naturalim.dz\\\/\"]}]}<\/script>\n<!-- \/ Yoast SEO plugin. -->","yoast_head_json":{"title":"Graines de Quinoa tricolore - Naturalim","robots":{"index":"index","follow":"follow","max-snippet":"max-snippet:-1","max-image-preview":"max-image-preview:large","max-video-preview":"max-video-preview:-1"},"canonical":"https:\/\/naturalim.co\/ar\/product\/quinoa-tricolore-grain\/","og_locale":"ar_AR","og_type":"article","og_title":"Graines de Quinoa tricolore - Naturalim","og_description":"Le quinoa est une graine ancienne et nutritive (naturellement sans gluten), superaliment riche en nutriments, prot\u00e9ines, fibres et min\u00e9raux essentiels comme le fer et le magn\u00e9sium. C\u2019est un alli\u00e9 pr\u00e9cieux pour une alimentation saine et \u00e9quilibr\u00e9e et un tr\u00e8s bon choix pour les sportifs. Facile \u00e0 cuisiner, il peut \u00eatre consomm\u00e9 dans de nombreux plats sains et nourrissants. Int\u00e9grez-le \u00e0 votre alimentation pour profiter de ses nombreux avantages et bienfaits.","og_url":"https:\/\/naturalim.co\/ar\/product\/quinoa-tricolore-grain\/","og_site_name":"Naturalim","article_publisher":"https:\/\/www.facebook.com\/people\/Naturalimdz\/100063266886704\/","article_modified_time":"2026-03-12T23:47:09+00:00","og_image":[{"width":1080,"height":1080,"url":"https:\/\/naturalim.co\/wp-content\/uploads\/2023\/11\/3-1.jpg","type":"image\/jpeg"}],"twitter_card":"summary_large_image","twitter_misc":{"\u0648\u0642\u062a \u0627\u0644\u0642\u0631\u0627\u0621\u0629 \u0627\u0644\u0645\u064f\u0642\u062f\u0651\u0631":"\u062f\u0642\u064a\u0642\u062a\u0627\u0646"},"schema":{"@context":"https:\/\/schema.org","@graph":[{"@type":"WebPage","@id":"https:\/\/naturalim.co\/produit\/quinoa-tricolore-grain\/","url":"https:\/\/naturalim.co\/produit\/quinoa-tricolore-grain\/","name":"Graines de Quinoa tricolore - Naturalim","isPartOf":{"@id":"https:\/\/naturalim.co\/#website"},"primaryImageOfPage":{"@id":"https:\/\/naturalim.co\/produit\/quinoa-tricolore-grain\/#primaryimage"},"image":{"@id":"https:\/\/naturalim.co\/produit\/quinoa-tricolore-grain\/#primaryimage"},"thumbnailUrl":"https:\/\/naturalim.co\/wp-content\/uploads\/2023\/11\/3-1.jpg","datePublished":"2023-11-22T14:27:29+00:00","dateModified":"2026-03-12T23:47:09+00:00","breadcrumb":{"@id":"https:\/\/naturalim.co\/produit\/quinoa-tricolore-grain\/#breadcrumb"},"inLanguage":"ar","potentialAction":[{"@type":"ReadAction","target":["https:\/\/naturalim.co\/produit\/quinoa-tricolore-grain\/"]}]},{"@type":"ImageObject","inLanguage":"ar","@id":"https:\/\/naturalim.co\/produit\/quinoa-tricolore-grain\/#primaryimage","url":"https:\/\/naturalim.co\/wp-content\/uploads\/2023\/11\/3-1.jpg","contentUrl":"https:\/\/naturalim.co\/wp-content\/uploads\/2023\/11\/3-1.jpg","width":1080,"height":1080},{"@type":"BreadcrumbList","@id":"https:\/\/naturalim.co\/produit\/quinoa-tricolore-grain\/#breadcrumb","itemListElement":[{"@type":"ListItem","position":1,"name":"Home","item":"https:\/\/naturalim.co\/"},{"@type":"ListItem","position":2,"name":"Shop","item":"https:\/\/naturalim.co\/shop\/"},{"@type":"ListItem","position":3,"name":"Graines de Quinoa tricolore"}]},{"@type":"WebSite","@id":"https:\/\/naturalim.co\/#website","url":"https:\/\/naturalim.co\/","name":"Naturalim","description":"","publisher":{"@id":"https:\/\/naturalim.co\/#organization"},"potentialAction":[{"@type":"SearchAction","target":{"@type":"EntryPoint","urlTemplate":"https:\/\/naturalim.co\/?s={search_term_string}"},"query-input":{"@type":"PropertyValueSpecification","valueRequired":true,"valueName":"search_term_string"}}],"inLanguage":"ar"},{"@type":"Organization","@id":"https:\/\/naturalim.co\/#organization","name":"Naturalim","url":"https:\/\/naturalim.co\/","logo":{"@type":"ImageObject","inLanguage":"ar","@id":"https:\/\/naturalim.co\/#\/schema\/logo\/image\/","url":"https:\/\/naturalim.co\/wp-content\/uploads\/2023\/09\/Green_Circle_Leaves_Environment_Logo_1_-removebg-preview.png","contentUrl":"https:\/\/naturalim.co\/wp-content\/uploads\/2023\/09\/Green_Circle_Leaves_Environment_Logo_1_-removebg-preview.png","width":500,"height":500,"caption":"Naturalim"},"image":{"@id":"https:\/\/naturalim.co\/#\/schema\/logo\/image\/"},"sameAs":["https:\/\/www.facebook.com\/people\/Naturalimdz\/100063266886704\/","https:\/\/www.instagram.com\/naturalim.dz\/"]}]}},"uagb_featured_image_src":{"full":["https:\/\/naturalim.co\/wp-content\/uploads\/2023\/11\/3-1.jpg",1080,1080,false],"thumbnail":["https:\/\/naturalim.co\/wp-content\/uploads\/2023\/11\/3-1-150x150.jpg",150,150,true],"medium":["https:\/\/naturalim.co\/wp-content\/uploads\/2023\/11\/3-1-300x300.jpg",300,300,true],"medium_large":["https:\/\/naturalim.co\/wp-content\/uploads\/2023\/11\/3-1-768x768.jpg",768,768,true],"large":["https:\/\/naturalim.co\/wp-content\/uploads\/2023\/11\/3-1-1024x1024.jpg",1024,1024,true],"1536x1536":["https:\/\/naturalim.co\/wp-content\/uploads\/2023\/11\/3-1.jpg",1080,1080,false],"2048x2048":["https:\/\/naturalim.co\/wp-content\/uploads\/2023\/11\/3-1.jpg",1080,1080,false],"trp-custom-language-flag":["https:\/\/naturalim.co\/wp-content\/uploads\/2023\/11\/3-1-12x12.jpg",12,12,true],"woocommerce_thumbnail":["https:\/\/naturalim.co\/wp-content\/uploads\/2023\/11\/3-1-300x300.jpg",300,300,true],"woocommerce_single":["https:\/\/naturalim.co\/wp-content\/uploads\/2023\/11\/3-1-600x600.jpg",600,600,true],"woocommerce_gallery_thumbnail":["https:\/\/naturalim.co\/wp-content\/uploads\/2023\/11\/3-1-100x100.jpg",100,100,true],"wc_order_status_icon":["https:\/\/naturalim.co\/wp-content\/uploads\/2023\/11\/3-1.jpg",32,32,false],"dgwt-wcas-product-suggestion":["https:\/\/naturalim.co\/wp-content\/uploads\/2023\/11\/3-1-64x64.jpg",64,64,true]},"uagb_author_info":{"display_name":"admin","author_link":"https:\/\/naturalim.co\/ar\/author\/"},"uagb_comment_info":0,"uagb_excerpt":"Le quinoa est une graine ancienne et nutritive (naturellement sans gluten), superaliment riche en nutriments, prot\u00e9ines, fibres et min\u00e9raux essentiels comme le fer et le magn\u00e9sium. C\u2019est un alli\u00e9 pr\u00e9cieux pour une alimentation saine et \u00e9quilibr\u00e9e et un tr\u00e8s bon choix pour les sportifs. Facile \u00e0 cuisiner, il peut \u00eatre consomm\u00e9 dans de nombreux plats&hellip;","_links":{"self":[{"href":"https:\/\/naturalim.co\/ar\/wp-json\/wp\/v2\/product\/2652","targetHints":{"allow":["GET"]}}],"collection":[{"href":"https:\/\/naturalim.co\/ar\/wp-json\/wp\/v2\/product"}],"about":[{"href":"https:\/\/naturalim.co\/ar\/wp-json\/wp\/v2\/types\/product"}],"replies":[{"embeddable":true,"href":"https:\/\/naturalim.co\/ar\/wp-json\/wp\/v2\/comments?post=2652"}],"wp:featuredmedia":[{"embeddable":true,"href":"https:\/\/naturalim.co\/ar\/wp-json\/wp\/v2\/media\/3475"}],"wp:attachment":[{"href":"https:\/\/naturalim.co\/ar\/wp-json\/wp\/v2\/media?parent=2652"}],"wp:term":[{"taxonomy":"product_brand","embeddable":true,"href":"https:\/\/naturalim.co\/ar\/wp-json\/wp\/v2\/product_brand?post=2652"},{"taxonomy":"product_cat","embeddable":true,"href":"https:\/\/naturalim.co\/ar\/wp-json\/wp\/v2\/product_cat?post=2652"},{"taxonomy":"product_tag","embeddable":true,"href":"https:\/\/naturalim.co\/ar\/wp-json\/wp\/v2\/product_tag?post=2652"}],"curies":[{"name":"wp","href":"https:\/\/api.w.org\/{rel}","templated":true}]}}