{"id":2682,"date":"2023-11-22T15:27:31","date_gmt":"2023-11-22T14:27:31","guid":{"rendered":"https:\/\/naturalim.co\/produit\/spiruline-bio-poudre-algue-espagne-kg\/"},"modified":"2025-08-19T17:24:34","modified_gmt":"2025-08-19T16:24:34","slug":"spiruline-bio-poudre","status":"publish","type":"product","link":"https:\/\/naturalim.co\/ar\/product\/spiruline-bio-poudre\/","title":{"rendered":"Spiruline BIO en poudre"},"content":{"rendered":"<p><strong>MODE CONSOMMATION de la SPIRULINE<\/strong><br \/>\n<strong>Comment consommer la spiruline en poudre ?<\/strong><br \/>\n\u2022 1 \u00e0 2 cuill\u00e8res \u00e0 caf\u00e9 rases par jour, soit entre 3 \u00e0 6 g.<br \/>\n\u2022 \u00c0 consommer le matin ou le midi, au cours du repas ou avant l\u2019entra\u00eenement.<br \/>\n\u2022 \u00c0 consommer avec de l\u2019eau, ou une boisson (smoothies, jus, etc.) ou dans des recettes sal\u00e9es (soupes, salades, etc.), des recettes sucr\u00e9es (energy balls, etc.)<br \/>\n\u2022 Il est conseill\u00e9 de consommer la spiruline en poudre en cures de 4 \u00e0 12 semaines, et faire une pause de 4 semaines entre chaque cure.<\/p>\n<p><strong>Qui peut consommer la spiruline en poudre ?<\/strong><br \/>\n\u2022 Les personnes qui cherchent une solution naturelle pour lutter contre la fatigue passag\u00e8re et le manque d\u2019\u00e9nergie.<br \/>\n\u2022 Les personnes qui cherchent un boost lors des p\u00e9riodes intenses au travail ou dans leurs \u00e9tudes.<br \/>\n\u2022 Les personnes qui souhaitent maintenir le bon fonctionnement de leur syst\u00e8me immunitaire<br \/>\n\u2022 Les personnes qui souhaitent un accompagnement dans leurs d\u00e9marches de perte de poids.<br \/>\n\u2022 Les sportifs, afin d\u2019optimiser leurs performances.<br \/>\n\u2022 Les personnes qui souhaitent compl\u00e9ter leurs apports en prot\u00e9ines et en fer.<\/p>\n<p><strong>Qui ne doit pas consommer la spiruline ?<\/strong><br \/>\n\u2022 Contre-indiqu\u00e9 aux femmes enceintes et allaitantes.<br \/>\n\u2022 Enfants de moins de 06 ans.<br \/>\n\u2022 Dans le cas de maladies auto-immunes telles que la scl\u00e9rose en plaques et la polyarthrite rhumato\u00efde, car il peut augmenter l&rsquo;activit\u00e9 immunitaire.<br \/>\n\u2022 Avant ou apr\u00e8s la chirurgie, car cela peut affecter la glyc\u00e9mie.<\/p>\n<p><strong>Conservation de la spiruline en poudre :<\/strong><br \/>\n\u00c0 conserver \u00e0 temp\u00e9rature ambiante, au sec et \u00e0 l\u2019abri de la lumi\u00e8re.<\/p>\n<p>&nbsp;<\/p>","protected":false},"excerpt":{"rendered":"<p>La spiruline est une algue microscopique d&rsquo;eau douce.<br \/>\nElle est consid\u00e9r\u00e9e comme un superaliment en raison de sa richesse en nutriments (prot\u00e9ines, vitamines, min\u00e9raux et antioxydants).<br \/>\nNaturelle et compl\u00e8te, facile \u00e0 consommer, elle poss\u00e8de des vertus exceptionnelles.<br \/>\nLa spiruline est compl\u00e9ment alimentaire incontournable pour booster votre bien-\u00eatre et votre sant\u00e9 naturellement.<\/p>","protected":false},"featured_media":1889,"comment_status":"closed","ping_status":"closed","template":"","meta":{"_acf_changed":false,"_uag_custom_page_level_css":"","site-sidebar-layout":"default","site-content-layout":"","ast-site-content-layout":"default","site-content-style":"default","site-sidebar-style":"default","ast-global-header-display":"","ast-banner-title-visibility":"","ast-main-header-display":"","ast-hfb-above-header-display":"","ast-hfb-below-header-display":"","ast-hfb-mobile-header-display":"","site-post-title":"","ast-breadcrumbs-content":"","ast-featured-img":"","footer-sml-layout":"","ast-disable-related-posts":"","theme-transparent-header-meta":"default","adv-header-id-meta":"","stick-header-meta":"","header-above-stick-meta":"","header-main-stick-meta":"","header-below-stick-meta":"","astra-migrate-meta-layouts":"set","ast-page-background-enabled":"default","ast-page-background-meta":{"desktop":{"background-color":"var(--ast-global-color-4)","background-image":"","background-repeat":"repeat","background-position":"center center","background-size":"auto","background-attachment":"scroll","background-type":"","background-media":"","overlay-type":"","overlay-color":"","overlay-opacity":"","overlay-gradient":""},"tablet":{"background-color":"","background-image":"","background-repeat":"repeat","background-position":"center center","background-size":"auto","background-attachment":"scroll","background-type":"","background-media":"","overlay-type":"","overlay-color":"","overlay-opacity":"","overlay-gradient":""},"mobile":{"background-color":"","background-image":"","background-repeat":"repeat","background-position":"center center","background-size":"auto","background-attachment":"scroll","background-type":"","background-media":"","overlay-type":"","overlay-color":"","overlay-opacity":"","overlay-gradient":""}},"ast-content-background-meta":{"desktop":{"background-color":"var(--ast-global-color-5)","background-image":"","background-repeat":"repeat","background-position":"center center","background-size":"auto","background-attachment":"scroll","background-type":"","background-media":"","overlay-type":"","overlay-color":"","overlay-opacity":"","overlay-gradient":""},"tablet":{"background-color":"var(--ast-global-color-5)","background-image":"","background-repeat":"repeat","background-position":"center center","background-size":"auto","background-attachment":"scroll","background-type":"","background-media":"","overlay-type":"","overlay-color":"","overlay-opacity":"","overlay-gradient":""},"mobile":{"background-color":"var(--ast-global-color-5)","background-image":"","background-repeat":"repeat","background-position":"center center","background-size":"auto","background-attachment":"scroll","background-type":"","background-media":"","overlay-type":"","overlay-color":"","overlay-opacity":"","overlay-gradient":""}},"iawp_total_views":1467},"product_brand":[],"product_cat":[49,51],"product_tag":[],"class_list":{"0":"post-2682","1":"product","2":"type-product","3":"status-publish","4":"has-post-thumbnail","6":"product_cat-herbes-medicinales-aromatiques","7":"product_cat-superaliments","8":"desktop-align-center","9":"tablet-align-left","10":"mobile-align-left","12":"first","13":"instock","14":"shipping-taxable","15":"purchasable","16":"product-type-variable","17":"has-default-attributes"},"acf":[],"yoast_head":"<!-- This site is optimized with the Yoast SEO plugin v27.4 - https:\/\/yoast.com\/product\/yoast-seo-wordpress\/ -->\n<title>Spiruline BIO en poudre - Naturalim<\/title>\n<meta name=\"robots\" content=\"index, follow, max-snippet:-1, max-image-preview:large, max-video-preview:-1\" \/>\n<link rel=\"canonical\" href=\"https:\/\/naturalim.co\/ar\/product\/spiruline-bio-poudre\/\" \/>\n<meta property=\"og:locale\" content=\"ar_AR\" \/>\n<meta property=\"og:type\" content=\"article\" \/>\n<meta property=\"og:title\" content=\"Spiruline BIO en poudre - Naturalim\" \/>\n<meta property=\"og:description\" content=\"La spiruline est une algue microscopique d&#039;eau douce. Elle est consid\u00e9r\u00e9e comme un superaliment en raison de sa richesse en nutriments (prot\u00e9ines, vitamines, min\u00e9raux et antioxydants). Naturelle et compl\u00e8te, facile \u00e0 consommer, elle poss\u00e8de des vertus exceptionnelles. La spiruline est compl\u00e9ment alimentaire incontournable pour booster votre bien-\u00eatre et votre sant\u00e9 naturellement.\" \/>\n<meta property=\"og:url\" content=\"https:\/\/naturalim.co\/ar\/product\/spiruline-bio-poudre\/\" \/>\n<meta property=\"og:site_name\" content=\"Naturalim\" \/>\n<meta property=\"article:publisher\" content=\"https:\/\/www.facebook.com\/people\/Naturalimdz\/100063266886704\/\" \/>\n<meta property=\"article:modified_time\" content=\"2025-08-19T16:24:34+00:00\" \/>\n<meta property=\"og:image\" content=\"https:\/\/naturalim.co\/wp-content\/uploads\/2023\/10\/Spirulina-powder-spiruline-poudre-bio-\u0633\u0628\u064a\u0631\u0648\u0644\u064a\u0646\u0627-\u0639\u0636\u0648\u064a\u0629-naturalim.jpg\" \/>\n\t<meta property=\"og:image:width\" content=\"1800\" \/>\n\t<meta property=\"og:image:height\" content=\"1351\" \/>\n\t<meta property=\"og:image:type\" content=\"image\/jpeg\" \/>\n<meta name=\"twitter:card\" content=\"summary_large_image\" \/>\n<meta name=\"twitter:label1\" content=\"\u0648\u0642\u062a \u0627\u0644\u0642\u0631\u0627\u0621\u0629 \u0627\u0644\u0645\u064f\u0642\u062f\u0651\u0631\" \/>\n\t<meta name=\"twitter:data1\" content=\"\u062f\u0642\u064a\u0642\u062a\u0627\u0646\" \/>\n<script type=\"application\/ld+json\" class=\"yoast-schema-graph\">{\"@context\":\"https:\\\/\\\/schema.org\",\"@graph\":[{\"@type\":\"WebPage\",\"@id\":\"https:\\\/\\\/naturalim.co\\\/produit\\\/spiruline-bio-poudre\\\/\",\"url\":\"https:\\\/\\\/naturalim.co\\\/produit\\\/spiruline-bio-poudre\\\/\",\"name\":\"Spiruline BIO en poudre - Naturalim\",\"isPartOf\":{\"@id\":\"https:\\\/\\\/naturalim.co\\\/fr\\\/#website\"},\"primaryImageOfPage\":{\"@id\":\"https:\\\/\\\/naturalim.co\\\/produit\\\/spiruline-bio-poudre\\\/#primaryimage\"},\"image\":{\"@id\":\"https:\\\/\\\/naturalim.co\\\/produit\\\/spiruline-bio-poudre\\\/#primaryimage\"},\"thumbnailUrl\":\"https:\\\/\\\/naturalim.co\\\/wp-content\\\/uploads\\\/2023\\\/10\\\/Spirulina-powder-spiruline-poudre-bio-\u0633\u0628\u064a\u0631\u0648\u0644\u064a\u0646\u0627-\u0639\u0636\u0648\u064a\u0629-naturalim.jpg\",\"datePublished\":\"2023-11-22T14:27:31+00:00\",\"dateModified\":\"2025-08-19T16:24:34+00:00\",\"breadcrumb\":{\"@id\":\"https:\\\/\\\/naturalim.co\\\/produit\\\/spiruline-bio-poudre\\\/#breadcrumb\"},\"inLanguage\":\"ar\",\"potentialAction\":[{\"@type\":\"ReadAction\",\"target\":[\"https:\\\/\\\/naturalim.co\\\/produit\\\/spiruline-bio-poudre\\\/\"]}]},{\"@type\":\"ImageObject\",\"inLanguage\":\"ar\",\"@id\":\"https:\\\/\\\/naturalim.co\\\/produit\\\/spiruline-bio-poudre\\\/#primaryimage\",\"url\":\"https:\\\/\\\/naturalim.co\\\/wp-content\\\/uploads\\\/2023\\\/10\\\/Spirulina-powder-spiruline-poudre-bio-\u0633\u0628\u064a\u0631\u0648\u0644\u064a\u0646\u0627-\u0639\u0636\u0648\u064a\u0629-naturalim.jpg\",\"contentUrl\":\"https:\\\/\\\/naturalim.co\\\/wp-content\\\/uploads\\\/2023\\\/10\\\/Spirulina-powder-spiruline-poudre-bio-\u0633\u0628\u064a\u0631\u0648\u0644\u064a\u0646\u0627-\u0639\u0636\u0648\u064a\u0629-naturalim.jpg\",\"width\":1800,\"height\":1351},{\"@type\":\"BreadcrumbList\",\"@id\":\"https:\\\/\\\/naturalim.co\\\/produit\\\/spiruline-bio-poudre\\\/#breadcrumb\",\"itemListElement\":[{\"@type\":\"ListItem\",\"position\":1,\"name\":\"Home\",\"item\":\"https:\\\/\\\/naturalim.co\\\/\"},{\"@type\":\"ListItem\",\"position\":2,\"name\":\"Shop\",\"item\":\"https:\\\/\\\/naturalim.co\\\/fr\\\/shop\\\/\"},{\"@type\":\"ListItem\",\"position\":3,\"name\":\"Spiruline BIO en poudre\"}]},{\"@type\":\"WebSite\",\"@id\":\"https:\\\/\\\/naturalim.co\\\/fr\\\/#website\",\"url\":\"https:\\\/\\\/naturalim.co\\\/fr\\\/\",\"name\":\"Naturalim\",\"description\":\"\",\"publisher\":{\"@id\":\"https:\\\/\\\/naturalim.co\\\/fr\\\/#organization\"},\"potentialAction\":[{\"@type\":\"SearchAction\",\"target\":{\"@type\":\"EntryPoint\",\"urlTemplate\":\"https:\\\/\\\/naturalim.co\\\/fr\\\/?s={search_term_string}\"},\"query-input\":{\"@type\":\"PropertyValueSpecification\",\"valueRequired\":true,\"valueName\":\"search_term_string\"}}],\"inLanguage\":\"ar\"},{\"@type\":\"Organization\",\"@id\":\"https:\\\/\\\/naturalim.co\\\/fr\\\/#organization\",\"name\":\"Naturalim\",\"url\":\"https:\\\/\\\/naturalim.co\\\/fr\\\/\",\"logo\":{\"@type\":\"ImageObject\",\"inLanguage\":\"ar\",\"@id\":\"https:\\\/\\\/naturalim.co\\\/fr\\\/#\\\/schema\\\/logo\\\/image\\\/\",\"url\":\"https:\\\/\\\/naturalim.co\\\/wp-content\\\/uploads\\\/2023\\\/09\\\/Green_Circle_Leaves_Environment_Logo_1_-removebg-preview.png\",\"contentUrl\":\"https:\\\/\\\/naturalim.co\\\/wp-content\\\/uploads\\\/2023\\\/09\\\/Green_Circle_Leaves_Environment_Logo_1_-removebg-preview.png\",\"width\":500,\"height\":500,\"caption\":\"Naturalim\"},\"image\":{\"@id\":\"https:\\\/\\\/naturalim.co\\\/fr\\\/#\\\/schema\\\/logo\\\/image\\\/\"},\"sameAs\":[\"https:\\\/\\\/www.facebook.com\\\/people\\\/Naturalimdz\\\/100063266886704\\\/\",\"https:\\\/\\\/www.instagram.com\\\/naturalim.dz\\\/\"]}]}<\/script>\n<!-- \/ Yoast SEO plugin. -->","yoast_head_json":{"title":"Spiruline BIO en poudre - Naturalim","robots":{"index":"index","follow":"follow","max-snippet":"max-snippet:-1","max-image-preview":"max-image-preview:large","max-video-preview":"max-video-preview:-1"},"canonical":"https:\/\/naturalim.co\/ar\/product\/spiruline-bio-poudre\/","og_locale":"ar_AR","og_type":"article","og_title":"Spiruline BIO en poudre - Naturalim","og_description":"La spiruline est une algue microscopique d'eau douce. Elle est consid\u00e9r\u00e9e comme un superaliment en raison de sa richesse en nutriments (prot\u00e9ines, vitamines, min\u00e9raux et antioxydants). Naturelle et compl\u00e8te, facile \u00e0 consommer, elle poss\u00e8de des vertus exceptionnelles. La spiruline est compl\u00e9ment alimentaire incontournable pour booster votre bien-\u00eatre et votre sant\u00e9 naturellement.","og_url":"https:\/\/naturalim.co\/ar\/product\/spiruline-bio-poudre\/","og_site_name":"Naturalim","article_publisher":"https:\/\/www.facebook.com\/people\/Naturalimdz\/100063266886704\/","article_modified_time":"2025-08-19T16:24:34+00:00","og_image":[{"width":1800,"height":1351,"url":"https:\/\/naturalim.co\/wp-content\/uploads\/2023\/10\/Spirulina-powder-spiruline-poudre-bio-\u0633\u0628\u064a\u0631\u0648\u0644\u064a\u0646\u0627-\u0639\u0636\u0648\u064a\u0629-naturalim.jpg","type":"image\/jpeg"}],"twitter_card":"summary_large_image","twitter_misc":{"\u0648\u0642\u062a \u0627\u0644\u0642\u0631\u0627\u0621\u0629 \u0627\u0644\u0645\u064f\u0642\u062f\u0651\u0631":"\u062f\u0642\u064a\u0642\u062a\u0627\u0646"},"schema":{"@context":"https:\/\/schema.org","@graph":[{"@type":"WebPage","@id":"https:\/\/naturalim.co\/produit\/spiruline-bio-poudre\/","url":"https:\/\/naturalim.co\/produit\/spiruline-bio-poudre\/","name":"Spiruline BIO en poudre - Naturalim","isPartOf":{"@id":"https:\/\/naturalim.co\/fr\/#website"},"primaryImageOfPage":{"@id":"https:\/\/naturalim.co\/produit\/spiruline-bio-poudre\/#primaryimage"},"image":{"@id":"https:\/\/naturalim.co\/produit\/spiruline-bio-poudre\/#primaryimage"},"thumbnailUrl":"https:\/\/naturalim.co\/wp-content\/uploads\/2023\/10\/Spirulina-powder-spiruline-poudre-bio-\u0633\u0628\u064a\u0631\u0648\u0644\u064a\u0646\u0627-\u0639\u0636\u0648\u064a\u0629-naturalim.jpg","datePublished":"2023-11-22T14:27:31+00:00","dateModified":"2025-08-19T16:24:34+00:00","breadcrumb":{"@id":"https:\/\/naturalim.co\/produit\/spiruline-bio-poudre\/#breadcrumb"},"inLanguage":"ar","potentialAction":[{"@type":"ReadAction","target":["https:\/\/naturalim.co\/produit\/spiruline-bio-poudre\/"]}]},{"@type":"ImageObject","inLanguage":"ar","@id":"https:\/\/naturalim.co\/produit\/spiruline-bio-poudre\/#primaryimage","url":"https:\/\/naturalim.co\/wp-content\/uploads\/2023\/10\/Spirulina-powder-spiruline-poudre-bio-\u0633\u0628\u064a\u0631\u0648\u0644\u064a\u0646\u0627-\u0639\u0636\u0648\u064a\u0629-naturalim.jpg","contentUrl":"https:\/\/naturalim.co\/wp-content\/uploads\/2023\/10\/Spirulina-powder-spiruline-poudre-bio-\u0633\u0628\u064a\u0631\u0648\u0644\u064a\u0646\u0627-\u0639\u0636\u0648\u064a\u0629-naturalim.jpg","width":1800,"height":1351},{"@type":"BreadcrumbList","@id":"https:\/\/naturalim.co\/produit\/spiruline-bio-poudre\/#breadcrumb","itemListElement":[{"@type":"ListItem","position":1,"name":"Home","item":"https:\/\/naturalim.co\/"},{"@type":"ListItem","position":2,"name":"Shop","item":"https:\/\/naturalim.co\/fr\/shop\/"},{"@type":"ListItem","position":3,"name":"Spiruline BIO en poudre"}]},{"@type":"WebSite","@id":"https:\/\/naturalim.co\/fr\/#website","url":"https:\/\/naturalim.co\/fr\/","name":"Naturalim","description":"","publisher":{"@id":"https:\/\/naturalim.co\/fr\/#organization"},"potentialAction":[{"@type":"SearchAction","target":{"@type":"EntryPoint","urlTemplate":"https:\/\/naturalim.co\/fr\/?s={search_term_string}"},"query-input":{"@type":"PropertyValueSpecification","valueRequired":true,"valueName":"search_term_string"}}],"inLanguage":"ar"},{"@type":"Organization","@id":"https:\/\/naturalim.co\/fr\/#organization","name":"Naturalim","url":"https:\/\/naturalim.co\/fr\/","logo":{"@type":"ImageObject","inLanguage":"ar","@id":"https:\/\/naturalim.co\/fr\/#\/schema\/logo\/image\/","url":"https:\/\/naturalim.co\/wp-content\/uploads\/2023\/09\/Green_Circle_Leaves_Environment_Logo_1_-removebg-preview.png","contentUrl":"https:\/\/naturalim.co\/wp-content\/uploads\/2023\/09\/Green_Circle_Leaves_Environment_Logo_1_-removebg-preview.png","width":500,"height":500,"caption":"Naturalim"},"image":{"@id":"https:\/\/naturalim.co\/fr\/#\/schema\/logo\/image\/"},"sameAs":["https:\/\/www.facebook.com\/people\/Naturalimdz\/100063266886704\/","https:\/\/www.instagram.com\/naturalim.dz\/"]}]}},"uagb_featured_image_src":{"full":["https:\/\/naturalim.co\/wp-content\/uploads\/2023\/10\/Spirulina-powder-spiruline-poudre-bio-\u0633\u0628\u064a\u0631\u0648\u0644\u064a\u0646\u0627-\u0639\u0636\u0648\u064a\u0629-naturalim.jpg",1800,1351,false],"thumbnail":["https:\/\/naturalim.co\/wp-content\/uploads\/2023\/10\/Spirulina-powder-spiruline-poudre-bio-\u0633\u0628\u064a\u0631\u0648\u0644\u064a\u0646\u0627-\u0639\u0636\u0648\u064a\u0629-naturalim-150x150.jpg",150,150,true],"medium":["https:\/\/naturalim.co\/wp-content\/uploads\/2023\/10\/Spirulina-powder-spiruline-poudre-bio-\u0633\u0628\u064a\u0631\u0648\u0644\u064a\u0646\u0627-\u0639\u0636\u0648\u064a\u0629-naturalim-300x225.jpg",300,225,true],"medium_large":["https:\/\/naturalim.co\/wp-content\/uploads\/2023\/10\/Spirulina-powder-spiruline-poudre-bio-\u0633\u0628\u064a\u0631\u0648\u0644\u064a\u0646\u0627-\u0639\u0636\u0648\u064a\u0629-naturalim-768x576.jpg",768,576,true],"large":["https:\/\/naturalim.co\/wp-content\/uploads\/2023\/10\/Spirulina-powder-spiruline-poudre-bio-\u0633\u0628\u064a\u0631\u0648\u0644\u064a\u0646\u0627-\u0639\u0636\u0648\u064a\u0629-naturalim-1024x769.jpg",1024,769,true],"1536x1536":["https:\/\/naturalim.co\/wp-content\/uploads\/2023\/10\/Spirulina-powder-spiruline-poudre-bio-\u0633\u0628\u064a\u0631\u0648\u0644\u064a\u0646\u0627-\u0639\u0636\u0648\u064a\u0629-naturalim-1536x1153.jpg",1536,1153,true],"2048x2048":["https:\/\/naturalim.co\/wp-content\/uploads\/2023\/10\/Spirulina-powder-spiruline-poudre-bio-\u0633\u0628\u064a\u0631\u0648\u0644\u064a\u0646\u0627-\u0639\u0636\u0648\u064a\u0629-naturalim.jpg",1800,1351,false],"trp-custom-language-flag":["https:\/\/naturalim.co\/wp-content\/uploads\/2023\/10\/Spirulina-powder-spiruline-poudre-bio-\u0633\u0628\u064a\u0631\u0648\u0644\u064a\u0646\u0627-\u0639\u0636\u0648\u064a\u0629-naturalim.jpg",16,12,false],"woocommerce_thumbnail":["https:\/\/naturalim.co\/wp-content\/uploads\/2023\/10\/Spirulina-powder-spiruline-poudre-bio-\u0633\u0628\u064a\u0631\u0648\u0644\u064a\u0646\u0627-\u0639\u0636\u0648\u064a\u0629-naturalim-300x300.jpg",300,300,true],"woocommerce_single":["https:\/\/naturalim.co\/wp-content\/uploads\/2023\/10\/Spirulina-powder-spiruline-poudre-bio-\u0633\u0628\u064a\u0631\u0648\u0644\u064a\u0646\u0627-\u0639\u0636\u0648\u064a\u0629-naturalim-600x450.jpg",600,450,true],"woocommerce_gallery_thumbnail":["https:\/\/naturalim.co\/wp-content\/uploads\/2023\/10\/Spirulina-powder-spiruline-poudre-bio-\u0633\u0628\u064a\u0631\u0648\u0644\u064a\u0646\u0627-\u0639\u0636\u0648\u064a\u0629-naturalim-100x100.jpg",100,100,true],"wc_order_status_icon":["https:\/\/naturalim.co\/wp-content\/uploads\/2023\/10\/Spirulina-powder-spiruline-poudre-bio-\u0633\u0628\u064a\u0631\u0648\u0644\u064a\u0646\u0627-\u0639\u0636\u0648\u064a\u0629-naturalim.jpg",32,24,false],"dgwt-wcas-product-suggestion":["https:\/\/naturalim.co\/wp-content\/uploads\/2023\/10\/Spirulina-powder-spiruline-poudre-bio-\u0633\u0628\u064a\u0631\u0648\u0644\u064a\u0646\u0627-\u0639\u0636\u0648\u064a\u0629-naturalim-64x48.jpg",64,48,true]},"uagb_author_info":{"display_name":"admin","author_link":"https:\/\/naturalim.co\/ar\/author\/"},"uagb_comment_info":0,"uagb_excerpt":"La spiruline est une algue microscopique d'eau douce. Elle est consid\u00e9r\u00e9e comme un superaliment en raison de sa richesse en nutriments (prot\u00e9ines, vitamines, min\u00e9raux et antioxydants). Naturelle et compl\u00e8te, facile \u00e0 consommer, elle poss\u00e8de des vertus exceptionnelles. La spiruline est compl\u00e9ment alimentaire incontournable pour booster votre bien-\u00eatre et votre sant\u00e9 naturellement.","_links":{"self":[{"href":"https:\/\/naturalim.co\/ar\/wp-json\/wp\/v2\/product\/2682","targetHints":{"allow":["GET"]}}],"collection":[{"href":"https:\/\/naturalim.co\/ar\/wp-json\/wp\/v2\/product"}],"about":[{"href":"https:\/\/naturalim.co\/ar\/wp-json\/wp\/v2\/types\/product"}],"replies":[{"embeddable":true,"href":"https:\/\/naturalim.co\/ar\/wp-json\/wp\/v2\/comments?post=2682"}],"wp:featuredmedia":[{"embeddable":true,"href":"https:\/\/naturalim.co\/ar\/wp-json\/wp\/v2\/media\/1889"}],"wp:attachment":[{"href":"https:\/\/naturalim.co\/ar\/wp-json\/wp\/v2\/media?parent=2682"}],"wp:term":[{"taxonomy":"product_brand","embeddable":true,"href":"https:\/\/naturalim.co\/ar\/wp-json\/wp\/v2\/product_brand?post=2682"},{"taxonomy":"product_cat","embeddable":true,"href":"https:\/\/naturalim.co\/ar\/wp-json\/wp\/v2\/product_cat?post=2682"},{"taxonomy":"product_tag","embeddable":true,"href":"https:\/\/naturalim.co\/ar\/wp-json\/wp\/v2\/product_tag?post=2682"}],"curies":[{"name":"wp","href":"https:\/\/api.w.org\/{rel}","templated":true}]}}