{"id":2757,"date":"2023-11-25T08:58:12","date_gmt":"2023-11-25T07:58:12","guid":{"rendered":"https:\/\/naturalim.co\/?post_type=product&#038;p=2757"},"modified":"2025-07-09T17:11:19","modified_gmt":"2025-07-09T16:11:19","slug":"ashwagandha-poudre-bio","status":"publish","type":"product","link":"https:\/\/naturalim.co\/ar\/product\/ashwagandha-poudre-bio\/","title":{"rendered":"\u0645\u0633\u062d\u0648\u0642 \u0627\u0644\u0623\u0634\u0648\u0627\u063a\u0646\u062f\u0627 \u0639\u0636\u0648\u064a"},"content":{"rendered":"<p class=\" translation-block\">\u0641\u0648\u0627\u0626\u062f \u0623\u0634\u0648\u0627\u063a\u0627\u0646\u062f\u0627 :<br>\n\u064a\u0642\u0644\u0644 \u0645\u0646 \u0627\u0644\u062a\u0648\u062a\u0631 \u0648\u0627\u0644\u0642\u0644\u0642 \u0648\u064a\u062d\u0633\u0646 \u0645\u0646 \u062c\u0648\u062f\u0629 \u0627\u0644\u0646\u0648\u0645 (\u0643\u0645\u0627\u062f\u0629 \u062a\u0643\u064a\u0641\u064a\u0629).\u064a\u0642\u0644\u0644 \u0645\u0646\n\u0627\u0644\u062a\u0648\u062a\u0631 \u0648\u0627\u0644\u0642\u0644\u0642 \u0648\u064a\u062d\u0633\u0646 \u0645\u0646 \u062c\u0648\u062f\u0629 \u0627\u0644\u0646\u0648\u0645 (\u0643\u0645\u0627\u062f\u0629 \u062a\u0643\u064a\u0641\u064a\u0629).<br>\n\u064a\u062d\u0633\u0646 \u0627\u0644\u0648\u0638\u0627\u0626\u0641 \u0627\u0644\u0625\u062f\u0631\u0627\u0643\u064a\u0629 (\u0627\u0644\u0630\u0627\u0643\u0631\u0629 \u0648\u0627\u0644\u062a\u0631\u0643\u064a\u0632 \u0648\u0627\u0644\u062a\u0639\u0644\u0645 \u0648\u064a\u062d\u0645\u064a \u0645\u0646 \u0627\u0644\u0623\u0645\u0631\u0627\u0636 \u0627\u0644\u0639\u0635\u0628\u064a\u0629 \u0627\u0644\u062a\u0646\u0643\u0633\u064a\u0629).<br>\n\u064a\u0642\u0648\u064a \u062c\u0647\u0627\u0632 \u0627\u0644\u0645\u0646\u0627\u0639\u0629 \u0628\u0641\u0636\u0644 \u062e\u0635\u0627\u0626\u0635\u0647 \u0627\u0644\u0645\u0636\u0627\u062f\u0629 \u0644\u0644\u0623\u0643\u0633\u062f\u0629 \u0648\u0627\u0644\u0645\u0636\u0627\u062f\u0629 \u0644\u0644\u0627\u0644\u062a\u0647\u0627\u0628\u0627\u062a.<br>\n\u064a\u0632\u064a\u062f \u0645\u0646 \u0627\u0644\u062d\u064a\u0648\u064a\u0629 \u0648\u0627\u0644\u0637\u0627\u0642\u0629 \u0648\u064a\u062d\u0633\u0646 \u0627\u0644\u0623\u062f\u0627\u0621 \u0627\u0644\u0628\u062f\u0646\u064a (\u0627\u0644\u0642\u0648\u0629 \u0648\u0627\u0644\u0642\u062f\u0631\u0629 \u0639\u0644\u0649 \u0627\u0644\u062a\u062d\u0645\u0644 \u0648\u0627\u0633\u062a\u0639\u0627\u062f\u0629 \u0627\u0644\u0639\u0636\u0644\u0627\u062a \u0648\u064a\u0642\u0644\u0644 \u0645\u0646 \u0627\u0644\u062a\u0639\u0628).<br>\n\u064a\u062d\u0641\u0632 \u0627\u0644\u0631\u063a\u0628\u0629 \u0627\u0644\u062c\u0646\u0633\u064a\u0629 \u0648\u064a\u062d\u0633\u0646 \u0627\u0644\u0648\u0638\u064a\u0641\u0629 \u0627\u0644\u062c\u0646\u0633\u064a\u0629 (\u0645\u0646\u0634\u0637 \u062c\u0646\u0633\u064a \u0637\u0628\u064a\u0639\u064a \u0644\u0644\u0631\u062c\u0627\u0644 \u0648\u0627\u0644\u0646\u0633\u0627\u0621).<br>\n\u064a\u062d\u0633\u0651\u0646 \u0627\u0644\u062a\u0648\u0627\u0632\u0646 \u0627\u0644\u0647\u0631\u0645\u0648\u0646\u064a (\u0627\u0644\u063a\u062f\u0629 \u0627\u0644\u062f\u0631\u0642\u064a\u0629 \u0648\u0633\u0643\u0631 \u0627\u0644\u062f\u0645 \u0648\u0645\u0627 \u0625\u0644\u0649 \u0630\u0644\u0643).\n\u064a\u064f\u062d\u0633\u0651\u0646 \u0635\u062d\u0629 \u0627\u0644\u062c\u0647\u0627\u0632 \u0627\u0644\u0647\u0636\u0645\u064a (\u062a\u062d\u0633\u064a\u0646 \u0627\u0644\u0647\u0636\u0645 \u0648\u0627\u0645\u062a\u0635\u0627\u0635 \u0627\u0644\u0639\u0646\u0627\u0635\u0631 \u0627\u0644\u063a\u0630\u0627\u0626\u064a\u0629 \u0648\u0645\u0627 \u0625\u0644\u0649 \u0630\u0644\u0643).<br>\n\u064a\u062d\u0633\u0646 \u0635\u062d\u0629 \u0627\u0644\u0642\u0644\u0628 \u0648\u0627\u0644\u0643\u0644\u0649.<br>\n\u064a\u062d\u0633\u0646 \u0627\u0644\u0635\u062d\u0629 \u0627\u0644\u0639\u0642\u0644\u064a\u0629 \u0648\u0627\u0644\u0639\u0627\u0637\u0641\u064a\u0629.<br>\n\u064a\u062d\u0645\u064a \u0645\u0646 \u0622\u062b\u0627\u0631 \u0627\u0644\u0634\u064a\u062e\u0648\u062e\u0629 \u0627\u0644\u0645\u0628\u0643\u0631\u0629.<br>\n\u0645\u0636\u0627\u062f \u0644\u0644\u0623\u0643\u0633\u062f\u0629 (\u064a\u062d\u0645\u064a \u0627\u0644\u062e\u0644\u0627\u064a\u0627).<br>\n\u0645\u0636\u0627\u062f \u0644\u0644\u0627\u0644\u062a\u0647\u0627\u0628\u0627\u062a (\u064a\u0642\u0644\u0644 \u0645\u0646 \u0627\u0644\u0627\u0644\u062a\u0647\u0627\u0628\u0627\u062a \u0641\u064a \u0627\u0644\u062c\u0633\u0645).<br>\n\u064a\u0639\u0632\u0632 \u0627\u0644\u0635\u062d\u0629 \u0627\u0644\u0639\u0627\u0645\u0629 (\u0627\u0644\u0634\u0639\u0648\u0631 \u0628\u0627\u0644\u0647\u062f\u0648\u0621 \u0648\u0627\u0644\u0631\u0641\u0627\u0647\u064a\u0629).<\/p>\n<p class=\" translation-block\">\u062e\u0635\u0627\u0626\u0635 \u0627\u0644\u0645\u0646\u062a\u062c :<br>\n- \u0646\u0628\u0627\u062a \u0623\u062f\u0627\u0628\u062a\u0648\u062c\u064a\u0646\u064a\u0643.<br>\n- \u0627\u0644\u0627\u0633\u0645 \u0627\u0644\u0644\u0627\u062a\u064a\u0646\u064a: \u0648\u064a\u062b\u0627\u0646\u064a\u0627 \u0633\u0648\u0645\u0646\u064a\u0641\u064a\u0631\u0627 \u062f\u0648\u0646.<br>\n- \u0639\u0636\u0648\u064a: \u0639\u0646\u062f\u0645\u0627 \u064a\u0643\u0648\u0646 \u0627\u0644\u0645\u0646\u062a\u062c \u0639\u0636\u0648\u064a\u064b\u0627 \u0641\u0625\u0646 \u0641\u0648\u0627\u0626\u062f\u0647 \u062a\u062a\u0636\u0627\u0639\u0641.<\/p>","protected":false},"excerpt":{"rendered":"<p>\u0623\u0634\u0648\u0627\u063a\u0627\u0646\u062f\u0627\u060c \u0648\u0647\u064a \u0645\u0627\u062f\u0629 \u0645\u062a\u0643\u064a\u0641\u0629\u060c \u0647\u064a \u0645\u0643\u0645\u0644 \u0637\u0628\u064a\u0639\u064a \u0642\u0648\u064a \u0644\u0647 \u0627\u0644\u0639\u062f\u064a\u062f \u0645\u0646 \u0627\u0644\u0641\u0648\u0627\u0626\u062f \u0627\u0644\u0635\u062d\u064a\u0629. \u0641\u0647\u064a \u062a\u0633\u0627\u0639\u062f \u0639\u0644\u0649 \u062a\u0642\u0644\u064a\u0644 \u0627\u0644\u062a\u0648\u062a\u0631 \u0648\u0627\u0644\u0642\u0644\u0642\u060c \u0648\u062a\u0642\u0648\u064a\u0629 \u062c\u0647\u0627\u0632 \u0627\u0644\u0645\u0646\u0627\u0639\u0629\u060c \u0648\u0632\u064a\u0627\u062f\u0629 \u0627\u0644\u062a\u0631\u0643\u064a\u0632\u060c \u0648\u062a\u062d\u0633\u064a\u0646 \u0627\u0644\u0646\u0648\u0645\u060c \u0648\u062a\u0639\u0632\u064a\u0632 \u0627\u0644\u0637\u0627\u0642\u0629 \u0648\u0627\u0644\u0642\u062f\u0631\u0629 \u0639\u0644\u0649 \u0627\u0644\u062a\u062d\u0645\u0644\u060c \u0648\u062a\u0639\u0632\u064a\u0632 \u0627\u0644\u0631\u0641\u0627\u0647\u064a\u0629 \u0627\u0644\u0634\u062e\u0635\u064a\u0629. \u0641\u064a \u0634\u0643\u0644 \u0645\u0633\u062d\u0648\u0642\u060c \u064a\u0645\u0643\u0646 \u062f\u0645\u062c\u0647\u0627 \u0628\u0633\u0647\u0648\u0644\u0629 \u0641\u064a \u0627\u0644\u062d\u0633\u0627\u0621 \u0648\u0627\u0644\u0623\u0637\u0628\u0627\u0642 \u0648\u0627\u0644\u0645\u0634\u0631\u0648\u0628\u0627\u062a \u0648\u0627\u0644\u0639\u0635\u0627\u0626\u0631 \u0648\u0645\u0627 \u0625\u0644\u0649 \u0630\u0644\u0643.<br \/>\n\u0639\u0636\u0648\u064a\u064b\u0627\u060c \u062a\u0632\u062f\u0627\u062f \u0641\u0639\u0627\u0644\u064a\u062a\u0647 \u0628\u0634\u0643\u0644 \u0643\u0628\u064a\u0631.<\/p>","protected":false},"featured_media":1860,"comment_status":"open","ping_status":"closed","template":"","meta":{"_acf_changed":false,"_uag_custom_page_level_css":"","site-sidebar-layout":"default","site-content-layout":"","ast-site-content-layout":"default","site-content-style":"default","site-sidebar-style":"default","ast-global-header-display":"","ast-banner-title-visibility":"","ast-main-header-display":"","ast-hfb-above-header-display":"","ast-hfb-below-header-display":"","ast-hfb-mobile-header-display":"","site-post-title":"","ast-breadcrumbs-content":"","ast-featured-img":"","footer-sml-layout":"","ast-disable-related-posts":"","theme-transparent-header-meta":"default","adv-header-id-meta":"","stick-header-meta":"","header-above-stick-meta":"","header-main-stick-meta":"","header-below-stick-meta":"","astra-migrate-meta-layouts":"set","ast-page-background-enabled":"default","ast-page-background-meta":{"desktop":{"background-color":"var(--ast-global-color-4)","background-image":"","background-repeat":"repeat","background-position":"center center","background-size":"auto","background-attachment":"scroll","background-type":"","background-media":"","overlay-type":"","overlay-color":"","overlay-opacity":"","overlay-gradient":""},"tablet":{"background-color":"","background-image":"","background-repeat":"repeat","background-position":"center center","background-size":"auto","background-attachment":"scroll","background-type":"","background-media":"","overlay-type":"","overlay-color":"","overlay-opacity":"","overlay-gradient":""},"mobile":{"background-color":"","background-image":"","background-repeat":"repeat","background-position":"center center","background-size":"auto","background-attachment":"scroll","background-type":"","background-media":"","overlay-type":"","overlay-color":"","overlay-opacity":"","overlay-gradient":""}},"ast-content-background-meta":{"desktop":{"background-color":"var(--ast-global-color-5)","background-image":"","background-repeat":"repeat","background-position":"center center","background-size":"auto","background-attachment":"scroll","background-type":"","background-media":"","overlay-type":"","overlay-color":"","overlay-opacity":"","overlay-gradient":""},"tablet":{"background-color":"var(--ast-global-color-5)","background-image":"","background-repeat":"repeat","background-position":"center center","background-size":"auto","background-attachment":"scroll","background-type":"","background-media":"","overlay-type":"","overlay-color":"","overlay-opacity":"","overlay-gradient":""},"mobile":{"background-color":"var(--ast-global-color-5)","background-image":"","background-repeat":"repeat","background-position":"center center","background-size":"auto","background-attachment":"scroll","background-type":"","background-media":"","overlay-type":"","overlay-color":"","overlay-opacity":"","overlay-gradient":""}},"iawp_total_views":1628},"product_brand":[],"product_cat":[49,51],"product_tag":[],"class_list":{"0":"post-2757","1":"product","2":"type-product","3":"status-publish","4":"has-post-thumbnail","6":"product_cat-herbes-medicinales-aromatiques","7":"product_cat-superaliments","8":"desktop-align-center","9":"tablet-align-left","10":"mobile-align-left","12":"first","13":"instock","14":"shipping-taxable","15":"purchasable","16":"product-type-variable","17":"has-default-attributes"},"acf":[],"yoast_head":"<!-- This site is optimized with the Yoast SEO plugin v27.3 - https:\/\/yoast.com\/product\/yoast-seo-wordpress\/ -->\n<title>Ashwagandha en poudre BIO - Naturalim<\/title>\n<meta name=\"robots\" content=\"index, follow, max-snippet:-1, max-image-preview:large, max-video-preview:-1\" \/>\n<link rel=\"canonical\" href=\"https:\/\/naturalim.co\/ar\/product\/ashwagandha-poudre-bio\/\" \/>\n<meta property=\"og:locale\" content=\"ar_AR\" \/>\n<meta property=\"og:type\" content=\"article\" \/>\n<meta property=\"og:title\" content=\"Ashwagandha en poudre BIO - Naturalim\" \/>\n<meta property=\"og:description\" content=\"L&#039;Ashwagandha, adaptog\u00e8ne, est un suppl\u00e9ment naturel puissant, avec de nombreux bienfaits pour la sant\u00e9. Il aide \u00e0 r\u00e9duire le stress et l&#039;anxi\u00e9t\u00e9, renforcer le syst\u00e8me immunitaire, augmenter la concentration, am\u00e9liorer le sommeil, augmenter l\u2019\u00e9nergie et l\u2019endurance ainsi que le bien-\u00eatre de la personne. En poudre, il est facilement incorpor\u00e9 dans les soupes et les plats de cuisine, les boissons, les smoothies etc. Bio, son efficacit\u00e9 est beaucoup augment\u00e9e.\" \/>\n<meta property=\"og:url\" content=\"https:\/\/naturalim.co\/ar\/product\/ashwagandha-poudre-bio\/\" \/>\n<meta property=\"og:site_name\" content=\"Naturalim\" \/>\n<meta property=\"article:publisher\" content=\"https:\/\/www.facebook.com\/people\/Naturalimdz\/100063266886704\/\" \/>\n<meta property=\"article:modified_time\" content=\"2025-07-09T16:11:19+00:00\" \/>\n<meta property=\"og:image\" content=\"https:\/\/naturalim.co\/wp-content\/uploads\/2023\/10\/Ashwagandha-powder-poudre-\u0627\u0634\u0648\u0627\u063a\u0646\u062f\u0627-\u0628\u0648\u062f\u0631\u0629-naturalim.jpg\" \/>\n\t<meta property=\"og:image:width\" content=\"2560\" \/>\n\t<meta property=\"og:image:height\" content=\"1709\" \/>\n\t<meta property=\"og:image:type\" content=\"image\/jpeg\" \/>\n<meta name=\"twitter:card\" content=\"summary_large_image\" \/>\n<meta name=\"twitter:label1\" content=\"\u0648\u0642\u062a \u0627\u0644\u0642\u0631\u0627\u0621\u0629 \u0627\u0644\u0645\u064f\u0642\u062f\u0651\u0631\" \/>\n\t<meta name=\"twitter:data1\" content=\"\u062f\u0642\u064a\u0642\u062a\u0627\u0646\" \/>\n<script type=\"application\/ld+json\" class=\"yoast-schema-graph\">{\"@context\":\"https:\\\/\\\/schema.org\",\"@graph\":[{\"@type\":\"WebPage\",\"@id\":\"https:\\\/\\\/naturalim.co\\\/produit\\\/ashwagandha-poudre-bio\\\/\",\"url\":\"https:\\\/\\\/naturalim.co\\\/produit\\\/ashwagandha-poudre-bio\\\/\",\"name\":\"Ashwagandha en poudre BIO - Naturalim\",\"isPartOf\":{\"@id\":\"https:\\\/\\\/naturalim.co\\\/fr\\\/#website\"},\"primaryImageOfPage\":{\"@id\":\"https:\\\/\\\/naturalim.co\\\/produit\\\/ashwagandha-poudre-bio\\\/#primaryimage\"},\"image\":{\"@id\":\"https:\\\/\\\/naturalim.co\\\/produit\\\/ashwagandha-poudre-bio\\\/#primaryimage\"},\"thumbnailUrl\":\"https:\\\/\\\/naturalim.co\\\/wp-content\\\/uploads\\\/2023\\\/10\\\/Ashwagandha-powder-poudre-\u0627\u0634\u0648\u0627\u063a\u0646\u062f\u0627-\u0628\u0648\u062f\u0631\u0629-naturalim.jpg\",\"datePublished\":\"2023-11-25T07:58:12+00:00\",\"dateModified\":\"2025-07-09T16:11:19+00:00\",\"breadcrumb\":{\"@id\":\"https:\\\/\\\/naturalim.co\\\/produit\\\/ashwagandha-poudre-bio\\\/#breadcrumb\"},\"inLanguage\":\"ar\",\"potentialAction\":[{\"@type\":\"ReadAction\",\"target\":[\"https:\\\/\\\/naturalim.co\\\/produit\\\/ashwagandha-poudre-bio\\\/\"]}]},{\"@type\":\"ImageObject\",\"inLanguage\":\"ar\",\"@id\":\"https:\\\/\\\/naturalim.co\\\/produit\\\/ashwagandha-poudre-bio\\\/#primaryimage\",\"url\":\"https:\\\/\\\/naturalim.co\\\/wp-content\\\/uploads\\\/2023\\\/10\\\/Ashwagandha-powder-poudre-\u0627\u0634\u0648\u0627\u063a\u0646\u062f\u0627-\u0628\u0648\u062f\u0631\u0629-naturalim.jpg\",\"contentUrl\":\"https:\\\/\\\/naturalim.co\\\/wp-content\\\/uploads\\\/2023\\\/10\\\/Ashwagandha-powder-poudre-\u0627\u0634\u0648\u0627\u063a\u0646\u062f\u0627-\u0628\u0648\u062f\u0631\u0629-naturalim.jpg\",\"width\":2560,\"height\":1709},{\"@type\":\"BreadcrumbList\",\"@id\":\"https:\\\/\\\/naturalim.co\\\/produit\\\/ashwagandha-poudre-bio\\\/#breadcrumb\",\"itemListElement\":[{\"@type\":\"ListItem\",\"position\":1,\"name\":\"Home\",\"item\":\"https:\\\/\\\/naturalim.co\\\/\"},{\"@type\":\"ListItem\",\"position\":2,\"name\":\"Shop\",\"item\":\"https:\\\/\\\/naturalim.co\\\/fr\\\/shop\\\/\"},{\"@type\":\"ListItem\",\"position\":3,\"name\":\"Ashwagandha en poudre BIO\"}]},{\"@type\":\"WebSite\",\"@id\":\"https:\\\/\\\/naturalim.co\\\/fr\\\/#website\",\"url\":\"https:\\\/\\\/naturalim.co\\\/fr\\\/\",\"name\":\"Naturalim\",\"description\":\"\",\"publisher\":{\"@id\":\"https:\\\/\\\/naturalim.co\\\/fr\\\/#organization\"},\"potentialAction\":[{\"@type\":\"SearchAction\",\"target\":{\"@type\":\"EntryPoint\",\"urlTemplate\":\"https:\\\/\\\/naturalim.co\\\/fr\\\/?s={search_term_string}\"},\"query-input\":{\"@type\":\"PropertyValueSpecification\",\"valueRequired\":true,\"valueName\":\"search_term_string\"}}],\"inLanguage\":\"ar\"},{\"@type\":\"Organization\",\"@id\":\"https:\\\/\\\/naturalim.co\\\/fr\\\/#organization\",\"name\":\"Naturalim\",\"url\":\"https:\\\/\\\/naturalim.co\\\/fr\\\/\",\"logo\":{\"@type\":\"ImageObject\",\"inLanguage\":\"ar\",\"@id\":\"https:\\\/\\\/naturalim.co\\\/fr\\\/#\\\/schema\\\/logo\\\/image\\\/\",\"url\":\"https:\\\/\\\/naturalim.co\\\/wp-content\\\/uploads\\\/2023\\\/09\\\/Green_Circle_Leaves_Environment_Logo_1_-removebg-preview.png\",\"contentUrl\":\"https:\\\/\\\/naturalim.co\\\/wp-content\\\/uploads\\\/2023\\\/09\\\/Green_Circle_Leaves_Environment_Logo_1_-removebg-preview.png\",\"width\":500,\"height\":500,\"caption\":\"Naturalim\"},\"image\":{\"@id\":\"https:\\\/\\\/naturalim.co\\\/fr\\\/#\\\/schema\\\/logo\\\/image\\\/\"},\"sameAs\":[\"https:\\\/\\\/www.facebook.com\\\/people\\\/Naturalimdz\\\/100063266886704\\\/\",\"https:\\\/\\\/www.instagram.com\\\/naturalim.dz\\\/\"]}]}<\/script>\n<!-- \/ Yoast SEO plugin. -->","yoast_head_json":{"title":"Ashwagandha en poudre BIO - Naturalim","robots":{"index":"index","follow":"follow","max-snippet":"max-snippet:-1","max-image-preview":"max-image-preview:large","max-video-preview":"max-video-preview:-1"},"canonical":"https:\/\/naturalim.co\/ar\/product\/ashwagandha-poudre-bio\/","og_locale":"ar_AR","og_type":"article","og_title":"Ashwagandha en poudre BIO - Naturalim","og_description":"L'Ashwagandha, adaptog\u00e8ne, est un suppl\u00e9ment naturel puissant, avec de nombreux bienfaits pour la sant\u00e9. Il aide \u00e0 r\u00e9duire le stress et l'anxi\u00e9t\u00e9, renforcer le syst\u00e8me immunitaire, augmenter la concentration, am\u00e9liorer le sommeil, augmenter l\u2019\u00e9nergie et l\u2019endurance ainsi que le bien-\u00eatre de la personne. En poudre, il est facilement incorpor\u00e9 dans les soupes et les plats de cuisine, les boissons, les smoothies etc. Bio, son efficacit\u00e9 est beaucoup augment\u00e9e.","og_url":"https:\/\/naturalim.co\/ar\/product\/ashwagandha-poudre-bio\/","og_site_name":"Naturalim","article_publisher":"https:\/\/www.facebook.com\/people\/Naturalimdz\/100063266886704\/","article_modified_time":"2025-07-09T16:11:19+00:00","og_image":[{"width":2560,"height":1709,"url":"https:\/\/naturalim.co\/wp-content\/uploads\/2023\/10\/Ashwagandha-powder-poudre-\u0627\u0634\u0648\u0627\u063a\u0646\u062f\u0627-\u0628\u0648\u062f\u0631\u0629-naturalim.jpg","type":"image\/jpeg"}],"twitter_card":"summary_large_image","twitter_misc":{"\u0648\u0642\u062a \u0627\u0644\u0642\u0631\u0627\u0621\u0629 \u0627\u0644\u0645\u064f\u0642\u062f\u0651\u0631":"\u062f\u0642\u064a\u0642\u062a\u0627\u0646"},"schema":{"@context":"https:\/\/schema.org","@graph":[{"@type":"WebPage","@id":"https:\/\/naturalim.co\/produit\/ashwagandha-poudre-bio\/","url":"https:\/\/naturalim.co\/produit\/ashwagandha-poudre-bio\/","name":"Ashwagandha en poudre BIO - Naturalim","isPartOf":{"@id":"https:\/\/naturalim.co\/fr\/#website"},"primaryImageOfPage":{"@id":"https:\/\/naturalim.co\/produit\/ashwagandha-poudre-bio\/#primaryimage"},"image":{"@id":"https:\/\/naturalim.co\/produit\/ashwagandha-poudre-bio\/#primaryimage"},"thumbnailUrl":"https:\/\/naturalim.co\/wp-content\/uploads\/2023\/10\/Ashwagandha-powder-poudre-\u0627\u0634\u0648\u0627\u063a\u0646\u062f\u0627-\u0628\u0648\u062f\u0631\u0629-naturalim.jpg","datePublished":"2023-11-25T07:58:12+00:00","dateModified":"2025-07-09T16:11:19+00:00","breadcrumb":{"@id":"https:\/\/naturalim.co\/produit\/ashwagandha-poudre-bio\/#breadcrumb"},"inLanguage":"ar","potentialAction":[{"@type":"ReadAction","target":["https:\/\/naturalim.co\/produit\/ashwagandha-poudre-bio\/"]}]},{"@type":"ImageObject","inLanguage":"ar","@id":"https:\/\/naturalim.co\/produit\/ashwagandha-poudre-bio\/#primaryimage","url":"https:\/\/naturalim.co\/wp-content\/uploads\/2023\/10\/Ashwagandha-powder-poudre-\u0627\u0634\u0648\u0627\u063a\u0646\u062f\u0627-\u0628\u0648\u062f\u0631\u0629-naturalim.jpg","contentUrl":"https:\/\/naturalim.co\/wp-content\/uploads\/2023\/10\/Ashwagandha-powder-poudre-\u0627\u0634\u0648\u0627\u063a\u0646\u062f\u0627-\u0628\u0648\u062f\u0631\u0629-naturalim.jpg","width":2560,"height":1709},{"@type":"BreadcrumbList","@id":"https:\/\/naturalim.co\/produit\/ashwagandha-poudre-bio\/#breadcrumb","itemListElement":[{"@type":"ListItem","position":1,"name":"Home","item":"https:\/\/naturalim.co\/"},{"@type":"ListItem","position":2,"name":"Shop","item":"https:\/\/naturalim.co\/fr\/shop\/"},{"@type":"ListItem","position":3,"name":"Ashwagandha en poudre BIO"}]},{"@type":"WebSite","@id":"https:\/\/naturalim.co\/fr\/#website","url":"https:\/\/naturalim.co\/fr\/","name":"Naturalim","description":"","publisher":{"@id":"https:\/\/naturalim.co\/fr\/#organization"},"potentialAction":[{"@type":"SearchAction","target":{"@type":"EntryPoint","urlTemplate":"https:\/\/naturalim.co\/fr\/?s={search_term_string}"},"query-input":{"@type":"PropertyValueSpecification","valueRequired":true,"valueName":"search_term_string"}}],"inLanguage":"ar"},{"@type":"Organization","@id":"https:\/\/naturalim.co\/fr\/#organization","name":"Naturalim","url":"https:\/\/naturalim.co\/fr\/","logo":{"@type":"ImageObject","inLanguage":"ar","@id":"https:\/\/naturalim.co\/fr\/#\/schema\/logo\/image\/","url":"https:\/\/naturalim.co\/wp-content\/uploads\/2023\/09\/Green_Circle_Leaves_Environment_Logo_1_-removebg-preview.png","contentUrl":"https:\/\/naturalim.co\/wp-content\/uploads\/2023\/09\/Green_Circle_Leaves_Environment_Logo_1_-removebg-preview.png","width":500,"height":500,"caption":"Naturalim"},"image":{"@id":"https:\/\/naturalim.co\/fr\/#\/schema\/logo\/image\/"},"sameAs":["https:\/\/www.facebook.com\/people\/Naturalimdz\/100063266886704\/","https:\/\/www.instagram.com\/naturalim.dz\/"]}]}},"uagb_featured_image_src":{"full":["https:\/\/naturalim.co\/wp-content\/uploads\/2023\/10\/Ashwagandha-powder-poudre-\u0627\u0634\u0648\u0627\u063a\u0646\u062f\u0627-\u0628\u0648\u062f\u0631\u0629-naturalim.jpg",2560,1709,false],"thumbnail":["https:\/\/naturalim.co\/wp-content\/uploads\/2023\/10\/Ashwagandha-powder-poudre-\u0627\u0634\u0648\u0627\u063a\u0646\u062f\u0627-\u0628\u0648\u062f\u0631\u0629-naturalim-150x150.jpg",150,150,true],"medium":["https:\/\/naturalim.co\/wp-content\/uploads\/2023\/10\/Ashwagandha-powder-poudre-\u0627\u0634\u0648\u0627\u063a\u0646\u062f\u0627-\u0628\u0648\u062f\u0631\u0629-naturalim-300x200.jpg",300,200,true],"medium_large":["https:\/\/naturalim.co\/wp-content\/uploads\/2023\/10\/Ashwagandha-powder-poudre-\u0627\u0634\u0648\u0627\u063a\u0646\u062f\u0627-\u0628\u0648\u062f\u0631\u0629-naturalim-768x513.jpg",768,513,true],"large":["https:\/\/naturalim.co\/wp-content\/uploads\/2023\/10\/Ashwagandha-powder-poudre-\u0627\u0634\u0648\u0627\u063a\u0646\u062f\u0627-\u0628\u0648\u062f\u0631\u0629-naturalim-1024x684.jpg",1024,684,true],"1536x1536":["https:\/\/naturalim.co\/wp-content\/uploads\/2023\/10\/Ashwagandha-powder-poudre-\u0627\u0634\u0648\u0627\u063a\u0646\u062f\u0627-\u0628\u0648\u062f\u0631\u0629-naturalim-1536x1025.jpg",1536,1025,true],"2048x2048":["https:\/\/naturalim.co\/wp-content\/uploads\/2023\/10\/Ashwagandha-powder-poudre-\u0627\u0634\u0648\u0627\u063a\u0646\u062f\u0627-\u0628\u0648\u062f\u0631\u0629-naturalim-2048x1367.jpg",2048,1367,true],"trp-custom-language-flag":["https:\/\/naturalim.co\/wp-content\/uploads\/2023\/10\/Ashwagandha-powder-poudre-\u0627\u0634\u0648\u0627\u063a\u0646\u062f\u0627-\u0628\u0648\u062f\u0631\u0629-naturalim.jpg",18,12,false],"woocommerce_thumbnail":["https:\/\/naturalim.co\/wp-content\/uploads\/2023\/10\/Ashwagandha-powder-poudre-\u0627\u0634\u0648\u0627\u063a\u0646\u062f\u0627-\u0628\u0648\u062f\u0631\u0629-naturalim-300x300.jpg",300,300,true],"woocommerce_single":["https:\/\/naturalim.co\/wp-content\/uploads\/2023\/10\/Ashwagandha-powder-poudre-\u0627\u0634\u0648\u0627\u063a\u0646\u062f\u0627-\u0628\u0648\u062f\u0631\u0629-naturalim-600x401.jpg",600,401,true],"woocommerce_gallery_thumbnail":["https:\/\/naturalim.co\/wp-content\/uploads\/2023\/10\/Ashwagandha-powder-poudre-\u0627\u0634\u0648\u0627\u063a\u0646\u062f\u0627-\u0628\u0648\u062f\u0631\u0629-naturalim-100x100.jpg",100,100,true],"wc_order_status_icon":["https:\/\/naturalim.co\/wp-content\/uploads\/2023\/10\/Ashwagandha-powder-poudre-\u0627\u0634\u0648\u0627\u063a\u0646\u062f\u0627-\u0628\u0648\u062f\u0631\u0629-naturalim.jpg",32,21,false],"dgwt-wcas-product-suggestion":["https:\/\/naturalim.co\/wp-content\/uploads\/2023\/10\/Ashwagandha-powder-poudre-\u0627\u0634\u0648\u0627\u063a\u0646\u062f\u0627-\u0628\u0648\u062f\u0631\u0629-naturalim-64x43.jpg",64,43,true]},"uagb_author_info":{"display_name":"admin","author_link":"https:\/\/naturalim.co\/ar\/author\/"},"uagb_comment_info":0,"uagb_excerpt":"L'Ashwagandha, adaptog\u00e8ne, est un suppl\u00e9ment naturel puissant, avec de nombreux bienfaits pour la sant\u00e9. Il aide \u00e0 r\u00e9duire le stress et l'anxi\u00e9t\u00e9, renforcer le syst\u00e8me immunitaire, augmenter la concentration, am\u00e9liorer le sommeil, augmenter l\u2019\u00e9nergie et l\u2019endurance ainsi que le bien-\u00eatre de la personne. En poudre, il est facilement incorpor\u00e9 dans les soupes et les plats&hellip;","_links":{"self":[{"href":"https:\/\/naturalim.co\/ar\/wp-json\/wp\/v2\/product\/2757","targetHints":{"allow":["GET"]}}],"collection":[{"href":"https:\/\/naturalim.co\/ar\/wp-json\/wp\/v2\/product"}],"about":[{"href":"https:\/\/naturalim.co\/ar\/wp-json\/wp\/v2\/types\/product"}],"replies":[{"embeddable":true,"href":"https:\/\/naturalim.co\/ar\/wp-json\/wp\/v2\/comments?post=2757"}],"wp:featuredmedia":[{"embeddable":true,"href":"https:\/\/naturalim.co\/ar\/wp-json\/wp\/v2\/media\/1860"}],"wp:attachment":[{"href":"https:\/\/naturalim.co\/ar\/wp-json\/wp\/v2\/media?parent=2757"}],"wp:term":[{"taxonomy":"product_brand","embeddable":true,"href":"https:\/\/naturalim.co\/ar\/wp-json\/wp\/v2\/product_brand?post=2757"},{"taxonomy":"product_cat","embeddable":true,"href":"https:\/\/naturalim.co\/ar\/wp-json\/wp\/v2\/product_cat?post=2757"},{"taxonomy":"product_tag","embeddable":true,"href":"https:\/\/naturalim.co\/ar\/wp-json\/wp\/v2\/product_tag?post=2757"}],"curies":[{"name":"wp","href":"https:\/\/api.w.org\/{rel}","templated":true}]}}