{"id":2768,"date":"2023-11-25T09:15:12","date_gmt":"2023-11-25T08:15:12","guid":{"rendered":"https:\/\/naturalim.co\/?post_type=product&#038;p=2768"},"modified":"2025-07-14T15:25:21","modified_gmt":"2025-07-14T14:25:21","slug":"ashwagandha-en-poudre","status":"publish","type":"product","link":"https:\/\/naturalim.co\/ar\/product\/ashwagandha-en-poudre\/","title":{"rendered":"\u0645\u0633\u062d\u0648\u0642 \u0623\u0634\u0648\u0627\u063a\u0627\u0646\u062f\u0627 (\u0627\u0644\u0647\u0646\u062f)"},"content":{"rendered":"<p><strong>BIENFAITS DE L&rsquo;ASHWAGANDHA :<\/strong><br \/>\n1)R\u00e9duit le stress et l&rsquo;anxi\u00e9t\u00e9 et am\u00e9liore la qualit\u00e9 du sommeil (en tant que plante adaptog\u00e8ne).<br \/>\n1)Am\u00e9liore les fonctions cognitives (m\u00e9moire, concentration, apprentissage, prot\u00e8ge contre les maladies neurod\u00e9g\u00e9n\u00e9ratives).<br \/>\n2)Renforce le syst\u00e8me immunitaire gr\u00e2ce \u00e0 ses propri\u00e9t\u00e9s antioxydantes et anti-inflammatoires etc.<br \/>\n3)Augmente la vitalit\u00e9 et l&rsquo;\u00e9nergie et am\u00e9liore la performance physique (force, l&rsquo;endurance, r\u00e9cup\u00e9ration musculaire et r\u00e9duit la fatigue).<br \/>\n4)Stimule la libido et am\u00e9liore les fonctions sexuelles (Aphrodisiaque naturel pour les hommes et les femmes).<br \/>\n5)Am\u00e9liore l\u2019\u00e9quilibre hormonal (thyro\u00efde, glyc\u00e9mie etc.).<br \/>\n6)Am\u00e9liore la Sant\u00e9 digestive (meilleure digestion, absorption des nutriments etc.).<br \/>\n7)Am\u00e9liore la sant\u00e9 cardiaque et r\u00e9nale.<br \/>\n8)Am\u00e9liore la sant\u00e9 mentale et \u00e9motionnelle.<br \/>\n9)Prot\u00e8ge contre les effets du vieillissement pr\u00e9matur\u00e9.<br \/>\n10)Antioxydant (Prot\u00e8ge les cellules etc.).<br \/>\n11)Anti-inflammatoire (R\u00e9duit l&rsquo;inflammation dans le corps etc.).<br \/>\n12)Favorise le bien-\u00eatre g\u00e9n\u00e9ral (sentiment de calme et de bien-\u00eatre).<\/p>\n<p>&#8212;&#8212;&#8212;&#8212;&#8212;&#8212;&#8212;&#8212;&#8212;&#8212;&#8212;&#8212;&#8212;&#8212;&#8212;&#8212;&#8212;&#8212;&#8212;&#8212;&#8212;&#8212;&#8212;&#8212;&#8212;&#8212;&#8212;&#8212;&#8212;&#8212;&#8212;&#8212;&#8212;&#8212;&#8212;&#8212;&#8212;&#8212;&#8212;&#8212;&#8212;&#8212;&#8212;&#8212;&#8212;&#8212;&#8212;&#8212;&#8212;&#8212;&#8212;&#8212;&#8212;<br \/>\n+CARACTERISTIQUES DU PRODUIT :<br \/>\n&#8211; Plante adaptog\u00e8ne.<br \/>\n&#8211; Nom latin : Withania somnifera Dun.<br \/>\n&#8211; Produit moulu en Inde.<\/p>","protected":false},"excerpt":{"rendered":"<p>\u0623\u0634\u0648\u0627\u063a\u0627\u0646\u062f\u0627\u060c \u0648\u0647\u064a \u0645\u0627\u062f\u0629 \u0645\u062a\u0643\u064a\u0641\u0629\u060c \u0647\u064a \u0645\u0643\u0645\u0644 \u0637\u0628\u064a\u0639\u064a \u0642\u0648\u064a \u0644\u0647 \u0627\u0644\u0639\u062f\u064a\u062f \u0645\u0646 \u0627\u0644\u0641\u0648\u0627\u0626\u062f \u0627\u0644\u0635\u062d\u064a\u0629. \u0641\u0647\u064a \u062a\u0633\u0627\u0639\u062f \u0639\u0644\u0649 \u062a\u0642\u0644\u064a\u0644 \u0627\u0644\u062a\u0648\u062a\u0631 \u0648\u0627\u0644\u0642\u0644\u0642\u060c \u0648\u062a\u0642\u0648\u064a\u0629 \u062c\u0647\u0627\u0632 \u0627\u0644\u0645\u0646\u0627\u0639\u0629\u060c \u0648\u0632\u064a\u0627\u062f\u0629 \u0627\u0644\u062a\u0631\u0643\u064a\u0632\u060c \u0648\u062a\u062d\u0633\u064a\u0646 \u0627\u0644\u0646\u0648\u0645\u060c \u0648\u062a\u0639\u0632\u064a\u0632 \u0627\u0644\u0637\u0627\u0642\u0629 \u0648\u0627\u0644\u0642\u062f\u0631\u0629 \u0639\u0644\u0649 \u0627\u0644\u062a\u062d\u0645\u0644\u060c \u0648\u062a\u0639\u0632\u064a\u0632 \u0627\u0644\u0631\u0641\u0627\u0647\u064a\u0629 \u0627\u0644\u0634\u062e\u0635\u064a\u0629. \u0641\u064a \u0634\u0643\u0644 \u0645\u0633\u062d\u0648\u0642\u060c \u064a\u0645\u0643\u0646 \u062f\u0645\u062c\u0647\u0627 \u0628\u0633\u0647\u0648\u0644\u0629 \u0641\u064a \u0627\u0644\u062d\u0633\u0627\u0621 \u0648\u0627\u0644\u0623\u0637\u0628\u0627\u0642 \u0648\u0627\u0644\u0645\u0634\u0631\u0648\u0628\u0627\u062a \u0648\u0627\u0644\u0639\u0635\u0627\u0626\u0631 \u0648\u0645\u0627 \u0625\u0644\u0649 \u0630\u0644\u0643.<\/p>","protected":false},"featured_media":1859,"comment_status":"open","ping_status":"closed","template":"","meta":{"_acf_changed":false,"_uag_custom_page_level_css":"","site-sidebar-layout":"default","site-content-layout":"","ast-site-content-layout":"default","site-content-style":"default","site-sidebar-style":"default","ast-global-header-display":"","ast-banner-title-visibility":"","ast-main-header-display":"","ast-hfb-above-header-display":"","ast-hfb-below-header-display":"","ast-hfb-mobile-header-display":"","site-post-title":"","ast-breadcrumbs-content":"","ast-featured-img":"","footer-sml-layout":"","ast-disable-related-posts":"","theme-transparent-header-meta":"default","adv-header-id-meta":"","stick-header-meta":"","header-above-stick-meta":"","header-main-stick-meta":"","header-below-stick-meta":"","astra-migrate-meta-layouts":"set","ast-page-background-enabled":"default","ast-page-background-meta":{"desktop":{"background-color":"var(--ast-global-color-4)","background-image":"","background-repeat":"repeat","background-position":"center center","background-size":"auto","background-attachment":"scroll","background-type":"","background-media":"","overlay-type":"","overlay-color":"","overlay-opacity":"","overlay-gradient":""},"tablet":{"background-color":"","background-image":"","background-repeat":"repeat","background-position":"center center","background-size":"auto","background-attachment":"scroll","background-type":"","background-media":"","overlay-type":"","overlay-color":"","overlay-opacity":"","overlay-gradient":""},"mobile":{"background-color":"","background-image":"","background-repeat":"repeat","background-position":"center center","background-size":"auto","background-attachment":"scroll","background-type":"","background-media":"","overlay-type":"","overlay-color":"","overlay-opacity":"","overlay-gradient":""}},"ast-content-background-meta":{"desktop":{"background-color":"var(--ast-global-color-5)","background-image":"","background-repeat":"repeat","background-position":"center center","background-size":"auto","background-attachment":"scroll","background-type":"","background-media":"","overlay-type":"","overlay-color":"","overlay-opacity":"","overlay-gradient":""},"tablet":{"background-color":"var(--ast-global-color-5)","background-image":"","background-repeat":"repeat","background-position":"center center","background-size":"auto","background-attachment":"scroll","background-type":"","background-media":"","overlay-type":"","overlay-color":"","overlay-opacity":"","overlay-gradient":""},"mobile":{"background-color":"var(--ast-global-color-5)","background-image":"","background-repeat":"repeat","background-position":"center center","background-size":"auto","background-attachment":"scroll","background-type":"","background-media":"","overlay-type":"","overlay-color":"","overlay-opacity":"","overlay-gradient":""}},"iawp_total_views":1248},"product_brand":[],"product_cat":[49,51],"product_tag":[],"class_list":{"0":"post-2768","1":"product","2":"type-product","3":"status-publish","4":"has-post-thumbnail","6":"product_cat-herbes-medicinales-aromatiques","7":"product_cat-superaliments","8":"desktop-align-center","9":"tablet-align-left","10":"mobile-align-left","12":"first","13":"instock","14":"shipping-taxable","15":"purchasable","16":"product-type-variable","17":"has-default-attributes"},"acf":[],"yoast_head":"<!-- This site is optimized with the Yoast SEO plugin v27.4 - https:\/\/yoast.com\/product\/yoast-seo-wordpress\/ -->\n<title>Ashwagandha en poudre (Inde) - Naturalim<\/title>\n<meta name=\"robots\" content=\"index, follow, max-snippet:-1, max-image-preview:large, max-video-preview:-1\" \/>\n<link rel=\"canonical\" href=\"https:\/\/naturalim.co\/ar\/product\/ashwagandha-en-poudre\/\" \/>\n<meta property=\"og:locale\" content=\"ar_AR\" \/>\n<meta property=\"og:type\" content=\"article\" \/>\n<meta property=\"og:title\" content=\"Ashwagandha en poudre (Inde) - Naturalim\" \/>\n<meta property=\"og:description\" content=\"L&#039;Ashwagandha, adaptog\u00e8ne, est un suppl\u00e9ment naturel puissant, avec de nombreux bienfaits pour la sant\u00e9. Il aide \u00e0 r\u00e9duire le stress et l&#039;anxi\u00e9t\u00e9, renforcer le syst\u00e8me immunitaire, augmenter la concentration, am\u00e9liorer le sommeil, augmenter l\u2019\u00e9nergie et l\u2019endurance ainsi que le bien-\u00eatre de la personne. En poudre, il est facilement incorpor\u00e9 dans les soupes et les plats de cuisine, les boissons, les smoothies etc.\" \/>\n<meta property=\"og:url\" content=\"https:\/\/naturalim.co\/ar\/product\/ashwagandha-en-poudre\/\" \/>\n<meta property=\"og:site_name\" content=\"Naturalim\" \/>\n<meta property=\"article:publisher\" content=\"https:\/\/www.facebook.com\/people\/Naturalimdz\/100063266886704\/\" \/>\n<meta property=\"article:modified_time\" content=\"2025-07-14T14:25:21+00:00\" \/>\n<meta property=\"og:image\" content=\"https:\/\/naturalim.co\/wp-content\/uploads\/2023\/10\/Ashwagandha-powder-organic-poudre-\u0627\u0634\u0648\u0627\u063a\u0646\u062f\u0627-\u0628\u0648\u062f\u0631\u0629-\u0639\u0636\u0648\u064a\u0629-naturalim.webp\" \/>\n\t<meta property=\"og:image:width\" content=\"1000\" \/>\n\t<meta property=\"og:image:height\" content=\"563\" \/>\n\t<meta property=\"og:image:type\" content=\"image\/webp\" \/>\n<meta name=\"twitter:card\" content=\"summary_large_image\" \/>\n<meta name=\"twitter:label1\" content=\"\u0648\u0642\u062a \u0627\u0644\u0642\u0631\u0627\u0621\u0629 \u0627\u0644\u0645\u064f\u0642\u062f\u0651\u0631\" \/>\n\t<meta name=\"twitter:data1\" content=\"\u062f\u0642\u064a\u0642\u0629 \u0648\u0627\u062d\u062f\u0629\" \/>\n<script type=\"application\/ld+json\" class=\"yoast-schema-graph\">{\"@context\":\"https:\\\/\\\/schema.org\",\"@graph\":[{\"@type\":\"WebPage\",\"@id\":\"https:\\\/\\\/naturalim.co\\\/produit\\\/ashwagandha-en-poudre\\\/\",\"url\":\"https:\\\/\\\/naturalim.co\\\/produit\\\/ashwagandha-en-poudre\\\/\",\"name\":\"Ashwagandha en poudre (Inde) - Naturalim\",\"isPartOf\":{\"@id\":\"https:\\\/\\\/naturalim.co\\\/fr\\\/#website\"},\"primaryImageOfPage\":{\"@id\":\"https:\\\/\\\/naturalim.co\\\/produit\\\/ashwagandha-en-poudre\\\/#primaryimage\"},\"image\":{\"@id\":\"https:\\\/\\\/naturalim.co\\\/produit\\\/ashwagandha-en-poudre\\\/#primaryimage\"},\"thumbnailUrl\":\"https:\\\/\\\/naturalim.co\\\/wp-content\\\/uploads\\\/2023\\\/10\\\/Ashwagandha-powder-organic-poudre-\u0627\u0634\u0648\u0627\u063a\u0646\u062f\u0627-\u0628\u0648\u062f\u0631\u0629-\u0639\u0636\u0648\u064a\u0629-naturalim.webp\",\"datePublished\":\"2023-11-25T08:15:12+00:00\",\"dateModified\":\"2025-07-14T14:25:21+00:00\",\"breadcrumb\":{\"@id\":\"https:\\\/\\\/naturalim.co\\\/produit\\\/ashwagandha-en-poudre\\\/#breadcrumb\"},\"inLanguage\":\"ar\",\"potentialAction\":[{\"@type\":\"ReadAction\",\"target\":[\"https:\\\/\\\/naturalim.co\\\/produit\\\/ashwagandha-en-poudre\\\/\"]}]},{\"@type\":\"ImageObject\",\"inLanguage\":\"ar\",\"@id\":\"https:\\\/\\\/naturalim.co\\\/produit\\\/ashwagandha-en-poudre\\\/#primaryimage\",\"url\":\"https:\\\/\\\/naturalim.co\\\/wp-content\\\/uploads\\\/2023\\\/10\\\/Ashwagandha-powder-organic-poudre-\u0627\u0634\u0648\u0627\u063a\u0646\u062f\u0627-\u0628\u0648\u062f\u0631\u0629-\u0639\u0636\u0648\u064a\u0629-naturalim.webp\",\"contentUrl\":\"https:\\\/\\\/naturalim.co\\\/wp-content\\\/uploads\\\/2023\\\/10\\\/Ashwagandha-powder-organic-poudre-\u0627\u0634\u0648\u0627\u063a\u0646\u062f\u0627-\u0628\u0648\u062f\u0631\u0629-\u0639\u0636\u0648\u064a\u0629-naturalim.webp\",\"width\":1000,\"height\":563},{\"@type\":\"BreadcrumbList\",\"@id\":\"https:\\\/\\\/naturalim.co\\\/produit\\\/ashwagandha-en-poudre\\\/#breadcrumb\",\"itemListElement\":[{\"@type\":\"ListItem\",\"position\":1,\"name\":\"Home\",\"item\":\"https:\\\/\\\/naturalim.co\\\/\"},{\"@type\":\"ListItem\",\"position\":2,\"name\":\"Shop\",\"item\":\"https:\\\/\\\/naturalim.co\\\/fr\\\/shop\\\/\"},{\"@type\":\"ListItem\",\"position\":3,\"name\":\"Ashwagandha en poudre (Inde)\"}]},{\"@type\":\"WebSite\",\"@id\":\"https:\\\/\\\/naturalim.co\\\/fr\\\/#website\",\"url\":\"https:\\\/\\\/naturalim.co\\\/fr\\\/\",\"name\":\"Naturalim\",\"description\":\"\",\"publisher\":{\"@id\":\"https:\\\/\\\/naturalim.co\\\/fr\\\/#organization\"},\"potentialAction\":[{\"@type\":\"SearchAction\",\"target\":{\"@type\":\"EntryPoint\",\"urlTemplate\":\"https:\\\/\\\/naturalim.co\\\/fr\\\/?s={search_term_string}\"},\"query-input\":{\"@type\":\"PropertyValueSpecification\",\"valueRequired\":true,\"valueName\":\"search_term_string\"}}],\"inLanguage\":\"ar\"},{\"@type\":\"Organization\",\"@id\":\"https:\\\/\\\/naturalim.co\\\/fr\\\/#organization\",\"name\":\"Naturalim\",\"url\":\"https:\\\/\\\/naturalim.co\\\/fr\\\/\",\"logo\":{\"@type\":\"ImageObject\",\"inLanguage\":\"ar\",\"@id\":\"https:\\\/\\\/naturalim.co\\\/fr\\\/#\\\/schema\\\/logo\\\/image\\\/\",\"url\":\"https:\\\/\\\/naturalim.co\\\/wp-content\\\/uploads\\\/2023\\\/09\\\/Green_Circle_Leaves_Environment_Logo_1_-removebg-preview.png\",\"contentUrl\":\"https:\\\/\\\/naturalim.co\\\/wp-content\\\/uploads\\\/2023\\\/09\\\/Green_Circle_Leaves_Environment_Logo_1_-removebg-preview.png\",\"width\":500,\"height\":500,\"caption\":\"Naturalim\"},\"image\":{\"@id\":\"https:\\\/\\\/naturalim.co\\\/fr\\\/#\\\/schema\\\/logo\\\/image\\\/\"},\"sameAs\":[\"https:\\\/\\\/www.facebook.com\\\/people\\\/Naturalimdz\\\/100063266886704\\\/\",\"https:\\\/\\\/www.instagram.com\\\/naturalim.dz\\\/\"]}]}<\/script>\n<!-- \/ Yoast SEO plugin. -->","yoast_head_json":{"title":"Ashwagandha en poudre (Inde) - Naturalim","robots":{"index":"index","follow":"follow","max-snippet":"max-snippet:-1","max-image-preview":"max-image-preview:large","max-video-preview":"max-video-preview:-1"},"canonical":"https:\/\/naturalim.co\/ar\/product\/ashwagandha-en-poudre\/","og_locale":"ar_AR","og_type":"article","og_title":"Ashwagandha en poudre (Inde) - Naturalim","og_description":"L'Ashwagandha, adaptog\u00e8ne, est un suppl\u00e9ment naturel puissant, avec de nombreux bienfaits pour la sant\u00e9. Il aide \u00e0 r\u00e9duire le stress et l'anxi\u00e9t\u00e9, renforcer le syst\u00e8me immunitaire, augmenter la concentration, am\u00e9liorer le sommeil, augmenter l\u2019\u00e9nergie et l\u2019endurance ainsi que le bien-\u00eatre de la personne. En poudre, il est facilement incorpor\u00e9 dans les soupes et les plats de cuisine, les boissons, les smoothies etc.","og_url":"https:\/\/naturalim.co\/ar\/product\/ashwagandha-en-poudre\/","og_site_name":"Naturalim","article_publisher":"https:\/\/www.facebook.com\/people\/Naturalimdz\/100063266886704\/","article_modified_time":"2025-07-14T14:25:21+00:00","og_image":[{"width":1000,"height":563,"url":"https:\/\/naturalim.co\/wp-content\/uploads\/2023\/10\/Ashwagandha-powder-organic-poudre-\u0627\u0634\u0648\u0627\u063a\u0646\u062f\u0627-\u0628\u0648\u062f\u0631\u0629-\u0639\u0636\u0648\u064a\u0629-naturalim.webp","type":"image\/webp"}],"twitter_card":"summary_large_image","twitter_misc":{"\u0648\u0642\u062a \u0627\u0644\u0642\u0631\u0627\u0621\u0629 \u0627\u0644\u0645\u064f\u0642\u062f\u0651\u0631":"\u062f\u0642\u064a\u0642\u0629 \u0648\u0627\u062d\u062f\u0629"},"schema":{"@context":"https:\/\/schema.org","@graph":[{"@type":"WebPage","@id":"https:\/\/naturalim.co\/produit\/ashwagandha-en-poudre\/","url":"https:\/\/naturalim.co\/produit\/ashwagandha-en-poudre\/","name":"Ashwagandha en poudre (Inde) - Naturalim","isPartOf":{"@id":"https:\/\/naturalim.co\/fr\/#website"},"primaryImageOfPage":{"@id":"https:\/\/naturalim.co\/produit\/ashwagandha-en-poudre\/#primaryimage"},"image":{"@id":"https:\/\/naturalim.co\/produit\/ashwagandha-en-poudre\/#primaryimage"},"thumbnailUrl":"https:\/\/naturalim.co\/wp-content\/uploads\/2023\/10\/Ashwagandha-powder-organic-poudre-\u0627\u0634\u0648\u0627\u063a\u0646\u062f\u0627-\u0628\u0648\u062f\u0631\u0629-\u0639\u0636\u0648\u064a\u0629-naturalim.webp","datePublished":"2023-11-25T08:15:12+00:00","dateModified":"2025-07-14T14:25:21+00:00","breadcrumb":{"@id":"https:\/\/naturalim.co\/produit\/ashwagandha-en-poudre\/#breadcrumb"},"inLanguage":"ar","potentialAction":[{"@type":"ReadAction","target":["https:\/\/naturalim.co\/produit\/ashwagandha-en-poudre\/"]}]},{"@type":"ImageObject","inLanguage":"ar","@id":"https:\/\/naturalim.co\/produit\/ashwagandha-en-poudre\/#primaryimage","url":"https:\/\/naturalim.co\/wp-content\/uploads\/2023\/10\/Ashwagandha-powder-organic-poudre-\u0627\u0634\u0648\u0627\u063a\u0646\u062f\u0627-\u0628\u0648\u062f\u0631\u0629-\u0639\u0636\u0648\u064a\u0629-naturalim.webp","contentUrl":"https:\/\/naturalim.co\/wp-content\/uploads\/2023\/10\/Ashwagandha-powder-organic-poudre-\u0627\u0634\u0648\u0627\u063a\u0646\u062f\u0627-\u0628\u0648\u062f\u0631\u0629-\u0639\u0636\u0648\u064a\u0629-naturalim.webp","width":1000,"height":563},{"@type":"BreadcrumbList","@id":"https:\/\/naturalim.co\/produit\/ashwagandha-en-poudre\/#breadcrumb","itemListElement":[{"@type":"ListItem","position":1,"name":"Home","item":"https:\/\/naturalim.co\/"},{"@type":"ListItem","position":2,"name":"Shop","item":"https:\/\/naturalim.co\/fr\/shop\/"},{"@type":"ListItem","position":3,"name":"Ashwagandha en poudre (Inde)"}]},{"@type":"WebSite","@id":"https:\/\/naturalim.co\/fr\/#website","url":"https:\/\/naturalim.co\/fr\/","name":"Naturalim","description":"","publisher":{"@id":"https:\/\/naturalim.co\/fr\/#organization"},"potentialAction":[{"@type":"SearchAction","target":{"@type":"EntryPoint","urlTemplate":"https:\/\/naturalim.co\/fr\/?s={search_term_string}"},"query-input":{"@type":"PropertyValueSpecification","valueRequired":true,"valueName":"search_term_string"}}],"inLanguage":"ar"},{"@type":"Organization","@id":"https:\/\/naturalim.co\/fr\/#organization","name":"Naturalim","url":"https:\/\/naturalim.co\/fr\/","logo":{"@type":"ImageObject","inLanguage":"ar","@id":"https:\/\/naturalim.co\/fr\/#\/schema\/logo\/image\/","url":"https:\/\/naturalim.co\/wp-content\/uploads\/2023\/09\/Green_Circle_Leaves_Environment_Logo_1_-removebg-preview.png","contentUrl":"https:\/\/naturalim.co\/wp-content\/uploads\/2023\/09\/Green_Circle_Leaves_Environment_Logo_1_-removebg-preview.png","width":500,"height":500,"caption":"Naturalim"},"image":{"@id":"https:\/\/naturalim.co\/fr\/#\/schema\/logo\/image\/"},"sameAs":["https:\/\/www.facebook.com\/people\/Naturalimdz\/100063266886704\/","https:\/\/www.instagram.com\/naturalim.dz\/"]}]}},"uagb_featured_image_src":{"full":["https:\/\/naturalim.co\/wp-content\/uploads\/2023\/10\/Ashwagandha-powder-organic-poudre-\u0627\u0634\u0648\u0627\u063a\u0646\u062f\u0627-\u0628\u0648\u062f\u0631\u0629-\u0639\u0636\u0648\u064a\u0629-naturalim.webp",1000,563,false],"thumbnail":["https:\/\/naturalim.co\/wp-content\/uploads\/2023\/10\/Ashwagandha-powder-organic-poudre-\u0627\u0634\u0648\u0627\u063a\u0646\u062f\u0627-\u0628\u0648\u062f\u0631\u0629-\u0639\u0636\u0648\u064a\u0629-naturalim-150x150.webp",150,150,true],"medium":["https:\/\/naturalim.co\/wp-content\/uploads\/2023\/10\/Ashwagandha-powder-organic-poudre-\u0627\u0634\u0648\u0627\u063a\u0646\u062f\u0627-\u0628\u0648\u062f\u0631\u0629-\u0639\u0636\u0648\u064a\u0629-naturalim-300x169.webp",300,169,true],"medium_large":["https:\/\/naturalim.co\/wp-content\/uploads\/2023\/10\/Ashwagandha-powder-organic-poudre-\u0627\u0634\u0648\u0627\u063a\u0646\u062f\u0627-\u0628\u0648\u062f\u0631\u0629-\u0639\u0636\u0648\u064a\u0629-naturalim-768x432.webp",768,432,true],"large":["https:\/\/naturalim.co\/wp-content\/uploads\/2023\/10\/Ashwagandha-powder-organic-poudre-\u0627\u0634\u0648\u0627\u063a\u0646\u062f\u0627-\u0628\u0648\u062f\u0631\u0629-\u0639\u0636\u0648\u064a\u0629-naturalim.webp",1000,563,false],"1536x1536":["https:\/\/naturalim.co\/wp-content\/uploads\/2023\/10\/Ashwagandha-powder-organic-poudre-\u0627\u0634\u0648\u0627\u063a\u0646\u062f\u0627-\u0628\u0648\u062f\u0631\u0629-\u0639\u0636\u0648\u064a\u0629-naturalim.webp",1000,563,false],"2048x2048":["https:\/\/naturalim.co\/wp-content\/uploads\/2023\/10\/Ashwagandha-powder-organic-poudre-\u0627\u0634\u0648\u0627\u063a\u0646\u062f\u0627-\u0628\u0648\u062f\u0631\u0629-\u0639\u0636\u0648\u064a\u0629-naturalim.webp",1000,563,false],"trp-custom-language-flag":["https:\/\/naturalim.co\/wp-content\/uploads\/2023\/10\/Ashwagandha-powder-organic-poudre-\u0627\u0634\u0648\u0627\u063a\u0646\u062f\u0627-\u0628\u0648\u062f\u0631\u0629-\u0639\u0636\u0648\u064a\u0629-naturalim.webp",18,10,false],"woocommerce_thumbnail":["https:\/\/naturalim.co\/wp-content\/uploads\/2023\/10\/Ashwagandha-powder-organic-poudre-\u0627\u0634\u0648\u0627\u063a\u0646\u062f\u0627-\u0628\u0648\u062f\u0631\u0629-\u0639\u0636\u0648\u064a\u0629-naturalim-300x300.webp",300,300,true],"woocommerce_single":["https:\/\/naturalim.co\/wp-content\/uploads\/2023\/10\/Ashwagandha-powder-organic-poudre-\u0627\u0634\u0648\u0627\u063a\u0646\u062f\u0627-\u0628\u0648\u062f\u0631\u0629-\u0639\u0636\u0648\u064a\u0629-naturalim-600x338.webp",600,338,true],"woocommerce_gallery_thumbnail":["https:\/\/naturalim.co\/wp-content\/uploads\/2023\/10\/Ashwagandha-powder-organic-poudre-\u0627\u0634\u0648\u0627\u063a\u0646\u062f\u0627-\u0628\u0648\u062f\u0631\u0629-\u0639\u0636\u0648\u064a\u0629-naturalim-100x100.webp",100,100,true],"wc_order_status_icon":["https:\/\/naturalim.co\/wp-content\/uploads\/2023\/10\/Ashwagandha-powder-organic-poudre-\u0627\u0634\u0648\u0627\u063a\u0646\u062f\u0627-\u0628\u0648\u062f\u0631\u0629-\u0639\u0636\u0648\u064a\u0629-naturalim.webp",32,18,false],"dgwt-wcas-product-suggestion":["https:\/\/naturalim.co\/wp-content\/uploads\/2023\/10\/Ashwagandha-powder-organic-poudre-\u0627\u0634\u0648\u0627\u063a\u0646\u062f\u0627-\u0628\u0648\u062f\u0631\u0629-\u0639\u0636\u0648\u064a\u0629-naturalim-64x36.webp",64,36,true]},"uagb_author_info":{"display_name":"admin","author_link":"https:\/\/naturalim.co\/ar\/author\/"},"uagb_comment_info":1,"uagb_excerpt":"L'Ashwagandha, adaptog\u00e8ne, est un suppl\u00e9ment naturel puissant, avec de nombreux bienfaits pour la sant\u00e9. Il aide \u00e0 r\u00e9duire le stress et l'anxi\u00e9t\u00e9, renforcer le syst\u00e8me immunitaire, augmenter la concentration, am\u00e9liorer le sommeil, augmenter l\u2019\u00e9nergie et l\u2019endurance ainsi que le bien-\u00eatre de la personne. En poudre, il est facilement incorpor\u00e9 dans les soupes et les plats&hellip;","_links":{"self":[{"href":"https:\/\/naturalim.co\/ar\/wp-json\/wp\/v2\/product\/2768","targetHints":{"allow":["GET"]}}],"collection":[{"href":"https:\/\/naturalim.co\/ar\/wp-json\/wp\/v2\/product"}],"about":[{"href":"https:\/\/naturalim.co\/ar\/wp-json\/wp\/v2\/types\/product"}],"replies":[{"embeddable":true,"href":"https:\/\/naturalim.co\/ar\/wp-json\/wp\/v2\/comments?post=2768"}],"wp:featuredmedia":[{"embeddable":true,"href":"https:\/\/naturalim.co\/ar\/wp-json\/wp\/v2\/media\/1859"}],"wp:attachment":[{"href":"https:\/\/naturalim.co\/ar\/wp-json\/wp\/v2\/media?parent=2768"}],"wp:term":[{"taxonomy":"product_brand","embeddable":true,"href":"https:\/\/naturalim.co\/ar\/wp-json\/wp\/v2\/product_brand?post=2768"},{"taxonomy":"product_cat","embeddable":true,"href":"https:\/\/naturalim.co\/ar\/wp-json\/wp\/v2\/product_cat?post=2768"},{"taxonomy":"product_tag","embeddable":true,"href":"https:\/\/naturalim.co\/ar\/wp-json\/wp\/v2\/product_tag?post=2768"}],"curies":[{"name":"wp","href":"https:\/\/api.w.org\/{rel}","templated":true}]}}