{"id":3705,"date":"2023-12-14T13:58:44","date_gmt":"2023-12-14T12:58:44","guid":{"rendered":"https:\/\/naturalim.co\/?post_type=product&#038;p=3705"},"modified":"2025-11-18T14:10:26","modified_gmt":"2025-11-18T13:10:26","slug":"huile-de-coco","status":"publish","type":"product","link":"https:\/\/naturalim.co\/ar\/product\/huile-de-coco\/","title":{"rendered":"\u0632\u064a\u062a \u062c\u0648\u0632 \u0627\u0644\u0647\u0646\u062f \u0627\u0644\u0628\u0643\u0631"},"content":{"rendered":"<p>\u062e\u0635\u0627\u0626\u0635 \u0627\u0644\u0645\u0646\u062a\u062c :<br \/>\n-Huile v\u00e9g\u00e9tale.<br \/>\n&#8211; Huile vierge.<br \/>\n&#8211; Non raffin\u00e9e.<br \/>\n&#8211; Pression \u00e0 froid.<br \/>\n&#8211; Pays d\u2019origine : Alg\u00e9rie.<br \/>\n&#8212;&#8212;&#8212;&#8212;&#8212;&#8212;&#8212;&#8212;&#8212;&#8212;&#8212;&#8212;&#8212;&#8212;&#8212;&#8212;&#8212;&#8212;&#8212;&#8212;&#8212;&#8212;&#8212;&#8212;&#8212;&#8212;&#8212;&#8212;&#8212;&#8212;&#8212;&#8212;&#8212;&#8212;&#8212;&#8212;&#8211;<br \/>\nQUELQUES UTILISATIONS DE L&rsquo;HUILE DE COCO :<br \/>\n<strong>Cuisine :<\/strong><br \/>\n\u2022 Id\u00e9ale pour la friture et la cuisson au four.<br \/>\n\u2022 Excellente pour les desserts.<br \/>\n\u2022 R\u00e9siste bien \u00e0 la chaleur et peut \u00eatre utilis\u00e9e pour cuisiner \u00e0 haute temp\u00e9rature.<br \/>\n\u2022 Donne une saveur subtile de noix de coco aux plats.<br \/>\n<strong>Cosm\u00e9tique \/ Beaut\u00e9 :<\/strong><br \/>\n\u2022 Soin de la peau.<br \/>\n\u2022 Soin des cheveux.<br \/>\n\u2022 Bien-\u00eatre : d\u00e9odorant naturel, huile de massage, bain moussant etc.<br \/>\n<strong>Parapharmaceutique :<\/strong><br \/>\nProduit d\u2019hygi\u00e8ne bucco-dentaire (gr\u00e2ce \u00e0 son pouvoir antibact\u00e9rien) etc.<br \/>\nNB : L&rsquo;huile de coco est g\u00e9n\u00e9ralement s\u00fbre pour la plupart des gens mais faire attention \u00e0 une allergie \u00e9ventuelle et autres.<\/p>\n<p>&nbsp;<\/p>","protected":false},"excerpt":{"rendered":"<p>L&rsquo;huile de coco vierge est press\u00e9e \u00e0 froid \u00e0 partir de la pulpe de noix de coco.<br \/>\nPolyvalente, riche en acides gras essentiels et antioxydants, elle est un produit naturel aux multiples usages et bienfaits, nutritionnels et sant\u00e9.<br \/>\nparfum\u00e9e , elle rehausse le go\u00fbt de vos plats.<br \/>\nCette huile est tr\u00e8s adapt\u00e9e pour la cuisson, la p\u00e2tisserie ou comme substitut sain aux mati\u00e8res grasses ordinaires.<br \/>\nUtilis\u00e9e aussi en soin beaut\u00e9, elle hydrate et nourrit intens\u00e9ment la peau et les cheveux etc.<\/p>","protected":false},"featured_media":1863,"comment_status":"open","ping_status":"closed","template":"","meta":{"_acf_changed":false,"_uag_custom_page_level_css":"","site-sidebar-layout":"default","site-content-layout":"","ast-site-content-layout":"default","site-content-style":"default","site-sidebar-style":"default","ast-global-header-display":"","ast-banner-title-visibility":"","ast-main-header-display":"","ast-hfb-above-header-display":"","ast-hfb-below-header-display":"","ast-hfb-mobile-header-display":"","site-post-title":"","ast-breadcrumbs-content":"","ast-featured-img":"","footer-sml-layout":"","ast-disable-related-posts":"","theme-transparent-header-meta":"default","adv-header-id-meta":"","stick-header-meta":"","header-above-stick-meta":"","header-main-stick-meta":"","header-below-stick-meta":"","astra-migrate-meta-layouts":"set","ast-page-background-enabled":"default","ast-page-background-meta":{"desktop":{"background-color":"var(--ast-global-color-4)","background-image":"","background-repeat":"repeat","background-position":"center center","background-size":"auto","background-attachment":"scroll","background-type":"","background-media":"","overlay-type":"","overlay-color":"","overlay-opacity":"","overlay-gradient":""},"tablet":{"background-color":"","background-image":"","background-repeat":"repeat","background-position":"center center","background-size":"auto","background-attachment":"scroll","background-type":"","background-media":"","overlay-type":"","overlay-color":"","overlay-opacity":"","overlay-gradient":""},"mobile":{"background-color":"","background-image":"","background-repeat":"repeat","background-position":"center center","background-size":"auto","background-attachment":"scroll","background-type":"","background-media":"","overlay-type":"","overlay-color":"","overlay-opacity":"","overlay-gradient":""}},"ast-content-background-meta":{"desktop":{"background-color":"var(--ast-global-color-5)","background-image":"","background-repeat":"repeat","background-position":"center center","background-size":"auto","background-attachment":"scroll","background-type":"","background-media":"","overlay-type":"","overlay-color":"","overlay-opacity":"","overlay-gradient":""},"tablet":{"background-color":"var(--ast-global-color-5)","background-image":"","background-repeat":"repeat","background-position":"center center","background-size":"auto","background-attachment":"scroll","background-type":"","background-media":"","overlay-type":"","overlay-color":"","overlay-opacity":"","overlay-gradient":""},"mobile":{"background-color":"var(--ast-global-color-5)","background-image":"","background-repeat":"repeat","background-position":"center center","background-size":"auto","background-attachment":"scroll","background-type":"","background-media":"","overlay-type":"","overlay-color":"","overlay-opacity":"","overlay-gradient":""}},"iawp_total_views":2665},"product_brand":[],"product_cat":[32,49],"product_tag":[],"class_list":{"0":"post-3705","1":"product","2":"type-product","3":"status-publish","4":"has-post-thumbnail","6":"product_cat-huiles-beurres-vegetaux","7":"product_cat-herbes-medicinales-aromatiques","8":"desktop-align-center","9":"tablet-align-left","10":"mobile-align-left","12":"first","13":"instock","14":"shipping-taxable","15":"purchasable","16":"product-type-variable","17":"has-default-attributes"},"acf":[],"yoast_head":"<!-- This site is optimized with the Yoast SEO plugin v27.3 - https:\/\/yoast.com\/product\/yoast-seo-wordpress\/ -->\n<title>Huile de Coco vierge - Naturalim<\/title>\n<meta name=\"robots\" content=\"index, follow, max-snippet:-1, max-image-preview:large, max-video-preview:-1\" \/>\n<link rel=\"canonical\" href=\"https:\/\/naturalim.co\/ar\/product\/huile-de-coco\/\" \/>\n<meta property=\"og:locale\" content=\"ar_AR\" \/>\n<meta property=\"og:type\" content=\"article\" \/>\n<meta property=\"og:title\" content=\"Huile de Coco vierge - Naturalim\" \/>\n<meta property=\"og:description\" content=\"L&#039;huile de coco vierge est press\u00e9e \u00e0 froid \u00e0 partir de la pulpe de noix de coco. Polyvalente, riche en acides gras essentiels et antioxydants, elle est un produit naturel aux multiples usages et bienfaits, nutritionnels et sant\u00e9. parfum\u00e9e , elle rehausse le go\u00fbt de vos plats. Cette huile est tr\u00e8s adapt\u00e9e pour la cuisson, la p\u00e2tisserie ou comme substitut sain aux mati\u00e8res grasses ordinaires. Utilis\u00e9e aussi en soin beaut\u00e9, elle hydrate et nourrit intens\u00e9ment la peau et les cheveux etc.\" \/>\n<meta property=\"og:url\" content=\"https:\/\/naturalim.co\/ar\/product\/huile-de-coco\/\" \/>\n<meta property=\"og:site_name\" content=\"Naturalim\" \/>\n<meta property=\"article:publisher\" content=\"https:\/\/www.facebook.com\/people\/Naturalimdz\/100063266886704\/\" \/>\n<meta property=\"article:modified_time\" content=\"2025-11-18T13:10:26+00:00\" \/>\n<meta property=\"og:image\" content=\"https:\/\/naturalim.co\/wp-content\/uploads\/2023\/10\/coconut-oil-huile-coco-\u0632\u064a\u062a-\u062c\u0648\u0632-\u0627\u0644\u0647\u0646\u062f-naturalim.jpg\" \/>\n\t<meta property=\"og:image:width\" content=\"800\" \/>\n\t<meta property=\"og:image:height\" content=\"800\" \/>\n\t<meta property=\"og:image:type\" content=\"image\/jpeg\" \/>\n<meta name=\"twitter:card\" content=\"summary_large_image\" \/>\n<meta name=\"twitter:label1\" content=\"\u0648\u0642\u062a \u0627\u0644\u0642\u0631\u0627\u0621\u0629 \u0627\u0644\u0645\u064f\u0642\u062f\u0651\u0631\" \/>\n\t<meta name=\"twitter:data1\" content=\"\u062f\u0642\u064a\u0642\u0629 \u0648\u0627\u062d\u062f\u0629\" \/>\n<script type=\"application\/ld+json\" class=\"yoast-schema-graph\">{\"@context\":\"https:\\\/\\\/schema.org\",\"@graph\":[{\"@type\":\"WebPage\",\"@id\":\"https:\\\/\\\/naturalim.co\\\/produit\\\/huile-de-coco\\\/\",\"url\":\"https:\\\/\\\/naturalim.co\\\/produit\\\/huile-de-coco\\\/\",\"name\":\"Huile de Coco vierge - Naturalim\",\"isPartOf\":{\"@id\":\"https:\\\/\\\/naturalim.co\\\/fr\\\/#website\"},\"primaryImageOfPage\":{\"@id\":\"https:\\\/\\\/naturalim.co\\\/produit\\\/huile-de-coco\\\/#primaryimage\"},\"image\":{\"@id\":\"https:\\\/\\\/naturalim.co\\\/produit\\\/huile-de-coco\\\/#primaryimage\"},\"thumbnailUrl\":\"https:\\\/\\\/naturalim.co\\\/wp-content\\\/uploads\\\/2023\\\/10\\\/coconut-oil-huile-coco-\u0632\u064a\u062a-\u062c\u0648\u0632-\u0627\u0644\u0647\u0646\u062f-naturalim.jpg\",\"datePublished\":\"2023-12-14T12:58:44+00:00\",\"dateModified\":\"2025-11-18T13:10:26+00:00\",\"breadcrumb\":{\"@id\":\"https:\\\/\\\/naturalim.co\\\/produit\\\/huile-de-coco\\\/#breadcrumb\"},\"inLanguage\":\"ar\",\"potentialAction\":[{\"@type\":\"ReadAction\",\"target\":[\"https:\\\/\\\/naturalim.co\\\/produit\\\/huile-de-coco\\\/\"]}]},{\"@type\":\"ImageObject\",\"inLanguage\":\"ar\",\"@id\":\"https:\\\/\\\/naturalim.co\\\/produit\\\/huile-de-coco\\\/#primaryimage\",\"url\":\"https:\\\/\\\/naturalim.co\\\/wp-content\\\/uploads\\\/2023\\\/10\\\/coconut-oil-huile-coco-\u0632\u064a\u062a-\u062c\u0648\u0632-\u0627\u0644\u0647\u0646\u062f-naturalim.jpg\",\"contentUrl\":\"https:\\\/\\\/naturalim.co\\\/wp-content\\\/uploads\\\/2023\\\/10\\\/coconut-oil-huile-coco-\u0632\u064a\u062a-\u062c\u0648\u0632-\u0627\u0644\u0647\u0646\u062f-naturalim.jpg\",\"width\":800,\"height\":800},{\"@type\":\"BreadcrumbList\",\"@id\":\"https:\\\/\\\/naturalim.co\\\/produit\\\/huile-de-coco\\\/#breadcrumb\",\"itemListElement\":[{\"@type\":\"ListItem\",\"position\":1,\"name\":\"Home\",\"item\":\"https:\\\/\\\/naturalim.co\\\/\"},{\"@type\":\"ListItem\",\"position\":2,\"name\":\"Shop\",\"item\":\"https:\\\/\\\/naturalim.co\\\/fr\\\/shop\\\/\"},{\"@type\":\"ListItem\",\"position\":3,\"name\":\"Huile de Coco vierge\"}]},{\"@type\":\"WebSite\",\"@id\":\"https:\\\/\\\/naturalim.co\\\/fr\\\/#website\",\"url\":\"https:\\\/\\\/naturalim.co\\\/fr\\\/\",\"name\":\"Naturalim\",\"description\":\"\",\"publisher\":{\"@id\":\"https:\\\/\\\/naturalim.co\\\/fr\\\/#organization\"},\"potentialAction\":[{\"@type\":\"SearchAction\",\"target\":{\"@type\":\"EntryPoint\",\"urlTemplate\":\"https:\\\/\\\/naturalim.co\\\/fr\\\/?s={search_term_string}\"},\"query-input\":{\"@type\":\"PropertyValueSpecification\",\"valueRequired\":true,\"valueName\":\"search_term_string\"}}],\"inLanguage\":\"ar\"},{\"@type\":\"Organization\",\"@id\":\"https:\\\/\\\/naturalim.co\\\/fr\\\/#organization\",\"name\":\"Naturalim\",\"url\":\"https:\\\/\\\/naturalim.co\\\/fr\\\/\",\"logo\":{\"@type\":\"ImageObject\",\"inLanguage\":\"ar\",\"@id\":\"https:\\\/\\\/naturalim.co\\\/fr\\\/#\\\/schema\\\/logo\\\/image\\\/\",\"url\":\"https:\\\/\\\/naturalim.co\\\/wp-content\\\/uploads\\\/2023\\\/09\\\/Green_Circle_Leaves_Environment_Logo_1_-removebg-preview.png\",\"contentUrl\":\"https:\\\/\\\/naturalim.co\\\/wp-content\\\/uploads\\\/2023\\\/09\\\/Green_Circle_Leaves_Environment_Logo_1_-removebg-preview.png\",\"width\":500,\"height\":500,\"caption\":\"Naturalim\"},\"image\":{\"@id\":\"https:\\\/\\\/naturalim.co\\\/fr\\\/#\\\/schema\\\/logo\\\/image\\\/\"},\"sameAs\":[\"https:\\\/\\\/www.facebook.com\\\/people\\\/Naturalimdz\\\/100063266886704\\\/\",\"https:\\\/\\\/www.instagram.com\\\/naturalim.dz\\\/\"]}]}<\/script>\n<!-- \/ Yoast SEO plugin. -->","yoast_head_json":{"title":"Huile de Coco vierge - Naturalim","robots":{"index":"index","follow":"follow","max-snippet":"max-snippet:-1","max-image-preview":"max-image-preview:large","max-video-preview":"max-video-preview:-1"},"canonical":"https:\/\/naturalim.co\/ar\/product\/huile-de-coco\/","og_locale":"ar_AR","og_type":"article","og_title":"Huile de Coco vierge - Naturalim","og_description":"L'huile de coco vierge est press\u00e9e \u00e0 froid \u00e0 partir de la pulpe de noix de coco. Polyvalente, riche en acides gras essentiels et antioxydants, elle est un produit naturel aux multiples usages et bienfaits, nutritionnels et sant\u00e9. parfum\u00e9e , elle rehausse le go\u00fbt de vos plats. Cette huile est tr\u00e8s adapt\u00e9e pour la cuisson, la p\u00e2tisserie ou comme substitut sain aux mati\u00e8res grasses ordinaires. Utilis\u00e9e aussi en soin beaut\u00e9, elle hydrate et nourrit intens\u00e9ment la peau et les cheveux etc.","og_url":"https:\/\/naturalim.co\/ar\/product\/huile-de-coco\/","og_site_name":"Naturalim","article_publisher":"https:\/\/www.facebook.com\/people\/Naturalimdz\/100063266886704\/","article_modified_time":"2025-11-18T13:10:26+00:00","og_image":[{"width":800,"height":800,"url":"https:\/\/naturalim.co\/wp-content\/uploads\/2023\/10\/coconut-oil-huile-coco-\u0632\u064a\u062a-\u062c\u0648\u0632-\u0627\u0644\u0647\u0646\u062f-naturalim.jpg","type":"image\/jpeg"}],"twitter_card":"summary_large_image","twitter_misc":{"\u0648\u0642\u062a \u0627\u0644\u0642\u0631\u0627\u0621\u0629 \u0627\u0644\u0645\u064f\u0642\u062f\u0651\u0631":"\u062f\u0642\u064a\u0642\u0629 \u0648\u0627\u062d\u062f\u0629"},"schema":{"@context":"https:\/\/schema.org","@graph":[{"@type":"WebPage","@id":"https:\/\/naturalim.co\/produit\/huile-de-coco\/","url":"https:\/\/naturalim.co\/produit\/huile-de-coco\/","name":"Huile de Coco vierge - Naturalim","isPartOf":{"@id":"https:\/\/naturalim.co\/fr\/#website"},"primaryImageOfPage":{"@id":"https:\/\/naturalim.co\/produit\/huile-de-coco\/#primaryimage"},"image":{"@id":"https:\/\/naturalim.co\/produit\/huile-de-coco\/#primaryimage"},"thumbnailUrl":"https:\/\/naturalim.co\/wp-content\/uploads\/2023\/10\/coconut-oil-huile-coco-\u0632\u064a\u062a-\u062c\u0648\u0632-\u0627\u0644\u0647\u0646\u062f-naturalim.jpg","datePublished":"2023-12-14T12:58:44+00:00","dateModified":"2025-11-18T13:10:26+00:00","breadcrumb":{"@id":"https:\/\/naturalim.co\/produit\/huile-de-coco\/#breadcrumb"},"inLanguage":"ar","potentialAction":[{"@type":"ReadAction","target":["https:\/\/naturalim.co\/produit\/huile-de-coco\/"]}]},{"@type":"ImageObject","inLanguage":"ar","@id":"https:\/\/naturalim.co\/produit\/huile-de-coco\/#primaryimage","url":"https:\/\/naturalim.co\/wp-content\/uploads\/2023\/10\/coconut-oil-huile-coco-\u0632\u064a\u062a-\u062c\u0648\u0632-\u0627\u0644\u0647\u0646\u062f-naturalim.jpg","contentUrl":"https:\/\/naturalim.co\/wp-content\/uploads\/2023\/10\/coconut-oil-huile-coco-\u0632\u064a\u062a-\u062c\u0648\u0632-\u0627\u0644\u0647\u0646\u062f-naturalim.jpg","width":800,"height":800},{"@type":"BreadcrumbList","@id":"https:\/\/naturalim.co\/produit\/huile-de-coco\/#breadcrumb","itemListElement":[{"@type":"ListItem","position":1,"name":"Home","item":"https:\/\/naturalim.co\/"},{"@type":"ListItem","position":2,"name":"Shop","item":"https:\/\/naturalim.co\/fr\/shop\/"},{"@type":"ListItem","position":3,"name":"Huile de Coco vierge"}]},{"@type":"WebSite","@id":"https:\/\/naturalim.co\/fr\/#website","url":"https:\/\/naturalim.co\/fr\/","name":"Naturalim","description":"","publisher":{"@id":"https:\/\/naturalim.co\/fr\/#organization"},"potentialAction":[{"@type":"SearchAction","target":{"@type":"EntryPoint","urlTemplate":"https:\/\/naturalim.co\/fr\/?s={search_term_string}"},"query-input":{"@type":"PropertyValueSpecification","valueRequired":true,"valueName":"search_term_string"}}],"inLanguage":"ar"},{"@type":"Organization","@id":"https:\/\/naturalim.co\/fr\/#organization","name":"Naturalim","url":"https:\/\/naturalim.co\/fr\/","logo":{"@type":"ImageObject","inLanguage":"ar","@id":"https:\/\/naturalim.co\/fr\/#\/schema\/logo\/image\/","url":"https:\/\/naturalim.co\/wp-content\/uploads\/2023\/09\/Green_Circle_Leaves_Environment_Logo_1_-removebg-preview.png","contentUrl":"https:\/\/naturalim.co\/wp-content\/uploads\/2023\/09\/Green_Circle_Leaves_Environment_Logo_1_-removebg-preview.png","width":500,"height":500,"caption":"Naturalim"},"image":{"@id":"https:\/\/naturalim.co\/fr\/#\/schema\/logo\/image\/"},"sameAs":["https:\/\/www.facebook.com\/people\/Naturalimdz\/100063266886704\/","https:\/\/www.instagram.com\/naturalim.dz\/"]}]}},"uagb_featured_image_src":{"full":["https:\/\/naturalim.co\/wp-content\/uploads\/2023\/10\/coconut-oil-huile-coco-\u0632\u064a\u062a-\u062c\u0648\u0632-\u0627\u0644\u0647\u0646\u062f-naturalim.jpg",800,800,false],"thumbnail":["https:\/\/naturalim.co\/wp-content\/uploads\/2023\/10\/coconut-oil-huile-coco-\u0632\u064a\u062a-\u062c\u0648\u0632-\u0627\u0644\u0647\u0646\u062f-naturalim-150x150.jpg",150,150,true],"medium":["https:\/\/naturalim.co\/wp-content\/uploads\/2023\/10\/coconut-oil-huile-coco-\u0632\u064a\u062a-\u062c\u0648\u0632-\u0627\u0644\u0647\u0646\u062f-naturalim-300x300.jpg",300,300,true],"medium_large":["https:\/\/naturalim.co\/wp-content\/uploads\/2023\/10\/coconut-oil-huile-coco-\u0632\u064a\u062a-\u062c\u0648\u0632-\u0627\u0644\u0647\u0646\u062f-naturalim-768x768.jpg",768,768,true],"large":["https:\/\/naturalim.co\/wp-content\/uploads\/2023\/10\/coconut-oil-huile-coco-\u0632\u064a\u062a-\u062c\u0648\u0632-\u0627\u0644\u0647\u0646\u062f-naturalim.jpg",800,800,false],"1536x1536":["https:\/\/naturalim.co\/wp-content\/uploads\/2023\/10\/coconut-oil-huile-coco-\u0632\u064a\u062a-\u062c\u0648\u0632-\u0627\u0644\u0647\u0646\u062f-naturalim.jpg",800,800,false],"2048x2048":["https:\/\/naturalim.co\/wp-content\/uploads\/2023\/10\/coconut-oil-huile-coco-\u0632\u064a\u062a-\u062c\u0648\u0632-\u0627\u0644\u0647\u0646\u062f-naturalim.jpg",800,800,false],"trp-custom-language-flag":["https:\/\/naturalim.co\/wp-content\/uploads\/2023\/10\/coconut-oil-huile-coco-\u0632\u064a\u062a-\u062c\u0648\u0632-\u0627\u0644\u0647\u0646\u062f-naturalim.jpg",12,12,false],"woocommerce_thumbnail":["https:\/\/naturalim.co\/wp-content\/uploads\/2023\/10\/coconut-oil-huile-coco-\u0632\u064a\u062a-\u062c\u0648\u0632-\u0627\u0644\u0647\u0646\u062f-naturalim-300x300.jpg",300,300,true],"woocommerce_single":["https:\/\/naturalim.co\/wp-content\/uploads\/2023\/10\/coconut-oil-huile-coco-\u0632\u064a\u062a-\u062c\u0648\u0632-\u0627\u0644\u0647\u0646\u062f-naturalim-600x600.jpg",600,600,true],"woocommerce_gallery_thumbnail":["https:\/\/naturalim.co\/wp-content\/uploads\/2023\/10\/coconut-oil-huile-coco-\u0632\u064a\u062a-\u062c\u0648\u0632-\u0627\u0644\u0647\u0646\u062f-naturalim-100x100.jpg",100,100,true],"wc_order_status_icon":["https:\/\/naturalim.co\/wp-content\/uploads\/2023\/10\/coconut-oil-huile-coco-\u0632\u064a\u062a-\u062c\u0648\u0632-\u0627\u0644\u0647\u0646\u062f-naturalim.jpg",32,32,false],"dgwt-wcas-product-suggestion":["https:\/\/naturalim.co\/wp-content\/uploads\/2023\/10\/coconut-oil-huile-coco-\u0632\u064a\u062a-\u062c\u0648\u0632-\u0627\u0644\u0647\u0646\u062f-naturalim-64x64.jpg",64,64,true]},"uagb_author_info":{"display_name":"admin","author_link":"https:\/\/naturalim.co\/ar\/author\/"},"uagb_comment_info":0,"uagb_excerpt":"L'huile de coco vierge est press\u00e9e \u00e0 froid \u00e0 partir de la pulpe de noix de coco. Polyvalente, riche en acides gras essentiels et antioxydants, elle est un produit naturel aux multiples usages et bienfaits, nutritionnels et sant\u00e9. parfum\u00e9e , elle rehausse le go\u00fbt de vos plats. Cette huile est tr\u00e8s adapt\u00e9e pour la cuisson,&hellip;","_links":{"self":[{"href":"https:\/\/naturalim.co\/ar\/wp-json\/wp\/v2\/product\/3705","targetHints":{"allow":["GET"]}}],"collection":[{"href":"https:\/\/naturalim.co\/ar\/wp-json\/wp\/v2\/product"}],"about":[{"href":"https:\/\/naturalim.co\/ar\/wp-json\/wp\/v2\/types\/product"}],"replies":[{"embeddable":true,"href":"https:\/\/naturalim.co\/ar\/wp-json\/wp\/v2\/comments?post=3705"}],"wp:featuredmedia":[{"embeddable":true,"href":"https:\/\/naturalim.co\/ar\/wp-json\/wp\/v2\/media\/1863"}],"wp:attachment":[{"href":"https:\/\/naturalim.co\/ar\/wp-json\/wp\/v2\/media?parent=3705"}],"wp:term":[{"taxonomy":"product_brand","embeddable":true,"href":"https:\/\/naturalim.co\/ar\/wp-json\/wp\/v2\/product_brand?post=3705"},{"taxonomy":"product_cat","embeddable":true,"href":"https:\/\/naturalim.co\/ar\/wp-json\/wp\/v2\/product_cat?post=3705"},{"taxonomy":"product_tag","embeddable":true,"href":"https:\/\/naturalim.co\/ar\/wp-json\/wp\/v2\/product_tag?post=3705"}],"curies":[{"name":"wp","href":"https:\/\/api.w.org\/{rel}","templated":true}]}}