{"id":4037,"date":"2023-12-28T19:35:58","date_gmt":"2023-12-28T18:35:58","guid":{"rendered":"https:\/\/naturalim.co\/?post_type=product&#038;p=4037"},"modified":"2025-04-10T10:19:42","modified_gmt":"2025-04-10T09:19:42","slug":"poudre-de-pois-mascate-ou-mucuna-pruriens","status":"publish","type":"product","link":"https:\/\/naturalim.co\/ar\/product\/poudre-de-pois-mascate-ou-mucuna-pruriens\/","title":{"rendered":"Poudre de Pois de Mascate ou Mucuna Pruriens"},"content":{"rendered":"<p><strong>Comment consommer le mucuna pruriens en poudre ?<\/strong><\/p>\n<ul>\n<li><strong>1\/4<\/strong> \u00e0 <strong>1\/2 cuill\u00e8re \u00e0 caf\u00e9<\/strong>. 1 \u00e0 2 fois par jour, soit entre (1,5g \u00e0 5g)\/jour.<\/li>\n<li>\u00c0 consommer <strong>apr\u00e8s les repas<\/strong>.<\/li>\n<li>\u00c0 consommer avec de l&rsquo;eau ti\u00e8de, du miel, ou une boisson (lait,jus, etc).<\/li>\n<li>Vous pouvez utiliser des sucres naturels\/\u00e9dulcorants avec le Mucuna pour att\u00e9nuer son go\u00fbt.<\/li>\n<li>Il est conseill\u00e9 de <strong>commencer avec des petites doses<\/strong> et 1 fois par jour et augmenter progressivement.<\/li>\n<li>Ne pas d\u00e9passer la dose de 5g par jour.<\/li>\n<li>\u00c9vitez de chauffer le Mucuna.<\/li>\n<\/ul>\n<p><strong>Contre-indications \u00e0 la consommation de mucuna\u00a0:<\/strong><\/p>\n<ul>\n<li><strong>Troubles psychiatriques : <\/strong>Personnes sous antid\u00e9presseurs ou pr\u00e9sentant des d\u00e9s\u00e9quilibres psychiatriques, notamment de type schizophr\u00e9nie.<\/li>\n<li><strong>Diab\u00e8te insulino-d\u00e9pendant : <\/strong>Patients atteints de diab\u00e8te de type\u00a01.<\/li>\n<li><strong>Grossesse et allaitement : <\/strong>L\u2019usage du Mucuna pruriens est d\u00e9conseill\u00e9 chez la femme enceinte et allaitante en raison de son potentiel \u00e0 r\u00e9duire la prolactine.<\/li>\n<li><strong>Cancers : <\/strong>Personnes atteintes de cancers \u00e9volutifs et de cancer de la peau.<\/li>\n<li><strong>Affections cardiovasculaires, h\u00e9patiques ou r\u00e9nales: <\/strong>En cas de dysfonctions cardiovasculaires, de troubles h\u00e9patiques ou r\u00e9naux, ou d\u2019ulc\u00e8re gastroduod\u00e9nal, l\u2019utilisation du Mucuna pruriens est d\u00e9conseill\u00e9e.<\/li>\n<li><strong>Syndromes androg\u00e9niques excessifs : <\/strong>Les personnes pr\u00e9sentant des syndromes androg\u00e9niques excessifs doivent \u00e9viter le Mucuna pruriens en raison de son activit\u00e9 androg\u00e9nique qui peut potentiellement augmenter les niveaux de testost\u00e9rone.<\/li>\n<li><strong>Intervention chirurgicale : <\/strong>Puisque le Mucuna pruriens peut abaisser les niveaux de sucre dans le sang, il est conseill\u00e9 d\u2019arr\u00eater sa prise au moins deux semaines avant toute intervention chirurgicale.<\/li>\n<li><strong>Hypotension : <\/strong>Les personnes souffrant d\u2019hypotension doivent \u00e9viter le Mucuna pruriens, car il peut diminuer la tension art\u00e9rielle.<\/li>\n<\/ul>\n<p>&nbsp;<\/p>\n<p>\u062e\u0635\u0627\u0626\u0635 \u0627\u0644\u0645\u0646\u062a\u062c :<\/p>\n<ul>\n<li>Nom latin: Mucuna pruriens<\/li>\n<li>Nom francais: Pois mascate<\/li>\n<li>Poudre fine<\/li>\n<li>Pays d\u2019origine : Inde.<\/li>\n<\/ul>","protected":false},"excerpt":{"rendered":"<p>Le <strong>Mucuna pruriens<\/strong> est une l\u00e9gumineuse tropicale<strong> source naturelle<\/strong> de <strong>LevoDopa<\/strong>.<br \/>\nLa<strong> L-Dopa<\/strong> est un acide amin\u00e9 naturel qui se transforme en <strong>Dopamine<\/strong> dans le cerveau. La dopamine est un neurotransmetteur qui d\u00e9clenche un sentiment de<strong> joie<\/strong> et de <strong>bonheur<\/strong>.<br \/>\nTraditionnellement utilis\u00e9e pour soutenir la <strong>sant\u00e9 nerveuse<\/strong>, l&rsquo;<strong>humeur<\/strong> et la <strong>vitalit\u00e9<\/strong>. Elle est un <strong>alli\u00e9<\/strong> pr\u00e9cieux pour le <strong>bien-\u00eatre g\u00e9n\u00e9ral<\/strong>.<br \/>\nContient de la <strong>L-dopa (entre 4 &amp; 10%).<\/strong><\/p>","protected":false},"featured_media":6653,"comment_status":"open","ping_status":"closed","template":"","meta":{"_acf_changed":false,"_uag_custom_page_level_css":"","site-sidebar-layout":"default","site-content-layout":"","ast-site-content-layout":"default","site-content-style":"default","site-sidebar-style":"default","ast-global-header-display":"","ast-banner-title-visibility":"","ast-main-header-display":"","ast-hfb-above-header-display":"","ast-hfb-below-header-display":"","ast-hfb-mobile-header-display":"","site-post-title":"","ast-breadcrumbs-content":"","ast-featured-img":"","footer-sml-layout":"","ast-disable-related-posts":"","theme-transparent-header-meta":"default","adv-header-id-meta":"","stick-header-meta":"","header-above-stick-meta":"","header-main-stick-meta":"","header-below-stick-meta":"","astra-migrate-meta-layouts":"set","ast-page-background-enabled":"default","ast-page-background-meta":{"desktop":{"background-color":"var(--ast-global-color-4)","background-image":"","background-repeat":"repeat","background-position":"center center","background-size":"auto","background-attachment":"scroll","background-type":"","background-media":"","overlay-type":"","overlay-color":"","overlay-opacity":"","overlay-gradient":""},"tablet":{"background-color":"","background-image":"","background-repeat":"repeat","background-position":"center center","background-size":"auto","background-attachment":"scroll","background-type":"","background-media":"","overlay-type":"","overlay-color":"","overlay-opacity":"","overlay-gradient":""},"mobile":{"background-color":"","background-image":"","background-repeat":"repeat","background-position":"center center","background-size":"auto","background-attachment":"scroll","background-type":"","background-media":"","overlay-type":"","overlay-color":"","overlay-opacity":"","overlay-gradient":""}},"ast-content-background-meta":{"desktop":{"background-color":"var(--ast-global-color-5)","background-image":"","background-repeat":"repeat","background-position":"center center","background-size":"auto","background-attachment":"scroll","background-type":"","background-media":"","overlay-type":"","overlay-color":"","overlay-opacity":"","overlay-gradient":""},"tablet":{"background-color":"var(--ast-global-color-5)","background-image":"","background-repeat":"repeat","background-position":"center center","background-size":"auto","background-attachment":"scroll","background-type":"","background-media":"","overlay-type":"","overlay-color":"","overlay-opacity":"","overlay-gradient":""},"mobile":{"background-color":"var(--ast-global-color-5)","background-image":"","background-repeat":"repeat","background-position":"center center","background-size":"auto","background-attachment":"scroll","background-type":"","background-media":"","overlay-type":"","overlay-color":"","overlay-opacity":"","overlay-gradient":""}},"iawp_total_views":756},"product_brand":[],"product_cat":[49],"product_tag":[],"class_list":{"0":"post-4037","1":"product","2":"type-product","3":"status-publish","4":"has-post-thumbnail","6":"product_cat-herbes-medicinales-aromatiques","7":"desktop-align-center","8":"tablet-align-left","9":"mobile-align-left","11":"first","12":"instock","13":"shipping-taxable","14":"purchasable","15":"product-type-variable"},"acf":[],"yoast_head":"<!-- This site is optimized with the Yoast SEO plugin v27.4 - https:\/\/yoast.com\/product\/yoast-seo-wordpress\/ -->\n<title>Poudre de Pois de Mascate ou Mucuna Pruriens - Naturalim<\/title>\n<meta name=\"robots\" content=\"index, follow, max-snippet:-1, max-image-preview:large, max-video-preview:-1\" \/>\n<link rel=\"canonical\" href=\"https:\/\/naturalim.co\/ar\/product\/poudre-de-pois-mascate-ou-mucuna-pruriens\/\" \/>\n<meta property=\"og:locale\" content=\"ar_AR\" \/>\n<meta property=\"og:type\" content=\"article\" \/>\n<meta property=\"og:title\" content=\"Poudre de Pois de Mascate ou Mucuna Pruriens - Naturalim\" \/>\n<meta property=\"og:description\" content=\"Le Mucuna pruriens est une l\u00e9gumineuse tropicale source naturelle de LevoDopa. La L-Dopa est un acide amin\u00e9 naturel qui se transforme en Dopamine dans le cerveau. La dopamine est un neurotransmetteur qui d\u00e9clenche un sentiment de joie et de bonheur. Traditionnellement utilis\u00e9e pour soutenir la sant\u00e9 nerveuse, l&#039;humeur et la vitalit\u00e9. Elle est un alli\u00e9 pr\u00e9cieux pour le bien-\u00eatre g\u00e9n\u00e9ral. Contient de la L-dopa (entre 4 &amp; 10%).\" \/>\n<meta property=\"og:url\" content=\"https:\/\/naturalim.co\/ar\/product\/poudre-de-pois-mascate-ou-mucuna-pruriens\/\" \/>\n<meta property=\"og:site_name\" content=\"Naturalim\" \/>\n<meta property=\"article:publisher\" content=\"https:\/\/www.facebook.com\/people\/Naturalimdz\/100063266886704\/\" \/>\n<meta property=\"article:modified_time\" content=\"2025-04-10T09:19:42+00:00\" \/>\n<meta property=\"og:image\" content=\"https:\/\/naturalim.co\/wp-content\/uploads\/2023\/12\/mucuna-powder.jpg\" \/>\n\t<meta property=\"og:image:width\" content=\"2000\" \/>\n\t<meta property=\"og:image:height\" content=\"2000\" \/>\n\t<meta property=\"og:image:type\" content=\"image\/jpeg\" \/>\n<meta name=\"twitter:card\" content=\"summary_large_image\" \/>\n<meta name=\"twitter:label1\" content=\"\u0648\u0642\u062a \u0627\u0644\u0642\u0631\u0627\u0621\u0629 \u0627\u0644\u0645\u064f\u0642\u062f\u0651\u0631\" \/>\n\t<meta name=\"twitter:data1\" content=\"\u062f\u0642\u064a\u0642\u062a\u0627\u0646\" \/>\n<script type=\"application\/ld+json\" class=\"yoast-schema-graph\">{\"@context\":\"https:\\\/\\\/schema.org\",\"@graph\":[{\"@type\":\"WebPage\",\"@id\":\"https:\\\/\\\/naturalim.co\\\/produit\\\/poudre-de-pois-mascate-ou-mucuna-pruriens\\\/\",\"url\":\"https:\\\/\\\/naturalim.co\\\/produit\\\/poudre-de-pois-mascate-ou-mucuna-pruriens\\\/\",\"name\":\"Poudre de Pois de Mascate ou Mucuna Pruriens - Naturalim\",\"isPartOf\":{\"@id\":\"https:\\\/\\\/naturalim.co\\\/fr\\\/#website\"},\"primaryImageOfPage\":{\"@id\":\"https:\\\/\\\/naturalim.co\\\/produit\\\/poudre-de-pois-mascate-ou-mucuna-pruriens\\\/#primaryimage\"},\"image\":{\"@id\":\"https:\\\/\\\/naturalim.co\\\/produit\\\/poudre-de-pois-mascate-ou-mucuna-pruriens\\\/#primaryimage\"},\"thumbnailUrl\":\"https:\\\/\\\/naturalim.co\\\/wp-content\\\/uploads\\\/2023\\\/12\\\/mucuna-powder.jpg\",\"datePublished\":\"2023-12-28T18:35:58+00:00\",\"dateModified\":\"2025-04-10T09:19:42+00:00\",\"breadcrumb\":{\"@id\":\"https:\\\/\\\/naturalim.co\\\/produit\\\/poudre-de-pois-mascate-ou-mucuna-pruriens\\\/#breadcrumb\"},\"inLanguage\":\"ar\",\"potentialAction\":[{\"@type\":\"ReadAction\",\"target\":[\"https:\\\/\\\/naturalim.co\\\/produit\\\/poudre-de-pois-mascate-ou-mucuna-pruriens\\\/\"]}]},{\"@type\":\"ImageObject\",\"inLanguage\":\"ar\",\"@id\":\"https:\\\/\\\/naturalim.co\\\/produit\\\/poudre-de-pois-mascate-ou-mucuna-pruriens\\\/#primaryimage\",\"url\":\"https:\\\/\\\/naturalim.co\\\/wp-content\\\/uploads\\\/2023\\\/12\\\/mucuna-powder.jpg\",\"contentUrl\":\"https:\\\/\\\/naturalim.co\\\/wp-content\\\/uploads\\\/2023\\\/12\\\/mucuna-powder.jpg\",\"width\":2000,\"height\":2000},{\"@type\":\"BreadcrumbList\",\"@id\":\"https:\\\/\\\/naturalim.co\\\/produit\\\/poudre-de-pois-mascate-ou-mucuna-pruriens\\\/#breadcrumb\",\"itemListElement\":[{\"@type\":\"ListItem\",\"position\":1,\"name\":\"Home\",\"item\":\"https:\\\/\\\/naturalim.co\\\/\"},{\"@type\":\"ListItem\",\"position\":2,\"name\":\"Shop\",\"item\":\"https:\\\/\\\/naturalim.co\\\/fr\\\/shop\\\/\"},{\"@type\":\"ListItem\",\"position\":3,\"name\":\"Poudre de Pois de Mascate ou Mucuna Pruriens\"}]},{\"@type\":\"WebSite\",\"@id\":\"https:\\\/\\\/naturalim.co\\\/fr\\\/#website\",\"url\":\"https:\\\/\\\/naturalim.co\\\/fr\\\/\",\"name\":\"Naturalim\",\"description\":\"\",\"publisher\":{\"@id\":\"https:\\\/\\\/naturalim.co\\\/fr\\\/#organization\"},\"potentialAction\":[{\"@type\":\"SearchAction\",\"target\":{\"@type\":\"EntryPoint\",\"urlTemplate\":\"https:\\\/\\\/naturalim.co\\\/fr\\\/?s={search_term_string}\"},\"query-input\":{\"@type\":\"PropertyValueSpecification\",\"valueRequired\":true,\"valueName\":\"search_term_string\"}}],\"inLanguage\":\"ar\"},{\"@type\":\"Organization\",\"@id\":\"https:\\\/\\\/naturalim.co\\\/fr\\\/#organization\",\"name\":\"Naturalim\",\"url\":\"https:\\\/\\\/naturalim.co\\\/fr\\\/\",\"logo\":{\"@type\":\"ImageObject\",\"inLanguage\":\"ar\",\"@id\":\"https:\\\/\\\/naturalim.co\\\/fr\\\/#\\\/schema\\\/logo\\\/image\\\/\",\"url\":\"https:\\\/\\\/naturalim.co\\\/wp-content\\\/uploads\\\/2023\\\/09\\\/Green_Circle_Leaves_Environment_Logo_1_-removebg-preview.png\",\"contentUrl\":\"https:\\\/\\\/naturalim.co\\\/wp-content\\\/uploads\\\/2023\\\/09\\\/Green_Circle_Leaves_Environment_Logo_1_-removebg-preview.png\",\"width\":500,\"height\":500,\"caption\":\"Naturalim\"},\"image\":{\"@id\":\"https:\\\/\\\/naturalim.co\\\/fr\\\/#\\\/schema\\\/logo\\\/image\\\/\"},\"sameAs\":[\"https:\\\/\\\/www.facebook.com\\\/people\\\/Naturalimdz\\\/100063266886704\\\/\",\"https:\\\/\\\/www.instagram.com\\\/naturalim.dz\\\/\"]}]}<\/script>\n<!-- \/ Yoast SEO plugin. -->","yoast_head_json":{"title":"Poudre de Pois de Mascate ou Mucuna Pruriens - Naturalim","robots":{"index":"index","follow":"follow","max-snippet":"max-snippet:-1","max-image-preview":"max-image-preview:large","max-video-preview":"max-video-preview:-1"},"canonical":"https:\/\/naturalim.co\/ar\/product\/poudre-de-pois-mascate-ou-mucuna-pruriens\/","og_locale":"ar_AR","og_type":"article","og_title":"Poudre de Pois de Mascate ou Mucuna Pruriens - Naturalim","og_description":"Le Mucuna pruriens est une l\u00e9gumineuse tropicale source naturelle de LevoDopa. La L-Dopa est un acide amin\u00e9 naturel qui se transforme en Dopamine dans le cerveau. La dopamine est un neurotransmetteur qui d\u00e9clenche un sentiment de joie et de bonheur. Traditionnellement utilis\u00e9e pour soutenir la sant\u00e9 nerveuse, l'humeur et la vitalit\u00e9. Elle est un alli\u00e9 pr\u00e9cieux pour le bien-\u00eatre g\u00e9n\u00e9ral. Contient de la L-dopa (entre 4 &amp; 10%).","og_url":"https:\/\/naturalim.co\/ar\/product\/poudre-de-pois-mascate-ou-mucuna-pruriens\/","og_site_name":"Naturalim","article_publisher":"https:\/\/www.facebook.com\/people\/Naturalimdz\/100063266886704\/","article_modified_time":"2025-04-10T09:19:42+00:00","og_image":[{"width":2000,"height":2000,"url":"https:\/\/naturalim.co\/wp-content\/uploads\/2023\/12\/mucuna-powder.jpg","type":"image\/jpeg"}],"twitter_card":"summary_large_image","twitter_misc":{"\u0648\u0642\u062a \u0627\u0644\u0642\u0631\u0627\u0621\u0629 \u0627\u0644\u0645\u064f\u0642\u062f\u0651\u0631":"\u062f\u0642\u064a\u0642\u062a\u0627\u0646"},"schema":{"@context":"https:\/\/schema.org","@graph":[{"@type":"WebPage","@id":"https:\/\/naturalim.co\/produit\/poudre-de-pois-mascate-ou-mucuna-pruriens\/","url":"https:\/\/naturalim.co\/produit\/poudre-de-pois-mascate-ou-mucuna-pruriens\/","name":"Poudre de Pois de Mascate ou Mucuna Pruriens - Naturalim","isPartOf":{"@id":"https:\/\/naturalim.co\/fr\/#website"},"primaryImageOfPage":{"@id":"https:\/\/naturalim.co\/produit\/poudre-de-pois-mascate-ou-mucuna-pruriens\/#primaryimage"},"image":{"@id":"https:\/\/naturalim.co\/produit\/poudre-de-pois-mascate-ou-mucuna-pruriens\/#primaryimage"},"thumbnailUrl":"https:\/\/naturalim.co\/wp-content\/uploads\/2023\/12\/mucuna-powder.jpg","datePublished":"2023-12-28T18:35:58+00:00","dateModified":"2025-04-10T09:19:42+00:00","breadcrumb":{"@id":"https:\/\/naturalim.co\/produit\/poudre-de-pois-mascate-ou-mucuna-pruriens\/#breadcrumb"},"inLanguage":"ar","potentialAction":[{"@type":"ReadAction","target":["https:\/\/naturalim.co\/produit\/poudre-de-pois-mascate-ou-mucuna-pruriens\/"]}]},{"@type":"ImageObject","inLanguage":"ar","@id":"https:\/\/naturalim.co\/produit\/poudre-de-pois-mascate-ou-mucuna-pruriens\/#primaryimage","url":"https:\/\/naturalim.co\/wp-content\/uploads\/2023\/12\/mucuna-powder.jpg","contentUrl":"https:\/\/naturalim.co\/wp-content\/uploads\/2023\/12\/mucuna-powder.jpg","width":2000,"height":2000},{"@type":"BreadcrumbList","@id":"https:\/\/naturalim.co\/produit\/poudre-de-pois-mascate-ou-mucuna-pruriens\/#breadcrumb","itemListElement":[{"@type":"ListItem","position":1,"name":"Home","item":"https:\/\/naturalim.co\/"},{"@type":"ListItem","position":2,"name":"Shop","item":"https:\/\/naturalim.co\/fr\/shop\/"},{"@type":"ListItem","position":3,"name":"Poudre de Pois de Mascate ou Mucuna Pruriens"}]},{"@type":"WebSite","@id":"https:\/\/naturalim.co\/fr\/#website","url":"https:\/\/naturalim.co\/fr\/","name":"Naturalim","description":"","publisher":{"@id":"https:\/\/naturalim.co\/fr\/#organization"},"potentialAction":[{"@type":"SearchAction","target":{"@type":"EntryPoint","urlTemplate":"https:\/\/naturalim.co\/fr\/?s={search_term_string}"},"query-input":{"@type":"PropertyValueSpecification","valueRequired":true,"valueName":"search_term_string"}}],"inLanguage":"ar"},{"@type":"Organization","@id":"https:\/\/naturalim.co\/fr\/#organization","name":"Naturalim","url":"https:\/\/naturalim.co\/fr\/","logo":{"@type":"ImageObject","inLanguage":"ar","@id":"https:\/\/naturalim.co\/fr\/#\/schema\/logo\/image\/","url":"https:\/\/naturalim.co\/wp-content\/uploads\/2023\/09\/Green_Circle_Leaves_Environment_Logo_1_-removebg-preview.png","contentUrl":"https:\/\/naturalim.co\/wp-content\/uploads\/2023\/09\/Green_Circle_Leaves_Environment_Logo_1_-removebg-preview.png","width":500,"height":500,"caption":"Naturalim"},"image":{"@id":"https:\/\/naturalim.co\/fr\/#\/schema\/logo\/image\/"},"sameAs":["https:\/\/www.facebook.com\/people\/Naturalimdz\/100063266886704\/","https:\/\/www.instagram.com\/naturalim.dz\/"]}]}},"uagb_featured_image_src":{"full":["https:\/\/naturalim.co\/wp-content\/uploads\/2023\/12\/mucuna-powder.jpg",2000,2000,false],"thumbnail":["https:\/\/naturalim.co\/wp-content\/uploads\/2023\/12\/mucuna-powder-150x150.jpg",150,150,true],"medium":["https:\/\/naturalim.co\/wp-content\/uploads\/2023\/12\/mucuna-powder-300x300.jpg",300,300,true],"medium_large":["https:\/\/naturalim.co\/wp-content\/uploads\/2023\/12\/mucuna-powder-768x768.jpg",768,768,true],"large":["https:\/\/naturalim.co\/wp-content\/uploads\/2023\/12\/mucuna-powder-1024x1024.jpg",1024,1024,true],"1536x1536":["https:\/\/naturalim.co\/wp-content\/uploads\/2023\/12\/mucuna-powder-1536x1536.jpg",1536,1536,true],"2048x2048":["https:\/\/naturalim.co\/wp-content\/uploads\/2023\/12\/mucuna-powder.jpg",2000,2000,false],"trp-custom-language-flag":["https:\/\/naturalim.co\/wp-content\/uploads\/2023\/12\/mucuna-powder-12x12.jpg",12,12,true],"woocommerce_thumbnail":["https:\/\/naturalim.co\/wp-content\/uploads\/2023\/12\/mucuna-powder-300x300.jpg",300,300,true],"woocommerce_single":["https:\/\/naturalim.co\/wp-content\/uploads\/2023\/12\/mucuna-powder-600x600.jpg",600,600,true],"woocommerce_gallery_thumbnail":["https:\/\/naturalim.co\/wp-content\/uploads\/2023\/12\/mucuna-powder-100x100.jpg",100,100,true],"wc_order_status_icon":["https:\/\/naturalim.co\/wp-content\/uploads\/2023\/12\/mucuna-powder-32x32.jpg",32,32,true],"dgwt-wcas-product-suggestion":["https:\/\/naturalim.co\/wp-content\/uploads\/2023\/12\/mucuna-powder-64x64.jpg",64,64,true]},"uagb_author_info":{"display_name":"admin","author_link":"https:\/\/naturalim.co\/ar\/author\/"},"uagb_comment_info":0,"uagb_excerpt":"Le Mucuna pruriens est une l\u00e9gumineuse tropicale source naturelle de LevoDopa. La L-Dopa est un acide amin\u00e9 naturel qui se transforme en Dopamine dans le cerveau. La dopamine est un neurotransmetteur qui d\u00e9clenche un sentiment de joie et de bonheur. Traditionnellement utilis\u00e9e pour soutenir la sant\u00e9 nerveuse, l'humeur et la vitalit\u00e9. Elle est un alli\u00e9&hellip;","_links":{"self":[{"href":"https:\/\/naturalim.co\/ar\/wp-json\/wp\/v2\/product\/4037","targetHints":{"allow":["GET"]}}],"collection":[{"href":"https:\/\/naturalim.co\/ar\/wp-json\/wp\/v2\/product"}],"about":[{"href":"https:\/\/naturalim.co\/ar\/wp-json\/wp\/v2\/types\/product"}],"replies":[{"embeddable":true,"href":"https:\/\/naturalim.co\/ar\/wp-json\/wp\/v2\/comments?post=4037"}],"wp:featuredmedia":[{"embeddable":true,"href":"https:\/\/naturalim.co\/ar\/wp-json\/wp\/v2\/media\/6653"}],"wp:attachment":[{"href":"https:\/\/naturalim.co\/ar\/wp-json\/wp\/v2\/media?parent=4037"}],"wp:term":[{"taxonomy":"product_brand","embeddable":true,"href":"https:\/\/naturalim.co\/ar\/wp-json\/wp\/v2\/product_brand?post=4037"},{"taxonomy":"product_cat","embeddable":true,"href":"https:\/\/naturalim.co\/ar\/wp-json\/wp\/v2\/product_cat?post=4037"},{"taxonomy":"product_tag","embeddable":true,"href":"https:\/\/naturalim.co\/ar\/wp-json\/wp\/v2\/product_tag?post=4037"}],"curies":[{"name":"wp","href":"https:\/\/api.w.org\/{rel}","templated":true}]}}