{"id":4529,"date":"2024-04-02T11:35:37","date_gmt":"2024-04-02T10:35:37","guid":{"rendered":"https:\/\/naturalim.co\/?post_type=product&#038;p=4529"},"modified":"2025-01-11T14:10:46","modified_gmt":"2025-01-11T13:10:46","slug":"garcinia-cambogia-poudre","status":"publish","type":"product","link":"https:\/\/naturalim.co\/ar\/product\/garcinia-cambogia-poudre\/","title":{"rendered":"Garcinia Cambogia en poudre"},"content":{"rendered":"<p><strong>Consommation du Garcinia Cambogia:<br \/>\n<\/strong><\/p>\n<ul>\n<li><strong>1 \u00e0 5g par jour<\/strong> de poudre dilu\u00e9e dans un grand verre d\u2019eau,une boisson froide ou ti\u00e8de.<\/li>\n<li><strong>15 \u00e0 30 minutes avant <\/strong>le <strong>repas <\/strong>du <strong>midi <\/strong>et du <strong>soir<\/strong>. Cela permettra ainsi de <strong>favoriser l\u2019effet coupe-faim<\/strong> induit par cette plante, pour <strong>limiter <\/strong>vos <strong>quantit\u00e9s <\/strong>au cours du repas si vous \u00eates sujet(tes) aux <strong>exc\u00e8s alimentaires<\/strong>, voire m\u00eame <strong>r\u00e9duire <\/strong>les <strong>tentations <\/strong>de <strong>grignotage<\/strong>.<\/li>\n<li>A consommer en cure qui ne doit pas d\u00e9passer 12 semaines et faire une <strong>pause de 02 semaines<\/strong> minimum apr\u00e8s chaque cure.<\/li>\n<\/ul>\n<p><strong>Contre-indications \u00e0 la consommation du Garcinia Cambogia en poudre :<\/strong><\/p>\n<ul>\n<li>Contre-indiqu\u00e9s chez les <strong>femmes enceintes ou allaitantes<\/strong>.<\/li>\n<li>Contre-indiqu\u00e9s chez les personnes pr\u00e9sentant des <strong>sympt\u00f4mes de d\u00e9mence<\/strong>.<\/li>\n<li>Personnes de <strong>moins de 18ans<\/strong> (adolescents et enfants) car ses effets sur leur sant\u00e9 n&rsquo;ont pas \u00e9t\u00e9 suffisamment \u00e9tudi\u00e9s.<\/li>\n<\/ul>\n<p><strong>Interactions avec des m\u00e9dicaments ou des plantes :<\/strong><\/p>\n<ul>\n<li>Ne pas utiliser en combinaison avec de la <strong>caf\u00e9ine<\/strong> ou du <strong>chrome<\/strong>.<\/li>\n<li>Les personnes sous <strong>statines<\/strong> ( un <strong>traitement <\/strong>indiqu\u00e9 lors de<strong> l\u2019exc\u00e8s<\/strong> de <strong>cholest\u00e9rol)<\/strong>, doivent <strong>s&rsquo;abstenir <\/strong>de <strong>consommer <\/strong>du Garcinia Cambogia.<\/li>\n<\/ul>\n<p><strong>Conservation du garcinia cambogia \u00a0en poudre :<\/strong><\/p>\n<p>Le garcinia cambogia doit se <strong>conserver <\/strong>dans un <strong>endroit frais <\/strong>et <strong>sec<\/strong>, et \u00e0 <strong>l&rsquo;abri <\/strong>de la <strong>lumi\u00e8re directe <\/strong>du <strong>soleil.<\/strong><\/p>\n<p>&#8212;&#8212;&#8212;&#8212;&#8212;&#8212;&#8212;&#8212;&#8212;&#8212;&#8212;&#8212;&#8212;&#8212;&#8212;&#8212;&#8212;&#8212;&#8212;&#8212;&#8212;&#8212;&#8212;&#8212;&#8212;&#8212;&#8212;&#8212;&#8212;&#8212;&#8212;&#8212;&#8212;&#8212;&#8211;<\/p>\n<p>\u062e\u0635\u0627\u0626\u0635 \u0627\u0644\u0645\u0646\u062a\u062c :<\/p>\n<p>Autres noms : Garcinia gummi &#8211; gutta \/ Malabar tamarind.<\/p>\n<p>-\u0628\u0644\u062f \u0627\u0644\u0645\u0646\u0634\u0623: \u0627\u0644\u0647\u0646\u062f.<\/p>","protected":false},"excerpt":{"rendered":"<p>Le Garcinia Cambogia est un fruit tropical, connu pour ses propri\u00e9t\u00e9s minceur.<br \/>\nIl aide \u00e0 r\u00e9duire l&rsquo;app\u00e9tit, limiter le stockage de graisses et soutenir une gestion de poids saine.<\/p>\n<p>C\u2019est un fruit id\u00e9al pour accompagner un mode de vie \u00e9quilibr\u00e9 ; pour allier nature et bien-\u00eatre au quotidien.<\/p>","protected":false},"featured_media":5216,"comment_status":"open","ping_status":"closed","template":"","meta":{"_acf_changed":false,"_uag_custom_page_level_css":"","site-sidebar-layout":"default","site-content-layout":"","ast-site-content-layout":"default","site-content-style":"default","site-sidebar-style":"default","ast-global-header-display":"","ast-banner-title-visibility":"","ast-main-header-display":"","ast-hfb-above-header-display":"","ast-hfb-below-header-display":"","ast-hfb-mobile-header-display":"","site-post-title":"","ast-breadcrumbs-content":"","ast-featured-img":"","footer-sml-layout":"","ast-disable-related-posts":"","theme-transparent-header-meta":"default","adv-header-id-meta":"","stick-header-meta":"","header-above-stick-meta":"","header-main-stick-meta":"","header-below-stick-meta":"","astra-migrate-meta-layouts":"set","ast-page-background-enabled":"default","ast-page-background-meta":{"desktop":{"background-color":"var(--ast-global-color-4)","background-image":"","background-repeat":"repeat","background-position":"center center","background-size":"auto","background-attachment":"scroll","background-type":"","background-media":"","overlay-type":"","overlay-color":"","overlay-opacity":"","overlay-gradient":""},"tablet":{"background-color":"","background-image":"","background-repeat":"repeat","background-position":"center center","background-size":"auto","background-attachment":"scroll","background-type":"","background-media":"","overlay-type":"","overlay-color":"","overlay-opacity":"","overlay-gradient":""},"mobile":{"background-color":"","background-image":"","background-repeat":"repeat","background-position":"center center","background-size":"auto","background-attachment":"scroll","background-type":"","background-media":"","overlay-type":"","overlay-color":"","overlay-opacity":"","overlay-gradient":""}},"ast-content-background-meta":{"desktop":{"background-color":"var(--ast-global-color-5)","background-image":"","background-repeat":"repeat","background-position":"center center","background-size":"auto","background-attachment":"scroll","background-type":"","background-media":"","overlay-type":"","overlay-color":"","overlay-opacity":"","overlay-gradient":""},"tablet":{"background-color":"var(--ast-global-color-5)","background-image":"","background-repeat":"repeat","background-position":"center center","background-size":"auto","background-attachment":"scroll","background-type":"","background-media":"","overlay-type":"","overlay-color":"","overlay-opacity":"","overlay-gradient":""},"mobile":{"background-color":"var(--ast-global-color-5)","background-image":"","background-repeat":"repeat","background-position":"center center","background-size":"auto","background-attachment":"scroll","background-type":"","background-media":"","overlay-type":"","overlay-color":"","overlay-opacity":"","overlay-gradient":""}},"iawp_total_views":351},"product_brand":[],"product_cat":[49],"product_tag":[],"class_list":{"0":"post-4529","1":"product","2":"type-product","3":"status-publish","4":"has-post-thumbnail","6":"product_cat-herbes-medicinales-aromatiques","7":"desktop-align-center","8":"tablet-align-left","9":"mobile-align-left","11":"first","12":"instock","13":"shipping-taxable","14":"purchasable","15":"product-type-variable","16":"has-default-attributes"},"acf":[],"yoast_head":"<!-- This site is optimized with the Yoast SEO plugin v27.4 - https:\/\/yoast.com\/product\/yoast-seo-wordpress\/ -->\n<title>Garcinia Cambogia en poudre - Naturalim<\/title>\n<meta name=\"robots\" content=\"index, follow, max-snippet:-1, max-image-preview:large, max-video-preview:-1\" \/>\n<link rel=\"canonical\" href=\"https:\/\/naturalim.co\/ar\/product\/garcinia-cambogia-poudre\/\" \/>\n<meta property=\"og:locale\" content=\"ar_AR\" \/>\n<meta property=\"og:type\" content=\"article\" \/>\n<meta property=\"og:title\" content=\"Garcinia Cambogia en poudre - Naturalim\" \/>\n<meta property=\"og:description\" content=\"Le Garcinia Cambogia est un fruit tropical, connu pour ses propri\u00e9t\u00e9s minceur. Il aide \u00e0 r\u00e9duire l&#039;app\u00e9tit, limiter le stockage de graisses et soutenir une gestion de poids saine.  C\u2019est un fruit id\u00e9al pour accompagner un mode de vie \u00e9quilibr\u00e9 ; pour allier nature et bien-\u00eatre au quotidien.\" \/>\n<meta property=\"og:url\" content=\"https:\/\/naturalim.co\/ar\/product\/garcinia-cambogia-poudre\/\" \/>\n<meta property=\"og:site_name\" content=\"Naturalim\" \/>\n<meta property=\"article:publisher\" content=\"https:\/\/www.facebook.com\/people\/Naturalimdz\/100063266886704\/\" \/>\n<meta property=\"article:modified_time\" content=\"2025-01-11T13:10:46+00:00\" \/>\n<meta property=\"og:image\" content=\"https:\/\/naturalim.co\/wp-content\/uploads\/2024\/04\/garcinia-combogia-powder-naturalim.jpg\" \/>\n\t<meta property=\"og:image:width\" content=\"1600\" \/>\n\t<meta property=\"og:image:height\" content=\"1599\" \/>\n\t<meta property=\"og:image:type\" content=\"image\/jpeg\" \/>\n<meta name=\"twitter:card\" content=\"summary_large_image\" \/>\n<meta name=\"twitter:label1\" content=\"\u0648\u0642\u062a \u0627\u0644\u0642\u0631\u0627\u0621\u0629 \u0627\u0644\u0645\u064f\u0642\u062f\u0651\u0631\" \/>\n\t<meta name=\"twitter:data1\" content=\"\u062f\u0642\u064a\u0642\u062a\u0627\u0646\" \/>\n<script type=\"application\/ld+json\" class=\"yoast-schema-graph\">{\"@context\":\"https:\\\/\\\/schema.org\",\"@graph\":[{\"@type\":\"WebPage\",\"@id\":\"https:\\\/\\\/naturalim.co\\\/produit\\\/garcinia-cambogia-poudre\\\/\",\"url\":\"https:\\\/\\\/naturalim.co\\\/produit\\\/garcinia-cambogia-poudre\\\/\",\"name\":\"Garcinia Cambogia en poudre - Naturalim\",\"isPartOf\":{\"@id\":\"https:\\\/\\\/naturalim.co\\\/fr\\\/#website\"},\"primaryImageOfPage\":{\"@id\":\"https:\\\/\\\/naturalim.co\\\/produit\\\/garcinia-cambogia-poudre\\\/#primaryimage\"},\"image\":{\"@id\":\"https:\\\/\\\/naturalim.co\\\/produit\\\/garcinia-cambogia-poudre\\\/#primaryimage\"},\"thumbnailUrl\":\"https:\\\/\\\/naturalim.co\\\/wp-content\\\/uploads\\\/2024\\\/04\\\/garcinia-combogia-powder-naturalim.jpg\",\"datePublished\":\"2024-04-02T10:35:37+00:00\",\"dateModified\":\"2025-01-11T13:10:46+00:00\",\"breadcrumb\":{\"@id\":\"https:\\\/\\\/naturalim.co\\\/produit\\\/garcinia-cambogia-poudre\\\/#breadcrumb\"},\"inLanguage\":\"ar\",\"potentialAction\":[{\"@type\":\"ReadAction\",\"target\":[\"https:\\\/\\\/naturalim.co\\\/produit\\\/garcinia-cambogia-poudre\\\/\"]}]},{\"@type\":\"ImageObject\",\"inLanguage\":\"ar\",\"@id\":\"https:\\\/\\\/naturalim.co\\\/produit\\\/garcinia-cambogia-poudre\\\/#primaryimage\",\"url\":\"https:\\\/\\\/naturalim.co\\\/wp-content\\\/uploads\\\/2024\\\/04\\\/garcinia-combogia-powder-naturalim.jpg\",\"contentUrl\":\"https:\\\/\\\/naturalim.co\\\/wp-content\\\/uploads\\\/2024\\\/04\\\/garcinia-combogia-powder-naturalim.jpg\",\"width\":1600,\"height\":1599},{\"@type\":\"BreadcrumbList\",\"@id\":\"https:\\\/\\\/naturalim.co\\\/produit\\\/garcinia-cambogia-poudre\\\/#breadcrumb\",\"itemListElement\":[{\"@type\":\"ListItem\",\"position\":1,\"name\":\"Home\",\"item\":\"https:\\\/\\\/naturalim.co\\\/\"},{\"@type\":\"ListItem\",\"position\":2,\"name\":\"Shop\",\"item\":\"https:\\\/\\\/naturalim.co\\\/fr\\\/shop\\\/\"},{\"@type\":\"ListItem\",\"position\":3,\"name\":\"Garcinia Cambogia en poudre\"}]},{\"@type\":\"WebSite\",\"@id\":\"https:\\\/\\\/naturalim.co\\\/fr\\\/#website\",\"url\":\"https:\\\/\\\/naturalim.co\\\/fr\\\/\",\"name\":\"Naturalim\",\"description\":\"\",\"publisher\":{\"@id\":\"https:\\\/\\\/naturalim.co\\\/fr\\\/#organization\"},\"potentialAction\":[{\"@type\":\"SearchAction\",\"target\":{\"@type\":\"EntryPoint\",\"urlTemplate\":\"https:\\\/\\\/naturalim.co\\\/fr\\\/?s={search_term_string}\"},\"query-input\":{\"@type\":\"PropertyValueSpecification\",\"valueRequired\":true,\"valueName\":\"search_term_string\"}}],\"inLanguage\":\"ar\"},{\"@type\":\"Organization\",\"@id\":\"https:\\\/\\\/naturalim.co\\\/fr\\\/#organization\",\"name\":\"Naturalim\",\"url\":\"https:\\\/\\\/naturalim.co\\\/fr\\\/\",\"logo\":{\"@type\":\"ImageObject\",\"inLanguage\":\"ar\",\"@id\":\"https:\\\/\\\/naturalim.co\\\/fr\\\/#\\\/schema\\\/logo\\\/image\\\/\",\"url\":\"https:\\\/\\\/naturalim.co\\\/wp-content\\\/uploads\\\/2023\\\/09\\\/Green_Circle_Leaves_Environment_Logo_1_-removebg-preview.png\",\"contentUrl\":\"https:\\\/\\\/naturalim.co\\\/wp-content\\\/uploads\\\/2023\\\/09\\\/Green_Circle_Leaves_Environment_Logo_1_-removebg-preview.png\",\"width\":500,\"height\":500,\"caption\":\"Naturalim\"},\"image\":{\"@id\":\"https:\\\/\\\/naturalim.co\\\/fr\\\/#\\\/schema\\\/logo\\\/image\\\/\"},\"sameAs\":[\"https:\\\/\\\/www.facebook.com\\\/people\\\/Naturalimdz\\\/100063266886704\\\/\",\"https:\\\/\\\/www.instagram.com\\\/naturalim.dz\\\/\"]}]}<\/script>\n<!-- \/ Yoast SEO plugin. -->","yoast_head_json":{"title":"Garcinia Cambogia en poudre - Naturalim","robots":{"index":"index","follow":"follow","max-snippet":"max-snippet:-1","max-image-preview":"max-image-preview:large","max-video-preview":"max-video-preview:-1"},"canonical":"https:\/\/naturalim.co\/ar\/product\/garcinia-cambogia-poudre\/","og_locale":"ar_AR","og_type":"article","og_title":"Garcinia Cambogia en poudre - Naturalim","og_description":"Le Garcinia Cambogia est un fruit tropical, connu pour ses propri\u00e9t\u00e9s minceur. Il aide \u00e0 r\u00e9duire l'app\u00e9tit, limiter le stockage de graisses et soutenir une gestion de poids saine.  C\u2019est un fruit id\u00e9al pour accompagner un mode de vie \u00e9quilibr\u00e9 ; pour allier nature et bien-\u00eatre au quotidien.","og_url":"https:\/\/naturalim.co\/ar\/product\/garcinia-cambogia-poudre\/","og_site_name":"Naturalim","article_publisher":"https:\/\/www.facebook.com\/people\/Naturalimdz\/100063266886704\/","article_modified_time":"2025-01-11T13:10:46+00:00","og_image":[{"width":1600,"height":1599,"url":"https:\/\/naturalim.co\/wp-content\/uploads\/2024\/04\/garcinia-combogia-powder-naturalim.jpg","type":"image\/jpeg"}],"twitter_card":"summary_large_image","twitter_misc":{"\u0648\u0642\u062a \u0627\u0644\u0642\u0631\u0627\u0621\u0629 \u0627\u0644\u0645\u064f\u0642\u062f\u0651\u0631":"\u062f\u0642\u064a\u0642\u062a\u0627\u0646"},"schema":{"@context":"https:\/\/schema.org","@graph":[{"@type":"WebPage","@id":"https:\/\/naturalim.co\/produit\/garcinia-cambogia-poudre\/","url":"https:\/\/naturalim.co\/produit\/garcinia-cambogia-poudre\/","name":"Garcinia Cambogia en poudre - Naturalim","isPartOf":{"@id":"https:\/\/naturalim.co\/fr\/#website"},"primaryImageOfPage":{"@id":"https:\/\/naturalim.co\/produit\/garcinia-cambogia-poudre\/#primaryimage"},"image":{"@id":"https:\/\/naturalim.co\/produit\/garcinia-cambogia-poudre\/#primaryimage"},"thumbnailUrl":"https:\/\/naturalim.co\/wp-content\/uploads\/2024\/04\/garcinia-combogia-powder-naturalim.jpg","datePublished":"2024-04-02T10:35:37+00:00","dateModified":"2025-01-11T13:10:46+00:00","breadcrumb":{"@id":"https:\/\/naturalim.co\/produit\/garcinia-cambogia-poudre\/#breadcrumb"},"inLanguage":"ar","potentialAction":[{"@type":"ReadAction","target":["https:\/\/naturalim.co\/produit\/garcinia-cambogia-poudre\/"]}]},{"@type":"ImageObject","inLanguage":"ar","@id":"https:\/\/naturalim.co\/produit\/garcinia-cambogia-poudre\/#primaryimage","url":"https:\/\/naturalim.co\/wp-content\/uploads\/2024\/04\/garcinia-combogia-powder-naturalim.jpg","contentUrl":"https:\/\/naturalim.co\/wp-content\/uploads\/2024\/04\/garcinia-combogia-powder-naturalim.jpg","width":1600,"height":1599},{"@type":"BreadcrumbList","@id":"https:\/\/naturalim.co\/produit\/garcinia-cambogia-poudre\/#breadcrumb","itemListElement":[{"@type":"ListItem","position":1,"name":"Home","item":"https:\/\/naturalim.co\/"},{"@type":"ListItem","position":2,"name":"Shop","item":"https:\/\/naturalim.co\/fr\/shop\/"},{"@type":"ListItem","position":3,"name":"Garcinia Cambogia en poudre"}]},{"@type":"WebSite","@id":"https:\/\/naturalim.co\/fr\/#website","url":"https:\/\/naturalim.co\/fr\/","name":"Naturalim","description":"","publisher":{"@id":"https:\/\/naturalim.co\/fr\/#organization"},"potentialAction":[{"@type":"SearchAction","target":{"@type":"EntryPoint","urlTemplate":"https:\/\/naturalim.co\/fr\/?s={search_term_string}"},"query-input":{"@type":"PropertyValueSpecification","valueRequired":true,"valueName":"search_term_string"}}],"inLanguage":"ar"},{"@type":"Organization","@id":"https:\/\/naturalim.co\/fr\/#organization","name":"Naturalim","url":"https:\/\/naturalim.co\/fr\/","logo":{"@type":"ImageObject","inLanguage":"ar","@id":"https:\/\/naturalim.co\/fr\/#\/schema\/logo\/image\/","url":"https:\/\/naturalim.co\/wp-content\/uploads\/2023\/09\/Green_Circle_Leaves_Environment_Logo_1_-removebg-preview.png","contentUrl":"https:\/\/naturalim.co\/wp-content\/uploads\/2023\/09\/Green_Circle_Leaves_Environment_Logo_1_-removebg-preview.png","width":500,"height":500,"caption":"Naturalim"},"image":{"@id":"https:\/\/naturalim.co\/fr\/#\/schema\/logo\/image\/"},"sameAs":["https:\/\/www.facebook.com\/people\/Naturalimdz\/100063266886704\/","https:\/\/www.instagram.com\/naturalim.dz\/"]}]}},"uagb_featured_image_src":{"full":["https:\/\/naturalim.co\/wp-content\/uploads\/2024\/04\/garcinia-combogia-powder-naturalim.jpg",1600,1599,false],"thumbnail":["https:\/\/naturalim.co\/wp-content\/uploads\/2024\/04\/garcinia-combogia-powder-naturalim-150x150.jpg",150,150,true],"medium":["https:\/\/naturalim.co\/wp-content\/uploads\/2024\/04\/garcinia-combogia-powder-naturalim-300x300.jpg",300,300,true],"medium_large":["https:\/\/naturalim.co\/wp-content\/uploads\/2024\/04\/garcinia-combogia-powder-naturalim-768x768.jpg",768,768,true],"large":["https:\/\/naturalim.co\/wp-content\/uploads\/2024\/04\/garcinia-combogia-powder-naturalim-1024x1024.jpg",1024,1024,true],"1536x1536":["https:\/\/naturalim.co\/wp-content\/uploads\/2024\/04\/garcinia-combogia-powder-naturalim-1536x1536.jpg",1536,1536,true],"2048x2048":["https:\/\/naturalim.co\/wp-content\/uploads\/2024\/04\/garcinia-combogia-powder-naturalim.jpg",1600,1599,false],"trp-custom-language-flag":["https:\/\/naturalim.co\/wp-content\/uploads\/2024\/04\/garcinia-combogia-powder-naturalim-12x12.jpg",12,12,true],"woocommerce_thumbnail":["https:\/\/naturalim.co\/wp-content\/uploads\/2024\/04\/garcinia-combogia-powder-naturalim-300x300.jpg",300,300,true],"woocommerce_single":["https:\/\/naturalim.co\/wp-content\/uploads\/2024\/04\/garcinia-combogia-powder-naturalim-600x600.jpg",600,600,true],"woocommerce_gallery_thumbnail":["https:\/\/naturalim.co\/wp-content\/uploads\/2024\/04\/garcinia-combogia-powder-naturalim-100x100.jpg",100,100,true],"wc_order_status_icon":["https:\/\/naturalim.co\/wp-content\/uploads\/2024\/04\/garcinia-combogia-powder-naturalim-32x32.jpg",32,32,true],"dgwt-wcas-product-suggestion":["https:\/\/naturalim.co\/wp-content\/uploads\/2024\/04\/garcinia-combogia-powder-naturalim-64x64.jpg",64,64,true]},"uagb_author_info":{"display_name":"admin","author_link":"https:\/\/naturalim.co\/ar\/author\/"},"uagb_comment_info":0,"uagb_excerpt":"Le Garcinia Cambogia est un fruit tropical, connu pour ses propri\u00e9t\u00e9s minceur. Il aide \u00e0 r\u00e9duire l'app\u00e9tit, limiter le stockage de graisses et soutenir une gestion de poids saine. C\u2019est un fruit id\u00e9al pour accompagner un mode de vie \u00e9quilibr\u00e9 ; pour allier nature et bien-\u00eatre au quotidien.","_links":{"self":[{"href":"https:\/\/naturalim.co\/ar\/wp-json\/wp\/v2\/product\/4529","targetHints":{"allow":["GET"]}}],"collection":[{"href":"https:\/\/naturalim.co\/ar\/wp-json\/wp\/v2\/product"}],"about":[{"href":"https:\/\/naturalim.co\/ar\/wp-json\/wp\/v2\/types\/product"}],"replies":[{"embeddable":true,"href":"https:\/\/naturalim.co\/ar\/wp-json\/wp\/v2\/comments?post=4529"}],"wp:featuredmedia":[{"embeddable":true,"href":"https:\/\/naturalim.co\/ar\/wp-json\/wp\/v2\/media\/5216"}],"wp:attachment":[{"href":"https:\/\/naturalim.co\/ar\/wp-json\/wp\/v2\/media?parent=4529"}],"wp:term":[{"taxonomy":"product_brand","embeddable":true,"href":"https:\/\/naturalim.co\/ar\/wp-json\/wp\/v2\/product_brand?post=4529"},{"taxonomy":"product_cat","embeddable":true,"href":"https:\/\/naturalim.co\/ar\/wp-json\/wp\/v2\/product_cat?post=4529"},{"taxonomy":"product_tag","embeddable":true,"href":"https:\/\/naturalim.co\/ar\/wp-json\/wp\/v2\/product_tag?post=4529"}],"curies":[{"name":"wp","href":"https:\/\/api.w.org\/{rel}","templated":true}]}}