{"id":4537,"date":"2024-04-02T11:58:15","date_gmt":"2024-04-02T10:58:15","guid":{"rendered":"https:\/\/naturalim.co\/?post_type=product&#038;p=4537"},"modified":"2025-01-11T14:00:56","modified_gmt":"2025-01-11T13:00:56","slug":"garcinia-cambogia-fruits-seches","status":"publish","type":"product","link":"https:\/\/naturalim.co\/ar\/product\/garcinia-cambogia-fruits-seches\/","title":{"rendered":"\u062b\u0645\u0631\u0629 \u0627\u0644\u063a\u0627\u0631\u0633\u064a\u0646\u064a\u0627 \u0627\u0644\u0645\u062c\u0641\u0641\u0629"},"content":{"rendered":"<p>GARCINIA CAMBOGIA\u00a0: BIENFAITS<\/p>\n<ul>\n<li>Perte de poids, coupe-faim, diur\u00e9tique.<\/li>\n<li>R\u00e9duction du cholest\u00e9rol et des triglyc\u00e9rides.<\/li>\n<li>R\u00e9gulation de la glyc\u00e9mie.<\/li>\n<\/ul>\n<p>(R\u00e9duction du taux de sucre dans le sang, Am\u00e9lioration de la sensibilit\u00e9 \u00e0 l\u2019insuline, r\u00e9duction de l\u2019absorption du glucose dans les intestins et Augmentation de la capacit\u00e9 de stockage du glucose).<\/p>\n<ul>\n<li>Activit\u00e9 anti-inflammatoire.<\/li>\n<li>Activit\u00e9 antioxydante.<\/li>\n<\/ul>\n<p>(Puissant antioxydant qui limite les effets du stress oxydatif provoqu\u00e9 par un r\u00e9gime lipidique etc.).<\/p>\n<ul>\n<li>Combat le cancer.<\/li>\n<\/ul>\n<p>(Du sein, pancr\u00e9as et c\u00f4lon).<\/p>\n<ul>\n<li>Pr\u00e9vention des ulc\u00e8res<\/li>\n<\/ul>\n<p>(Permet \u00e0 l\u2019estomac de mieux se d\u00e9fendre contre les agressions etc.).<\/p>\n<ul>\n<li>Action antibact\u00e9rienne.<\/li>\n<li>Augmentation des niveaux de min\u00e9raux.<\/li>\n<\/ul>\n<p>(Phosphore, de fer, de zinc et de cuivre).<\/p>\n<p>&#8212;&#8212;&#8212;&#8212;&#8212;&#8212;&#8212;&#8212;&#8212;&#8212;&#8212;&#8212;&#8212;&#8212;&#8212;&#8212;&#8212;&#8212;&#8212;&#8212;&#8212;&#8212;&#8212;&#8212;&#8212;&#8212;&#8212;&#8212;&#8212;&#8212;&#8212;&#8212;&#8212;&#8212;&#8212;&#8212;&#8212;&#8212;-<\/p>\n<p>\u062e\u0635\u0627\u0626\u0635 \u0627\u0644\u0645\u0646\u062a\u062c :<\/p>\n<p>Autres noms : Garcinia gummi- gutta \/ Malabar tamarind<\/p>","protected":false},"excerpt":{"rendered":"<pre id=\"firstHeading\" class=\"firstHeading mw-first-heading\">Le Garcinia Cambogia est un fruit tropical, connu pour ses propri\u00e9t\u00e9s minceur.\r\nil aide \u00e0 r\u00e9duire l'app\u00e9tit, limiter le stockage de graisses et soutenir une gestion de poids saine.\r\nC\u2019est un fruit id\u00e9al pour accompagner un mode de vie \u00e9quilibr\u00e9 ; pour allier nature et bien-\u00eatre au quotidien.<\/pre>","protected":false},"featured_media":4543,"comment_status":"open","ping_status":"closed","template":"","meta":{"_acf_changed":false,"_uag_custom_page_level_css":"","site-sidebar-layout":"default","site-content-layout":"","ast-site-content-layout":"default","site-content-style":"default","site-sidebar-style":"default","ast-global-header-display":"","ast-banner-title-visibility":"","ast-main-header-display":"","ast-hfb-above-header-display":"","ast-hfb-below-header-display":"","ast-hfb-mobile-header-display":"","site-post-title":"","ast-breadcrumbs-content":"","ast-featured-img":"","footer-sml-layout":"","ast-disable-related-posts":"","theme-transparent-header-meta":"default","adv-header-id-meta":"","stick-header-meta":"","header-above-stick-meta":"","header-main-stick-meta":"","header-below-stick-meta":"","astra-migrate-meta-layouts":"set","ast-page-background-enabled":"default","ast-page-background-meta":{"desktop":{"background-color":"var(--ast-global-color-4)","background-image":"","background-repeat":"repeat","background-position":"center center","background-size":"auto","background-attachment":"scroll","background-type":"","background-media":"","overlay-type":"","overlay-color":"","overlay-opacity":"","overlay-gradient":""},"tablet":{"background-color":"","background-image":"","background-repeat":"repeat","background-position":"center center","background-size":"auto","background-attachment":"scroll","background-type":"","background-media":"","overlay-type":"","overlay-color":"","overlay-opacity":"","overlay-gradient":""},"mobile":{"background-color":"","background-image":"","background-repeat":"repeat","background-position":"center center","background-size":"auto","background-attachment":"scroll","background-type":"","background-media":"","overlay-type":"","overlay-color":"","overlay-opacity":"","overlay-gradient":""}},"ast-content-background-meta":{"desktop":{"background-color":"var(--ast-global-color-5)","background-image":"","background-repeat":"repeat","background-position":"center center","background-size":"auto","background-attachment":"scroll","background-type":"","background-media":"","overlay-type":"","overlay-color":"","overlay-opacity":"","overlay-gradient":""},"tablet":{"background-color":"var(--ast-global-color-5)","background-image":"","background-repeat":"repeat","background-position":"center center","background-size":"auto","background-attachment":"scroll","background-type":"","background-media":"","overlay-type":"","overlay-color":"","overlay-opacity":"","overlay-gradient":""},"mobile":{"background-color":"var(--ast-global-color-5)","background-image":"","background-repeat":"repeat","background-position":"center center","background-size":"auto","background-attachment":"scroll","background-type":"","background-media":"","overlay-type":"","overlay-color":"","overlay-opacity":"","overlay-gradient":""}},"iawp_total_views":172},"product_brand":[],"product_cat":[49],"product_tag":[],"class_list":{"0":"post-4537","1":"product","2":"type-product","3":"status-publish","4":"has-post-thumbnail","6":"product_cat-herbes-medicinales-aromatiques","7":"desktop-align-center","8":"tablet-align-left","9":"mobile-align-left","11":"first","12":"instock","13":"shipping-taxable","14":"purchasable","15":"product-type-variable","16":"has-default-attributes"},"acf":[],"yoast_head":"<!-- This site is optimized with the Yoast SEO plugin v27.4 - https:\/\/yoast.com\/product\/yoast-seo-wordpress\/ -->\n<title>Fruits de Garcinia Cambogia s\u00e9ch\u00e9s - Naturalim<\/title>\n<meta name=\"robots\" content=\"index, follow, max-snippet:-1, max-image-preview:large, max-video-preview:-1\" \/>\n<link rel=\"canonical\" href=\"https:\/\/naturalim.co\/ar\/product\/garcinia-cambogia-fruits-seches\/\" \/>\n<meta property=\"og:locale\" content=\"ar_AR\" \/>\n<meta property=\"og:type\" content=\"article\" \/>\n<meta property=\"og:title\" content=\"Fruits de Garcinia Cambogia s\u00e9ch\u00e9s - Naturalim\" \/>\n<meta property=\"og:description\" content=\"Le Garcinia Cambogia est un fruit tropical, connu pour ses propri\u00e9t\u00e9s minceur. il aide \u00e0 r\u00e9duire l&#039;app\u00e9tit, limiter le stockage de graisses et soutenir une gestion de poids saine. C\u2019est un fruit id\u00e9al pour accompagner un mode de vie \u00e9quilibr\u00e9 ; pour allier nature et bien-\u00eatre au quotidien.\" \/>\n<meta property=\"og:url\" content=\"https:\/\/naturalim.co\/ar\/product\/garcinia-cambogia-fruits-seches\/\" \/>\n<meta property=\"og:site_name\" content=\"Naturalim\" \/>\n<meta property=\"article:publisher\" content=\"https:\/\/www.facebook.com\/people\/Naturalimdz\/100063266886704\/\" \/>\n<meta property=\"article:modified_time\" content=\"2025-01-11T13:00:56+00:00\" \/>\n<meta property=\"og:image\" content=\"https:\/\/naturalim.co\/wp-content\/uploads\/2024\/04\/garcinia-cambogia-dried-fruits-naturalim.png\" \/>\n\t<meta property=\"og:image:width\" content=\"1068\" \/>\n\t<meta property=\"og:image:height\" content=\"671\" \/>\n\t<meta property=\"og:image:type\" content=\"image\/png\" \/>\n<meta name=\"twitter:card\" content=\"summary_large_image\" \/>\n<meta name=\"twitter:label1\" content=\"\u0648\u0642\u062a \u0627\u0644\u0642\u0631\u0627\u0621\u0629 \u0627\u0644\u0645\u064f\u0642\u062f\u0651\u0631\" \/>\n\t<meta name=\"twitter:data1\" content=\"\u062f\u0642\u064a\u0642\u0629 \u0648\u0627\u062d\u062f\u0629\" \/>\n<script type=\"application\/ld+json\" class=\"yoast-schema-graph\">{\"@context\":\"https:\\\/\\\/schema.org\",\"@graph\":[{\"@type\":\"WebPage\",\"@id\":\"https:\\\/\\\/naturalim.co\\\/produit\\\/garcinia-cambogia-fruits-seches\\\/\",\"url\":\"https:\\\/\\\/naturalim.co\\\/produit\\\/garcinia-cambogia-fruits-seches\\\/\",\"name\":\"Fruits de Garcinia Cambogia s\u00e9ch\u00e9s - Naturalim\",\"isPartOf\":{\"@id\":\"https:\\\/\\\/naturalim.co\\\/fr\\\/#website\"},\"primaryImageOfPage\":{\"@id\":\"https:\\\/\\\/naturalim.co\\\/produit\\\/garcinia-cambogia-fruits-seches\\\/#primaryimage\"},\"image\":{\"@id\":\"https:\\\/\\\/naturalim.co\\\/produit\\\/garcinia-cambogia-fruits-seches\\\/#primaryimage\"},\"thumbnailUrl\":\"https:\\\/\\\/naturalim.co\\\/wp-content\\\/uploads\\\/2024\\\/04\\\/garcinia-cambogia-dried-fruits-naturalim.png\",\"datePublished\":\"2024-04-02T10:58:15+00:00\",\"dateModified\":\"2025-01-11T13:00:56+00:00\",\"breadcrumb\":{\"@id\":\"https:\\\/\\\/naturalim.co\\\/produit\\\/garcinia-cambogia-fruits-seches\\\/#breadcrumb\"},\"inLanguage\":\"ar\",\"potentialAction\":[{\"@type\":\"ReadAction\",\"target\":[\"https:\\\/\\\/naturalim.co\\\/produit\\\/garcinia-cambogia-fruits-seches\\\/\"]}]},{\"@type\":\"ImageObject\",\"inLanguage\":\"ar\",\"@id\":\"https:\\\/\\\/naturalim.co\\\/produit\\\/garcinia-cambogia-fruits-seches\\\/#primaryimage\",\"url\":\"https:\\\/\\\/naturalim.co\\\/wp-content\\\/uploads\\\/2024\\\/04\\\/garcinia-cambogia-dried-fruits-naturalim.png\",\"contentUrl\":\"https:\\\/\\\/naturalim.co\\\/wp-content\\\/uploads\\\/2024\\\/04\\\/garcinia-cambogia-dried-fruits-naturalim.png\",\"width\":1068,\"height\":671},{\"@type\":\"BreadcrumbList\",\"@id\":\"https:\\\/\\\/naturalim.co\\\/produit\\\/garcinia-cambogia-fruits-seches\\\/#breadcrumb\",\"itemListElement\":[{\"@type\":\"ListItem\",\"position\":1,\"name\":\"Home\",\"item\":\"https:\\\/\\\/naturalim.co\\\/\"},{\"@type\":\"ListItem\",\"position\":2,\"name\":\"Shop\",\"item\":\"https:\\\/\\\/naturalim.co\\\/fr\\\/shop\\\/\"},{\"@type\":\"ListItem\",\"position\":3,\"name\":\"Fruits de Garcinia Cambogia s\u00e9ch\u00e9s\"}]},{\"@type\":\"WebSite\",\"@id\":\"https:\\\/\\\/naturalim.co\\\/fr\\\/#website\",\"url\":\"https:\\\/\\\/naturalim.co\\\/fr\\\/\",\"name\":\"Naturalim\",\"description\":\"\",\"publisher\":{\"@id\":\"https:\\\/\\\/naturalim.co\\\/fr\\\/#organization\"},\"potentialAction\":[{\"@type\":\"SearchAction\",\"target\":{\"@type\":\"EntryPoint\",\"urlTemplate\":\"https:\\\/\\\/naturalim.co\\\/fr\\\/?s={search_term_string}\"},\"query-input\":{\"@type\":\"PropertyValueSpecification\",\"valueRequired\":true,\"valueName\":\"search_term_string\"}}],\"inLanguage\":\"ar\"},{\"@type\":\"Organization\",\"@id\":\"https:\\\/\\\/naturalim.co\\\/fr\\\/#organization\",\"name\":\"Naturalim\",\"url\":\"https:\\\/\\\/naturalim.co\\\/fr\\\/\",\"logo\":{\"@type\":\"ImageObject\",\"inLanguage\":\"ar\",\"@id\":\"https:\\\/\\\/naturalim.co\\\/fr\\\/#\\\/schema\\\/logo\\\/image\\\/\",\"url\":\"https:\\\/\\\/naturalim.co\\\/wp-content\\\/uploads\\\/2023\\\/09\\\/Green_Circle_Leaves_Environment_Logo_1_-removebg-preview.png\",\"contentUrl\":\"https:\\\/\\\/naturalim.co\\\/wp-content\\\/uploads\\\/2023\\\/09\\\/Green_Circle_Leaves_Environment_Logo_1_-removebg-preview.png\",\"width\":500,\"height\":500,\"caption\":\"Naturalim\"},\"image\":{\"@id\":\"https:\\\/\\\/naturalim.co\\\/fr\\\/#\\\/schema\\\/logo\\\/image\\\/\"},\"sameAs\":[\"https:\\\/\\\/www.facebook.com\\\/people\\\/Naturalimdz\\\/100063266886704\\\/\",\"https:\\\/\\\/www.instagram.com\\\/naturalim.dz\\\/\"]}]}<\/script>\n<!-- \/ Yoast SEO plugin. -->","yoast_head_json":{"title":"Fruits de Garcinia Cambogia s\u00e9ch\u00e9s - Naturalim","robots":{"index":"index","follow":"follow","max-snippet":"max-snippet:-1","max-image-preview":"max-image-preview:large","max-video-preview":"max-video-preview:-1"},"canonical":"https:\/\/naturalim.co\/ar\/product\/garcinia-cambogia-fruits-seches\/","og_locale":"ar_AR","og_type":"article","og_title":"Fruits de Garcinia Cambogia s\u00e9ch\u00e9s - Naturalim","og_description":"Le Garcinia Cambogia est un fruit tropical, connu pour ses propri\u00e9t\u00e9s minceur. il aide \u00e0 r\u00e9duire l'app\u00e9tit, limiter le stockage de graisses et soutenir une gestion de poids saine. C\u2019est un fruit id\u00e9al pour accompagner un mode de vie \u00e9quilibr\u00e9 ; pour allier nature et bien-\u00eatre au quotidien.","og_url":"https:\/\/naturalim.co\/ar\/product\/garcinia-cambogia-fruits-seches\/","og_site_name":"Naturalim","article_publisher":"https:\/\/www.facebook.com\/people\/Naturalimdz\/100063266886704\/","article_modified_time":"2025-01-11T13:00:56+00:00","og_image":[{"width":1068,"height":671,"url":"https:\/\/naturalim.co\/wp-content\/uploads\/2024\/04\/garcinia-cambogia-dried-fruits-naturalim.png","type":"image\/png"}],"twitter_card":"summary_large_image","twitter_misc":{"\u0648\u0642\u062a \u0627\u0644\u0642\u0631\u0627\u0621\u0629 \u0627\u0644\u0645\u064f\u0642\u062f\u0651\u0631":"\u062f\u0642\u064a\u0642\u0629 \u0648\u0627\u062d\u062f\u0629"},"schema":{"@context":"https:\/\/schema.org","@graph":[{"@type":"WebPage","@id":"https:\/\/naturalim.co\/produit\/garcinia-cambogia-fruits-seches\/","url":"https:\/\/naturalim.co\/produit\/garcinia-cambogia-fruits-seches\/","name":"Fruits de Garcinia Cambogia s\u00e9ch\u00e9s - Naturalim","isPartOf":{"@id":"https:\/\/naturalim.co\/fr\/#website"},"primaryImageOfPage":{"@id":"https:\/\/naturalim.co\/produit\/garcinia-cambogia-fruits-seches\/#primaryimage"},"image":{"@id":"https:\/\/naturalim.co\/produit\/garcinia-cambogia-fruits-seches\/#primaryimage"},"thumbnailUrl":"https:\/\/naturalim.co\/wp-content\/uploads\/2024\/04\/garcinia-cambogia-dried-fruits-naturalim.png","datePublished":"2024-04-02T10:58:15+00:00","dateModified":"2025-01-11T13:00:56+00:00","breadcrumb":{"@id":"https:\/\/naturalim.co\/produit\/garcinia-cambogia-fruits-seches\/#breadcrumb"},"inLanguage":"ar","potentialAction":[{"@type":"ReadAction","target":["https:\/\/naturalim.co\/produit\/garcinia-cambogia-fruits-seches\/"]}]},{"@type":"ImageObject","inLanguage":"ar","@id":"https:\/\/naturalim.co\/produit\/garcinia-cambogia-fruits-seches\/#primaryimage","url":"https:\/\/naturalim.co\/wp-content\/uploads\/2024\/04\/garcinia-cambogia-dried-fruits-naturalim.png","contentUrl":"https:\/\/naturalim.co\/wp-content\/uploads\/2024\/04\/garcinia-cambogia-dried-fruits-naturalim.png","width":1068,"height":671},{"@type":"BreadcrumbList","@id":"https:\/\/naturalim.co\/produit\/garcinia-cambogia-fruits-seches\/#breadcrumb","itemListElement":[{"@type":"ListItem","position":1,"name":"Home","item":"https:\/\/naturalim.co\/"},{"@type":"ListItem","position":2,"name":"Shop","item":"https:\/\/naturalim.co\/fr\/shop\/"},{"@type":"ListItem","position":3,"name":"Fruits de Garcinia Cambogia s\u00e9ch\u00e9s"}]},{"@type":"WebSite","@id":"https:\/\/naturalim.co\/fr\/#website","url":"https:\/\/naturalim.co\/fr\/","name":"Naturalim","description":"","publisher":{"@id":"https:\/\/naturalim.co\/fr\/#organization"},"potentialAction":[{"@type":"SearchAction","target":{"@type":"EntryPoint","urlTemplate":"https:\/\/naturalim.co\/fr\/?s={search_term_string}"},"query-input":{"@type":"PropertyValueSpecification","valueRequired":true,"valueName":"search_term_string"}}],"inLanguage":"ar"},{"@type":"Organization","@id":"https:\/\/naturalim.co\/fr\/#organization","name":"Naturalim","url":"https:\/\/naturalim.co\/fr\/","logo":{"@type":"ImageObject","inLanguage":"ar","@id":"https:\/\/naturalim.co\/fr\/#\/schema\/logo\/image\/","url":"https:\/\/naturalim.co\/wp-content\/uploads\/2023\/09\/Green_Circle_Leaves_Environment_Logo_1_-removebg-preview.png","contentUrl":"https:\/\/naturalim.co\/wp-content\/uploads\/2023\/09\/Green_Circle_Leaves_Environment_Logo_1_-removebg-preview.png","width":500,"height":500,"caption":"Naturalim"},"image":{"@id":"https:\/\/naturalim.co\/fr\/#\/schema\/logo\/image\/"},"sameAs":["https:\/\/www.facebook.com\/people\/Naturalimdz\/100063266886704\/","https:\/\/www.instagram.com\/naturalim.dz\/"]}]}},"uagb_featured_image_src":{"full":["https:\/\/naturalim.co\/wp-content\/uploads\/2024\/04\/garcinia-cambogia-dried-fruits-naturalim.png",1068,671,false],"thumbnail":["https:\/\/naturalim.co\/wp-content\/uploads\/2024\/04\/garcinia-cambogia-dried-fruits-naturalim-150x150.png",150,150,true],"medium":["https:\/\/naturalim.co\/wp-content\/uploads\/2024\/04\/garcinia-cambogia-dried-fruits-naturalim-300x188.png",300,188,true],"medium_large":["https:\/\/naturalim.co\/wp-content\/uploads\/2024\/04\/garcinia-cambogia-dried-fruits-naturalim-768x483.png",768,483,true],"large":["https:\/\/naturalim.co\/wp-content\/uploads\/2024\/04\/garcinia-cambogia-dried-fruits-naturalim-1024x643.png",1024,643,true],"1536x1536":["https:\/\/naturalim.co\/wp-content\/uploads\/2024\/04\/garcinia-cambogia-dried-fruits-naturalim.png",1068,671,false],"2048x2048":["https:\/\/naturalim.co\/wp-content\/uploads\/2024\/04\/garcinia-cambogia-dried-fruits-naturalim.png",1068,671,false],"trp-custom-language-flag":["https:\/\/naturalim.co\/wp-content\/uploads\/2024\/04\/garcinia-cambogia-dried-fruits-naturalim-18x12.png",18,12,true],"woocommerce_thumbnail":["https:\/\/naturalim.co\/wp-content\/uploads\/2024\/04\/garcinia-cambogia-dried-fruits-naturalim-300x300.png",300,300,true],"woocommerce_single":["https:\/\/naturalim.co\/wp-content\/uploads\/2024\/04\/garcinia-cambogia-dried-fruits-naturalim-600x377.png",600,377,true],"woocommerce_gallery_thumbnail":["https:\/\/naturalim.co\/wp-content\/uploads\/2024\/04\/garcinia-cambogia-dried-fruits-naturalim-100x100.png",100,100,true],"wc_order_status_icon":["https:\/\/naturalim.co\/wp-content\/uploads\/2024\/04\/garcinia-cambogia-dried-fruits-naturalim-32x32.png",32,32,true],"dgwt-wcas-product-suggestion":["https:\/\/naturalim.co\/wp-content\/uploads\/2024\/04\/garcinia-cambogia-dried-fruits-naturalim-64x40.png",64,40,true]},"uagb_author_info":{"display_name":"admin","author_link":"https:\/\/naturalim.co\/ar\/author\/"},"uagb_comment_info":0,"uagb_excerpt":"Le Garcinia Cambogia est un fruit tropical, connu pour ses propri\u00e9t\u00e9s minceur. il aide \u00e0 r\u00e9duire l'app\u00e9tit, limiter le stockage de graisses et soutenir une gestion de poids saine. C\u2019est un fruit id\u00e9al pour accompagner un mode de vie \u00e9quilibr\u00e9 ; pour allier nature et bien-\u00eatre au quotidien.","_links":{"self":[{"href":"https:\/\/naturalim.co\/ar\/wp-json\/wp\/v2\/product\/4537","targetHints":{"allow":["GET"]}}],"collection":[{"href":"https:\/\/naturalim.co\/ar\/wp-json\/wp\/v2\/product"}],"about":[{"href":"https:\/\/naturalim.co\/ar\/wp-json\/wp\/v2\/types\/product"}],"replies":[{"embeddable":true,"href":"https:\/\/naturalim.co\/ar\/wp-json\/wp\/v2\/comments?post=4537"}],"wp:featuredmedia":[{"embeddable":true,"href":"https:\/\/naturalim.co\/ar\/wp-json\/wp\/v2\/media\/4543"}],"wp:attachment":[{"href":"https:\/\/naturalim.co\/ar\/wp-json\/wp\/v2\/media?parent=4537"}],"wp:term":[{"taxonomy":"product_brand","embeddable":true,"href":"https:\/\/naturalim.co\/ar\/wp-json\/wp\/v2\/product_brand?post=4537"},{"taxonomy":"product_cat","embeddable":true,"href":"https:\/\/naturalim.co\/ar\/wp-json\/wp\/v2\/product_cat?post=4537"},{"taxonomy":"product_tag","embeddable":true,"href":"https:\/\/naturalim.co\/ar\/wp-json\/wp\/v2\/product_tag?post=4537"}],"curies":[{"name":"wp","href":"https:\/\/api.w.org\/{rel}","templated":true}]}}