{"id":5271,"date":"2024-06-15T13:06:26","date_gmt":"2024-06-15T12:06:26","guid":{"rendered":"https:\/\/naturalim.co\/?post_type=product&#038;p=5271"},"modified":"2025-01-11T14:50:59","modified_gmt":"2025-01-11T13:50:59","slug":"tongkat-ali-tranche-complete-ou-concassee","status":"publish","type":"product","link":"https:\/\/naturalim.co\/ar\/product\/tongkat-ali-tranche-complete-ou-concassee\/","title":{"rendered":"Tongkat Ali : Tranche compl\u00e8te ou cass\u00e9e."},"content":{"rendered":"<p><strong>Comment consommer le Tongkat ali en poudre?<\/strong><\/p>\n<ul>\n<li><strong>\u00bd cuill\u00e8re<\/strong> <strong>\u00e0 caf\u00e9<\/strong> \u00e0 <strong>1 cuill\u00e8re \u00e0 caf\u00e9 rase<\/strong> par jour \/ entre (2g \u00e0 5g)\/jour<\/li>\n<li><strong>Pr\u00e9paration<\/strong> : Dans un grand verre, mettez <strong>1\/2 cuill\u00e8re \u00e0 caf\u00e9<\/strong> de poudre de tongkat ali. Ajoutez 250 ml d&rsquo;eau fr\u00e9missante et m\u00e9langez bien. Laissez infuser pendant 5 minutes. Une fois l&rsquo;infusion pr\u00eate, filtrez-la. Vous pouvez ensuite r\u00e9utiliser la poudre pour une deuxi\u00e8me infusion, en ajoutant \u00e0 nouveau de l&rsquo;eau fr\u00e9missante.<\/li>\n<li>\u00c0 consommer <strong>avant ou apr\u00e8s les repas<\/strong>, selon vos pr\u00e9f\u00e9rences personnelles et vos objectifs sp\u00e9cifiques.<\/li>\n<li>Il est souvent recommand\u00e9 de le prendre <strong>le matin<\/strong> ou en d\u00e9but <strong>d&rsquo;apr\u00e8s-midi<\/strong> pour \u00e9viter toute perturbation du sommeil plus tard et <strong>b\u00e9n\u00e9ficier<\/strong> des <strong>effets stimulateurs d&rsquo;\u00e9nergie du tongkat ali.<\/strong><\/li>\n<li>Il est conseill\u00e9 de <strong>commencer avec des petites doses<\/strong> et augmenter progressivement.<\/li>\n<li>Il est conseill\u00e9 de <strong>consommer<\/strong> le tongkat ali en poudre en <strong>cures de 4 \u00e0 24 semaines<\/strong>.<\/li>\n<\/ul>\n<p><strong>Dur\u00e9e de consommation du tongkat ali :<\/strong><\/p>\n<ul>\n<li><strong>Dur\u00e9e minimale<\/strong> : Pour des effets notables, il est g\u00e9n\u00e9ralement recommand\u00e9 de prendre Tongkat Ali <strong>quotidiennement<\/strong> pendant au moins <strong>4 \u00e0 6 semaines<\/strong>. Ce d\u00e9lai permet au corps de s&rsquo;ajuster et de commencer \u00e0 ressentir des bienfaits comme une <strong>augmentation du taux de testost\u00e9rone<\/strong> et une <strong>am\u00e9lioration de la performance physique<\/strong>.<\/li>\n<li><strong>Dur\u00e9e optimale<\/strong> : De nombreuses \u00e9tudes sugg\u00e8rent que la <strong>prise de Tongkat Ali pendant 12 \u00e0 24 semaines<\/strong> peut produire des avantages significatifs. Les utilisateurs rapportent souvent des <strong>am\u00e9liorations<\/strong> mesurables dans les <strong>niveaux de testost\u00e9rone<\/strong>, l<strong>&lsquo;\u00e9nergie<\/strong> et <strong>le bien-\u00eatre g\u00e9n\u00e9ral<\/strong> au cours de cette p\u00e9riode.<\/li>\n<\/ul>\n<p><strong>Contre-indications \u00e0 la consommation du tongkat ali:<\/strong><\/p>\n<ul>\n<li><strong> Cancer de la prostate et cancer du sein masculin : <\/strong>Les personnes atteintes de cancer de la prostate ou de cancer du sein masculin doivent \u00e9viter le Tongkat Ali, car il peut influencer les niveaux hormonaux et potentiellement aggraver ces conditions.<\/li>\n<li><strong> Maladies cardiaques : <\/strong>Les personnes souffrant de maladies cardiaques doivent \u00e9viter ce suppl\u00e9ment en raison des effets potentiels sur la pression art\u00e9rielle et la fr\u00e9quence cardiaque.<\/li>\n<li><strong> Apn\u00e9e du sommeil : <\/strong>Le Tongkat Ali peut exacerber les sympt\u00f4mes li\u00e9s \u00e0 l&rsquo;apn\u00e9e du sommeil, rendant son utilisation risqu\u00e9e pour ceux qui souffrent de cette condition.<\/li>\n<li><strong>Maladies r\u00e9nales\/h\u00e9patiques : <\/strong>Une fonction h\u00e9patique ou r\u00e9nale alt\u00e9r\u00e9e peut affecter la m\u00e9tabolisation et l&rsquo;\u00e9limination du Tongkat Ali.<\/li>\n<li><strong>Grossesse et allaitement : <\/strong>Il est conseill\u00e9 aux femmes enceintes ou qui allaitent d&rsquo;\u00e9viter le Tongkat Ali en raison du manque d&rsquo;\u00e9tude sur son utilisation dans ces situations.<\/li>\n<li><strong>Enfants : <\/strong>Le Tongkat Ali n&rsquo;est pas recommand\u00e9 pour les enfants.<\/li>\n<\/ul>\n<p><strong>\u062e\u0635\u0627\u0626\u0635 \u0627\u0644\u0645\u0646\u062a\u062c :<\/strong><\/p>\n<ul>\n<li>Pays d&rsquo;importation : Chine.<\/li>\n<li>Autre nom (Surnom) : ginseng malaisien \/ malais.<\/li>\n<li>Autre nom : longjack.<\/li>\n<li>Tranche compl\u00e8te ou tranche concass\u00e9e.<\/li>\n<\/ul>","protected":false},"excerpt":{"rendered":"<p>Le Tongkat Ali est une plante traditionnelle reconnue pour ses propri\u00e9t\u00e9s tonifiantes et aphrodisiaques. Utilis\u00e9 pour soutenir la vitalit\u00e9 masculine, il aide \u00e0 augmenter naturellement l\u2019\u00e9nergie, l\u2019endurance et les performances physiques.<br \/>\nIl favorise l\u2019\u00e9quilibre hormonal et le bien-\u00eatre g\u00e9n\u00e9ral.<br \/>\nUn alli\u00e9 naturel pour votre force et vitalit\u00e9 et une vie active et \u00e9quilibr\u00e9e.<\/p>","protected":false},"featured_media":5280,"comment_status":"open","ping_status":"closed","template":"","meta":{"_acf_changed":false,"_uag_custom_page_level_css":"","site-sidebar-layout":"default","site-content-layout":"","ast-site-content-layout":"default","site-content-style":"default","site-sidebar-style":"default","ast-global-header-display":"","ast-banner-title-visibility":"","ast-main-header-display":"","ast-hfb-above-header-display":"","ast-hfb-below-header-display":"","ast-hfb-mobile-header-display":"","site-post-title":"","ast-breadcrumbs-content":"","ast-featured-img":"","footer-sml-layout":"","ast-disable-related-posts":"","theme-transparent-header-meta":"default","adv-header-id-meta":"","stick-header-meta":"","header-above-stick-meta":"","header-main-stick-meta":"","header-below-stick-meta":"","astra-migrate-meta-layouts":"set","ast-page-background-enabled":"default","ast-page-background-meta":{"desktop":{"background-color":"var(--ast-global-color-4)","background-image":"","background-repeat":"repeat","background-position":"center center","background-size":"auto","background-attachment":"scroll","background-type":"","background-media":"","overlay-type":"","overlay-color":"","overlay-opacity":"","overlay-gradient":""},"tablet":{"background-color":"","background-image":"","background-repeat":"repeat","background-position":"center center","background-size":"auto","background-attachment":"scroll","background-type":"","background-media":"","overlay-type":"","overlay-color":"","overlay-opacity":"","overlay-gradient":""},"mobile":{"background-color":"","background-image":"","background-repeat":"repeat","background-position":"center center","background-size":"auto","background-attachment":"scroll","background-type":"","background-media":"","overlay-type":"","overlay-color":"","overlay-opacity":"","overlay-gradient":""}},"ast-content-background-meta":{"desktop":{"background-color":"var(--ast-global-color-5)","background-image":"","background-repeat":"repeat","background-position":"center center","background-size":"auto","background-attachment":"scroll","background-type":"","background-media":"","overlay-type":"","overlay-color":"","overlay-opacity":"","overlay-gradient":""},"tablet":{"background-color":"var(--ast-global-color-5)","background-image":"","background-repeat":"repeat","background-position":"center center","background-size":"auto","background-attachment":"scroll","background-type":"","background-media":"","overlay-type":"","overlay-color":"","overlay-opacity":"","overlay-gradient":""},"mobile":{"background-color":"var(--ast-global-color-5)","background-image":"","background-repeat":"repeat","background-position":"center center","background-size":"auto","background-attachment":"scroll","background-type":"","background-media":"","overlay-type":"","overlay-color":"","overlay-opacity":"","overlay-gradient":""}},"iawp_total_views":459},"product_brand":[],"product_cat":[49],"product_tag":[],"class_list":{"0":"post-5271","1":"product","2":"type-product","3":"status-publish","4":"has-post-thumbnail","6":"product_cat-herbes-medicinales-aromatiques","7":"desktop-align-center","8":"tablet-align-left","9":"mobile-align-left","11":"first","12":"instock","13":"shipping-taxable","14":"purchasable","15":"product-type-variable","16":"has-default-attributes"},"acf":[],"yoast_head":"<!-- This site is optimized with the Yoast SEO plugin v27.4 - https:\/\/yoast.com\/product\/yoast-seo-wordpress\/ -->\n<title>Tongkat Ali : Tranche compl\u00e8te ou cass\u00e9e. - Naturalim<\/title>\n<meta name=\"robots\" content=\"index, follow, max-snippet:-1, max-image-preview:large, max-video-preview:-1\" \/>\n<link rel=\"canonical\" href=\"https:\/\/naturalim.co\/ar\/product\/tongkat-ali-tranche-complete-ou-concassee\/\" \/>\n<meta property=\"og:locale\" content=\"ar_AR\" \/>\n<meta property=\"og:type\" content=\"article\" \/>\n<meta property=\"og:title\" content=\"Tongkat Ali : Tranche compl\u00e8te ou cass\u00e9e. - Naturalim\" \/>\n<meta property=\"og:description\" content=\"Le Tongkat Ali est une plante traditionnelle reconnue pour ses propri\u00e9t\u00e9s tonifiantes et aphrodisiaques. Utilis\u00e9 pour soutenir la vitalit\u00e9 masculine, il aide \u00e0 augmenter naturellement l\u2019\u00e9nergie, l\u2019endurance et les performances physiques. Il favorise l\u2019\u00e9quilibre hormonal et le bien-\u00eatre g\u00e9n\u00e9ral. Un alli\u00e9 naturel pour votre force et vitalit\u00e9 et une vie active et \u00e9quilibr\u00e9e.\" \/>\n<meta property=\"og:url\" content=\"https:\/\/naturalim.co\/ar\/product\/tongkat-ali-tranche-complete-ou-concassee\/\" \/>\n<meta property=\"og:site_name\" content=\"Naturalim\" \/>\n<meta property=\"article:publisher\" content=\"https:\/\/www.facebook.com\/people\/Naturalimdz\/100063266886704\/\" \/>\n<meta property=\"article:modified_time\" content=\"2025-01-11T13:50:59+00:00\" \/>\n<meta property=\"og:image\" content=\"https:\/\/naturalim.co\/wp-content\/uploads\/2024\/06\/tongkat-ali-roots-concassees.jpg\" \/>\n\t<meta property=\"og:image:width\" content=\"768\" \/>\n\t<meta property=\"og:image:height\" content=\"768\" \/>\n\t<meta property=\"og:image:type\" content=\"image\/jpeg\" \/>\n<meta name=\"twitter:card\" content=\"summary_large_image\" \/>\n<meta name=\"twitter:label1\" content=\"\u0648\u0642\u062a \u0627\u0644\u0642\u0631\u0627\u0621\u0629 \u0627\u0644\u0645\u064f\u0642\u062f\u0651\u0631\" \/>\n\t<meta name=\"twitter:data1\" content=\"3 \u062f\u0642\u0627\u0626\u0642\" \/>\n<script type=\"application\/ld+json\" class=\"yoast-schema-graph\">{\"@context\":\"https:\\\/\\\/schema.org\",\"@graph\":[{\"@type\":\"WebPage\",\"@id\":\"https:\\\/\\\/naturalim.co\\\/produit\\\/tongkat-ali-tranche-complete-ou-concassee\\\/\",\"url\":\"https:\\\/\\\/naturalim.co\\\/produit\\\/tongkat-ali-tranche-complete-ou-concassee\\\/\",\"name\":\"Tongkat Ali : Tranche compl\u00e8te ou cass\u00e9e. - Naturalim\",\"isPartOf\":{\"@id\":\"https:\\\/\\\/naturalim.co\\\/fr\\\/#website\"},\"primaryImageOfPage\":{\"@id\":\"https:\\\/\\\/naturalim.co\\\/produit\\\/tongkat-ali-tranche-complete-ou-concassee\\\/#primaryimage\"},\"image\":{\"@id\":\"https:\\\/\\\/naturalim.co\\\/produit\\\/tongkat-ali-tranche-complete-ou-concassee\\\/#primaryimage\"},\"thumbnailUrl\":\"https:\\\/\\\/naturalim.co\\\/wp-content\\\/uploads\\\/2024\\\/06\\\/tongkat-ali-roots-concassees.jpg\",\"datePublished\":\"2024-06-15T12:06:26+00:00\",\"dateModified\":\"2025-01-11T13:50:59+00:00\",\"breadcrumb\":{\"@id\":\"https:\\\/\\\/naturalim.co\\\/produit\\\/tongkat-ali-tranche-complete-ou-concassee\\\/#breadcrumb\"},\"inLanguage\":\"ar\",\"potentialAction\":[{\"@type\":\"ReadAction\",\"target\":[\"https:\\\/\\\/naturalim.co\\\/produit\\\/tongkat-ali-tranche-complete-ou-concassee\\\/\"]}]},{\"@type\":\"ImageObject\",\"inLanguage\":\"ar\",\"@id\":\"https:\\\/\\\/naturalim.co\\\/produit\\\/tongkat-ali-tranche-complete-ou-concassee\\\/#primaryimage\",\"url\":\"https:\\\/\\\/naturalim.co\\\/wp-content\\\/uploads\\\/2024\\\/06\\\/tongkat-ali-roots-concassees.jpg\",\"contentUrl\":\"https:\\\/\\\/naturalim.co\\\/wp-content\\\/uploads\\\/2024\\\/06\\\/tongkat-ali-roots-concassees.jpg\",\"width\":768,\"height\":768},{\"@type\":\"BreadcrumbList\",\"@id\":\"https:\\\/\\\/naturalim.co\\\/produit\\\/tongkat-ali-tranche-complete-ou-concassee\\\/#breadcrumb\",\"itemListElement\":[{\"@type\":\"ListItem\",\"position\":1,\"name\":\"Home\",\"item\":\"https:\\\/\\\/naturalim.co\\\/\"},{\"@type\":\"ListItem\",\"position\":2,\"name\":\"Shop\",\"item\":\"https:\\\/\\\/naturalim.co\\\/fr\\\/shop\\\/\"},{\"@type\":\"ListItem\",\"position\":3,\"name\":\"Tongkat Ali : Tranche compl\u00e8te ou cass\u00e9e.\"}]},{\"@type\":\"WebSite\",\"@id\":\"https:\\\/\\\/naturalim.co\\\/fr\\\/#website\",\"url\":\"https:\\\/\\\/naturalim.co\\\/fr\\\/\",\"name\":\"Naturalim\",\"description\":\"\",\"publisher\":{\"@id\":\"https:\\\/\\\/naturalim.co\\\/fr\\\/#organization\"},\"potentialAction\":[{\"@type\":\"SearchAction\",\"target\":{\"@type\":\"EntryPoint\",\"urlTemplate\":\"https:\\\/\\\/naturalim.co\\\/fr\\\/?s={search_term_string}\"},\"query-input\":{\"@type\":\"PropertyValueSpecification\",\"valueRequired\":true,\"valueName\":\"search_term_string\"}}],\"inLanguage\":\"ar\"},{\"@type\":\"Organization\",\"@id\":\"https:\\\/\\\/naturalim.co\\\/fr\\\/#organization\",\"name\":\"Naturalim\",\"url\":\"https:\\\/\\\/naturalim.co\\\/fr\\\/\",\"logo\":{\"@type\":\"ImageObject\",\"inLanguage\":\"ar\",\"@id\":\"https:\\\/\\\/naturalim.co\\\/fr\\\/#\\\/schema\\\/logo\\\/image\\\/\",\"url\":\"https:\\\/\\\/naturalim.co\\\/wp-content\\\/uploads\\\/2023\\\/09\\\/Green_Circle_Leaves_Environment_Logo_1_-removebg-preview.png\",\"contentUrl\":\"https:\\\/\\\/naturalim.co\\\/wp-content\\\/uploads\\\/2023\\\/09\\\/Green_Circle_Leaves_Environment_Logo_1_-removebg-preview.png\",\"width\":500,\"height\":500,\"caption\":\"Naturalim\"},\"image\":{\"@id\":\"https:\\\/\\\/naturalim.co\\\/fr\\\/#\\\/schema\\\/logo\\\/image\\\/\"},\"sameAs\":[\"https:\\\/\\\/www.facebook.com\\\/people\\\/Naturalimdz\\\/100063266886704\\\/\",\"https:\\\/\\\/www.instagram.com\\\/naturalim.dz\\\/\"]}]}<\/script>\n<!-- \/ Yoast SEO plugin. -->","yoast_head_json":{"title":"Tongkat Ali : Tranche compl\u00e8te ou cass\u00e9e. - Naturalim","robots":{"index":"index","follow":"follow","max-snippet":"max-snippet:-1","max-image-preview":"max-image-preview:large","max-video-preview":"max-video-preview:-1"},"canonical":"https:\/\/naturalim.co\/ar\/product\/tongkat-ali-tranche-complete-ou-concassee\/","og_locale":"ar_AR","og_type":"article","og_title":"Tongkat Ali : Tranche compl\u00e8te ou cass\u00e9e. - Naturalim","og_description":"Le Tongkat Ali est une plante traditionnelle reconnue pour ses propri\u00e9t\u00e9s tonifiantes et aphrodisiaques. Utilis\u00e9 pour soutenir la vitalit\u00e9 masculine, il aide \u00e0 augmenter naturellement l\u2019\u00e9nergie, l\u2019endurance et les performances physiques. Il favorise l\u2019\u00e9quilibre hormonal et le bien-\u00eatre g\u00e9n\u00e9ral. Un alli\u00e9 naturel pour votre force et vitalit\u00e9 et une vie active et \u00e9quilibr\u00e9e.","og_url":"https:\/\/naturalim.co\/ar\/product\/tongkat-ali-tranche-complete-ou-concassee\/","og_site_name":"Naturalim","article_publisher":"https:\/\/www.facebook.com\/people\/Naturalimdz\/100063266886704\/","article_modified_time":"2025-01-11T13:50:59+00:00","og_image":[{"width":768,"height":768,"url":"https:\/\/naturalim.co\/wp-content\/uploads\/2024\/06\/tongkat-ali-roots-concassees.jpg","type":"image\/jpeg"}],"twitter_card":"summary_large_image","twitter_misc":{"\u0648\u0642\u062a \u0627\u0644\u0642\u0631\u0627\u0621\u0629 \u0627\u0644\u0645\u064f\u0642\u062f\u0651\u0631":"3 \u062f\u0642\u0627\u0626\u0642"},"schema":{"@context":"https:\/\/schema.org","@graph":[{"@type":"WebPage","@id":"https:\/\/naturalim.co\/produit\/tongkat-ali-tranche-complete-ou-concassee\/","url":"https:\/\/naturalim.co\/produit\/tongkat-ali-tranche-complete-ou-concassee\/","name":"Tongkat Ali : Tranche compl\u00e8te ou cass\u00e9e. - Naturalim","isPartOf":{"@id":"https:\/\/naturalim.co\/fr\/#website"},"primaryImageOfPage":{"@id":"https:\/\/naturalim.co\/produit\/tongkat-ali-tranche-complete-ou-concassee\/#primaryimage"},"image":{"@id":"https:\/\/naturalim.co\/produit\/tongkat-ali-tranche-complete-ou-concassee\/#primaryimage"},"thumbnailUrl":"https:\/\/naturalim.co\/wp-content\/uploads\/2024\/06\/tongkat-ali-roots-concassees.jpg","datePublished":"2024-06-15T12:06:26+00:00","dateModified":"2025-01-11T13:50:59+00:00","breadcrumb":{"@id":"https:\/\/naturalim.co\/produit\/tongkat-ali-tranche-complete-ou-concassee\/#breadcrumb"},"inLanguage":"ar","potentialAction":[{"@type":"ReadAction","target":["https:\/\/naturalim.co\/produit\/tongkat-ali-tranche-complete-ou-concassee\/"]}]},{"@type":"ImageObject","inLanguage":"ar","@id":"https:\/\/naturalim.co\/produit\/tongkat-ali-tranche-complete-ou-concassee\/#primaryimage","url":"https:\/\/naturalim.co\/wp-content\/uploads\/2024\/06\/tongkat-ali-roots-concassees.jpg","contentUrl":"https:\/\/naturalim.co\/wp-content\/uploads\/2024\/06\/tongkat-ali-roots-concassees.jpg","width":768,"height":768},{"@type":"BreadcrumbList","@id":"https:\/\/naturalim.co\/produit\/tongkat-ali-tranche-complete-ou-concassee\/#breadcrumb","itemListElement":[{"@type":"ListItem","position":1,"name":"Home","item":"https:\/\/naturalim.co\/"},{"@type":"ListItem","position":2,"name":"Shop","item":"https:\/\/naturalim.co\/fr\/shop\/"},{"@type":"ListItem","position":3,"name":"Tongkat Ali : Tranche compl\u00e8te ou cass\u00e9e."}]},{"@type":"WebSite","@id":"https:\/\/naturalim.co\/fr\/#website","url":"https:\/\/naturalim.co\/fr\/","name":"Naturalim","description":"","publisher":{"@id":"https:\/\/naturalim.co\/fr\/#organization"},"potentialAction":[{"@type":"SearchAction","target":{"@type":"EntryPoint","urlTemplate":"https:\/\/naturalim.co\/fr\/?s={search_term_string}"},"query-input":{"@type":"PropertyValueSpecification","valueRequired":true,"valueName":"search_term_string"}}],"inLanguage":"ar"},{"@type":"Organization","@id":"https:\/\/naturalim.co\/fr\/#organization","name":"Naturalim","url":"https:\/\/naturalim.co\/fr\/","logo":{"@type":"ImageObject","inLanguage":"ar","@id":"https:\/\/naturalim.co\/fr\/#\/schema\/logo\/image\/","url":"https:\/\/naturalim.co\/wp-content\/uploads\/2023\/09\/Green_Circle_Leaves_Environment_Logo_1_-removebg-preview.png","contentUrl":"https:\/\/naturalim.co\/wp-content\/uploads\/2023\/09\/Green_Circle_Leaves_Environment_Logo_1_-removebg-preview.png","width":500,"height":500,"caption":"Naturalim"},"image":{"@id":"https:\/\/naturalim.co\/fr\/#\/schema\/logo\/image\/"},"sameAs":["https:\/\/www.facebook.com\/people\/Naturalimdz\/100063266886704\/","https:\/\/www.instagram.com\/naturalim.dz\/"]}]}},"uagb_featured_image_src":{"full":["https:\/\/naturalim.co\/wp-content\/uploads\/2024\/06\/tongkat-ali-roots-concassees.jpg",768,768,false],"thumbnail":["https:\/\/naturalim.co\/wp-content\/uploads\/2024\/06\/tongkat-ali-roots-concassees-150x150.jpg",150,150,true],"medium":["https:\/\/naturalim.co\/wp-content\/uploads\/2024\/06\/tongkat-ali-roots-concassees-300x300.jpg",300,300,true],"medium_large":["https:\/\/naturalim.co\/wp-content\/uploads\/2024\/06\/tongkat-ali-roots-concassees.jpg",768,768,false],"large":["https:\/\/naturalim.co\/wp-content\/uploads\/2024\/06\/tongkat-ali-roots-concassees.jpg",768,768,false],"1536x1536":["https:\/\/naturalim.co\/wp-content\/uploads\/2024\/06\/tongkat-ali-roots-concassees.jpg",768,768,false],"2048x2048":["https:\/\/naturalim.co\/wp-content\/uploads\/2024\/06\/tongkat-ali-roots-concassees.jpg",768,768,false],"trp-custom-language-flag":["https:\/\/naturalim.co\/wp-content\/uploads\/2024\/06\/tongkat-ali-roots-concassees-12x12.jpg",12,12,true],"woocommerce_thumbnail":["https:\/\/naturalim.co\/wp-content\/uploads\/2024\/06\/tongkat-ali-roots-concassees-300x300.jpg",300,300,true],"woocommerce_single":["https:\/\/naturalim.co\/wp-content\/uploads\/2024\/06\/tongkat-ali-roots-concassees-600x600.jpg",600,600,true],"woocommerce_gallery_thumbnail":["https:\/\/naturalim.co\/wp-content\/uploads\/2024\/06\/tongkat-ali-roots-concassees-100x100.jpg",100,100,true],"wc_order_status_icon":["https:\/\/naturalim.co\/wp-content\/uploads\/2024\/06\/tongkat-ali-roots-concassees-32x32.jpg",32,32,true],"dgwt-wcas-product-suggestion":["https:\/\/naturalim.co\/wp-content\/uploads\/2024\/06\/tongkat-ali-roots-concassees-64x64.jpg",64,64,true]},"uagb_author_info":{"display_name":"admin","author_link":"https:\/\/naturalim.co\/ar\/author\/"},"uagb_comment_info":0,"uagb_excerpt":"Le Tongkat Ali est une plante traditionnelle reconnue pour ses propri\u00e9t\u00e9s tonifiantes et aphrodisiaques. Utilis\u00e9 pour soutenir la vitalit\u00e9 masculine, il aide \u00e0 augmenter naturellement l\u2019\u00e9nergie, l\u2019endurance et les performances physiques. Il favorise l\u2019\u00e9quilibre hormonal et le bien-\u00eatre g\u00e9n\u00e9ral. Un alli\u00e9 naturel pour votre force et vitalit\u00e9 et une vie active et \u00e9quilibr\u00e9e.","_links":{"self":[{"href":"https:\/\/naturalim.co\/ar\/wp-json\/wp\/v2\/product\/5271","targetHints":{"allow":["GET"]}}],"collection":[{"href":"https:\/\/naturalim.co\/ar\/wp-json\/wp\/v2\/product"}],"about":[{"href":"https:\/\/naturalim.co\/ar\/wp-json\/wp\/v2\/types\/product"}],"replies":[{"embeddable":true,"href":"https:\/\/naturalim.co\/ar\/wp-json\/wp\/v2\/comments?post=5271"}],"wp:featuredmedia":[{"embeddable":true,"href":"https:\/\/naturalim.co\/ar\/wp-json\/wp\/v2\/media\/5280"}],"wp:attachment":[{"href":"https:\/\/naturalim.co\/ar\/wp-json\/wp\/v2\/media?parent=5271"}],"wp:term":[{"taxonomy":"product_brand","embeddable":true,"href":"https:\/\/naturalim.co\/ar\/wp-json\/wp\/v2\/product_brand?post=5271"},{"taxonomy":"product_cat","embeddable":true,"href":"https:\/\/naturalim.co\/ar\/wp-json\/wp\/v2\/product_cat?post=5271"},{"taxonomy":"product_tag","embeddable":true,"href":"https:\/\/naturalim.co\/ar\/wp-json\/wp\/v2\/product_tag?post=5271"}],"curies":[{"name":"wp","href":"https:\/\/api.w.org\/{rel}","templated":true}]}}