{"id":5491,"date":"2024-07-01T16:49:27","date_gmt":"2024-07-01T15:49:27","guid":{"rendered":"https:\/\/naturalim.co\/?post_type=product&#038;p=5491"},"modified":"2024-07-11T12:27:53","modified_gmt":"2024-07-11T11:27:53","slug":"pollen-dabeilles-en-poudre","status":"publish","type":"product","link":"https:\/\/naturalim.co\/ar\/product\/pollen-dabeilles-en-poudre\/","title":{"rendered":"Pollen d&rsquo;abeilles en poudre"},"content":{"rendered":"<p>\u062e\u0635\u0627\u0626\u0635 \u0627\u0644\u0645\u0646\u062a\u062c :<\/p>\n<p>-Mouture en Alg\u00e9rie.<\/p>\n<p>-Pays origine\u00a0 du pollen en grain : Importation.<\/p>","protected":false},"excerpt":{"rendered":"<p>Le pollen d&rsquo;abeilles est un aliment r\u00e9colt\u00e9 par les abeilles lors de leurs visites florales.<\/p>\n<p>Il est cultiv\u00e9 avec soin par des apiculteurs.<\/p>\n<p>C\u2019est compl\u00e9ment alimentaire est naturel ,complet, authentique et facilement assimilable.<\/p>\n<p>Ce superfood, tr\u00e9sor naturel de la ruche, est riche en nutriments essentiels, pour votre sant\u00e9.<\/p>\n<p>Le pollen est une v\u00e9ritable merveille de la nature pour une vie saine et \u00e9quilibr\u00e9e.<\/p>","protected":false},"featured_media":5561,"comment_status":"closed","ping_status":"closed","template":"","meta":{"_acf_changed":false,"_uag_custom_page_level_css":"","site-sidebar-layout":"default","site-content-layout":"","ast-site-content-layout":"default","site-content-style":"default","site-sidebar-style":"default","ast-global-header-display":"","ast-banner-title-visibility":"","ast-main-header-display":"","ast-hfb-above-header-display":"","ast-hfb-below-header-display":"","ast-hfb-mobile-header-display":"","site-post-title":"","ast-breadcrumbs-content":"","ast-featured-img":"","footer-sml-layout":"","ast-disable-related-posts":"","theme-transparent-header-meta":"default","adv-header-id-meta":"","stick-header-meta":"","header-above-stick-meta":"","header-main-stick-meta":"","header-below-stick-meta":"","astra-migrate-meta-layouts":"set","ast-page-background-enabled":"default","ast-page-background-meta":{"desktop":{"background-color":"var(--ast-global-color-4)","background-image":"","background-repeat":"repeat","background-position":"center center","background-size":"auto","background-attachment":"scroll","background-type":"","background-media":"","overlay-type":"","overlay-color":"","overlay-opacity":"","overlay-gradient":""},"tablet":{"background-color":"","background-image":"","background-repeat":"repeat","background-position":"center center","background-size":"auto","background-attachment":"scroll","background-type":"","background-media":"","overlay-type":"","overlay-color":"","overlay-opacity":"","overlay-gradient":""},"mobile":{"background-color":"","background-image":"","background-repeat":"repeat","background-position":"center center","background-size":"auto","background-attachment":"scroll","background-type":"","background-media":"","overlay-type":"","overlay-color":"","overlay-opacity":"","overlay-gradient":""}},"ast-content-background-meta":{"desktop":{"background-color":"var(--ast-global-color-5)","background-image":"","background-repeat":"repeat","background-position":"center center","background-size":"auto","background-attachment":"scroll","background-type":"","background-media":"","overlay-type":"","overlay-color":"","overlay-opacity":"","overlay-gradient":""},"tablet":{"background-color":"var(--ast-global-color-5)","background-image":"","background-repeat":"repeat","background-position":"center center","background-size":"auto","background-attachment":"scroll","background-type":"","background-media":"","overlay-type":"","overlay-color":"","overlay-opacity":"","overlay-gradient":""},"mobile":{"background-color":"var(--ast-global-color-5)","background-image":"","background-repeat":"repeat","background-position":"center center","background-size":"auto","background-attachment":"scroll","background-type":"","background-media":"","overlay-type":"","overlay-color":"","overlay-opacity":"","overlay-gradient":""}},"iawp_total_views":171},"product_brand":[],"product_cat":[51],"product_tag":[],"class_list":{"0":"post-5491","1":"product","2":"type-product","3":"status-publish","4":"has-post-thumbnail","6":"product_cat-superaliments","7":"desktop-align-center","8":"tablet-align-left","9":"mobile-align-left","11":"first","12":"instock","13":"shipping-taxable","14":"purchasable","15":"product-type-variable","16":"has-default-attributes"},"acf":[],"yoast_head":"<!-- This site is optimized with the Yoast SEO plugin v27.3 - https:\/\/yoast.com\/product\/yoast-seo-wordpress\/ -->\n<title>Pollen d&#039;abeilles en poudre - Naturalim<\/title>\n<meta name=\"robots\" content=\"index, follow, max-snippet:-1, max-image-preview:large, max-video-preview:-1\" \/>\n<link rel=\"canonical\" href=\"https:\/\/naturalim.co\/ar\/product\/pollen-dabeilles-en-poudre\/\" \/>\n<meta property=\"og:locale\" content=\"ar_AR\" \/>\n<meta property=\"og:type\" content=\"article\" \/>\n<meta property=\"og:title\" content=\"Pollen d&#039;abeilles en poudre - Naturalim\" \/>\n<meta property=\"og:description\" content=\"Le pollen d&#039;abeilles est un aliment r\u00e9colt\u00e9 par les abeilles lors de leurs visites florales.  Il est cultiv\u00e9 avec soin par des apiculteurs.  C\u2019est compl\u00e9ment alimentaire est naturel ,complet, authentique et facilement assimilable.  Ce superfood, tr\u00e9sor naturel de la ruche, est riche en nutriments essentiels, pour votre sant\u00e9.  Le pollen est une v\u00e9ritable merveille de la nature pour une vie saine et \u00e9quilibr\u00e9e.\" \/>\n<meta property=\"og:url\" content=\"https:\/\/naturalim.co\/ar\/product\/pollen-dabeilles-en-poudre\/\" \/>\n<meta property=\"og:site_name\" content=\"Naturalim\" \/>\n<meta property=\"article:publisher\" content=\"https:\/\/www.facebook.com\/people\/Naturalimdz\/100063266886704\/\" \/>\n<meta property=\"article:modified_time\" content=\"2024-07-11T11:27:53+00:00\" \/>\n<meta property=\"og:image\" content=\"https:\/\/naturalim.co\/wp-content\/uploads\/2024\/07\/dried-bee-pollen-powder-bulk.jpeg\" \/>\n\t<meta property=\"og:image:width\" content=\"474\" \/>\n\t<meta property=\"og:image:height\" content=\"474\" \/>\n\t<meta property=\"og:image:type\" content=\"image\/jpeg\" \/>\n<meta name=\"twitter:card\" content=\"summary_large_image\" \/>\n<meta name=\"twitter:label1\" content=\"\u0648\u0642\u062a \u0627\u0644\u0642\u0631\u0627\u0621\u0629 \u0627\u0644\u0645\u064f\u0642\u062f\u0651\u0631\" \/>\n\t<meta name=\"twitter:data1\" content=\"\u062f\u0642\u064a\u0642\u0629 \u0648\u0627\u062d\u062f\u0629\" \/>\n<script type=\"application\/ld+json\" class=\"yoast-schema-graph\">{\"@context\":\"https:\\\/\\\/schema.org\",\"@graph\":[{\"@type\":\"WebPage\",\"@id\":\"https:\\\/\\\/naturalim.co\\\/produit\\\/pollen-dabeilles-en-poudre\\\/\",\"url\":\"https:\\\/\\\/naturalim.co\\\/produit\\\/pollen-dabeilles-en-poudre\\\/\",\"name\":\"Pollen d'abeilles en poudre - Naturalim\",\"isPartOf\":{\"@id\":\"https:\\\/\\\/naturalim.co\\\/fr\\\/#website\"},\"primaryImageOfPage\":{\"@id\":\"https:\\\/\\\/naturalim.co\\\/produit\\\/pollen-dabeilles-en-poudre\\\/#primaryimage\"},\"image\":{\"@id\":\"https:\\\/\\\/naturalim.co\\\/produit\\\/pollen-dabeilles-en-poudre\\\/#primaryimage\"},\"thumbnailUrl\":\"https:\\\/\\\/naturalim.co\\\/wp-content\\\/uploads\\\/2024\\\/07\\\/dried-bee-pollen-powder-bulk.jpeg\",\"datePublished\":\"2024-07-01T15:49:27+00:00\",\"dateModified\":\"2024-07-11T11:27:53+00:00\",\"breadcrumb\":{\"@id\":\"https:\\\/\\\/naturalim.co\\\/produit\\\/pollen-dabeilles-en-poudre\\\/#breadcrumb\"},\"inLanguage\":\"ar\",\"potentialAction\":[{\"@type\":\"ReadAction\",\"target\":[\"https:\\\/\\\/naturalim.co\\\/produit\\\/pollen-dabeilles-en-poudre\\\/\"]}]},{\"@type\":\"ImageObject\",\"inLanguage\":\"ar\",\"@id\":\"https:\\\/\\\/naturalim.co\\\/produit\\\/pollen-dabeilles-en-poudre\\\/#primaryimage\",\"url\":\"https:\\\/\\\/naturalim.co\\\/wp-content\\\/uploads\\\/2024\\\/07\\\/dried-bee-pollen-powder-bulk.jpeg\",\"contentUrl\":\"https:\\\/\\\/naturalim.co\\\/wp-content\\\/uploads\\\/2024\\\/07\\\/dried-bee-pollen-powder-bulk.jpeg\",\"width\":474,\"height\":474},{\"@type\":\"BreadcrumbList\",\"@id\":\"https:\\\/\\\/naturalim.co\\\/produit\\\/pollen-dabeilles-en-poudre\\\/#breadcrumb\",\"itemListElement\":[{\"@type\":\"ListItem\",\"position\":1,\"name\":\"Home\",\"item\":\"https:\\\/\\\/naturalim.co\\\/\"},{\"@type\":\"ListItem\",\"position\":2,\"name\":\"Shop\",\"item\":\"https:\\\/\\\/naturalim.co\\\/fr\\\/shop\\\/\"},{\"@type\":\"ListItem\",\"position\":3,\"name\":\"Pollen d&#8217;abeilles en poudre\"}]},{\"@type\":\"WebSite\",\"@id\":\"https:\\\/\\\/naturalim.co\\\/fr\\\/#website\",\"url\":\"https:\\\/\\\/naturalim.co\\\/fr\\\/\",\"name\":\"Naturalim\",\"description\":\"\",\"publisher\":{\"@id\":\"https:\\\/\\\/naturalim.co\\\/fr\\\/#organization\"},\"potentialAction\":[{\"@type\":\"SearchAction\",\"target\":{\"@type\":\"EntryPoint\",\"urlTemplate\":\"https:\\\/\\\/naturalim.co\\\/fr\\\/?s={search_term_string}\"},\"query-input\":{\"@type\":\"PropertyValueSpecification\",\"valueRequired\":true,\"valueName\":\"search_term_string\"}}],\"inLanguage\":\"ar\"},{\"@type\":\"Organization\",\"@id\":\"https:\\\/\\\/naturalim.co\\\/fr\\\/#organization\",\"name\":\"Naturalim\",\"url\":\"https:\\\/\\\/naturalim.co\\\/fr\\\/\",\"logo\":{\"@type\":\"ImageObject\",\"inLanguage\":\"ar\",\"@id\":\"https:\\\/\\\/naturalim.co\\\/fr\\\/#\\\/schema\\\/logo\\\/image\\\/\",\"url\":\"https:\\\/\\\/naturalim.co\\\/wp-content\\\/uploads\\\/2023\\\/09\\\/Green_Circle_Leaves_Environment_Logo_1_-removebg-preview.png\",\"contentUrl\":\"https:\\\/\\\/naturalim.co\\\/wp-content\\\/uploads\\\/2023\\\/09\\\/Green_Circle_Leaves_Environment_Logo_1_-removebg-preview.png\",\"width\":500,\"height\":500,\"caption\":\"Naturalim\"},\"image\":{\"@id\":\"https:\\\/\\\/naturalim.co\\\/fr\\\/#\\\/schema\\\/logo\\\/image\\\/\"},\"sameAs\":[\"https:\\\/\\\/www.facebook.com\\\/people\\\/Naturalimdz\\\/100063266886704\\\/\",\"https:\\\/\\\/www.instagram.com\\\/naturalim.dz\\\/\"]}]}<\/script>\n<!-- \/ Yoast SEO plugin. -->","yoast_head_json":{"title":"Pollen d'abeilles en poudre - Naturalim","robots":{"index":"index","follow":"follow","max-snippet":"max-snippet:-1","max-image-preview":"max-image-preview:large","max-video-preview":"max-video-preview:-1"},"canonical":"https:\/\/naturalim.co\/ar\/product\/pollen-dabeilles-en-poudre\/","og_locale":"ar_AR","og_type":"article","og_title":"Pollen d'abeilles en poudre - Naturalim","og_description":"Le pollen d'abeilles est un aliment r\u00e9colt\u00e9 par les abeilles lors de leurs visites florales.  Il est cultiv\u00e9 avec soin par des apiculteurs.  C\u2019est compl\u00e9ment alimentaire est naturel ,complet, authentique et facilement assimilable.  Ce superfood, tr\u00e9sor naturel de la ruche, est riche en nutriments essentiels, pour votre sant\u00e9.  Le pollen est une v\u00e9ritable merveille de la nature pour une vie saine et \u00e9quilibr\u00e9e.","og_url":"https:\/\/naturalim.co\/ar\/product\/pollen-dabeilles-en-poudre\/","og_site_name":"Naturalim","article_publisher":"https:\/\/www.facebook.com\/people\/Naturalimdz\/100063266886704\/","article_modified_time":"2024-07-11T11:27:53+00:00","og_image":[{"width":474,"height":474,"url":"https:\/\/naturalim.co\/wp-content\/uploads\/2024\/07\/dried-bee-pollen-powder-bulk.jpeg","type":"image\/jpeg"}],"twitter_card":"summary_large_image","twitter_misc":{"\u0648\u0642\u062a \u0627\u0644\u0642\u0631\u0627\u0621\u0629 \u0627\u0644\u0645\u064f\u0642\u062f\u0651\u0631":"\u062f\u0642\u064a\u0642\u0629 \u0648\u0627\u062d\u062f\u0629"},"schema":{"@context":"https:\/\/schema.org","@graph":[{"@type":"WebPage","@id":"https:\/\/naturalim.co\/produit\/pollen-dabeilles-en-poudre\/","url":"https:\/\/naturalim.co\/produit\/pollen-dabeilles-en-poudre\/","name":"Pollen d'abeilles en poudre - Naturalim","isPartOf":{"@id":"https:\/\/naturalim.co\/fr\/#website"},"primaryImageOfPage":{"@id":"https:\/\/naturalim.co\/produit\/pollen-dabeilles-en-poudre\/#primaryimage"},"image":{"@id":"https:\/\/naturalim.co\/produit\/pollen-dabeilles-en-poudre\/#primaryimage"},"thumbnailUrl":"https:\/\/naturalim.co\/wp-content\/uploads\/2024\/07\/dried-bee-pollen-powder-bulk.jpeg","datePublished":"2024-07-01T15:49:27+00:00","dateModified":"2024-07-11T11:27:53+00:00","breadcrumb":{"@id":"https:\/\/naturalim.co\/produit\/pollen-dabeilles-en-poudre\/#breadcrumb"},"inLanguage":"ar","potentialAction":[{"@type":"ReadAction","target":["https:\/\/naturalim.co\/produit\/pollen-dabeilles-en-poudre\/"]}]},{"@type":"ImageObject","inLanguage":"ar","@id":"https:\/\/naturalim.co\/produit\/pollen-dabeilles-en-poudre\/#primaryimage","url":"https:\/\/naturalim.co\/wp-content\/uploads\/2024\/07\/dried-bee-pollen-powder-bulk.jpeg","contentUrl":"https:\/\/naturalim.co\/wp-content\/uploads\/2024\/07\/dried-bee-pollen-powder-bulk.jpeg","width":474,"height":474},{"@type":"BreadcrumbList","@id":"https:\/\/naturalim.co\/produit\/pollen-dabeilles-en-poudre\/#breadcrumb","itemListElement":[{"@type":"ListItem","position":1,"name":"Home","item":"https:\/\/naturalim.co\/"},{"@type":"ListItem","position":2,"name":"Shop","item":"https:\/\/naturalim.co\/fr\/shop\/"},{"@type":"ListItem","position":3,"name":"Pollen d&#8217;abeilles en poudre"}]},{"@type":"WebSite","@id":"https:\/\/naturalim.co\/fr\/#website","url":"https:\/\/naturalim.co\/fr\/","name":"Naturalim","description":"","publisher":{"@id":"https:\/\/naturalim.co\/fr\/#organization"},"potentialAction":[{"@type":"SearchAction","target":{"@type":"EntryPoint","urlTemplate":"https:\/\/naturalim.co\/fr\/?s={search_term_string}"},"query-input":{"@type":"PropertyValueSpecification","valueRequired":true,"valueName":"search_term_string"}}],"inLanguage":"ar"},{"@type":"Organization","@id":"https:\/\/naturalim.co\/fr\/#organization","name":"Naturalim","url":"https:\/\/naturalim.co\/fr\/","logo":{"@type":"ImageObject","inLanguage":"ar","@id":"https:\/\/naturalim.co\/fr\/#\/schema\/logo\/image\/","url":"https:\/\/naturalim.co\/wp-content\/uploads\/2023\/09\/Green_Circle_Leaves_Environment_Logo_1_-removebg-preview.png","contentUrl":"https:\/\/naturalim.co\/wp-content\/uploads\/2023\/09\/Green_Circle_Leaves_Environment_Logo_1_-removebg-preview.png","width":500,"height":500,"caption":"Naturalim"},"image":{"@id":"https:\/\/naturalim.co\/fr\/#\/schema\/logo\/image\/"},"sameAs":["https:\/\/www.facebook.com\/people\/Naturalimdz\/100063266886704\/","https:\/\/www.instagram.com\/naturalim.dz\/"]}]}},"uagb_featured_image_src":{"full":["https:\/\/naturalim.co\/wp-content\/uploads\/2024\/07\/dried-bee-pollen-powder-bulk.jpeg",474,474,false],"thumbnail":["https:\/\/naturalim.co\/wp-content\/uploads\/2024\/07\/dried-bee-pollen-powder-bulk-150x150.jpeg",150,150,true],"medium":["https:\/\/naturalim.co\/wp-content\/uploads\/2024\/07\/dried-bee-pollen-powder-bulk-300x300.jpeg",300,300,true],"medium_large":["https:\/\/naturalim.co\/wp-content\/uploads\/2024\/07\/dried-bee-pollen-powder-bulk.jpeg",474,474,false],"large":["https:\/\/naturalim.co\/wp-content\/uploads\/2024\/07\/dried-bee-pollen-powder-bulk.jpeg",474,474,false],"1536x1536":["https:\/\/naturalim.co\/wp-content\/uploads\/2024\/07\/dried-bee-pollen-powder-bulk.jpeg",474,474,false],"2048x2048":["https:\/\/naturalim.co\/wp-content\/uploads\/2024\/07\/dried-bee-pollen-powder-bulk.jpeg",474,474,false],"trp-custom-language-flag":["https:\/\/naturalim.co\/wp-content\/uploads\/2024\/07\/dried-bee-pollen-powder-bulk-12x12.jpeg",12,12,true],"woocommerce_thumbnail":["https:\/\/naturalim.co\/wp-content\/uploads\/2024\/07\/dried-bee-pollen-powder-bulk-300x300.jpeg",300,300,true],"woocommerce_single":["https:\/\/naturalim.co\/wp-content\/uploads\/2024\/07\/dried-bee-pollen-powder-bulk.jpeg",474,474,false],"woocommerce_gallery_thumbnail":["https:\/\/naturalim.co\/wp-content\/uploads\/2024\/07\/dried-bee-pollen-powder-bulk-100x100.jpeg",100,100,true],"wc_order_status_icon":["https:\/\/naturalim.co\/wp-content\/uploads\/2024\/07\/dried-bee-pollen-powder-bulk-32x32.jpeg",32,32,true],"dgwt-wcas-product-suggestion":["https:\/\/naturalim.co\/wp-content\/uploads\/2024\/07\/dried-bee-pollen-powder-bulk-64x64.jpeg",64,64,true]},"uagb_author_info":{"display_name":"admin","author_link":"https:\/\/naturalim.co\/ar\/author\/"},"uagb_comment_info":0,"uagb_excerpt":"Le pollen d'abeilles est un aliment r\u00e9colt\u00e9 par les abeilles lors de leurs visites florales. Il est cultiv\u00e9 avec soin par des apiculteurs. C\u2019est compl\u00e9ment alimentaire est naturel ,complet, authentique et facilement assimilable. Ce superfood, tr\u00e9sor naturel de la ruche, est riche en nutriments essentiels, pour votre sant\u00e9. Le pollen est une v\u00e9ritable merveille de&hellip;","_links":{"self":[{"href":"https:\/\/naturalim.co\/ar\/wp-json\/wp\/v2\/product\/5491","targetHints":{"allow":["GET"]}}],"collection":[{"href":"https:\/\/naturalim.co\/ar\/wp-json\/wp\/v2\/product"}],"about":[{"href":"https:\/\/naturalim.co\/ar\/wp-json\/wp\/v2\/types\/product"}],"replies":[{"embeddable":true,"href":"https:\/\/naturalim.co\/ar\/wp-json\/wp\/v2\/comments?post=5491"}],"wp:featuredmedia":[{"embeddable":true,"href":"https:\/\/naturalim.co\/ar\/wp-json\/wp\/v2\/media\/5561"}],"wp:attachment":[{"href":"https:\/\/naturalim.co\/ar\/wp-json\/wp\/v2\/media?parent=5491"}],"wp:term":[{"taxonomy":"product_brand","embeddable":true,"href":"https:\/\/naturalim.co\/ar\/wp-json\/wp\/v2\/product_brand?post=5491"},{"taxonomy":"product_cat","embeddable":true,"href":"https:\/\/naturalim.co\/ar\/wp-json\/wp\/v2\/product_cat?post=5491"},{"taxonomy":"product_tag","embeddable":true,"href":"https:\/\/naturalim.co\/ar\/wp-json\/wp\/v2\/product_tag?post=5491"}],"curies":[{"name":"wp","href":"https:\/\/api.w.org\/{rel}","templated":true}]}}