{"id":6992,"date":"2025-06-14T12:14:02","date_gmt":"2025-06-14T11:14:02","guid":{"rendered":"https:\/\/naturalim.co\/?post_type=product&#038;p=6992"},"modified":"2025-06-14T12:22:23","modified_gmt":"2025-06-14T11:22:23","slug":"gomme-arabique-e414","status":"publish","type":"product","link":"https:\/\/naturalim.co\/ar\/product\/gomme-arabique-e414\/","title":{"rendered":"Gomme Arabique Poudre E414"},"content":{"rendered":"","protected":false},"excerpt":{"rendered":"<p>La gomme arabique poudre E414 est un produit naturel issu de la gomme arabique, utilis\u00e9 comme \u00e9mulsifiant et stabilisateur dans la pr\u00e9paration de recette keto et sans gluten.<\/p>","protected":false},"featured_media":2804,"comment_status":"closed","ping_status":"closed","template":"","meta":{"_acf_changed":false,"_uag_custom_page_level_css":"","site-sidebar-layout":"default","site-content-layout":"","ast-site-content-layout":"default","site-content-style":"default","site-sidebar-style":"default","ast-global-header-display":"","ast-banner-title-visibility":"","ast-main-header-display":"","ast-hfb-above-header-display":"","ast-hfb-below-header-display":"","ast-hfb-mobile-header-display":"","site-post-title":"","ast-breadcrumbs-content":"","ast-featured-img":"","footer-sml-layout":"","ast-disable-related-posts":"","theme-transparent-header-meta":"default","adv-header-id-meta":"","stick-header-meta":"","header-above-stick-meta":"","header-main-stick-meta":"","header-below-stick-meta":"","astra-migrate-meta-layouts":"set","ast-page-background-enabled":"default","ast-page-background-meta":{"desktop":{"background-color":"var(--ast-global-color-4)","background-image":"","background-repeat":"repeat","background-position":"center center","background-size":"auto","background-attachment":"scroll","background-type":"","background-media":"","overlay-type":"","overlay-color":"","overlay-opacity":"","overlay-gradient":""},"tablet":{"background-color":"","background-image":"","background-repeat":"repeat","background-position":"center center","background-size":"auto","background-attachment":"scroll","background-type":"","background-media":"","overlay-type":"","overlay-color":"","overlay-opacity":"","overlay-gradient":""},"mobile":{"background-color":"","background-image":"","background-repeat":"repeat","background-position":"center center","background-size":"auto","background-attachment":"scroll","background-type":"","background-media":"","overlay-type":"","overlay-color":"","overlay-opacity":"","overlay-gradient":""}},"ast-content-background-meta":{"desktop":{"background-color":"var(--ast-global-color-5)","background-image":"","background-repeat":"repeat","background-position":"center center","background-size":"auto","background-attachment":"scroll","background-type":"","background-media":"","overlay-type":"","overlay-color":"","overlay-opacity":"","overlay-gradient":""},"tablet":{"background-color":"var(--ast-global-color-5)","background-image":"","background-repeat":"repeat","background-position":"center center","background-size":"auto","background-attachment":"scroll","background-type":"","background-media":"","overlay-type":"","overlay-color":"","overlay-opacity":"","overlay-gradient":""},"mobile":{"background-color":"var(--ast-global-color-5)","background-image":"","background-repeat":"repeat","background-position":"center center","background-size":"auto","background-attachment":"scroll","background-type":"","background-media":"","overlay-type":"","overlay-color":"","overlay-opacity":"","overlay-gradient":""}},"iawp_total_views":201},"product_brand":[],"product_cat":[50],"product_tag":[],"class_list":{"0":"post-6992","1":"product","2":"type-product","3":"status-publish","4":"has-post-thumbnail","6":"product_cat-farines-et-poudres","7":"desktop-align-center","8":"tablet-align-left","9":"mobile-align-left","11":"first","12":"instock","13":"shipping-taxable","14":"purchasable","15":"product-type-variable"},"acf":[],"yoast_head":"<!-- This site is optimized with the Yoast SEO plugin v27.4 - https:\/\/yoast.com\/product\/yoast-seo-wordpress\/ -->\n<title>Gomme Arabique Poudre E414 - Naturalim<\/title>\n<meta name=\"robots\" content=\"index, follow, max-snippet:-1, max-image-preview:large, max-video-preview:-1\" \/>\n<link rel=\"canonical\" href=\"https:\/\/naturalim.co\/ar\/product\/gomme-arabique-e414\/\" \/>\n<meta property=\"og:locale\" content=\"ar_AR\" \/>\n<meta property=\"og:type\" content=\"article\" \/>\n<meta property=\"og:title\" content=\"Gomme Arabique Poudre E414 - Naturalim\" \/>\n<meta property=\"og:description\" content=\"La gomme arabique poudre E414 est un produit naturel issu de la gomme arabique, utilis\u00e9 comme \u00e9mulsifiant et stabilisateur dans la pr\u00e9paration de recette keto et sans gluten.\" \/>\n<meta property=\"og:url\" content=\"https:\/\/naturalim.co\/ar\/product\/gomme-arabique-e414\/\" \/>\n<meta property=\"og:site_name\" content=\"Naturalim\" \/>\n<meta property=\"article:publisher\" content=\"https:\/\/www.facebook.com\/people\/Naturalimdz\/100063266886704\/\" \/>\n<meta property=\"article:modified_time\" content=\"2025-06-14T11:22:23+00:00\" \/>\n<meta property=\"og:image\" content=\"https:\/\/naturalim.co\/wp-content\/uploads\/2023\/11\/129-144_xanthan_gum_bowl.webp\" \/>\n\t<meta property=\"og:image:width\" content=\"1200\" \/>\n\t<meta property=\"og:image:height\" content=\"1200\" \/>\n\t<meta property=\"og:image:type\" content=\"image\/webp\" \/>\n<meta name=\"twitter:card\" content=\"summary_large_image\" \/>\n<meta name=\"twitter:label1\" content=\"\u0648\u0642\u062a \u0627\u0644\u0642\u0631\u0627\u0621\u0629 \u0627\u0644\u0645\u064f\u0642\u062f\u0651\u0631\" \/>\n\t<meta name=\"twitter:data1\" content=\"\u062f\u0642\u064a\u0642\u0629 \u0648\u0627\u062d\u062f\u0629\" \/>\n<script type=\"application\/ld+json\" class=\"yoast-schema-graph\">{\"@context\":\"https:\\\/\\\/schema.org\",\"@graph\":[{\"@type\":\"WebPage\",\"@id\":\"https:\\\/\\\/naturalim.co\\\/produit\\\/gomme-arabique-e414\\\/\",\"url\":\"https:\\\/\\\/naturalim.co\\\/produit\\\/gomme-arabique-e414\\\/\",\"name\":\"Gomme Arabique Poudre E414 - Naturalim\",\"isPartOf\":{\"@id\":\"https:\\\/\\\/naturalim.co\\\/fr\\\/#website\"},\"primaryImageOfPage\":{\"@id\":\"https:\\\/\\\/naturalim.co\\\/produit\\\/gomme-arabique-e414\\\/#primaryimage\"},\"image\":{\"@id\":\"https:\\\/\\\/naturalim.co\\\/produit\\\/gomme-arabique-e414\\\/#primaryimage\"},\"thumbnailUrl\":\"https:\\\/\\\/naturalim.co\\\/wp-content\\\/uploads\\\/2023\\\/11\\\/129-144_xanthan_gum_bowl.webp\",\"datePublished\":\"2025-06-14T11:14:02+00:00\",\"dateModified\":\"2025-06-14T11:22:23+00:00\",\"breadcrumb\":{\"@id\":\"https:\\\/\\\/naturalim.co\\\/produit\\\/gomme-arabique-e414\\\/#breadcrumb\"},\"inLanguage\":\"ar\",\"potentialAction\":[{\"@type\":\"ReadAction\",\"target\":[\"https:\\\/\\\/naturalim.co\\\/produit\\\/gomme-arabique-e414\\\/\"]}]},{\"@type\":\"ImageObject\",\"inLanguage\":\"ar\",\"@id\":\"https:\\\/\\\/naturalim.co\\\/produit\\\/gomme-arabique-e414\\\/#primaryimage\",\"url\":\"https:\\\/\\\/naturalim.co\\\/wp-content\\\/uploads\\\/2023\\\/11\\\/129-144_xanthan_gum_bowl.webp\",\"contentUrl\":\"https:\\\/\\\/naturalim.co\\\/wp-content\\\/uploads\\\/2023\\\/11\\\/129-144_xanthan_gum_bowl.webp\",\"width\":1200,\"height\":1200},{\"@type\":\"BreadcrumbList\",\"@id\":\"https:\\\/\\\/naturalim.co\\\/produit\\\/gomme-arabique-e414\\\/#breadcrumb\",\"itemListElement\":[{\"@type\":\"ListItem\",\"position\":1,\"name\":\"Home\",\"item\":\"https:\\\/\\\/naturalim.co\\\/\"},{\"@type\":\"ListItem\",\"position\":2,\"name\":\"Shop\",\"item\":\"https:\\\/\\\/naturalim.co\\\/fr\\\/shop\\\/\"},{\"@type\":\"ListItem\",\"position\":3,\"name\":\"Gomme Arabique Poudre E414\"}]},{\"@type\":\"WebSite\",\"@id\":\"https:\\\/\\\/naturalim.co\\\/fr\\\/#website\",\"url\":\"https:\\\/\\\/naturalim.co\\\/fr\\\/\",\"name\":\"Naturalim\",\"description\":\"\",\"publisher\":{\"@id\":\"https:\\\/\\\/naturalim.co\\\/fr\\\/#organization\"},\"potentialAction\":[{\"@type\":\"SearchAction\",\"target\":{\"@type\":\"EntryPoint\",\"urlTemplate\":\"https:\\\/\\\/naturalim.co\\\/fr\\\/?s={search_term_string}\"},\"query-input\":{\"@type\":\"PropertyValueSpecification\",\"valueRequired\":true,\"valueName\":\"search_term_string\"}}],\"inLanguage\":\"ar\"},{\"@type\":\"Organization\",\"@id\":\"https:\\\/\\\/naturalim.co\\\/fr\\\/#organization\",\"name\":\"Naturalim\",\"url\":\"https:\\\/\\\/naturalim.co\\\/fr\\\/\",\"logo\":{\"@type\":\"ImageObject\",\"inLanguage\":\"ar\",\"@id\":\"https:\\\/\\\/naturalim.co\\\/fr\\\/#\\\/schema\\\/logo\\\/image\\\/\",\"url\":\"https:\\\/\\\/naturalim.co\\\/wp-content\\\/uploads\\\/2023\\\/09\\\/Green_Circle_Leaves_Environment_Logo_1_-removebg-preview.png\",\"contentUrl\":\"https:\\\/\\\/naturalim.co\\\/wp-content\\\/uploads\\\/2023\\\/09\\\/Green_Circle_Leaves_Environment_Logo_1_-removebg-preview.png\",\"width\":500,\"height\":500,\"caption\":\"Naturalim\"},\"image\":{\"@id\":\"https:\\\/\\\/naturalim.co\\\/fr\\\/#\\\/schema\\\/logo\\\/image\\\/\"},\"sameAs\":[\"https:\\\/\\\/www.facebook.com\\\/people\\\/Naturalimdz\\\/100063266886704\\\/\",\"https:\\\/\\\/www.instagram.com\\\/naturalim.dz\\\/\"]}]}<\/script>\n<!-- \/ Yoast SEO plugin. -->","yoast_head_json":{"title":"Gomme Arabique Poudre E414 - Naturalim","robots":{"index":"index","follow":"follow","max-snippet":"max-snippet:-1","max-image-preview":"max-image-preview:large","max-video-preview":"max-video-preview:-1"},"canonical":"https:\/\/naturalim.co\/ar\/product\/gomme-arabique-e414\/","og_locale":"ar_AR","og_type":"article","og_title":"Gomme Arabique Poudre E414 - Naturalim","og_description":"La gomme arabique poudre E414 est un produit naturel issu de la gomme arabique, utilis\u00e9 comme \u00e9mulsifiant et stabilisateur dans la pr\u00e9paration de recette keto et sans gluten.","og_url":"https:\/\/naturalim.co\/ar\/product\/gomme-arabique-e414\/","og_site_name":"Naturalim","article_publisher":"https:\/\/www.facebook.com\/people\/Naturalimdz\/100063266886704\/","article_modified_time":"2025-06-14T11:22:23+00:00","og_image":[{"width":1200,"height":1200,"url":"https:\/\/naturalim.co\/wp-content\/uploads\/2023\/11\/129-144_xanthan_gum_bowl.webp","type":"image\/webp"}],"twitter_card":"summary_large_image","twitter_misc":{"\u0648\u0642\u062a \u0627\u0644\u0642\u0631\u0627\u0621\u0629 \u0627\u0644\u0645\u064f\u0642\u062f\u0651\u0631":"\u062f\u0642\u064a\u0642\u0629 \u0648\u0627\u062d\u062f\u0629"},"schema":{"@context":"https:\/\/schema.org","@graph":[{"@type":"WebPage","@id":"https:\/\/naturalim.co\/produit\/gomme-arabique-e414\/","url":"https:\/\/naturalim.co\/produit\/gomme-arabique-e414\/","name":"Gomme Arabique Poudre E414 - Naturalim","isPartOf":{"@id":"https:\/\/naturalim.co\/fr\/#website"},"primaryImageOfPage":{"@id":"https:\/\/naturalim.co\/produit\/gomme-arabique-e414\/#primaryimage"},"image":{"@id":"https:\/\/naturalim.co\/produit\/gomme-arabique-e414\/#primaryimage"},"thumbnailUrl":"https:\/\/naturalim.co\/wp-content\/uploads\/2023\/11\/129-144_xanthan_gum_bowl.webp","datePublished":"2025-06-14T11:14:02+00:00","dateModified":"2025-06-14T11:22:23+00:00","breadcrumb":{"@id":"https:\/\/naturalim.co\/produit\/gomme-arabique-e414\/#breadcrumb"},"inLanguage":"ar","potentialAction":[{"@type":"ReadAction","target":["https:\/\/naturalim.co\/produit\/gomme-arabique-e414\/"]}]},{"@type":"ImageObject","inLanguage":"ar","@id":"https:\/\/naturalim.co\/produit\/gomme-arabique-e414\/#primaryimage","url":"https:\/\/naturalim.co\/wp-content\/uploads\/2023\/11\/129-144_xanthan_gum_bowl.webp","contentUrl":"https:\/\/naturalim.co\/wp-content\/uploads\/2023\/11\/129-144_xanthan_gum_bowl.webp","width":1200,"height":1200},{"@type":"BreadcrumbList","@id":"https:\/\/naturalim.co\/produit\/gomme-arabique-e414\/#breadcrumb","itemListElement":[{"@type":"ListItem","position":1,"name":"Home","item":"https:\/\/naturalim.co\/"},{"@type":"ListItem","position":2,"name":"Shop","item":"https:\/\/naturalim.co\/fr\/shop\/"},{"@type":"ListItem","position":3,"name":"Gomme Arabique Poudre E414"}]},{"@type":"WebSite","@id":"https:\/\/naturalim.co\/fr\/#website","url":"https:\/\/naturalim.co\/fr\/","name":"Naturalim","description":"","publisher":{"@id":"https:\/\/naturalim.co\/fr\/#organization"},"potentialAction":[{"@type":"SearchAction","target":{"@type":"EntryPoint","urlTemplate":"https:\/\/naturalim.co\/fr\/?s={search_term_string}"},"query-input":{"@type":"PropertyValueSpecification","valueRequired":true,"valueName":"search_term_string"}}],"inLanguage":"ar"},{"@type":"Organization","@id":"https:\/\/naturalim.co\/fr\/#organization","name":"Naturalim","url":"https:\/\/naturalim.co\/fr\/","logo":{"@type":"ImageObject","inLanguage":"ar","@id":"https:\/\/naturalim.co\/fr\/#\/schema\/logo\/image\/","url":"https:\/\/naturalim.co\/wp-content\/uploads\/2023\/09\/Green_Circle_Leaves_Environment_Logo_1_-removebg-preview.png","contentUrl":"https:\/\/naturalim.co\/wp-content\/uploads\/2023\/09\/Green_Circle_Leaves_Environment_Logo_1_-removebg-preview.png","width":500,"height":500,"caption":"Naturalim"},"image":{"@id":"https:\/\/naturalim.co\/fr\/#\/schema\/logo\/image\/"},"sameAs":["https:\/\/www.facebook.com\/people\/Naturalimdz\/100063266886704\/","https:\/\/www.instagram.com\/naturalim.dz\/"]}]}},"uagb_featured_image_src":{"full":["https:\/\/naturalim.co\/wp-content\/uploads\/2023\/11\/129-144_xanthan_gum_bowl.webp",1200,1200,false],"thumbnail":["https:\/\/naturalim.co\/wp-content\/uploads\/2023\/11\/129-144_xanthan_gum_bowl-150x150.webp",150,150,true],"medium":["https:\/\/naturalim.co\/wp-content\/uploads\/2023\/11\/129-144_xanthan_gum_bowl-300x300.webp",300,300,true],"medium_large":["https:\/\/naturalim.co\/wp-content\/uploads\/2023\/11\/129-144_xanthan_gum_bowl-768x768.webp",768,768,true],"large":["https:\/\/naturalim.co\/wp-content\/uploads\/2023\/11\/129-144_xanthan_gum_bowl-1024x1024.webp",1024,1024,true],"1536x1536":["https:\/\/naturalim.co\/wp-content\/uploads\/2023\/11\/129-144_xanthan_gum_bowl.webp",1200,1200,false],"2048x2048":["https:\/\/naturalim.co\/wp-content\/uploads\/2023\/11\/129-144_xanthan_gum_bowl.webp",1200,1200,false],"trp-custom-language-flag":["https:\/\/naturalim.co\/wp-content\/uploads\/2023\/11\/129-144_xanthan_gum_bowl.webp",12,12,false],"woocommerce_thumbnail":["https:\/\/naturalim.co\/wp-content\/uploads\/2023\/11\/129-144_xanthan_gum_bowl-300x300.webp",300,300,true],"woocommerce_single":["https:\/\/naturalim.co\/wp-content\/uploads\/2023\/11\/129-144_xanthan_gum_bowl-600x600.webp",600,600,true],"woocommerce_gallery_thumbnail":["https:\/\/naturalim.co\/wp-content\/uploads\/2023\/11\/129-144_xanthan_gum_bowl-100x100.webp",100,100,true],"wc_order_status_icon":["https:\/\/naturalim.co\/wp-content\/uploads\/2023\/11\/129-144_xanthan_gum_bowl.webp",32,32,false],"dgwt-wcas-product-suggestion":["https:\/\/naturalim.co\/wp-content\/uploads\/2023\/11\/129-144_xanthan_gum_bowl-64x64.webp",64,64,true]},"uagb_author_info":{"display_name":"admin","author_link":"https:\/\/naturalim.co\/ar\/author\/"},"uagb_comment_info":0,"uagb_excerpt":"La gomme arabique poudre E414 est un produit naturel issu de la gomme arabique, utilis\u00e9 comme \u00e9mulsifiant et stabilisateur dans la pr\u00e9paration de recette keto et sans gluten.","_links":{"self":[{"href":"https:\/\/naturalim.co\/ar\/wp-json\/wp\/v2\/product\/6992","targetHints":{"allow":["GET"]}}],"collection":[{"href":"https:\/\/naturalim.co\/ar\/wp-json\/wp\/v2\/product"}],"about":[{"href":"https:\/\/naturalim.co\/ar\/wp-json\/wp\/v2\/types\/product"}],"replies":[{"embeddable":true,"href":"https:\/\/naturalim.co\/ar\/wp-json\/wp\/v2\/comments?post=6992"}],"wp:featuredmedia":[{"embeddable":true,"href":"https:\/\/naturalim.co\/ar\/wp-json\/wp\/v2\/media\/2804"}],"wp:attachment":[{"href":"https:\/\/naturalim.co\/ar\/wp-json\/wp\/v2\/media?parent=6992"}],"wp:term":[{"taxonomy":"product_brand","embeddable":true,"href":"https:\/\/naturalim.co\/ar\/wp-json\/wp\/v2\/product_brand?post=6992"},{"taxonomy":"product_cat","embeddable":true,"href":"https:\/\/naturalim.co\/ar\/wp-json\/wp\/v2\/product_cat?post=6992"},{"taxonomy":"product_tag","embeddable":true,"href":"https:\/\/naturalim.co\/ar\/wp-json\/wp\/v2\/product_tag?post=6992"}],"curies":[{"name":"wp","href":"https:\/\/api.w.org\/{rel}","templated":true}]}}