{"id":7095,"date":"2025-07-01T17:08:15","date_gmt":"2025-07-01T16:08:15","guid":{"rendered":"https:\/\/naturalim.co\/?post_type=product&#038;p=7095"},"modified":"2026-03-07T14:12:04","modified_gmt":"2026-03-07T13:12:04","slug":"graines-sarrasin-bio","status":"publish","type":"product","link":"https:\/\/naturalim.co\/ar\/product\/graines-sarrasin-bio\/","title":{"rendered":"\u0628\u0630\u0648\u0631 \u0627\u0644\u062d\u0646\u0637\u0629 \u0627\u0644\u0633\u0648\u062f\u0627\u0621 \u0627\u0644\u0639\u0636\u0648\u064a\u0629"},"content":{"rendered":"<p><strong>\u062e\u0635\u0627\u0626\u0635 \u0627\u0644\u0645\u0646\u062a\u062c :<\/strong><br \/>\nPseudo c\u00e9r\u00e9ale.<br \/>\nAutre nom : bl\u00e9 noir<br \/>\nBuckwheat<br \/>\nPays d&rsquo;origine : Espagne.<\/p>","protected":false},"excerpt":{"rendered":"<p>Le sarrasin est une c\u00e9r\u00e9ale (naturellement sans gluten), riche en nutriments essentiels tels que les prot\u00e9ines, les fibres et les vitamines B.<br \/>\nSavoureux et parfaitement digeste, c\u2019est un excellent alli\u00e9 pour une alimentation saine et \u00e9quilibr\u00e9e.<br \/>\nIl peut \u00eatre consomm\u00e9 avec de nombreuses recettes : salades, galettes, cr\u00eapes et plats chauds.<\/p>","protected":false},"featured_media":7413,"comment_status":"closed","ping_status":"closed","template":"","meta":{"_acf_changed":false,"_uag_custom_page_level_css":"","site-sidebar-layout":"default","site-content-layout":"","ast-site-content-layout":"default","site-content-style":"default","site-sidebar-style":"default","ast-global-header-display":"","ast-banner-title-visibility":"","ast-main-header-display":"","ast-hfb-above-header-display":"","ast-hfb-below-header-display":"","ast-hfb-mobile-header-display":"","site-post-title":"","ast-breadcrumbs-content":"","ast-featured-img":"","footer-sml-layout":"","ast-disable-related-posts":"","theme-transparent-header-meta":"default","adv-header-id-meta":"","stick-header-meta":"","header-above-stick-meta":"","header-main-stick-meta":"","header-below-stick-meta":"","astra-migrate-meta-layouts":"set","ast-page-background-enabled":"default","ast-page-background-meta":{"desktop":{"background-color":"var(--ast-global-color-4)","background-image":"","background-repeat":"repeat","background-position":"center center","background-size":"auto","background-attachment":"scroll","background-type":"","background-media":"","overlay-type":"","overlay-color":"","overlay-opacity":"","overlay-gradient":""},"tablet":{"background-color":"","background-image":"","background-repeat":"repeat","background-position":"center center","background-size":"auto","background-attachment":"scroll","background-type":"","background-media":"","overlay-type":"","overlay-color":"","overlay-opacity":"","overlay-gradient":""},"mobile":{"background-color":"","background-image":"","background-repeat":"repeat","background-position":"center center","background-size":"auto","background-attachment":"scroll","background-type":"","background-media":"","overlay-type":"","overlay-color":"","overlay-opacity":"","overlay-gradient":""}},"ast-content-background-meta":{"desktop":{"background-color":"var(--ast-global-color-5)","background-image":"","background-repeat":"repeat","background-position":"center center","background-size":"auto","background-attachment":"scroll","background-type":"","background-media":"","overlay-type":"","overlay-color":"","overlay-opacity":"","overlay-gradient":""},"tablet":{"background-color":"var(--ast-global-color-5)","background-image":"","background-repeat":"repeat","background-position":"center center","background-size":"auto","background-attachment":"scroll","background-type":"","background-media":"","overlay-type":"","overlay-color":"","overlay-opacity":"","overlay-gradient":""},"mobile":{"background-color":"var(--ast-global-color-5)","background-image":"","background-repeat":"repeat","background-position":"center center","background-size":"auto","background-attachment":"scroll","background-type":"","background-media":"","overlay-type":"","overlay-color":"","overlay-opacity":"","overlay-gradient":""}},"iawp_total_views":756},"product_brand":[],"product_cat":[35],"product_tag":[],"class_list":{"0":"post-7095","1":"product","2":"type-product","3":"status-publish","4":"has-post-thumbnail","6":"product_cat-graines-et-cereales","7":"desktop-align-center","8":"tablet-align-left","9":"mobile-align-left","11":"first","12":"instock","13":"shipping-taxable","14":"purchasable","15":"product-type-variable","16":"has-default-attributes"},"acf":[],"yoast_head":"<!-- This site is optimized with the Yoast SEO plugin v27.4 - https:\/\/yoast.com\/product\/yoast-seo-wordpress\/ -->\n<title>Graines de Sarrasin BIO - Naturalim<\/title>\n<meta name=\"robots\" content=\"index, follow, max-snippet:-1, max-image-preview:large, max-video-preview:-1\" \/>\n<link rel=\"canonical\" href=\"https:\/\/naturalim.co\/ar\/product\/graines-sarrasin-bio\/\" \/>\n<meta property=\"og:locale\" content=\"ar_AR\" \/>\n<meta property=\"og:type\" content=\"article\" \/>\n<meta property=\"og:title\" content=\"Graines de Sarrasin BIO - Naturalim\" \/>\n<meta property=\"og:description\" content=\"Le sarrasin est une c\u00e9r\u00e9ale (naturellement sans gluten), riche en nutriments essentiels tels que les prot\u00e9ines, les fibres et les vitamines B. Savoureux et parfaitement digeste, c\u2019est un excellent alli\u00e9 pour une alimentation saine et \u00e9quilibr\u00e9e. Il peut \u00eatre consomm\u00e9 avec de nombreuses recettes : salades, galettes, cr\u00eapes et plats chauds.\" \/>\n<meta property=\"og:url\" content=\"https:\/\/naturalim.co\/ar\/product\/graines-sarrasin-bio\/\" \/>\n<meta property=\"og:site_name\" content=\"Naturalim\" \/>\n<meta property=\"article:publisher\" content=\"https:\/\/www.facebook.com\/people\/Naturalimdz\/100063266886704\/\" \/>\n<meta property=\"article:modified_time\" content=\"2026-03-07T13:12:04+00:00\" \/>\n<meta property=\"og:image\" content=\"https:\/\/naturalim.co\/wp-content\/uploads\/2025\/07\/ble-noir-sarrasin-grains.jpg\" \/>\n\t<meta property=\"og:image:width\" content=\"1200\" \/>\n\t<meta property=\"og:image:height\" content=\"800\" \/>\n\t<meta property=\"og:image:type\" content=\"image\/jpeg\" \/>\n<meta name=\"twitter:card\" content=\"summary_large_image\" \/>\n<meta name=\"twitter:label1\" content=\"\u0648\u0642\u062a \u0627\u0644\u0642\u0631\u0627\u0621\u0629 \u0627\u0644\u0645\u064f\u0642\u062f\u0651\u0631\" \/>\n\t<meta name=\"twitter:data1\" content=\"\u062f\u0642\u064a\u0642\u0629 \u0648\u0627\u062d\u062f\u0629\" \/>\n<script type=\"application\/ld+json\" class=\"yoast-schema-graph\">{\"@context\":\"https:\\\/\\\/schema.org\",\"@graph\":[{\"@type\":\"WebPage\",\"@id\":\"https:\\\/\\\/naturalim.co\\\/produit\\\/graines-sarrasin-bio\\\/\",\"url\":\"https:\\\/\\\/naturalim.co\\\/produit\\\/graines-sarrasin-bio\\\/\",\"name\":\"Graines de Sarrasin BIO - Naturalim\",\"isPartOf\":{\"@id\":\"https:\\\/\\\/naturalim.co\\\/fr\\\/#website\"},\"primaryImageOfPage\":{\"@id\":\"https:\\\/\\\/naturalim.co\\\/produit\\\/graines-sarrasin-bio\\\/#primaryimage\"},\"image\":{\"@id\":\"https:\\\/\\\/naturalim.co\\\/produit\\\/graines-sarrasin-bio\\\/#primaryimage\"},\"thumbnailUrl\":\"https:\\\/\\\/naturalim.co\\\/wp-content\\\/uploads\\\/2025\\\/07\\\/ble-noir-sarrasin-grains.jpg\",\"datePublished\":\"2025-07-01T16:08:15+00:00\",\"dateModified\":\"2026-03-07T13:12:04+00:00\",\"breadcrumb\":{\"@id\":\"https:\\\/\\\/naturalim.co\\\/produit\\\/graines-sarrasin-bio\\\/#breadcrumb\"},\"inLanguage\":\"ar\",\"potentialAction\":[{\"@type\":\"ReadAction\",\"target\":[\"https:\\\/\\\/naturalim.co\\\/produit\\\/graines-sarrasin-bio\\\/\"]}]},{\"@type\":\"ImageObject\",\"inLanguage\":\"ar\",\"@id\":\"https:\\\/\\\/naturalim.co\\\/produit\\\/graines-sarrasin-bio\\\/#primaryimage\",\"url\":\"https:\\\/\\\/naturalim.co\\\/wp-content\\\/uploads\\\/2025\\\/07\\\/ble-noir-sarrasin-grains.jpg\",\"contentUrl\":\"https:\\\/\\\/naturalim.co\\\/wp-content\\\/uploads\\\/2025\\\/07\\\/ble-noir-sarrasin-grains.jpg\",\"width\":1200,\"height\":800},{\"@type\":\"BreadcrumbList\",\"@id\":\"https:\\\/\\\/naturalim.co\\\/produit\\\/graines-sarrasin-bio\\\/#breadcrumb\",\"itemListElement\":[{\"@type\":\"ListItem\",\"position\":1,\"name\":\"Home\",\"item\":\"https:\\\/\\\/naturalim.co\\\/\"},{\"@type\":\"ListItem\",\"position\":2,\"name\":\"Shop\",\"item\":\"https:\\\/\\\/naturalim.co\\\/fr\\\/shop\\\/\"},{\"@type\":\"ListItem\",\"position\":3,\"name\":\"Graines de Sarrasin BIO\"}]},{\"@type\":\"WebSite\",\"@id\":\"https:\\\/\\\/naturalim.co\\\/fr\\\/#website\",\"url\":\"https:\\\/\\\/naturalim.co\\\/fr\\\/\",\"name\":\"Naturalim\",\"description\":\"\",\"publisher\":{\"@id\":\"https:\\\/\\\/naturalim.co\\\/fr\\\/#organization\"},\"potentialAction\":[{\"@type\":\"SearchAction\",\"target\":{\"@type\":\"EntryPoint\",\"urlTemplate\":\"https:\\\/\\\/naturalim.co\\\/fr\\\/?s={search_term_string}\"},\"query-input\":{\"@type\":\"PropertyValueSpecification\",\"valueRequired\":true,\"valueName\":\"search_term_string\"}}],\"inLanguage\":\"ar\"},{\"@type\":\"Organization\",\"@id\":\"https:\\\/\\\/naturalim.co\\\/fr\\\/#organization\",\"name\":\"Naturalim\",\"url\":\"https:\\\/\\\/naturalim.co\\\/fr\\\/\",\"logo\":{\"@type\":\"ImageObject\",\"inLanguage\":\"ar\",\"@id\":\"https:\\\/\\\/naturalim.co\\\/fr\\\/#\\\/schema\\\/logo\\\/image\\\/\",\"url\":\"https:\\\/\\\/naturalim.co\\\/wp-content\\\/uploads\\\/2023\\\/09\\\/Green_Circle_Leaves_Environment_Logo_1_-removebg-preview.png\",\"contentUrl\":\"https:\\\/\\\/naturalim.co\\\/wp-content\\\/uploads\\\/2023\\\/09\\\/Green_Circle_Leaves_Environment_Logo_1_-removebg-preview.png\",\"width\":500,\"height\":500,\"caption\":\"Naturalim\"},\"image\":{\"@id\":\"https:\\\/\\\/naturalim.co\\\/fr\\\/#\\\/schema\\\/logo\\\/image\\\/\"},\"sameAs\":[\"https:\\\/\\\/www.facebook.com\\\/people\\\/Naturalimdz\\\/100063266886704\\\/\",\"https:\\\/\\\/www.instagram.com\\\/naturalim.dz\\\/\"]}]}<\/script>\n<!-- \/ Yoast SEO plugin. -->","yoast_head_json":{"title":"Graines de Sarrasin BIO - Naturalim","robots":{"index":"index","follow":"follow","max-snippet":"max-snippet:-1","max-image-preview":"max-image-preview:large","max-video-preview":"max-video-preview:-1"},"canonical":"https:\/\/naturalim.co\/ar\/product\/graines-sarrasin-bio\/","og_locale":"ar_AR","og_type":"article","og_title":"Graines de Sarrasin BIO - Naturalim","og_description":"Le sarrasin est une c\u00e9r\u00e9ale (naturellement sans gluten), riche en nutriments essentiels tels que les prot\u00e9ines, les fibres et les vitamines B. Savoureux et parfaitement digeste, c\u2019est un excellent alli\u00e9 pour une alimentation saine et \u00e9quilibr\u00e9e. Il peut \u00eatre consomm\u00e9 avec de nombreuses recettes : salades, galettes, cr\u00eapes et plats chauds.","og_url":"https:\/\/naturalim.co\/ar\/product\/graines-sarrasin-bio\/","og_site_name":"Naturalim","article_publisher":"https:\/\/www.facebook.com\/people\/Naturalimdz\/100063266886704\/","article_modified_time":"2026-03-07T13:12:04+00:00","og_image":[{"width":1200,"height":800,"url":"https:\/\/naturalim.co\/wp-content\/uploads\/2025\/07\/ble-noir-sarrasin-grains.jpg","type":"image\/jpeg"}],"twitter_card":"summary_large_image","twitter_misc":{"\u0648\u0642\u062a \u0627\u0644\u0642\u0631\u0627\u0621\u0629 \u0627\u0644\u0645\u064f\u0642\u062f\u0651\u0631":"\u062f\u0642\u064a\u0642\u0629 \u0648\u0627\u062d\u062f\u0629"},"schema":{"@context":"https:\/\/schema.org","@graph":[{"@type":"WebPage","@id":"https:\/\/naturalim.co\/produit\/graines-sarrasin-bio\/","url":"https:\/\/naturalim.co\/produit\/graines-sarrasin-bio\/","name":"Graines de Sarrasin BIO - Naturalim","isPartOf":{"@id":"https:\/\/naturalim.co\/fr\/#website"},"primaryImageOfPage":{"@id":"https:\/\/naturalim.co\/produit\/graines-sarrasin-bio\/#primaryimage"},"image":{"@id":"https:\/\/naturalim.co\/produit\/graines-sarrasin-bio\/#primaryimage"},"thumbnailUrl":"https:\/\/naturalim.co\/wp-content\/uploads\/2025\/07\/ble-noir-sarrasin-grains.jpg","datePublished":"2025-07-01T16:08:15+00:00","dateModified":"2026-03-07T13:12:04+00:00","breadcrumb":{"@id":"https:\/\/naturalim.co\/produit\/graines-sarrasin-bio\/#breadcrumb"},"inLanguage":"ar","potentialAction":[{"@type":"ReadAction","target":["https:\/\/naturalim.co\/produit\/graines-sarrasin-bio\/"]}]},{"@type":"ImageObject","inLanguage":"ar","@id":"https:\/\/naturalim.co\/produit\/graines-sarrasin-bio\/#primaryimage","url":"https:\/\/naturalim.co\/wp-content\/uploads\/2025\/07\/ble-noir-sarrasin-grains.jpg","contentUrl":"https:\/\/naturalim.co\/wp-content\/uploads\/2025\/07\/ble-noir-sarrasin-grains.jpg","width":1200,"height":800},{"@type":"BreadcrumbList","@id":"https:\/\/naturalim.co\/produit\/graines-sarrasin-bio\/#breadcrumb","itemListElement":[{"@type":"ListItem","position":1,"name":"Home","item":"https:\/\/naturalim.co\/"},{"@type":"ListItem","position":2,"name":"Shop","item":"https:\/\/naturalim.co\/fr\/shop\/"},{"@type":"ListItem","position":3,"name":"Graines de Sarrasin BIO"}]},{"@type":"WebSite","@id":"https:\/\/naturalim.co\/fr\/#website","url":"https:\/\/naturalim.co\/fr\/","name":"Naturalim","description":"","publisher":{"@id":"https:\/\/naturalim.co\/fr\/#organization"},"potentialAction":[{"@type":"SearchAction","target":{"@type":"EntryPoint","urlTemplate":"https:\/\/naturalim.co\/fr\/?s={search_term_string}"},"query-input":{"@type":"PropertyValueSpecification","valueRequired":true,"valueName":"search_term_string"}}],"inLanguage":"ar"},{"@type":"Organization","@id":"https:\/\/naturalim.co\/fr\/#organization","name":"Naturalim","url":"https:\/\/naturalim.co\/fr\/","logo":{"@type":"ImageObject","inLanguage":"ar","@id":"https:\/\/naturalim.co\/fr\/#\/schema\/logo\/image\/","url":"https:\/\/naturalim.co\/wp-content\/uploads\/2023\/09\/Green_Circle_Leaves_Environment_Logo_1_-removebg-preview.png","contentUrl":"https:\/\/naturalim.co\/wp-content\/uploads\/2023\/09\/Green_Circle_Leaves_Environment_Logo_1_-removebg-preview.png","width":500,"height":500,"caption":"Naturalim"},"image":{"@id":"https:\/\/naturalim.co\/fr\/#\/schema\/logo\/image\/"},"sameAs":["https:\/\/www.facebook.com\/people\/Naturalimdz\/100063266886704\/","https:\/\/www.instagram.com\/naturalim.dz\/"]}]}},"uagb_featured_image_src":{"full":["https:\/\/naturalim.co\/wp-content\/uploads\/2025\/07\/ble-noir-sarrasin-grains.jpg",1200,800,false],"thumbnail":["https:\/\/naturalim.co\/wp-content\/uploads\/2025\/07\/ble-noir-sarrasin-grains-150x150.jpg",150,150,true],"medium":["https:\/\/naturalim.co\/wp-content\/uploads\/2025\/07\/ble-noir-sarrasin-grains-300x200.jpg",300,200,true],"medium_large":["https:\/\/naturalim.co\/wp-content\/uploads\/2025\/07\/ble-noir-sarrasin-grains-768x512.jpg",768,512,true],"large":["https:\/\/naturalim.co\/wp-content\/uploads\/2025\/07\/ble-noir-sarrasin-grains-1024x683.jpg",1024,683,true],"1536x1536":["https:\/\/naturalim.co\/wp-content\/uploads\/2025\/07\/ble-noir-sarrasin-grains.jpg",1200,800,false],"2048x2048":["https:\/\/naturalim.co\/wp-content\/uploads\/2025\/07\/ble-noir-sarrasin-grains.jpg",1200,800,false],"trp-custom-language-flag":["https:\/\/naturalim.co\/wp-content\/uploads\/2025\/07\/ble-noir-sarrasin-grains-18x12.jpg",18,12,true],"woocommerce_thumbnail":["https:\/\/naturalim.co\/wp-content\/uploads\/2025\/07\/ble-noir-sarrasin-grains-300x300.jpg",300,300,true],"woocommerce_single":["https:\/\/naturalim.co\/wp-content\/uploads\/2025\/07\/ble-noir-sarrasin-grains-600x400.jpg",600,400,true],"woocommerce_gallery_thumbnail":["https:\/\/naturalim.co\/wp-content\/uploads\/2025\/07\/ble-noir-sarrasin-grains-100x100.jpg",100,100,true],"wc_order_status_icon":["https:\/\/naturalim.co\/wp-content\/uploads\/2025\/07\/ble-noir-sarrasin-grains-32x32.jpg",32,32,true],"dgwt-wcas-product-suggestion":["https:\/\/naturalim.co\/wp-content\/uploads\/2025\/07\/ble-noir-sarrasin-grains-64x43.jpg",64,43,true]},"uagb_author_info":{"display_name":"admin","author_link":"https:\/\/naturalim.co\/ar\/author\/"},"uagb_comment_info":0,"uagb_excerpt":"Le sarrasin est une c\u00e9r\u00e9ale (naturellement sans gluten), riche en nutriments essentiels tels que les prot\u00e9ines, les fibres et les vitamines B. Savoureux et parfaitement digeste, c\u2019est un excellent alli\u00e9 pour une alimentation saine et \u00e9quilibr\u00e9e. Il peut \u00eatre consomm\u00e9 avec de nombreuses recettes : salades, galettes, cr\u00eapes et plats chauds.","_links":{"self":[{"href":"https:\/\/naturalim.co\/ar\/wp-json\/wp\/v2\/product\/7095","targetHints":{"allow":["GET"]}}],"collection":[{"href":"https:\/\/naturalim.co\/ar\/wp-json\/wp\/v2\/product"}],"about":[{"href":"https:\/\/naturalim.co\/ar\/wp-json\/wp\/v2\/types\/product"}],"replies":[{"embeddable":true,"href":"https:\/\/naturalim.co\/ar\/wp-json\/wp\/v2\/comments?post=7095"}],"wp:featuredmedia":[{"embeddable":true,"href":"https:\/\/naturalim.co\/ar\/wp-json\/wp\/v2\/media\/7413"}],"wp:attachment":[{"href":"https:\/\/naturalim.co\/ar\/wp-json\/wp\/v2\/media?parent=7095"}],"wp:term":[{"taxonomy":"product_brand","embeddable":true,"href":"https:\/\/naturalim.co\/ar\/wp-json\/wp\/v2\/product_brand?post=7095"},{"taxonomy":"product_cat","embeddable":true,"href":"https:\/\/naturalim.co\/ar\/wp-json\/wp\/v2\/product_cat?post=7095"},{"taxonomy":"product_tag","embeddable":true,"href":"https:\/\/naturalim.co\/ar\/wp-json\/wp\/v2\/product_tag?post=7095"}],"curies":[{"name":"wp","href":"https:\/\/api.w.org\/{rel}","templated":true}]}}